{"id":7656,"date":"2024-06-11T15:01:58","date_gmt":"2024-06-11T13:01:58","guid":{"rendered":"https:\/\/www.christian-doppler.net\/?page_id=7656"},"modified":"2024-06-11T15:04:27","modified_gmt":"2024-06-11T13:04:27","slug":"%e5%85%8b%e9%87%8c%e6%96%af%e8%92%82%e5%ae%89%c2%b7%e5%a4%9a%e6%99%ae%e5%8b%92%e7%9a%84%e6%94%af%e6%8c%81%e8%80%85%e5%92%8c%e5%8f%8d%e5%af%b9%e8%80%85","status":"publish","type":"page","link":"https:\/\/www.christian-doppler.net\/zh-hans\/%e5%85%8b%e9%87%8c%e6%96%af%e8%92%82%e5%ae%89%c2%b7%e5%a4%9a%e6%99%ae%e5%8b%92%e7%9a%84%e6%94%af%e6%8c%81%e8%80%85%e5%92%8c%e5%8f%8d%e5%af%b9%e8%80%85\/","title":{"rendered":"\u514b\u91cc\u65af\u8482\u5b89\u00b7\u591a\u666e\u52d2\u7684\u652f\u6301\u8005\u548c\u53cd\u5bf9\u8005"},"content":{"rendered":"\n<div class=\"wp-block-columns is-layout-flex wp-container-core-columns-is-layout-9d6595d7 wp-block-columns-is-layout-flex\">\n<div class=\"wp-block-column is-layout-flow wp-block-column-is-layout-flow\">\n<h2 class=\"wp-block-heading\"><strong><strong><strong>\u514b\u91cc\u65af\u8482\u5b89\u00b7\u591a\u666e\u52d2\u751f\u524d\u91cd\u8981\u7684\u8d44\u52a9\u4eba<\/strong><\/strong><\/strong><\/h2>\n\n\n\n<p>\u591a\u666e\u52d2\u6700\u65e9\u7684\u4e24\u4f4d\u8001\u5e08\u548c\u8d44\u52a9\u4eba\u662f\u5728\u8428\u5c14\u8328\u5821\u548c\u7ef4\u4e5f\u7eb3\u7684\u6570\u5b66\u5bb6\u4e9a\u5f53\u00b7\u4f2f\u683c\uff08Adam Burg\uff09\u548c\u5730\u8d28\u6d4b\u91cf\u5b66\u5bb6\u897f\u8499\u00b7\u65af\u5766\u666e\u8d39\u5c14\uff08Simon Stampfer\uff09\uff0c\u968f\u540e\uff0c\u53c8\u4ece\u4ed6\u5728\u5e03\u62c9\u683c\u7684\u670b\u53cb\u4ee5\u53ca\u8d44\u52a9\u4eba\u6570\u5b66\u5bb6\u4f2f\u7eb3\u5fb7\u00b7\u535a\u5c14\u624e\u8bfa\uff08Bernard Bolzano\uff09\u548c\u6c14\u8c61\u5b66\u5bb6\u5361\u5c14\u00b7\u514b\u96f7\u5c14\uff08Karl Kreil\uff09\u90a3\u91cc\u83b7\u5f97\u4e86\u76f8\u5e94\u7684\u5e2e\u52a9\u3002<\/p>\n\n\n\n<p>\u8fd9\u56db\u4eba\u59cb\u7ec8\u7ad9\u5728\u591a\u666e\u52d2\u7684\u4e00\u65b9\u5e76\u7ed9\u4e88\u5176\u652f\u6301\u548c\u5e2e\u52a9\uff0c\u76f4\u5230\u4ed6\u751f\u547d\u7684\u6700\u540e\u4e00\u523b\u3002\u591a\u666e\u52d2\u80fd\u591f\u517c\u987e\u4e0e\u4e24\u79cd\u6027\u683c\u622a\u7136\u4e0d\u540c\u7684\u4eba\u4ea4\u5f80\uff0c\u518d\u6b21\u8bc1\u660e\u4e86\u514b\u91cc\u65af\u8482\u5b89\u00b7\u591a\u666e\u52d2\u7684\u777f\u667a\uff0c\u4ee5\u53ca\u4ed6\u5728\u521b\u65b0\u4e2d\u5c06\u751f\u4ea7\u6027\u601d\u7ef4\u4e0e\u53cd\u601d\u6027\u601d\u7ef4\u76f8\u7ed3\u5408\u7684\u80fd\u529b\u3002<\/p>\n\n\n\n<p>\u54f2\u5b66\u5bb6\u5f17\u6717\u8328\u00b7\u57c3\u514b\u65af\u7eb3\uff08Franz Exner\uff09\uff0c\u4ed6\u4e0e\u591a\u666e\u52d2\u7684\u6df1\u539a\u53cb\u8c0a\u65e0\u7591\u4f7f\u591a\u666e\u52d2\u4e0d\u4ec5\u5728\u5e03\u62c9\u683c\u793e\u4f1a\u4e2d\uff0c\u800c\u4e14\u540e\u6765\u5728\u7ef4\u4e5f\u7eb3\u62c5\u4efb\u6559\u6388\u65f6\uff0c\u90fd\u611f\u5230\u81ea\u5df1\u88ab\u63a5\u7eb3\u4e86\uff0c\u5f17\u6717\u8328\u00b7\u57c3\u514b\u65af\u7eb3\u4e00\u76f4\u575a\u5b9a\u7684\u652f\u6301\u7740\u591a\u666e\u52d2\uff0c\u5c24\u5176\u662f\u5728\u5b66\u9662\u7684\u4e89\u8bba\u4e2d\u30021852\u5e74\uff0c\u4ed6\u4e0e\u591a\u666e\u52d2\u4e00\u540c\u524d\u5f80\u610f\u5927\u5229\uff0c\u5f53\u65f6\u4e24\u4eba\u90fd\u5df2\u75c5\u5165\u818f\u8093\uff0c\u8fd9\u4e24\u4f4d\u597d\u53cb\u4e5f\u90fd\u662f\u5728\u90a3\u91cc\u4e0e\u4e16\u957f\u8f9e\u3002<\/p>\n\n\n\n<div class=\"wp-block-group alignwide\"><div class=\"wp-block-group__inner-container is-layout-flow wp-block-group-is-layout-flow\">\n<div style=\"height:20px\" aria-hidden=\"true\" class=\"wp-block-spacer\"><\/div>\n\n\n\n<div style=\"height: 100px; float: left; margin-right: 50px;\"><\/div>\n\n\n\n<p><strong><strong><strong>\u4e9a\u5f53\u00b7\u5f17\u83b1\u8d6b\u5c14\u00b7\u51af\u00b7\u4f2f\u683c<\/strong><\/strong><\/strong><\/p>\n\n\n\n<div class=\"wp-block-media-text alignwide is-stacked-on-mobile\" style=\"grid-template-columns:31% auto\"><figure class=\"wp-block-media-text__media\"><img loading=\"lazy\" decoding=\"async\" width=\"200\" height=\"200\" src=\"https:\/\/www.christian-doppler.net\/wp-content\/uploads\/Burg.jpg\" alt=\"\u30a2\u30c0\u30e0\u30fb\u30d5\u30a9\u30f3\u30fb\u30d6\u30eb\u30af\u7537\u7235 \" class=\"wp-image-2681 size-full\" srcset=\"https:\/\/www.christian-doppler.net\/wp-content\/uploads\/Burg.jpg 200w, https:\/\/www.christian-doppler.net\/wp-content\/uploads\/Burg-150x150.jpg 150w\" sizes=\"auto, (max-width: 200px) 100vw, 200px\" \/><\/figure><div class=\"wp-block-media-text__content\">\n<p>\u4e9a\u5f53\u00b7\u5f17\u83b1\u8d6b\u5c14\u00b7\u51af\u00b7\u4f2f\u683c\uff08Adam Freiherr von Burg\uff09\u5728\u4ed6\u516b\u5341\u5bff\u8fb0\u7684\u81f4\u8c22\u6f14\u8bf4\u4e2d\u63d0\u5230\uff0c\u591a\u666e\u52d2\u662f\u4ed6\u7684\u5b66\u751f\u4e2d\u4ee5\u4f18\u5f02\u6210\u7ee9\u5b8c\u6210\u5b66\u4e1a\u5e76\u53d6\u5f97\u6770\u51fa\u6210\u5c31\u548c\u5d07\u9ad8\u5a01\u671b\u7684\u4eba\u3002<a href=\"https:\/\/www.christian-doppler.net\/zh-hans\/%e4%ba%9a%e5%bd%93%e5%bc%97%e8%8e%b1%e8%b5%ab%e5%b0%94%e5%86%af%e4%bc%af%e6%a0%bc\/\" data-type=\"page\" data-id=\"7652\">\u66f4\u591a\u5185\u5bb9<\/a><\/p>\n<\/div><\/div>\n\n\n\n<div style=\"height:20px\" aria-hidden=\"true\" class=\"wp-block-spacer\"><\/div>\n<\/div><\/div>\n\n\n\n<div class=\"wp-block-group alignwide\"><div class=\"wp-block-group__inner-container is-layout-flow wp-block-group-is-layout-flow\">\n<div style=\"height: 100px; float: left; margin-right: 50px;\"><\/div>\n\n\n\n<p><strong><strong><strong>\u897f\u8499\u00b7\u65af\u5766\u666e\u8d39\u5c14<\/strong><\/strong><\/strong><\/p>\n\n\n\n<div class=\"wp-block-media-text alignwide is-stacked-on-mobile\" style=\"grid-template-columns:31% auto\"><figure class=\"wp-block-media-text__media\"><img loading=\"lazy\" decoding=\"async\" width=\"150\" height=\"150\" src=\"https:\/\/www.christian-doppler.net\/wp-content\/uploads\/Stampfer_alt.jpg\" alt=\"\u30b8\u30fc\u30e2\u30f3\u30fb\u30b7\u30e5\u30bf\u30f3\u30d7\u30d5\u30a1\u30fc \" class=\"wp-image-2682 size-full\"\/><\/figure><div class=\"wp-block-media-text__content\">\n<p>\u4ed6\u4e0e\u514b\u91cc\u65af\u8482\u5b89\u00b7\u591a\u666e\u52d2\u7684\u76f8\u9047\u662f\u79d1\u5b66\u53f2\u4e0a\u6700\u5e78\u8fd0\u7684\u4e8b\u4ef6\u4e4b\u4e00\uff0c\u8fd9\u5bf9\u8fd9\u4f4d\u5b66\u751f\u7684\u624d\u80fd\u548c\u5174\u8da3\u57f9\u517b\u6240\u4ea7\u751f\u7684\u6df1\u8fdc\u5f71\u54cd\u4e0d\u53ef\u4f30\u91cf\u3002 <a href=\"https:\/\/www.christian-doppler.net\/zh-hans\/%e8%a5%bf%e8%92%99%e6%96%af%e5%9d%a6%e6%99%ae%e8%b4%b9%e5%b0%94\/\" data-type=\"page\" data-id=\"7619\">\u66f4\u591a\u5185\u5bb9<\/a><\/p>\n<\/div><\/div>\n\n\n\n<div style=\"height:20px\" aria-hidden=\"true\" class=\"wp-block-spacer\"><\/div>\n\n\n\n<p><\/p>\n<\/div><\/div>\n\n\n\n<div class=\"wp-block-group alignwide\"><div class=\"wp-block-group__inner-container is-layout-flow wp-block-group-is-layout-flow\">\n<div style=\"height: 100px; float: left; margin-right: 50px;\"><\/div>\n\n\n\n<p><strong><strong><strong>\u4f2f\u7eb3\u5fb7\u00b7\u535a\u5c14\u624e\u8bfa<\/strong><\/strong><\/strong><\/p>\n\n\n\n<div class=\"wp-block-media-text alignwide is-stacked-on-mobile\" style=\"grid-template-columns:31% auto\"><figure class=\"wp-block-media-text__media\"><img loading=\"lazy\" decoding=\"async\" width=\"150\" height=\"150\" src=\"https:\/\/www.christian-doppler.net\/wp-content\/uploads\/Brentano.jpg\" alt=\"\u30d9\u30eb\u30f3\u30cf\u30eb\u30c8\u30fb\u30dc\u30eb\u30c4\u30a1\u30fc\u30ce\" class=\"wp-image-2683 size-full\"\/><\/figure><div class=\"wp-block-media-text__content\">\n<p>\u8fd9\u4f4d\u54f2\u5b66\u5bb6\u548c\u7267\u5e08\u2014\u6709\u53f2\u4ee5\u6765\u6700\u4f1f\u5927\u7684\u903b\u8f91\u5b66\u5bb6\u4e4b\u4e00\u2014\u5bf9\u514b\u91cc\u65af\u8482\u5b89\u00b7\u591a\u666e\u52d2\u7684\u63a8\u7406\u65b9\u6cd5\u975e\u5e38\u7740\u8ff7\uff0c\u8fd9\u79cd\u65b9\u6cd5\u867d\u7136\u5728\u5f53\u65f6\u7684\u7269\u7406\u5b66\u754c\u5f88\u4e0d\u5e38\u89c1\uff0c\u4f46\u4e0e\u4ed6\u7684\u6570\u5b66\u601d\u7ef4\u5f88\u8fd1\u4f3c\u3002<a href=\"https:\/\/www.christian-doppler.net\/zh-hans\/%e8%b4%9d%e5%b0%94%e7%ba%b3%e5%8d%9a%e5%b0%94%e6%89%8e%e8%af%ba\/\" data-type=\"page\" data-id=\"7663\">\u66f4\u591a\u5185\u5bb9<\/a><\/p>\n<\/div><\/div>\n\n\n\n<div style=\"height:20px\" aria-hidden=\"true\" class=\"wp-block-spacer\"><\/div>\n\n\n\n<div style=\"height: 100px; float: left; margin-right: 50px;\"><\/div>\n\n\n\n<p><strong><strong><strong>\u5361\u5c14\u00b7\u514b\u83b1\u5c14<\/strong><\/strong><\/strong><\/p>\n\n\n\n<div class=\"wp-block-media-text alignwide is-stacked-on-mobile\" style=\"grid-template-columns:31% auto\"><figure class=\"wp-block-media-text__media\"><img loading=\"lazy\" decoding=\"async\" width=\"150\" height=\"150\" src=\"https:\/\/www.christian-doppler.net\/wp-content\/uploads\/Kreil.jpg\" alt=\"\u30ab\u30fc\u30eb\u30fb\u30af\u30e9\u30a4\u30eb\" class=\"wp-image-2684 size-full\"\/><\/figure><div class=\"wp-block-media-text__content\">\n<p>\u8fd9\u4f4d\u5960\u5b9a\u5965\u5730\u5229\u6c14\u8c61\u5b66\u548c\u5730\u78c1\u5b66\u4f18\u826f\u4f20\u7edf\u7684\u4eba\u4e8e1845\u5e74\u5728\u300a\u00d6sterreichische Bl\u00e4tter f\u00fcr Literatur und Kunst\u300b\u6742\u5fd7\u4e0a\u53d1\u8868\u4e86\u4e00\u7bc7\u5bf9\u591a\u666e\u52d2\u5f02\u4e4e\u5bfb\u5e38\u5730\u8912\u5956\u7684\u6587\u7ae0\u3002 <a href=\"https:\/\/www.christian-doppler.net\/zh-hans\/%e5%8d%a1%e5%b0%94%e5%85%8b%e9%9b%b7%e5%b0%94\/\" data-type=\"page\" data-id=\"7667\">\u66f4\u591a\u5185\u5bb9<\/a><\/p>\n<\/div><\/div>\n\n\n\n<div style=\"height:20px\" aria-hidden=\"true\" class=\"wp-block-spacer\"><\/div>\n\n\n\n<div style=\"height: 100px; float: left; margin-right: 50px;\"><\/div>\n\n\n\n<p><strong><strong>\u5f17\u6717\u8328\u00b7\u57c3\u514b\u65af\u7eb3<\/strong><\/strong><\/p>\n\n\n\n<div class=\"wp-block-media-text alignwide is-stacked-on-mobile\" style=\"grid-template-columns:31% auto\"><figure class=\"wp-block-media-text__media\"><img loading=\"lazy\" decoding=\"async\" width=\"150\" height=\"150\" src=\"https:\/\/www.christian-doppler.net\/wp-content\/uploads\/Exner.jpg\" alt=\"\u30d5\u30e9\u30f3\u30c4\u30fb\u30a8\u30af\u30b9\u30ca\u30fc\" class=\"wp-image-2685 size-full\"\/><\/figure><div class=\"wp-block-media-text__content\">\n<p>\u514b\u91cc\u65af\u8482\u5b89\u00b7\u591a\u666e\u52d2\u5728\u4ed6\u4f4d\u4e8e\u5e03\u62c9\u683c\u7f57\u65af\u9a6c\u514b\u7279\uff08Ro\u00dfmarkt\uff09\u70ed\u60c5\u597d\u5ba2\u7684\u5bb6\u4e2d\u611f\u53d7\u5230\u4e86\u5bbe\u81f3\u5982\u5f52\uff0c\u5e76\u5728\u90a3\u91cc\u7ed3\u8bc6\u4e86\u65bd\u8010\u5fb7\u795e\u7236\u3001\u7f57\u4f2f\u7279\u00b7\u9f50\u9ed8\u5c14\u66fc\uff08Robert Zimmermann\uff09\u3001\u5f17\u6717\u8328\u00b7\u5e15\u62c9\u8328\u57fa\uff08Franz Palacky\uff09\u548c\u56fe\u6069\u00b7\u970d\u6069\u65bd\u6cf0\u56e0\uff08Thun-Hohenstein\uff09\u4f2f\u7235\u7b49\u91cd\u8981\u4eba\u58eb\u3002<a href=\"https:\/\/www.christian-doppler.net\/zh-hans\/%e5%bc%97%e6%9c%97%e8%8c%a8%e5%9f%83%e5%85%8b%e6%96%af%e7%ba%b3\/\" data-type=\"page\" data-id=\"7672\">\u66f4\u591a\u5185\u5bb9<\/a><\/p>\n<\/div><\/div>\n\n\n\n<div style=\"height:20px\" aria-hidden=\"true\" class=\"wp-block-spacer\"><\/div>\n\n\n\n<p><\/p>\n<\/div><\/div>\n<\/div>\n\n\n\n<div class=\"wp-block-column is-layout-flow wp-block-column-is-layout-flow\">\n<h2 class=\"wp-block-heading\"><strong><strong><strong>\u514b\u91cc\u65af\u8482\u5b89\u00b7\u591a\u666e\u52d2\u751f\u524d\u6700\u91cd\u8981\u7684\u7ade\u4e89\u5bf9\u624b<\/strong><\/strong><\/strong><\/h2>\n\n\n\n<p>\u6c49\u65af\u00b7\u683c\u5965\u5c14\u683c\u00b7\u4f3d\u8fbe\u9ed8\u5c14\uff08Hans-Georg Gadamer\uff09\u57281981\u5e74\u8428\u5c14\u8328\u5821\u827a\u672f\u8282\u5f00\u5e55\u5f0f\u4e0a\u7684\u6f14\u8bb2\u4e2d\u63d0\u5230\uff1a\u201c\u6ca1\u6709\u963b\u529b\uff0c\u5c31\u4e0d\u4f1a\u6709\u521b\u65b0\u3002\u4e8b\u5b9e\u4e0a\uff0c\u65b0\u4e8b\u7269\u9047\u5230\u7684\u963b\u529b\u8d8a\u5c0f\uff0c\u5b83\u5c31\u4f1a\u88ab\u8d8a\u5feb\u6dd8\u6c70\u3002\u201d\u5f88\u5c11\u6709\u521b\u65b0\u80fd\u6bd4\u8428\u5c14\u8328\u5821\u7269\u7406\u5b66\u5bb6\u514b\u91cc\u65af\u8482\u5b89\u00b7\u591a\u666e\u52d2\uff08Christian Doppler\uff09\u5e26\u7ed9\u6211\u4eec\u7684\u9769\u65b0\u8d70\u5f97\u66f4\u52a0\u957f\u8fdc\u3002\u9664\u4e86\u5bf9\u79d1\u5b66\u53f2\u7f3a\u4e4f\u4e86\u89e3\u4e4b\u5916\uff0c\u591a\u666e\u52d2\u7684\u53cd\u5bf9\u8005\u4e5f\u5728\u5176\u4e2d\u626e\u6f14\u4e86\u7279\u6b8a\u7684\u89d2\u8272\uff0c\u4ed6\u4eec\u5bf9\u73b0\u4ee3\u7269\u7406\u5b66\u7684\u65b0\u601d\u7ef4\u8fd8\u5f88\u964c\u751f\u3002<\/p>\n\n\n\n<p>\u591a\u666e\u52d2\u751f\u524d\u7684\u53cd\u5bf9\u8005\u548c\u4ed6\u7684\u652f\u6301\u8005\u4e00\u6837\uff0c\u90fd\u662f\u81ea\u7136\u79d1\u5b66\u9886\u57df\u4e2d\u6700\u91cd\u8981\u7684\u4eba\u7269\u3002\u6b63\u56e0\u4e3a\u5982\u6b64\uff0c\u4ed6\u4eec\u4e0e\u591a\u666e\u52d2\u4e4b\u95f4\u7684\u4e89\u8bba\u624d\u5982\u6b64\u5f15\u4eba\u5173\u6ce8\uff0c\u56e0\u4e3a\u8fd9\u4e9b\u4e89\u8bba\u6709\u52a9\u4e8e\u8fa8\u660e\u591a\u666e\u52d2\u5de5\u4f5c\u7684\u610f\u4e49\u3002<\/p>\n\n\n\n<p>\u56e0\u6b64\uff0c\u5bf9\u8fd9\u573a\u6301\u7eed\u4e86\u7ea6\u534a\u4e2a\u4e16\u7eaa\u7684\u4e89\u8bba\u8fdb\u884c\u5206\u6790\u662f\u4e00\u9879\u5177\u6709\u542f\u53d1\u6027\u7684\u5de5\u4f5c\u3002\u5b83\u4e5f\u4e3a\u6258\u9a6c\u65af\u00b7\u5e93\u6069\uff08Thomas S. Kuhn\uff09\u5173\u4e8e\u5178\u8303\u8f6c\u79fb\uff08paradigm shift\uff09\u7684\u8ba8\u8bba\u63d0\u4f9b\u4e86\u66f4\u591a\u7684\u5177\u4f53\u5b9e\u4f8b\u3002<\/p>\n\n\n\n<div style=\"height:20px\" aria-hidden=\"true\" class=\"wp-block-spacer\"><\/div>\n\n\n\n<div style=\"height: 100px; float: left; margin-right: 50px;\"><\/div>\n\n\n\n<p><strong><strong><strong><strong>\u96c5\u5404\u5e03\u00b7\u83f2\u5229\u666e\u00b7\u5e93\u5229\u514b<\/strong><\/strong><\/strong><\/strong><\/p>\n\n\n\n<div class=\"wp-block-media-text alignwide is-stacked-on-mobile\" style=\"grid-template-columns:31% auto\"><figure class=\"wp-block-media-text__media\"><img loading=\"lazy\" decoding=\"async\" width=\"150\" height=\"150\" src=\"https:\/\/www.christian-doppler.net\/wp-content\/uploads\/Kulik.jpg\" alt=\"\u30e4\u30fc\u30b3\u30d6\u30fb\u30d5\u30a3\u30ea\u30c3\u30d7\u30fb\u30af\u30fc\u30ea\u30af\" class=\"wp-image-2686 size-full\"\/><\/figure><div class=\"wp-block-media-text__content\">\n<p>\u8fd9\u4f4d\u5e03\u62c9\u683c\u7684\u9ad8\u7b49\u6570\u5b66\u6559\u6388\u6279\u8bc4\u591a\u666e\u52d2\uff0c\u8bf4\u4ed6\u5728\u6587\u7ae0\u4e2d\u9677\u5165\u4e86\u4e00\u4e9b\u8fd1\u4ee3\u6570\u5b66\u5bb6\u7684\u8bef\u533a\uff0c\u56e0\u4e3a\u4ed6\u4eec\u5fd9\u4e8e\u89e3\u91ca\uff0c\u800c\u65e0\u6cd5\u6293\u4f4f\u95ee\u9898\u672c\u8eab\u3002<a href=\"https:\/\/www.christian-doppler.net\/zh-hans\/%e5%ba%93%e5%88%a9%e5%85%8b%e9%9b%85%e5%90%84%e5%b8%83%e8%8f%b2%e5%88%a9%e6%99%ae\/\" data-type=\"page\" data-id=\"7675\">\u66f4\u591a\u5185\u5bb9<\/a><\/p>\n<\/div><\/div>\n\n\n\n<div style=\"height:30px\" aria-hidden=\"true\" class=\"wp-block-spacer\"><\/div>\n\n\n\n<div style=\"height: 100px; float: left; margin-right: 50px;\"><\/div>\n\n\n\n<p><strong><strong>\u6d77\u56e0\u91cc\u5e0c\u00b7\u51af\u00b7\u6885\u5fb7\u52d2<\/strong><\/strong><\/p>\n\n\n\n<div class=\"wp-block-media-text alignwide is-stacked-on-mobile\" style=\"grid-template-columns:31% auto\"><figure class=\"wp-block-media-text__media\"><img loading=\"lazy\" decoding=\"async\" width=\"150\" height=\"150\" src=\"https:\/\/www.christian-doppler.net\/wp-content\/uploads\/Maedler.jpg\" alt=\"\u30e8\u30cf\u30f3\u30fb\u30cf\u30a4\u30f3\u30ea\u30c3\u30d2\u30fb\u30d5\u30a9\u30f3\u30fb\u30e1\u30c9\u30ec\u30eb\" class=\"wp-image-2687 size-full\"\/><\/figure><div class=\"wp-block-media-text__content\">\n<p>\u8fd9\u4f4d\u8457\u540d\u7684\u5929\u6587\u5b66\u5bb6\u57281843\u5e74\u53d1\u8868\u4e86\u4e00\u7bc7\u7efc\u8ff0\uff0c\u5bf9\u591a\u666e\u52d2\u9020\u6210\u4e86\u6781\u5927\u7684\u6253\u51fb\uff0c\u56e0\u6b64\u591a\u666e\u52d2\u5199\u4e86\u4e00\u7bc7\u5c16\u9510\u7684\u53cd\u9a73\u6587\u7ae0\uff0c\u8fd9\u7bc7\u6587\u7ae0\u76f4\u52301844\u5e74\u624d\u53d1\u8868\u5728\u300a\u00d6sterreichische Bl\u00e4tter f\u00fcr Literatur und Kunst\u300b\u6742\u5fd7\u4e0a\u3002<a href=\"https:\/\/www.christian-doppler.net\/zh-hans\/%e7%ba%a6%e7%bf%b0%e6%b5%b7%e5%9b%a0%e9%87%8c%e5%b8%8c%e5%86%af%e6%a2%85%e5%be%b7%e5%8b%92\/\" data-type=\"page\" data-id=\"7678\">\u66f4\u591a\u5185\u5bb9<\/a><\/p>\n<\/div><\/div>\n\n\n\n<div style=\"height:20px\" aria-hidden=\"true\" class=\"wp-block-spacer\"><\/div>\n\n\n\n<div style=\"height: 100px; float: left; margin-right: 50px;\"><\/div>\n\n\n\n<p><strong><strong>\u7ea6\u745f\u592b\u00b7\u9a6c\u514b\u897f\u7c73\u5229\u5b89\u00b7\u4f69\u8328\u74e6\u5c14<\/strong><\/strong><\/p>\n\n\n\n<div class=\"wp-block-media-text alignwide is-stacked-on-mobile\" style=\"grid-template-columns:31% auto\"><figure class=\"wp-block-media-text__media\"><img loading=\"lazy\" decoding=\"async\" width=\"150\" height=\"150\" src=\"https:\/\/www.christian-doppler.net\/wp-content\/uploads\/Petzval.jpg\" alt=\"\u30e8\u30fc\u30bc\u30d5\u30fb\u30de\u30af\u30b7\u30df\u30ea\u30a2\u30f3\u30fb\u30da\u30c3\u30c4\u30d0\u30eb\" class=\"wp-image-2688 size-full\"\/><\/figure><div class=\"wp-block-media-text__content\">\n<p>1901\u5e7411\u67086\u65e5\uff0c\u5f7c\u5f97\u5179\u74e6\u5c14\u7684\u7eaa\u5ff5\u7891\u4e0e\u5176\u751f\u524d\u6fc0\u70c8\u53cd\u5bf9\u7684\u514b\u91cc\u65af\u8482\u5b89\u00b7\u591a\u666e\u52d2\u7684\u7eaa\u5ff5\u7891\u4e00\u540c\u5728\u7ef4\u4e5f\u7eb3\u5927\u5b66\u7684\u62f1\u5f62\u5ead\u9662\u4e2d\u63ed\u5e55\uff0c\u8fd9\u771f\u662f\u4e00\u4e2a\u5947\u5f02\u7684\u5de7\u5408\u3002<a href=\"https:\/\/www.christian-doppler.net\/zh-hans\/%e7%ba%a6%e7%91%9f%e5%a4%ab%e6%a0%bc%e6%8b%89%e7%b1%b3%e6%8f%90%e5%ae%89%e4%bd%a9%e5%85%b9%e7%93%a6%e5%b0%94\/\" data-type=\"page\" data-id=\"7682\">\u66f4\u591a\u5185\u5bb9<\/a><\/p>\n<\/div><\/div>\n\n\n\n<div style=\"height:20px\" aria-hidden=\"true\" class=\"wp-block-spacer\"><\/div>\n\n\n\n<p><\/p>\n<\/div>\n<\/div>\n\n\n\n<p>\u6b63\u6587\uff1a \u5f7c\u5f97\u00b7\u8212\u65af\u7279\u535a\u58eb \uff08Dr. Peter M. Schuster\uff09<\/p>\n","protected":false},"excerpt":{"rendered":"<p>\u514b\u91cc\u65af\u8482\u5b89\u00b7\u591a\u666e\u52d2\u751f\u524d\u91cd\u8981\u7684\u8d44\u52a9\u4eba \u591a\u666e\u52d2\u6700\u65e9\u7684\u4e24\u4f4d\u8001\u5e08\u548c\u8d44\u52a9\u4eba\u662f\u5728\u8428\u5c14\u8328\u5821\u548c\u7ef4\u4e5f\u7eb3\u7684\u6570\u5b66\u5bb6\u4e9a\u5f53\u00b7\u4f2f\u683c\uff08Adam Bur [&hellip;]<\/p>\n","protected":false},"author":1,"featured_media":0,"parent":0,"menu_order":0,"comment_status":"closed","ping_status":"closed","template":"","meta":{"_acf_changed":false,"advgb_blocks_editor_width":"","advgb_blocks_columns_visual_guide":"","footnotes":""},"class_list":["post-7656","page","type-page","status-publish","hentry"],"acf":[],"featured_image_urls_v2":{"full":"","thumbnail":"","medium":"","medium_large":"","large":"","timeline-express":"","timeline-express-thumbnail":"","1536x1536":"","2048x2048":""},"post_excerpt_stackable_v2":"<p>\u514b\u91cc\u65af\u8482\u5b89\u00b7\u591a\u666e\u52d2\u751f\u524d\u91cd\u8981\u7684\u8d44\u52a9\u4eba \u591a\u666e\u52d2\u6700\u65e9\u7684\u4e24\u4f4d\u8001\u5e08\u548c\u8d44\u52a9\u4eba\u662f\u5728\u8428\u5c14\u8328\u5821\u548c\u7ef4\u4e5f\u7eb3\u7684\u6570\u5b66\u5bb6\u4e9a\u5f53\u00b7\u4f2f\u683c\uff08Adam Burg\uff09\u548c\u5730\u8d28\u6d4b\u91cf\u5b66\u5bb6\u897f\u8499\u00b7\u65af\u5766\u666e\u8d39\u5c14\uff08Simon Stampfer\uff09\uff0c\u968f\u540e\uff0c\u53c8\u4ece\u4ed6&hellip;<\/p>\n","category_list_v2":"","author_info_v2":{"name":"Technik Admin","url":"https:\/\/www.christian-doppler.net\/zh-hans\/author\/wp_admin\/"},"comments_num_v2":"0 \u6761\u8bc4\u8bba","coauthors":[],"author_meta":{"author_link":"https:\/\/www.christian-doppler.net\/zh-hans\/author\/wp_admin\/","display_name":"Technik Admin"},"relative_dates":{"created":"Posted 2 \u5e74 ago","modified":"Updated 2 \u5e74 ago"},"absolute_dates":{"created":"Posted on 2024\u5e746\u670811\u65e5","modified":"Updated on 2024\u5e746\u670811\u65e5"},"absolute_dates_time":{"created":"Posted on 2024\u5e746\u670811\u65e5 \u4e0b\u53483:01","modified":"Updated on 2024\u5e746\u670811\u65e5 \u4e0b\u53483:04"},"featured_img_caption":"","featured_img":false,"series_order":"","_links":{"self":[{"href":"https:\/\/www.christian-doppler.net\/zh-hans\/wp-json\/wp\/v2\/pages\/7656","targetHints":{"allow":["GET"]}}],"collection":[{"href":"https:\/\/www.christian-doppler.net\/zh-hans\/wp-json\/wp\/v2\/pages"}],"about":[{"href":"https:\/\/www.christian-doppler.net\/zh-hans\/wp-json\/wp\/v2\/types\/page"}],"author":[{"embeddable":true,"href":"https:\/\/www.christian-doppler.net\/zh-hans\/wp-json\/wp\/v2\/users\/1"}],"replies":[{"embeddable":true,"href":"https:\/\/www.christian-doppler.net\/zh-hans\/wp-json\/wp\/v2\/comments?post=7656"}],"version-history":[{"count":8,"href":"https:\/\/www.christian-doppler.net\/zh-hans\/wp-json\/wp\/v2\/pages\/7656\/revisions"}],"predecessor-version":[{"id":7687,"href":"https:\/\/www.christian-doppler.net\/zh-hans\/wp-json\/wp\/v2\/pages\/7656\/revisions\/7687"}],"wp:attachment":[{"href":"https:\/\/www.christian-doppler.net\/zh-hans\/wp-json\/wp\/v2\/media?parent=7656"}],"curies":[{"name":"wp","href":"https:\/\/api.w.org\/{rel}","templated":true}]}}