{"id":7401,"date":"2017-03-21T11:52:41","date_gmt":"2017-03-21T10:52:41","guid":{"rendered":"https:\/\/www.christian-doppler.net\/unterrichtsmaterialien\/"},"modified":"2025-12-09T12:12:29","modified_gmt":"2025-12-09T11:12:29","slug":"unterrichtsmaterialien","status":"publish","type":"page","link":"https:\/\/www.christian-doppler.net\/zh-hans\/unterrichtsmaterialien\/","title":{"rendered":"Experimente &#038; Unterrichtsmaterialien"},"content":{"rendered":"<p><!-- tailor:tailor_section:5eeb3520ad1c8 --><\/p>\n<div class=\"tailor-element tailor-section tailor-5eeb3520ad1c8\">\n<div class=\"tailor-section__content\">\n<p><!-- tailor:tailor_content:5eeb3520ad1c9 --><\/p>\n<div class=\"tailor-element tailor-content tailor-5eeb3520ad1c9\">\n<p>Hier findest du eine Auswahl von Links und Downloads zu Lernseiten bzw. Lernmaterialien rund um den Doppler-Effekt. Das Angebot wird laufend erweitert.<\/p>\n<p><strong><img loading=\"lazy\" decoding=\"async\" class=\"size-full wp-image-2422 alignright\" src=\"https:\/\/www.christian-doppler.net\/wp-content\/uploads\/Vorschlag-Unterrichtsmaterialien_klein_neu.png\" alt=\"Unterrichtsmaterialien\" width=\"561\" height=\"553\" srcset=\"https:\/\/www.christian-doppler.net\/wp-content\/uploads\/Vorschlag-Unterrichtsmaterialien_klein_neu.png 561w, https:\/\/www.christian-doppler.net\/wp-content\/uploads\/Vorschlag-Unterrichtsmaterialien_klein_neu-300x296.png 300w\" sizes=\"auto, (max-width: 561px) 100vw, 561px\" \/>Experimente inkl. Anleitungen zum Doppler Effekt<br \/><\/strong>(umgesetzt von Studierenden der Universit\u00e4t Salzburg im Auftrag der Plattform)<\/p>\n<ul>\n<li><a href=\"https:\/\/www.christian-doppler.net\/experimente-zum-doppler-effekt-1\/\">Rotierendes Rohr<\/a><\/li>\n<li><a href=\"https:\/\/www.christian-doppler.net\/experimente-zum-doppler-effekt-schwingender-lautsprecher\/\">Schwingender Lautsprecher<\/a><\/li>\n<li><a href=\"https:\/\/www.christian-doppler.net\/demonstrationsexperimente-zum-doppler-effekt-phyphox\/\">Phyphox-App<\/a><\/li>\n<li><a href=\"https:\/\/www.christian-doppler.net\/experimente-zum-doppler-effekt-drehteller-und-smartphone\/\">Drehteller und Smartphone<\/a><\/li>\n<li><a href=\"https:\/\/www.christian-doppler.net\/experimente-zum-doppler-effekt-wellenwanne\/\">Wellenwanne<\/a><\/li>\n<li><a href=\"https:\/\/www.christian-doppler.net\/experimente-zum-doppler-effekt-bewegter-wagen\/\">Bewegter Wagen<\/a><\/li>\n<li><a href=\"https:\/\/www.christian-doppler.net\/experimente-zum-doppler-effekt-fadenpendel-mit-lautsprecher\/\">Fadenpendel mit Lautsprecher<\/a><\/li>\n<li><a href=\"https:\/\/www.christian-doppler.net\/demonstrationsexperiment-wellenwanne\/\">Demonstrationsexperiment: Wellenwanne<\/a><\/li>\n<\/ul>\n<p><strong>Arbeitsbl\u00e4tter f\u00fcr den Unterricht<br \/><\/strong><\/p>\n<ul>\n<li>Feuerwehreinsatz &#8211; akustischer Doppler Effekt: <a href=\"https:\/\/www.christian-doppler.net\/wp-content\/uploads\/ChristianDoppler_Arbeitsblatt_Feuerwehrauto_2017.pdf\">Arbeitsblatt<\/a>| <a href=\"https:\/\/www.christian-doppler.net\/wp-content\/uploads\/ChristianDoppler_Loesungen_Arbeitsblatt_Feuerwehr.pdf\">L\u00f6sungen<\/a><\/li>\n<li>Doppler und die Formel 1: <a href=\"https:\/\/www.christian-doppler.net\/wp-content\/uploads\/ChristianDoppler_Arbeitsblatt_Formel1_2017.pdf\">Arbeitsblatt<\/a> | <a href=\"https:\/\/www.christian-doppler.net\/wp-content\/uploads\/ChristianDoppler_Loesungen_Arbeitsblatt_Formel1.pdf\">L\u00f6sungen<\/a><\/li>\n<li>Optischer Doppler-Effekt: <a href=\"https:\/\/www.christian-doppler.net\/wp-content\/uploads\/ChristianDoppler_Arbeitsblatt_OptischerDopplerEffekt_2020.pdf\" target=\"_blank\" rel=\"noopener noreferrer\">Arbeitsblatt<\/a> | <a href=\"https:\/\/www.christian-doppler.net\/wp-content\/uploads\/ChristianDoppler_Loesungen_Arbeitsblatt_OptischerDopplerEffekt_2020-1.pdf\" target=\"_blank\" rel=\"noopener noreferrer\">L\u00f6sungen<\/a><\/li>\n<li>Musikalische Einf\u00fchrung in den Schall:\u00a0<a href=\"https:\/\/www.christian-doppler.net\/wp-content\/uploads\/ChristianDoppler_Arbeitsblatt_Musikalische_Einfuehrung_in_den_Schall_2017.pdf\">Arbeitsblatt<\/a> | <a href=\"https:\/\/www.christian-doppler.net\/wp-content\/uploads\/ChristianDoppler_Loesungen_Arbeitsblatt_Musikalische_Einfuehrung_in_den_Schall-1.pdf\">L\u00f6sungen<\/a><\/li>\n<\/ul>\n<p><strong>Christian Doppler <a href=\"https:\/\/www.christian-doppler.net\/wp-content\/uploads\/C_Doppler_Folder_1_web.pdf\">Infoflyer<\/a><\/strong><\/p>\n<p><strong>Unterrichtsmaterialien der Siemens Stiftung<\/strong><\/p>\n<ul>\n<li><a href=\"https:\/\/medienportal.siemens-stiftung.org\/100627\" target=\"_blank\" rel=\"noopener noreferrer\">\u201eWarum jaulen rotierende Lautsprecher? (Arbeitsblatt)\u201c<\/a><br \/>\u00a9 Siemens Stiftung 2017, <a href=\"https:\/\/creativecommons.org\/licenses\/by-sa\/4.0\/legalcode.de\" target=\"_blank\" rel=\"noopener noreferrer\">lizenziert unter CC BY-SA 4.0 international<\/a><\/li>\n<li><a href=\"https:\/\/medienportal.siemens-stiftung.org\/100626\" target=\"_blank\" rel=\"noopener noreferrer\">\u201eWarum jaulen rotierende Lautsprecher? (L\u00f6sungsblatt)\u201c<br \/><\/a>\u00a9 Siemens Stiftung 2017, <a href=\"https:\/\/creativecommons.org\/licenses\/by-sa\/4.0\/legalcode.de\" target=\"_blank\" rel=\"noopener noreferrer\">lizenziert unter CC BY-SA 4.0 international\u00a0<\/a><\/li>\n<\/ul>\n<\/div>\n<p><strong>Materialien, Aufgaben, Videos von LEIFIphysik<\/strong><\/p>\n<ul>\n<li>Alles zum <a href=\"https:\/\/www.leifiphysik.de\/akustik\/akustische-wellen\/grundwissen\/doppler-effekt\" target=\"_blank\" rel=\"noopener\">Doppler Effekt auf LEIFIphysik<\/a> (die gr\u00f6\u00dfte Lernplattform zu Schulphysik im deutschsprachigen Raum)\u00a0\u00a0<\/li>\n<\/ul>\n<div class=\"tailor-element tailor-content tailor-5eeb3520ad1c9\">\n<p><strong>Wissenschaftlicher Artikel<\/strong> in &#8220;The Physics Teacher&#8221;, vol. 63, pp. 652-654, 2025<\/p>\n<ul>\n<li><a href=\"https:\/\/arxiv.org\/pdf\/2504.18159\" target=\"_blank\" rel=\"noopener\">An intuitive Model for Illustrating the Classical Doppler Effect Equation<\/a><br \/>Hangtian Lei<\/li>\n<\/ul>\n<\/div>\n<p><!-- \/tailor:tailor_content:5eeb3520ad1c9 --><\/p>\n<\/div>\n<\/div>\n<p><!-- \/tailor:tailor_section:5eeb3520ad1c8 --><\/p>\n\n\n<p><strong>Dokumentation \u201eChristian Doppler und der Doppler-Effekt\u201c<\/strong> <br>Ein wahres Gustost\u00fcckerl f\u00fcr Doppler- und Film Aficionados und auch f\u00fcr den Einsatz im Unterricht geeignet ist diese <a href=\"https:\/\/www.christian-doppler.net\/ein-historischer-filmschatz-wurde-gehoben-2\/\">Dokumentation<\/a>, die mit freundlicher Unterst\u00fctzung des ORF Salzburg in voller L\u00e4nge zur Verf\u00fcgung gestellt werden kann.<\/p>\n\n\n\n<p><\/p>\n\n\n\n<p><\/p>\n","protected":false},"excerpt":{"rendered":"<p>Hier findest du eine Auswahl von Links und Downloads zu Lern [&hellip;]<\/p>\n","protected":false},"author":1,"featured_media":0,"parent":0,"menu_order":0,"comment_status":"closed","ping_status":"closed","template":"","meta":{"_acf_changed":false,"advgb_blocks_editor_width":"","advgb_blocks_columns_visual_guide":"","footnotes":""},"class_list":["post-7401","page","type-page","status-publish","hentry"],"acf":[],"featured_image_urls_v2":{"full":"","thumbnail":"","medium":"","medium_large":"","large":"","timeline-express":"","timeline-express-thumbnail":"","1536x1536":"","2048x2048":""},"post_excerpt_stackable_v2":"<p>Hier findest du eine Auswahl von Links und Downloads zu Lernseiten bzw. Lernmaterialien rund um den &hellip;<\/p>\n","category_list_v2":"","author_info_v2":{"name":"Technik Admin","url":"https:\/\/www.christian-doppler.net\/zh-hans\/author\/wp_admin\/"},"comments_num_v2":"0 \u6761\u8bc4\u8bba","coauthors":[],"author_meta":{"author_link":"https:\/\/www.christian-doppler.net\/zh-hans\/author\/wp_admin\/","display_name":"Technik Admin"},"relative_dates":{"created":"Posted 9 \u5e74 ago","modified":"Updated 4 \u6708 ago"},"absolute_dates":{"created":"Posted on 2017\u5e743\u670821\u65e5","modified":"Updated on 2025\u5e7412\u67089\u65e5"},"absolute_dates_time":{"created":"Posted on 2017\u5e743\u670821\u65e5 \u4e0a\u534811:52","modified":"Updated on 2025\u5e7412\u67089\u65e5 \u4e0b\u534812:12"},"featured_img_caption":"","featured_img":false,"series_order":"","_links":{"self":[{"href":"https:\/\/www.christian-doppler.net\/zh-hans\/wp-json\/wp\/v2\/pages\/7401","targetHints":{"allow":["GET"]}}],"collection":[{"href":"https:\/\/www.christian-doppler.net\/zh-hans\/wp-json\/wp\/v2\/pages"}],"about":[{"href":"https:\/\/www.christian-doppler.net\/zh-hans\/wp-json\/wp\/v2\/types\/page"}],"author":[{"embeddable":true,"href":"https:\/\/www.christian-doppler.net\/zh-hans\/wp-json\/wp\/v2\/users\/1"}],"replies":[{"embeddable":true,"href":"https:\/\/www.christian-doppler.net\/zh-hans\/wp-json\/wp\/v2\/comments?post=7401"}],"version-history":[{"count":5,"href":"https:\/\/www.christian-doppler.net\/zh-hans\/wp-json\/wp\/v2\/pages\/7401\/revisions"}],"predecessor-version":[{"id":10444,"href":"https:\/\/www.christian-doppler.net\/zh-hans\/wp-json\/wp\/v2\/pages\/7401\/revisions\/10444"}],"wp:attachment":[{"href":"https:\/\/www.christian-doppler.net\/zh-hans\/wp-json\/wp\/v2\/media?parent=7401"}],"curies":[{"name":"wp","href":"https:\/\/api.w.org\/{rel}","templated":true}]}}