{"id":8030,"date":"2024-11-13T13:22:07","date_gmt":"2024-11-13T12:22:07","guid":{"rendered":"https:\/\/www.christian-doppler.net\/?page_id=8030"},"modified":"2025-11-11T14:17:48","modified_gmt":"2025-11-11T13:17:48","slug":"8030-2","status":"publish","type":"page","link":"https:\/\/www.christian-doppler.net\/pt-pt\/","title":{"rendered":""},"content":{"rendered":"\n<div style=\"height:20px\" aria-hidden=\"true\" class=\"wp-block-spacer\"><\/div>\n\n\n<div class=\"wp-block-image\">\n<figure class=\"aligncenter\"><img loading=\"lazy\" decoding=\"async\" width=\"500\" height=\"86\" src=\"https:\/\/www.christian-doppler.net\/wp-content\/uploads\/ZITAT.gif\" alt=\"\" class=\"wp-image-154\"\/><\/figure>\n<\/div>\n\n\n<p class=\"has-text-align-center\"><em><em><em>&#8220;As pesquisas mais recompensadoras s\u00e3o aquelas que, ao mesmo tempo alegram o pensador e beneficiam a humanidade.&#8221;<\/em><br>Christian Doppler<\/em><\/em><br><\/p>\n\n\n\n<p class=\"has-text-align-center\">O que avi\u00f5es, carros r\u00e1pidos, gl\u00f3bulos vermelhos, cora\u00e7\u00f5es pulsantes, gases em tubos densos e as estrelas no c\u00e9u t\u00eam em comum?<br>As suas velocidades s\u00e3o medidas com a ajuda de um princ\u00edpio f\u00edsico descoberto pelo renomado cientista austr\u00edaco Christian Andreas Doppler. Nem mesmo nos seus sonhos mais ousados o vision\u00e1rio poderia imaginar a import\u00e2ncia que a sua descoberta teria para toda a humanidade. A sua ideia, o &#8220;efeito Doppler&#8221; (1842), ganhou import\u00e2ncia fundamental em quase todas as \u00e1reas da nossa vida.<\/p>\n\n\n\n<h1 class=\"wp-block-heading has-text-align-center\" id=\"christian-andreas-doppler-1803-1853\">Christian Andreas Doppler<br>(1803-1853)<\/h1>\n\n\n\n<div class=\"wp-block-ugb-columns ugb-columns cdp-life ugb-3275948 ugb-columns--design-plain ugb-columns--columns-4 ugb-main-block\"><div class=\"ugb-inner-block\"><div class=\"ugb-block-content\"><div class=\"ugb-columns__item ugb-3275948-content-wrapper\">\n<div class=\"wp-block-ugb-column ugb-column ugb-f78dc85 ugb-column--design-plain ugb-main-block\"><div class=\"ugb-inner-block\"><div class=\"ugb-block-content\"><div class=\"ugb-column__item ugb-f78dc85-column-wrapper\"><div class=\"ugb-column__content-wrapper\">\n<figure class=\"wp-block-image size-large\"><a href=\"https:\/\/www.christian-doppler.net\/pt-pt\/os-marcos-mais-importantes-de-doppler\/\"><img decoding=\"async\" src=\"https:\/\/www.christian-doppler.net\/wp-content\/uploads\/stationen.jpg\" alt=\"\"\/><\/a><\/figure>\n\n\n\n<p class=\"has-text-align-center\"><a href=\"https:\/\/www.christian-doppler.net\/pt-pt\/os-marcos-mais-importantes-de-doppler\/\"><\/a><a href=\"https:\/\/www.christian-doppler.net\/pt-pt\/os-marcos-mais-importantes-de-doppler\/\"><strong>Esta\u00e7\u00f5es<\/strong><br>Onde Christian Doppler viveu e atuou.<\/a><\/p>\n<\/div><\/div><\/div><\/div><\/div>\n\n\n\n<div class=\"wp-block-ugb-column ugb-column ugb-b57f268 ugb-column--design-plain ugb-main-block\"><div class=\"ugb-inner-block\"><div class=\"ugb-block-content\"><div class=\"ugb-column__item ugb-b57f268-column-wrapper\"><div class=\"ugb-column__content-wrapper\">\n<figure class=\"wp-block-image size-large\"><a href=\"https:\/\/www.christian-doppler.net\/pt-pt\/curriculo-de-christian-andreas-doppler-1803-1853\/\"><img decoding=\"async\" src=\"https:\/\/www.christian-doppler.net\/wp-content\/uploads\/christian_doppler.jpg\" alt=\"\"\/><\/a><\/figure>\n\n\n\n<p class=\"has-text-align-center\"><a href=\"https:\/\/www.christian-doppler.net\/pt-pt\/curriculo-de-christian-andreas-doppler-1803-1853\/\"><\/a><a href=\"https:\/\/www.christian-doppler.net\/pt-pt\/curriculo-de-christian-andreas-doppler-1803-1853\/\" data-type=\"page\" data-id=\"7758\"><strong>Curr\u00edculo<\/strong><br>A vida movimentada de Christian Doppler<\/a><\/p>\n<\/div><\/div><\/div><\/div><\/div>\n\n\n\n<div class=\"wp-block-ugb-column ugb-column ugb-378852b ugb-column--design-plain ugb-main-block\"><div class=\"ugb-inner-block\"><div class=\"ugb-block-content\"><div class=\"ugb-column__item ugb-378852b-column-wrapper\"><div class=\"ugb-column__content-wrapper\">\n<figure class=\"wp-block-image size-large\"><a href=\"https:\/\/www.christian-doppler.net\/pt-pt\/efeito-doppler\/\"><img decoding=\"async\" src=\"https:\/\/www.christian-doppler.net\/wp-content\/uploads\/dopplereffekt.jpg\" alt=\"\"\/><\/a><\/figure>\n\n\n\n<p class=\"has-text-align-center\"><a href=\"https:\/\/www.christian-doppler.net\/pt-pt\/efeito-doppler\/\"><\/a><strong><a href=\"https:\/\/www.christian-doppler.net\/pt-pt\/efeito-doppler\/\" data-type=\"page\" data-id=\"7819\"><strong>Efeito Doppler<\/strong><br><\/a><\/strong><a href=\"https:\/\/www.christian-doppler.net\/pt-pt\/efeito-doppler\/\" data-type=\"page\" data-id=\"7819\"><\/a><a href=\"https:\/\/www.christian-doppler.net\/pt-pt\/efeito-doppler\/\"><em>O que \u00e9 o efeito Doppler? Como ele funciona?<\/em><\/a><\/p>\n<\/div><\/div><\/div><\/div><\/div>\n\n\n\n<div class=\"wp-block-ugb-column ugb-column ugb-8a0168f ugb-column--design-plain ugb-main-block\"><div class=\"ugb-inner-block\"><div class=\"ugb-block-content\"><div class=\"ugb-column__item ugb-8a0168f-column-wrapper\"><div class=\"ugb-column__content-wrapper\">\n<figure class=\"wp-block-image size-large\"><a href=\"https:\/\/www.christian-doppler.net\/pt-pt\/o-efeito-doppler-e-os-seus-laureados-com-o-nobel\/\"><img decoding=\"async\" src=\"https:\/\/www.christian-doppler.net\/wp-content\/uploads\/nobelpreise.jpg\" alt=\"\"\/><\/a><\/figure>\n\n\n\n<p class=\"has-text-align-center\"><a href=\"https:\/\/www.christian-doppler.net\/pt-pt\/o-efeito-doppler-e-os-seus-laureados-com-o-nobel\/\"><\/a><a href=\"https:\/\/www.christian-doppler.net\/pt-pt\/o-efeito-doppler-e-os-seus-laureados-com-o-nobel\/\" data-type=\"page\" data-id=\"7856\"><strong>Laureados com o Nobel<\/strong><br>O efeito Doppler e seus laureados com o Nobel<\/a><\/p>\n<\/div><\/div><\/div><\/div><\/div>\n<\/div><\/div><\/div><\/div>\n\n\n\n<h1 class=\"wp-block-heading has-text-align-center\" id=\"anwendungen-des-doppler-effekts\">Aplica\u00e7\u00f5es do efeito Doppler<\/h1>\n\n\n\n<div class=\"blocklayout themen\">\n<a style=\"background-image:url('https:\/\/www.christian-doppler.net\/wp-content\/uploads\/vehicle-193213_1920-300x225.jpg');\" href=\"https:\/\/www.christian-doppler.net\/pt-pt\/thema\/tecnica\/\"><p><\/p>\n<h2>Tecnologia<\/h2>\n<\/a><p><a style=\"background-image:url('https:\/\/www.christian-doppler.net\/wp-content\/uploads\/vehicle-193213_1920-300x225.jpg');\" href=\"https:\/\/www.christian-doppler.net\/pt-pt\/thema\/tecnica\/\"><\/a><br>\n\t\t\t\t\t\t\t\t\t\t\t\t\t\t<a style=\"background-image:url('https:\/\/www.christian-doppler.net\/wp-content\/uploads\/medical-563427_1920-300x200.jpg');\" href=\"https:\/\/www.christian-doppler.net\/pt-pt\/thema\/medicina\/\"><\/a><\/p><a style=\"background-image:url('https:\/\/www.christian-doppler.net\/wp-content\/uploads\/medical-563427_1920-300x200.jpg');\" href=\"https:\/\/www.christian-doppler.net\/pt-pt\/thema\/medicina\/\">\n<h2>Medicina<\/h2>\n<\/a><p><a style=\"background-image:url('https:\/\/www.christian-doppler.net\/wp-content\/uploads\/medical-563427_1920-300x200.jpg');\" href=\"https:\/\/www.christian-doppler.net\/pt-pt\/thema\/medicina\/\"><\/a><br>\n\t\t\t\t\t\t\t\t\t\t\t\t\t\t<a style=\"background-image:url('https:\/\/www.christian-doppler.net\/wp-content\/uploads\/aircraft-1813731_1920-300x205.jpg');\" href=\"https:\/\/www.christian-doppler.net\/pt-pt\/thema\/aviacao\/\"><\/a><\/p><a style=\"background-image:url('https:\/\/www.christian-doppler.net\/wp-content\/uploads\/aircraft-1813731_1920-300x205.jpg');\" href=\"https:\/\/www.christian-doppler.net\/pt-pt\/thema\/aviacao\/\">\n<h2>Avia\u00e7\u00e3o<\/h2>\n<\/a><p><a style=\"background-image:url('https:\/\/www.christian-doppler.net\/wp-content\/uploads\/aircraft-1813731_1920-300x205.jpg');\" href=\"https:\/\/www.christian-doppler.net\/pt-pt\/thema\/aviacao\/\"><\/a><br>\n\t\t\t\t\t\t\t\t\t\t\t\t\t\t<a style=\"background-image:url('https:\/\/www.christian-doppler.net\/wp-content\/uploads\/star-clusters-74052_1920-300x293.jpg');\" href=\"https:\/\/www.christian-doppler.net\/pt-pt\/thema\/astronomia\/\"><\/a><\/p><a style=\"background-image:url('https:\/\/www.christian-doppler.net\/wp-content\/uploads\/star-clusters-74052_1920-300x293.jpg');\" href=\"https:\/\/www.christian-doppler.net\/pt-pt\/thema\/astronomia\/\">\n<h2>Astronomia<\/h2>\n<\/a><p><a style=\"background-image:url('https:\/\/www.christian-doppler.net\/wp-content\/uploads\/star-clusters-74052_1920-300x293.jpg');\" href=\"https:\/\/www.christian-doppler.net\/pt-pt\/thema\/astronomia\/\"><\/a><\/p><\/div>\n\n\n\n<h1 class=\"wp-block-heading has-text-align-center\" id=\"materialen-literatur-und-c-d-fonds\">Materiais, Literatura e Fundo C.D.<\/h1>\n\n\n\n<div class=\"wp-block-ugb-columns ugb-columns cdp-life ugb-deda705 ugb-columns--design-plain ugb-columns--columns-4 ugb-main-block\"><div class=\"ugb-inner-block\"><div class=\"ugb-block-content\"><div class=\"ugb-columns__item ugb-deda705-content-wrapper\">\n<div class=\"wp-block-ugb-column ugb-column ugb-981ef03 ugb-column--design-plain ugb-main-block\"><div class=\"ugb-inner-block\"><div class=\"ugb-block-content\"><div class=\"ugb-column__item ugb-981ef03-column-wrapper\"><div class=\"ugb-column__content-wrapper\">\n<figure class=\"wp-block-image size-large\"><a href=\"https:\/\/www.christian-doppler.net\/pt-pt\/unterrichtsmaterialien\/\"><img decoding=\"async\" src=\"https:\/\/www.christian-doppler.net\/wp-content\/uploads\/chrdop_experimente.jpg\" alt=\"\"\/><\/a><\/figure>\n\n\n\n<p class=\"has-text-align-center\"><a href=\"https:\/\/www.christian-doppler.net\/pt-pt\/unterrichtsmaterialien\/\" data-type=\"page\" data-id=\"8036\"><strong>Experimentos<\/strong><\/a><br><a href=\"https:\/\/www.christian-doppler.net\/pt-pt\/unterrichtsmaterialien\/\" data-type=\"page\" data-id=\"8036\"><strong>(em alem\u00e3o)<\/strong><\/a><\/p>\n<\/div><\/div><\/div><\/div><\/div>\n\n\n\n<div class=\"wp-block-ugb-column ugb-column ugb-999ba1e ugb-column--design-plain ugb-main-block\"><div class=\"ugb-inner-block\"><div class=\"ugb-block-content\"><div class=\"ugb-column__item ugb-999ba1e-column-wrapper\"><div class=\"ugb-column__content-wrapper\">\n<figure class=\"wp-block-image size-large\"><a href=\"https:\/\/www.christian-doppler.net\/pt-pt\/christian-doppler-podcast-episoden\/\"><img decoding=\"async\" src=\"https:\/\/www.christian-doppler.net\/wp-content\/uploads\/chrdop_podcast.jpg\" alt=\"\"\/><\/a><\/figure>\n\n\n\n<p class=\"has-text-align-center\"><strong><a href=\"https:\/\/www.christian-doppler.net\/pt-pt\/christian-doppler-podcast-episoden\/\">Podcast<\/a><\/strong><br><strong><a href=\"https:\/\/www.christian-doppler.net\/pt-pt\/christian-doppler-podcast-episoden\/\">(em alem\u00e3o)<\/a><\/strong><\/p>\n<\/div><\/div><\/div><\/div><\/div>\n\n\n\n<div class=\"wp-block-ugb-column ugb-column ugb-d141cd8 ugb-column--design-plain ugb-main-block\"><div class=\"ugb-inner-block\"><div class=\"ugb-block-content\"><div class=\"ugb-column__item ugb-d141cd8-column-wrapper\"><div class=\"ugb-column__content-wrapper\">\n<figure class=\"wp-block-image size-large\"><a href=\"https:\/\/www.christian-doppler.net\/pt-pt\/literatur\/\"><img decoding=\"async\" src=\"https:\/\/www.christian-doppler.net\/wp-content\/uploads\/chrdop_buch.jpg\" alt=\"\"\/><\/a><\/figure>\n\n\n\n<p class=\"has-text-align-center\"><strong><a href=\"https:\/\/www.christian-doppler.net\/pt-pt\/literatur\/\" data-type=\"page\" data-id=\"8038\">Literatur<\/a><\/strong><br><strong><a href=\"https:\/\/www.christian-doppler.net\/pt-pt\/literatur\/\" data-type=\"page\" data-id=\"8038\">(em alem\u00e3o)<\/a><a href=\"https:\/\/www.christian-doppler.net\/pt-pt\/literatur\/\"><\/a><\/strong><\/p>\n<\/div><\/div><\/div><\/div><\/div>\n\n\n\n<div class=\"wp-block-ugb-column ugb-column ugb-a929a37 ugb-column--design-plain ugb-main-block\"><div class=\"ugb-inner-block\"><div class=\"ugb-block-content\"><div class=\"ugb-column__item ugb-a929a37-column-wrapper\"><div class=\"ugb-column__content-wrapper\">\n<figure class=\"wp-block-image size-large\"><a href=\"https:\/\/www.christian-doppler.net\/pt-pt\/o-fundo-christian-doppler\/\"><img decoding=\"async\" src=\"https:\/\/www.christian-doppler.net\/wp-content\/uploads\/chrdop_fonds.jpg\" alt=\"\"\/><\/a><\/figure>\n\n\n\n<p class=\"has-text-align-center\"><a href=\"https:\/\/www.christian-doppler.net\/pt-pt\/o-fundo-christian-doppler\/\" data-type=\"page\" data-id=\"7980\"><strong>Fundos<\/strong><\/a><\/p>\n<\/div><\/div><\/div><\/div><\/div>\n<\/div><\/div><\/div><\/div>\n\n\n\n<p><\/p>\n<style class=\"advgb-styles-renderer\">@media screen and (min-width:768px){.ugb-3275948.ugb-columns{margin-right:0px !important;margin-left:0px !important;padding-right:0px !important}}@media screen and (min-width:768px){.ugb-deda705.ugb-columns{margin-right:0px !important;margin-left:0px !important;padding-right:0px !important}}<\/style>","protected":false},"excerpt":{"rendered":"<p>&#8220;As pesquisas mais recompensadoras s\u00e3o aquelas que, ao mesmo tempo alegram o pensador e beneficiam a humanidade.&#8221;Christian Doppler O que avi\u00f5es, carros r\u00e1pidos, gl\u00f3bulos vermelhos, cora\u00e7\u00f5es pulsantes, gases em tubos densos e as estrelas no c\u00e9u t\u00eam em comum?As suas velocidades s\u00e3o medidas com a ajuda de um princ\u00edpio f\u00edsico descoberto pelo renomado cientista austr\u00edaco Christian Andreas Doppler. Nem mesmo [&hellip;]<\/p>\n","protected":false},"author":1,"featured_media":0,"parent":0,"menu_order":0,"comment_status":"closed","ping_status":"closed","template":"page-frontpage.php","meta":{"_acf_changed":false,"advgb_blocks_editor_width":"","advgb_blocks_columns_visual_guide":"","footnotes":""},"class_list":["post-8030","page","type-page","status-publish","hentry"],"acf":[],"featured_image_urls_v2":{"full":"","thumbnail":"","medium":"","medium_large":"","large":"","timeline-express":"","timeline-express-thumbnail":"","1536x1536":"","2048x2048":""},"post_excerpt_stackable_v2":"<p>&#8220;As pesquisas mais recompensadoras s\u00e3o aquelas que, ao mesmo tempo alegram o pensador e beneficiam a humanidade.&#8221;Christian Doppler O que avi\u00f5es, carros r\u00e1pidos, gl\u00f3bulos vermelhos, cora\u00e7\u00f5es pulsantes, gases em tubos densos e as estrelas no c\u00e9u t\u00eam em comum?As suas velocidades s\u00e3o medidas com a ajuda de um princ\u00edpio f\u00edsico descoberto pelo renomado cientista austr\u00edaco Christian Andreas Doppler. Nem mesmo nos seus sonhos mais ousados o vision\u00e1rio poderia imaginar a import\u00e2ncia que a sua descoberta teria para toda a humanidade. A sua ideia, o &#8220;efeito Doppler&#8221; (1842), ganhou import\u00e2ncia fundamental em quase todas as \u00e1reas da nossa vida. Christian Andreas&hellip;<\/p>\n","category_list_v2":"","author_info_v2":{"name":"Technik Admin","url":"https:\/\/www.christian-doppler.net\/pt-pt\/author\/wp_admin\/"},"comments_num_v2":"0 comments","coauthors":[],"author_meta":{"author_link":"https:\/\/www.christian-doppler.net\/pt-pt\/author\/wp_admin\/","display_name":"Technik Admin"},"relative_dates":{"created":"Posted 1 ano ago","modified":"Updated 6 meses ago"},"absolute_dates":{"created":"Posted on 13 de Novembro, 2024","modified":"Updated on 11 de Novembro, 2025"},"absolute_dates_time":{"created":"Posted on 13 de Novembro, 2024 13:22","modified":"Updated on 11 de Novembro, 2025 14:17"},"featured_img_caption":"","featured_img":false,"series_order":"","_links":{"self":[{"href":"https:\/\/www.christian-doppler.net\/pt-pt\/wp-json\/wp\/v2\/pages\/8030","targetHints":{"allow":["GET"]}}],"collection":[{"href":"https:\/\/www.christian-doppler.net\/pt-pt\/wp-json\/wp\/v2\/pages"}],"about":[{"href":"https:\/\/www.christian-doppler.net\/pt-pt\/wp-json\/wp\/v2\/types\/page"}],"author":[{"embeddable":true,"href":"https:\/\/www.christian-doppler.net\/pt-pt\/wp-json\/wp\/v2\/users\/1"}],"replies":[{"embeddable":true,"href":"https:\/\/www.christian-doppler.net\/pt-pt\/wp-json\/wp\/v2\/comments?post=8030"}],"version-history":[{"count":10,"href":"https:\/\/www.christian-doppler.net\/pt-pt\/wp-json\/wp\/v2\/pages\/8030\/revisions"}],"predecessor-version":[{"id":10377,"href":"https:\/\/www.christian-doppler.net\/pt-pt\/wp-json\/wp\/v2\/pages\/8030\/revisions\/10377"}],"wp:attachment":[{"href":"https:\/\/www.christian-doppler.net\/pt-pt\/wp-json\/wp\/v2\/media?parent=8030"}],"curies":[{"name":"wp","href":"https:\/\/api.w.org\/{rel}","templated":true}]}}