{"id":7989,"date":"2024-10-29T16:33:18","date_gmt":"2024-10-29T15:33:18","guid":{"rendered":"https:\/\/www.christian-doppler.net\/?page_id=7989"},"modified":"2024-10-29T16:33:30","modified_gmt":"2024-10-29T15:33:30","slug":"contato","status":"publish","type":"page","link":"https:\/\/www.christian-doppler.net\/pt-pt\/contato\/","title":{"rendered":"Contato"},"content":{"rendered":"<h2><strong>Christian Doppler Fonds<\/strong><\/h2>\n<p><a href=\"http:\/\/www.uni-salzburg.at\/christian-doppler\"><img loading=\"lazy\" decoding=\"async\" class=\"alignleft wp-image-455\" src=\"https:\/\/www.christian-doppler.net\/wp-content\/uploads\/cdfond_logo.jpg\" width=\"200\" height=\"156\" \/><\/a>Universidade de Salzburgo, Faculdade de Ci\u00eancias Naturais<br \/>\nDiretor executivo: Dr. Christian Pruner | +43 662 8044 6253 |\u00a0christian.pruner@sbg.ac.at<br \/>\nDepartamento de Qu\u00edmica e F\u00edsica dos Materiais<br \/>\nJakob-Haringer-Stra\u00dfe 2a, A-5020 Salzburgo, \u00c1ustria<\/p>\n<h2><strong>Conceito e implementa\u00e7\u00e3o<\/strong><\/h2>\n<p><a href=\"http:\/\/www.salzburgresearch.at\"><img loading=\"lazy\" decoding=\"async\" class=\"alignleft wp-image-458 size-full\" src=\"https:\/\/www.christian-doppler.net\/wp-content\/uploads\/salzburgresearch_logo.jpg\" width=\"200\" height=\"84\" \/><\/a>Salzburg Research Forschungsgesellschaft m.b.H.<br \/>\nGerente de projeto: Julia Eder | +43\/662\/2288-245 | julia.eder@salzburgresearch.at<br \/>\nJakob Haringer Stra\u00dfe 5\/3<br \/>\n5020 Salzburgo, \u00c1ustria<\/p>\n","protected":false},"excerpt":{"rendered":"<p>Christian Doppler Fonds Universidade de Salzburgo, Faculdade de Ci\u00eancias Naturais Diretor executivo: Dr. Christian Pruner | +43 662 8044 6253 |\u00a0christian.pruner@sbg.ac.at Departamento de Qu\u00edmica e F\u00edsica dos Materiais Jakob-Haringer-Stra\u00dfe 2a, A-5020 Salzburgo, \u00c1ustria Conceito e implementa\u00e7\u00e3o Salzburg Research Forschungsgesellschaft m.b.H. Gerente de projeto: Julia Eder | +43\/662\/2288-245 | julia.eder@salzburgresearch.at Jakob Haringer Stra\u00dfe 5\/3 5020 Salzburgo, \u00c1ustria<\/p>\n","protected":false},"author":1,"featured_media":0,"parent":0,"menu_order":0,"comment_status":"closed","ping_status":"closed","template":"","meta":{"_acf_changed":false,"advgb_blocks_editor_width":"","advgb_blocks_columns_visual_guide":"","footnotes":""},"class_list":["post-7989","page","type-page","status-publish","hentry"],"acf":[],"featured_image_urls_v2":{"full":"","thumbnail":"","medium":"","medium_large":"","large":"","timeline-express":"","timeline-express-thumbnail":"","1536x1536":"","2048x2048":""},"post_excerpt_stackable_v2":"<p>Christian Doppler Fonds Universidade de Salzburgo, Faculdade de Ci\u00eancias Naturais Diretor executivo: Dr. Christian Pruner | +43 662 8044 6253 |\u00a0christian.pruner@sbg.ac.at Departamento de Qu\u00edmica e F\u00edsica dos Materiais Jakob-Haringer-Stra\u00dfe 2a, A-5020 Salzburgo, \u00c1ustria Conceito e implementa\u00e7\u00e3o Salzburg Research Forschungsgesellschaft m.b.H. Gerente de projeto: Julia Eder | +43\/662\/2288-245 | julia.eder@salzburgresearch.at Jakob Haringer Stra\u00dfe 5\/3 5020 Salzburgo, \u00c1ustria<\/p>\n","category_list_v2":"","author_info_v2":{"name":"Technik Admin","url":"https:\/\/www.christian-doppler.net\/pt-pt\/author\/wp_admin\/"},"comments_num_v2":"0 comments","coauthors":[],"author_meta":{"author_link":"https:\/\/www.christian-doppler.net\/pt-pt\/author\/wp_admin\/","display_name":"Technik Admin"},"relative_dates":{"created":"Publicado 2 anos h\u00e1","modified":"Atualizado 2 anos h\u00e1"},"absolute_dates":{"created":"Publicado em 29 de Outubro, 2024","modified":"Atualizado em 29 de Outubro, 2024"},"absolute_dates_time":{"created":"Publicado em 29 de Outubro, 2024 16:33","modified":"Atualizado em 29 de Outubro, 2024 16:33"},"featured_img_caption":"","featured_img":false,"series_order":"","_links":{"self":[{"href":"https:\/\/www.christian-doppler.net\/pt-pt\/wp-json\/wp\/v2\/pages\/7989","targetHints":{"allow":["GET"]}}],"collection":[{"href":"https:\/\/www.christian-doppler.net\/pt-pt\/wp-json\/wp\/v2\/pages"}],"about":[{"href":"https:\/\/www.christian-doppler.net\/pt-pt\/wp-json\/wp\/v2\/types\/page"}],"author":[{"embeddable":true,"href":"https:\/\/www.christian-doppler.net\/pt-pt\/wp-json\/wp\/v2\/users\/1"}],"replies":[{"embeddable":true,"href":"https:\/\/www.christian-doppler.net\/pt-pt\/wp-json\/wp\/v2\/comments?post=7989"}],"version-history":[{"count":2,"href":"https:\/\/www.christian-doppler.net\/pt-pt\/wp-json\/wp\/v2\/pages\/7989\/revisions"}],"predecessor-version":[{"id":7993,"href":"https:\/\/www.christian-doppler.net\/pt-pt\/wp-json\/wp\/v2\/pages\/7989\/revisions\/7993"}],"wp:attachment":[{"href":"https:\/\/www.christian-doppler.net\/pt-pt\/wp-json\/wp\/v2\/media?parent=7989"}],"curies":[{"name":"wp","href":"https:\/\/api.w.org\/{rel}","templated":true}]}}