{"id":7949,"date":"2017-05-10T11:52:54","date_gmt":"2017-05-10T09:52:54","guid":{"rendered":"https:\/\/www.christian-doppler.net\/christian-doppler-kompositionspreis-2017\/"},"modified":"2017-05-10T11:52:54","modified_gmt":"2017-05-10T09:52:54","slug":"christian-doppler-kompositionspreis-2017","status":"publish","type":"page","link":"https:\/\/www.christian-doppler.net\/pt-pt\/christian-doppler-kompositionspreis-2017\/","title":{"rendered":"Christian-Doppler-Kompositionspreis 2017"},"content":{"rendered":"<table>\n<tbody>\n<tr>\n<td><img loading=\"lazy\" decoding=\"async\" class=\"size-full wp-image-674 alignleft\" src=\"https:\/\/www.christian-doppler.net\/wp-content\/uploads\/unimoz.png\" alt=\"\" width=\"200\" height=\"200\" srcset=\"https:\/\/www.christian-doppler.net\/wp-content\/uploads\/unimoz.png 200w, https:\/\/www.christian-doppler.net\/wp-content\/uploads\/unimoz-150x150.png 150w\" sizes=\"auto, (max-width: 200px) 100vw, 200px\" \/><\/td>\n<td><strong>Christian-Doppler-Kompositionspreis 2017<\/strong><br \/>\nder Universit\u00e4t Mozarteum Salzburg<br \/>\nin Kooperation mit dem Christian-Doppler-Fonds<br \/>\nan der Paris Lodron Universit\u00e4t Salzburg<\/td>\n<td><img loading=\"lazy\" decoding=\"async\" class=\"alignright size-full wp-image-675\" src=\"https:\/\/www.christian-doppler.net\/wp-content\/uploads\/cdfond.png\" alt=\"\" width=\"200\" height=\"156\" \/><\/td>\n<\/tr>\n<\/tbody>\n<\/table>\n<p><strong>Teilnahmeberechtigt <\/strong>sind alle ordentlichen Studierenden der Studienrichtung Komposition an der Universit\u00e4t Mozarteum Salzburg, der Universit\u00e4t f\u00fcr Musik und darstellende Kunst Wien, der Universit\u00e4t f\u00fcr Musik und darstellende Kunst Graz, der Anton-Bruckner-Privatuniversit\u00e4t Linz und der Musik und Kunst Privatuniversit\u00e4t der Stadt Wien.<\/p>\n<p><strong>Einreichungsfrist:<\/strong> 31. Dezember 2017 (Poststempel)<\/p>\n<p><strong>Gesamtbesetzung: <\/strong>Fl\u00f6te, Klarinette, Violine, Violoncello, Klavier, Schlagwerk, eine Singstimme (Stimmlage frei w\u00e4hlbar). Aus dieser Besetzung k\u00f6nnen auch kleinere Formationen gew\u00e4hlt werden. Auf Anfrage ist die Verwendung von Sonderinstrumenten sowie von Live-Elektronik m\u00f6glich.<\/p>\n<p>Als <strong>Ensemble in Residence <\/strong>steht das \u201cNew Art and Music Ensemble Salzburg\u201d (NAMES) an der Universit\u00e4t Mozarteum zur Verf\u00fcgung.<\/p>\n<p><strong>Einreichungsbedingungen:<\/strong><br \/>\nEs k\u00f6nnen neue oder\/und bereits aufgef\u00fchrte Kompositionen sowie mehrere Arbeiten in unbegrenzter Anzahl eingereicht werden.<\/p>\n<p><strong>Erforderliche Unterlagen <\/strong>(per Post oder E-Mail):<\/p>\n<ul>\n<li>Schriftliche Stellungnahme, inwieweit die eingereichte Komposition mit den Forschungen von Christian Doppler verbunden ist, auf seine Forschungen eingeht bzw. davon inspiriert ist.<\/li>\n<li>Anonymisierte Partitur mit Kennzahl.<\/li>\n<li>Kurzer Lebenslauf sowie ein eigenes Dokument zur Aufschl\u00fcsselung der Kennzahl.<\/li>\n<li>Kopie der Inskriptionsbest\u00e4tigung.<\/li>\n<li>Bei Auswahl ist das Auff\u00fchrungsmaterial kostenlos zu stellen.<\/li>\n<\/ul>\n<ol>\n<li>Preis: \u20ac 2.500.- (gestiftet vom Land Salzburg, Kulturressort LR Dr. Heinrich Schellhorn)<\/li>\n<li>Preis: \u20ac 1.500.- (gestiftet von der Stadt Salzburg, kultur.bildung.wissen, Bgm. Dr. Heinz Schaden)<\/li>\n<li>Preis: \u20ac 700.- (gestiftet vom Christian Doppler Fonds an der Paris Lodron Universit\u00e4t Salzburg)<\/li>\n<\/ol>\n<p><strong>Auskunftsperson und Einreichungsadresse:<br \/>\n<\/strong>Dr. Michael Malkiewicz, Mirabellplatz 1, A-5020 Salzburg<br \/>\n<a href=\"mailto:michael.malkiewicz@moz.ac.at\"><span>michael.malkiewicz@moz.ac.at<\/span><\/a><\/p>\n<p><strong>Jury:<\/strong><\/p>\n<ul>\n<li>Univ. Prof. Achim Bornh\u00f6ft (Universit\u00e4t Mozarteum Salzburg)<\/li>\n<li>Univ. Prof. Reinhard Febel (Universit\u00e4t Mozarteum Salzburg)<\/li>\n<li>Univ. Prof.<span style=\"text-decoration: line-through;\"> <\/span>Dr. Christian Ofenbauer (Universit\u00e4t Mozarteum Salzburg)<\/li>\n<li>Univ. Prof. Elena Mendoza (Universit\u00e4t der K\u00fcnste, Berlin)<\/li>\n<\/ul>\n<p>Die Jury tagt Ende J\u00e4nner 2018.<\/p>\n<p><a href=\"https:\/\/www.christian-doppler.net\/wp-content\/uploads\/Doppler-Komp-Wettbewerb-Ausschreibung-_final.pdf\">Ausschreibung als PDF-Dokument<\/a><\/p>\n<p>Das Preistr\u00e4gerInnenkonzert findet 2018 an der Universit\u00e4t Mozarteum statt. Die beteiligten Universit\u00e4ten veranstalten nach Ma\u00dfgabe Pr\u00e4sentationskonzerte an ihren Standorten.<\/p>\n<p><img loading=\"lazy\" decoding=\"async\" class=\"alignnone size-full wp-image-677\" src=\"https:\/\/www.christian-doppler.net\/wp-content\/uploads\/komposition_logos.png\" alt=\"\" width=\"916\" height=\"152\" srcset=\"https:\/\/www.christian-doppler.net\/wp-content\/uploads\/komposition_logos.png 916w, https:\/\/www.christian-doppler.net\/wp-content\/uploads\/komposition_logos-300x50.png 300w, https:\/\/www.christian-doppler.net\/wp-content\/uploads\/komposition_logos-768x127.png 768w\" sizes=\"auto, (max-width: 916px) 100vw, 916px\" \/><\/p>\n","protected":false},"excerpt":{"rendered":"<p>Christian-Doppler-Kompositionspreis 2017 der Universit\u00e4t Mozarteum Salzburg in Kooperation mit dem Christian-Doppler-Fonds an der Paris Lodron Universit\u00e4t Salzburg Teilnahmeberechtigt sind alle ordentlichen Studierenden der Studienrichtung Komposition an der Universit\u00e4t Mozarteum Salzburg, der Universit\u00e4t f\u00fcr Musik und darstellende Kunst Wien, der Universit\u00e4t f\u00fcr Musik und darstellende Kunst Graz, der Anton-Bruckner-Privatuniversit\u00e4t Linz und der Musik und Kunst Privatuniversit\u00e4t der Stadt Wien. Einreichungsfrist: 31. [&hellip;]<\/p>\n","protected":false},"author":1,"featured_media":0,"parent":0,"menu_order":0,"comment_status":"closed","ping_status":"closed","template":"","meta":{"_acf_changed":false,"advgb_blocks_editor_width":"","advgb_blocks_columns_visual_guide":"","footnotes":""},"class_list":["post-7949","page","type-page","status-publish","hentry"],"acf":[],"featured_image_urls_v2":{"full":"","thumbnail":"","medium":"","medium_large":"","large":"","timeline-express":"","timeline-express-thumbnail":"","1536x1536":"","2048x2048":""},"post_excerpt_stackable_v2":"<p>Christian-Doppler-Kompositionspreis 2017 der Universit\u00e4t Mozarteum Salzburg in Kooperation mit dem Christian-Doppler-Fonds an der Paris Lodron Universit\u00e4t Salzburg Teilnahmeberechtigt sind alle ordentlichen Studierenden der Studienrichtung Komposition an der Universit\u00e4t Mozarteum Salzburg, der Universit\u00e4t f\u00fcr Musik und darstellende Kunst Wien, der Universit\u00e4t f\u00fcr Musik und darstellende Kunst Graz, der Anton-Bruckner-Privatuniversit\u00e4t Linz und der Musik und Kunst Privatuniversit\u00e4t der Stadt Wien. Einreichungsfrist: 31. Dezember 2017 (Poststempel) Gesamtbesetzung: Fl\u00f6te, Klarinette, Violine, Violoncello, Klavier, Schlagwerk, eine Singstimme (Stimmlage frei w\u00e4hlbar). Aus dieser Besetzung k\u00f6nnen auch kleinere Formationen gew\u00e4hlt werden. Auf Anfrage ist die Verwendung von Sonderinstrumenten sowie von Live-Elektronik m\u00f6glich. Als Ensemble in Residence steht&hellip;<\/p>\n","category_list_v2":"","author_info_v2":{"name":"Technik Admin","url":"https:\/\/www.christian-doppler.net\/pt-pt\/author\/wp_admin\/"},"comments_num_v2":"0 comments","coauthors":[],"author_meta":{"author_link":"https:\/\/www.christian-doppler.net\/pt-pt\/author\/wp_admin\/","display_name":"Technik Admin"},"relative_dates":{"created":"Posted 9 anos ago","modified":"Updated 9 anos ago"},"absolute_dates":{"created":"Posted on 10 de Maio, 2017","modified":"Updated on 10 de Maio, 2017"},"absolute_dates_time":{"created":"Posted on 10 de Maio, 2017 11:52","modified":"Updated on 10 de Maio, 2017 11:52"},"featured_img_caption":"","featured_img":false,"series_order":"","_links":{"self":[{"href":"https:\/\/www.christian-doppler.net\/pt-pt\/wp-json\/wp\/v2\/pages\/7949","targetHints":{"allow":["GET"]}}],"collection":[{"href":"https:\/\/www.christian-doppler.net\/pt-pt\/wp-json\/wp\/v2\/pages"}],"about":[{"href":"https:\/\/www.christian-doppler.net\/pt-pt\/wp-json\/wp\/v2\/types\/page"}],"author":[{"embeddable":true,"href":"https:\/\/www.christian-doppler.net\/pt-pt\/wp-json\/wp\/v2\/users\/1"}],"replies":[{"embeddable":true,"href":"https:\/\/www.christian-doppler.net\/pt-pt\/wp-json\/wp\/v2\/comments?post=7949"}],"version-history":[{"count":0,"href":"https:\/\/www.christian-doppler.net\/pt-pt\/wp-json\/wp\/v2\/pages\/7949\/revisions"}],"wp:attachment":[{"href":"https:\/\/www.christian-doppler.net\/pt-pt\/wp-json\/wp\/v2\/media?parent=7949"}],"curies":[{"name":"wp","href":"https:\/\/api.w.org\/{rel}","templated":true}]}}