{"id":7947,"date":"2017-05-11T11:45:17","date_gmt":"2017-05-11T09:45:17","guid":{"rendered":"https:\/\/www.christian-doppler.net\/christian-doppler-preis-2017\/"},"modified":"2017-05-11T11:45:17","modified_gmt":"2017-05-11T09:45:17","slug":"christian-doppler-preis-2017","status":"publish","type":"page","link":"https:\/\/www.christian-doppler.net\/pt-pt\/christian-doppler-preis-2017\/","title":{"rendered":"Christian- Doppler- Preis 2017"},"content":{"rendered":"<h3 style=\"text-align: center;\"><strong>Ausschreibung<\/strong><br \/>\ndes Christian-Doppler-Preises 2017 f\u00fcr wissenschaftliche Arbeiten, Entwicklungen und Erfindungen auf dem Gebiet der Naturwissenschaften<\/h3>\n<ol>\n<li style=\"text-align: left;\">Die Salzburger Landesregierung hat beschlossen, den Christian-Doppler-Preis 2017 zur F\u00f6rderung naturwissenschaftlicher Arbeiten oder Erfindungen auszuschreiben und in Kooperation<br \/>\nmit dem Christian-Doppler-Fonds zu vergeben. Der Christian- Doppler-Preis wird in folgenden Gebieten ausgeschrieben:<\/p>\n<ul>\n<li style=\"text-align: left;\">Sparte 1: Anwendungen des Doppler-Prinzips, Technische Wissenschaften, Informatik, Mathematik und Physik<\/li>\n<li style=\"text-align: left;\">Sparte 2: Geowissenschaften, Materialwissenschaften und Chemie<\/li>\n<li style=\"text-align: left;\">Sparte 3: Molekulare Biowissenschaften und Neurowissenschaften<\/li>\n<li style=\"text-align: left;\">Sparte 4: Zellbiologie und Organismische BiologieInsgesamt werden vier Preise mit einer Dotierung von je \u20ac 3.000,\u2013 vergeben.<br \/>&nbsp;<\/li>\n<\/ul>\n<\/li>\n<li style=\"text-align: left;\">Diese F\u00f6rderungspreise werden auf Grund pers\u00f6nlicher Bewerbung verliehen. Bewerbungsberechtigt sind Personen, die das 40. Lebensjahr am Einreichungsstichtag noch nicht \u00fcberschritten haben.<br \/>\nDar\u00fcber hinaus m\u00fcssen die Bewerber entweder<\/p>\n<ul>\n<li style=\"text-align: left;\">im Bundesland Salzburg geboren sein,<\/li>\n<li style=\"text-align: left;\">seit mindestens zwei Jahren ihren Hauptwohnsitz im Bundesland Salzburg haben,<\/li>\n<li style=\"text-align: left;\">ihren Universit\u00e4tsabschluss an der Universit\u00e4t Salzburg abgelegt haben,<\/li>\n<li style=\"text-align: left;\">ein mindestens zweij\u00e4hriges Dienstverh\u00e4ltnis zur Universit\u00e4t Salzburg haben oder<\/li>\n<li style=\"text-align: left;\">eine Arbeit einreichen, die einen Bezug zum Bundesland Salzburg hat.<br \/>&nbsp;<\/li>\n<\/ul>\n<\/li>\n<li style=\"text-align: left;\">Es k\u00f6nnen auf eigenst\u00e4ndiger Forschung, Entwicklung oder Erfindung beruhende Arbeiten hoher Qualit\u00e4t eingereicht werden, die in international begutachteten Fachzeitschriften ver\u00f6ffentlicht wurden beziehungsweise zur Ver\u00f6ffentlichung angenommen wurden. Die Ver\u00f6ffentlichung darf nicht l\u00e4nger als f\u00fcnf Jahre zur\u00fcckliegen. Es k\u00f6nnen maximal drei Arbeiten pro Bewerberin bzw. Bewerber eingereicht werden. Die eingereichten Arbeiten d\u00fcrfen noch von keiner anderen Stelle pr\u00e4miert und bei keiner anderen Stelle zur Pr\u00e4mierung eingereicht worden sein.<\/li>\n<\/ol>\n<p>Die Arbeiten sind bis l\u00e4ngstens <strong>31.7.2017<\/strong> elektronisch an die E-Mail-Adresse: wissenschaft-eb@salzburg.gv.at zu senden oder auf einem elektronischen Datentr\u00e4ger im Wissenschaftsreferat, Postfach 527, 5010 Salzburg einzureichen.<\/p>\n<p><strong>Ausschreibungsdetails unter:<\/strong><br \/>\nwww.salzburg.gv.at\/themen\/bildungforschung<br \/>\nN\u00e4here Ausk\u00fcnfte erteilt Dr. Franz Wasner,<br \/>\nReferat 2\/04, Tel. 0662\/8042-2116<\/p>\n<ul>\n<li style=\"text-align: left;\"><a href=\"https:\/\/www.christian-doppler.net\/wp-content\/uploads\/Druck_Poster-Neu_Christian-Doppler-Preis-2017.pdf\">Poster<\/a><\/li>\n<li style=\"text-align: left;\"><a href=\"https:\/\/www.christian-doppler.net\/wp-content\/uploads\/AUSSCHREIBUNG-2017.pdf\">Ausschreibung<\/a><\/li>\n<\/ul>\n","protected":false},"excerpt":{"rendered":"<p>Ausschreibung des Christian-Doppler-Preises 2017 f\u00fcr wissenschaftliche Arbeiten, Entwicklungen und Erfindungen auf dem Gebiet der Naturwissenschaften Die Salzburger Landesregierung hat beschlossen, den Christian-Doppler-Preis 2017 zur F\u00f6rderung naturwissenschaftlicher Arbeiten oder Erfindungen auszuschreiben und in Kooperation mit dem Christian-Doppler-Fonds zu vergeben. Der Christian- Doppler-Preis wird in folgenden Gebieten ausgeschrieben: Sparte 1: Anwendungen des Doppler-Prinzips, Technische Wissenschaften, Informatik, Mathematik und Physik Sparte 2: Geowissenschaften, [&hellip;]<\/p>\n","protected":false},"author":1,"featured_media":0,"parent":0,"menu_order":0,"comment_status":"closed","ping_status":"closed","template":"","meta":{"_acf_changed":false,"advgb_blocks_editor_width":"","advgb_blocks_columns_visual_guide":"","footnotes":""},"class_list":["post-7947","page","type-page","status-publish","hentry"],"acf":[],"featured_image_urls_v2":{"full":"","thumbnail":"","medium":"","medium_large":"","large":"","timeline-express":"","timeline-express-thumbnail":"","1536x1536":"","2048x2048":""},"post_excerpt_stackable_v2":"<p>Ausschreibung des Christian-Doppler-Preises 2017 f\u00fcr wissenschaftliche Arbeiten, Entwicklungen und Erfindungen auf dem Gebiet der Naturwissenschaften Die Salzburger Landesregierung hat beschlossen, den Christian-Doppler-Preis 2017 zur F\u00f6rderung naturwissenschaftlicher Arbeiten oder Erfindungen auszuschreiben und in Kooperation mit dem Christian-Doppler-Fonds zu vergeben. Der Christian- Doppler-Preis wird in folgenden Gebieten ausgeschrieben: Sparte 1: Anwendungen des Doppler-Prinzips, Technische Wissenschaften, Informatik, Mathematik und Physik Sparte 2: Geowissenschaften, Materialwissenschaften und Chemie Sparte 3: Molekulare Biowissenschaften und Neurowissenschaften Sparte 4: Zellbiologie und Organismische BiologieInsgesamt werden vier Preise mit einer Dotierung von je \u20ac 3.000,\u2013 vergeben.&nbsp; Diese F\u00f6rderungspreise werden auf Grund pers\u00f6nlicher Bewerbung verliehen. Bewerbungsberechtigt sind Personen, die das 40.&hellip;<\/p>\n","category_list_v2":"","author_info_v2":{"name":"Technik Admin","url":"https:\/\/www.christian-doppler.net\/pt-pt\/author\/wp_admin\/"},"comments_num_v2":"0 comments","coauthors":[],"author_meta":{"author_link":"https:\/\/www.christian-doppler.net\/pt-pt\/author\/wp_admin\/","display_name":"Technik Admin"},"relative_dates":{"created":"Posted 9 anos ago","modified":"Updated 9 anos ago"},"absolute_dates":{"created":"Posted on 11 de Maio, 2017","modified":"Updated on 11 de Maio, 2017"},"absolute_dates_time":{"created":"Posted on 11 de Maio, 2017 11:45","modified":"Updated on 11 de Maio, 2017 11:45"},"featured_img_caption":"","featured_img":false,"series_order":"","_links":{"self":[{"href":"https:\/\/www.christian-doppler.net\/pt-pt\/wp-json\/wp\/v2\/pages\/7947","targetHints":{"allow":["GET"]}}],"collection":[{"href":"https:\/\/www.christian-doppler.net\/pt-pt\/wp-json\/wp\/v2\/pages"}],"about":[{"href":"https:\/\/www.christian-doppler.net\/pt-pt\/wp-json\/wp\/v2\/types\/page"}],"author":[{"embeddable":true,"href":"https:\/\/www.christian-doppler.net\/pt-pt\/wp-json\/wp\/v2\/users\/1"}],"replies":[{"embeddable":true,"href":"https:\/\/www.christian-doppler.net\/pt-pt\/wp-json\/wp\/v2\/comments?post=7947"}],"version-history":[{"count":0,"href":"https:\/\/www.christian-doppler.net\/pt-pt\/wp-json\/wp\/v2\/pages\/7947\/revisions"}],"wp:attachment":[{"href":"https:\/\/www.christian-doppler.net\/pt-pt\/wp-json\/wp\/v2\/media?parent=7947"}],"curies":[{"name":"wp","href":"https:\/\/api.w.org\/{rel}","templated":true}]}}