{"id":7917,"date":"2024-10-29T13:37:19","date_gmt":"2024-10-29T12:37:19","guid":{"rendered":"https:\/\/www.christian-doppler.net\/?page_id=7917"},"modified":"2024-10-29T13:37:20","modified_gmt":"2024-10-29T12:37:20","slug":"jakob-philipp-kulik-20-4-1793-lemberg-28-2-1863-praga","status":"publish","type":"page","link":"https:\/\/www.christian-doppler.net\/pt-pt\/jakob-philipp-kulik-20-4-1793-lemberg-28-2-1863-praga\/","title":{"rendered":"Jakob Philipp Kulik (20.4.1793 Lemberg \u2013 28.2.1863 Praga)"},"content":{"rendered":"\n<p>Kulik, nascido em Lemberg (hoje Lviv), na antiga prov\u00edncia do imp\u00e9rio Austro-h\u00fangaro, Galicia, foi nomeado professor de matem\u00e1tica no Liceu de Olm\u00fctz aos 21 anos. Em 1816, tornou-se professor de f\u00edsica e astronomia no Liceu de Graz. Em 1822, recebeu o t\u00edtulo de doutor e foi eleito reitor no ano seguinte, em 1823. Em 1826, Kulik foi nomeado professor de matem\u00e1tica superior em Praga, onde viveu at\u00e9 \u00e0 sua morte. Ele tamb\u00e9m dirigiu a biblioteca da Sociedade Real de Ci\u00eancias da Bo\u00eamia, elaborando um cat\u00e1logo dos seus acervos at\u00e9 1835.<\/p>\n\n\n\n<p>Kulik pertencia a uma gera\u00e7\u00e3o de matem\u00e1ticos que era mais caracter\u00edstica do s\u00e9culo XVIII, que se preocupava pouco com os fundamentos de seu trabalho, pois, naquele s\u00e9culo de experimenta\u00e7\u00e3o, &#8220;os resultados surgiam em abund\u00e2ncia&#8221; (Struik, Dirk J.:\u00a0<em>Abri\u00df der Geschichte der Mathematik<\/em>, Berlim, 1967, p. 174). &#8220;V\u00e1 em frente, e a f\u00e9 vir\u00e1&#8221; (<em>allez en avant, et la foi vous viendra<\/em>), teria dito d&#8217;Alembert.<\/p>\n\n\n\n<p>Kulik criou extensas tabelas de fatores e desenvolveu um m\u00e9todo para determinar ra\u00edzes racionais com a ajuda dessas tabelas. Ele trabalhou incansavelmente nelas at\u00e9 o fim de sua vida. Ele escreveu:\u00a0<em>&#8220;Eu possuo um manuscrito que cont\u00e9m a continua\u00e7\u00e3o da tabela de Burckard de tr\u00eas milh\u00f5es at\u00e9 cem milh\u00f5es, em 4.212 p\u00e1ginas de f\u00f3lio densamente escritas.&#8221; Os <\/em>seus manuscritos (8 volumes) est\u00e3o arquivados na Academia Austr\u00edaca de Ci\u00eancias, em Viena, e nunca foram examinados (informa\u00e7\u00e3o fornecida pela Dra. Christa Binder, Viena).<\/p>\n\n\n\n<h2 class=\"wp-block-heading\"><strong>Jakob Kulik e Christian Doppler<\/strong><\/h2>\n\n\n\n<p>Na reuni\u00e3o da se\u00e7\u00e3o de matem\u00e1tica em 5 de novembro de 1840, quando Christian Doppler participou pela primeira vez como membro extraordin\u00e1rio da Academia, Kulik, como diretor de neg\u00f3cios, apresentou um ensaio sobre uma nova prova anal\u00edtica da lei do paralelogramo das for\u00e7as. Na reuni\u00e3o seguinte, em 3 de dezembro de 1840, Christian Doppler fez observa\u00e7\u00f5es cr\u00edticas ao ensaio. Ele afirmou, entre outras coisas, que\u00a0<em>&#8220;se a soma dos quadrados de uma fun\u00e7\u00e3o de dois \u00e2ngulos complementares for igual a um, isso n\u00e3o significa que a fun\u00e7\u00e3o seja o cosseno do \u00e2ngulo, pois existem v\u00e1rias fun\u00e7\u00f5es com essa propriedade que s\u00e3o essencialmente diferentes do cosseno.&#8221;<\/em>\u00a0Kulik respondeu:\u00a0<em>&#8220;O relator teria ultrapassado os limites impostos a um breve ensaio se se tivesse detido mais nesse ponto, caindo no erro de muitos matem\u00e1ticos modernos, como Littrow menciona em algum lugar, que, &#8216;ocupando-se tanto com a justificativa de uma quest\u00e3o, acabam por n\u00e3o chegar \u00e0 pr\u00f3pria quest\u00e3o&#8217;.&#8221;<\/em><\/p>\n\n\n\n<p>Bolzano, ao saber disso, saiu em defesa de Doppler, argumentando num artigo que \u00e9 poss\u00edvel, sim, dedicar mais tempo \u00e0s justificativas:\u00a0<em>&#8220;Quem se contenta com a simples certeza de que algo \u00e9, sem perguntar a raz\u00e3o objetiva de por que \u00e9, certamente ainda n\u00e3o despertou para a necessidade cient\u00edfica.&#8221;<\/em><\/p>\n\n\n\n<p>Apesar da resist\u00eancia de Kulik, Bolzano conseguiu a aprova\u00e7\u00e3o da publica\u00e7\u00e3o do primeiro ensaio de Doppler em 1841, em Praga, nos anais da Academia Real da Bo\u00eamia. O artigo, intitulado\u00a0<em>Tentativa de um tratamento anal\u00edtico de linhas, superf\u00edcies e corpos limitados e compostos de forma arbitr\u00e1ria, juntamente com sua aplica\u00e7\u00e3o a v\u00e1rios problemas da geometria descritiva e perspectiva<\/em>, tinha o objetivo de &#8220;generalizar&#8221; os fundamentos da geometria anal\u00edtica at\u00e9 ent\u00e3o estabelecidos.<\/p>\n\n\n\n<p>Em 1843, Kulik tamb\u00e9m deu um parecer negativo sobre a monografia de Doppler, intitulada\u00a0<em>Tentativa de amplia\u00e7\u00e3o da geometria anal\u00edtica com base num algoritmo a ser introduzido<\/em>. No entanto, gra\u00e7as ao apoio de Bolzano e Kreil, a publica\u00e7\u00e3o acabou ocorrendo nos\u00a0<em>Anais da Sociedade Real de Ci\u00eancias da Bo\u00eamia, 5\u00aa s\u00e9rie, volume 2, p. 533-700<\/em>, em Praga, em 1843.<\/p>\n\n\n\n<p>Dr. Peter Maria Schuster, 2017<\/p>\n","protected":false},"excerpt":{"rendered":"<p>Kulik, nascido em Lemberg (hoje Lviv), na antiga prov\u00edncia do imp\u00e9rio Austro-h\u00fangaro, Galicia, foi nomeado professor de matem\u00e1tica no Liceu de Olm\u00fctz aos 21 anos. Em 1816, tornou-se professor de f\u00edsica e astronomia no Liceu de Graz. Em 1822, recebeu o t\u00edtulo de doutor e foi eleito reitor no ano seguinte, em 1823. Em 1826, Kulik foi nomeado professor de [&hellip;]<\/p>\n","protected":false},"author":1,"featured_media":0,"parent":0,"menu_order":0,"comment_status":"closed","ping_status":"closed","template":"","meta":{"_acf_changed":false,"advgb_blocks_editor_width":"","advgb_blocks_columns_visual_guide":"","footnotes":""},"class_list":["post-7917","page","type-page","status-publish","hentry"],"acf":[],"featured_image_urls_v2":{"full":"","thumbnail":"","medium":"","medium_large":"","large":"","timeline-express":"","timeline-express-thumbnail":"","1536x1536":"","2048x2048":""},"post_excerpt_stackable_v2":"<p>Kulik, nascido em Lemberg (hoje Lviv), na antiga prov\u00edncia do imp\u00e9rio Austro-h\u00fangaro, Galicia, foi nomeado professor de matem\u00e1tica no Liceu de Olm\u00fctz aos 21 anos. Em 1816, tornou-se professor de f\u00edsica e astronomia no Liceu de Graz. Em 1822, recebeu o t\u00edtulo de doutor e foi eleito reitor no ano seguinte, em 1823. Em 1826, Kulik foi nomeado professor de matem\u00e1tica superior em Praga, onde viveu at\u00e9 \u00e0 sua morte. Ele tamb\u00e9m dirigiu a biblioteca da Sociedade Real de Ci\u00eancias da Bo\u00eamia, elaborando um cat\u00e1logo dos seus acervos at\u00e9 1835. Kulik pertencia a uma gera\u00e7\u00e3o de matem\u00e1ticos que era mais&hellip;<\/p>\n","category_list_v2":"","author_info_v2":{"name":"Technik Admin","url":"https:\/\/www.christian-doppler.net\/pt-pt\/author\/wp_admin\/"},"comments_num_v2":"0 comments","coauthors":[],"author_meta":{"author_link":"https:\/\/www.christian-doppler.net\/pt-pt\/author\/wp_admin\/","display_name":"Technik Admin"},"relative_dates":{"created":"Publicado 2 anos h\u00e1","modified":"Atualizado 2 anos h\u00e1"},"absolute_dates":{"created":"Publicado em 29 de Outubro, 2024","modified":"Atualizado em 29 de Outubro, 2024"},"absolute_dates_time":{"created":"Publicado em 29 de Outubro, 2024 13:37","modified":"Atualizado em 29 de Outubro, 2024 13:37"},"featured_img_caption":"","featured_img":false,"series_order":"","_links":{"self":[{"href":"https:\/\/www.christian-doppler.net\/pt-pt\/wp-json\/wp\/v2\/pages\/7917","targetHints":{"allow":["GET"]}}],"collection":[{"href":"https:\/\/www.christian-doppler.net\/pt-pt\/wp-json\/wp\/v2\/pages"}],"about":[{"href":"https:\/\/www.christian-doppler.net\/pt-pt\/wp-json\/wp\/v2\/types\/page"}],"author":[{"embeddable":true,"href":"https:\/\/www.christian-doppler.net\/pt-pt\/wp-json\/wp\/v2\/users\/1"}],"replies":[{"embeddable":true,"href":"https:\/\/www.christian-doppler.net\/pt-pt\/wp-json\/wp\/v2\/comments?post=7917"}],"version-history":[{"count":2,"href":"https:\/\/www.christian-doppler.net\/pt-pt\/wp-json\/wp\/v2\/pages\/7917\/revisions"}],"predecessor-version":[{"id":7919,"href":"https:\/\/www.christian-doppler.net\/pt-pt\/wp-json\/wp\/v2\/pages\/7917\/revisions\/7919"}],"wp:attachment":[{"href":"https:\/\/www.christian-doppler.net\/pt-pt\/wp-json\/wp\/v2\/media?parent=7917"}],"curies":[{"name":"wp","href":"https:\/\/api.w.org\/{rel}","templated":true}]}}