{"id":7904,"date":"2024-10-29T11:53:01","date_gmt":"2024-10-29T10:53:01","guid":{"rendered":"https:\/\/www.christian-doppler.net\/?page_id=7904"},"modified":"2024-10-29T11:53:02","modified_gmt":"2024-10-29T10:53:02","slug":"simon-stampfer-26-de-outubro-de-1790-em-windisch-matrai-arcebispado-de-salzburgo-hoje-matrei-em-osttirol-tirol-10-de-novembro-de-1864-em-viena","status":"publish","type":"page","link":"https:\/\/www.christian-doppler.net\/pt-pt\/simon-stampfer-26-de-outubro-de-1790-em-windisch-matrai-arcebispado-de-salzburgo-hoje-matrei-em-osttirol-tirol-10-de-novembro-de-1864-em-viena\/","title":{"rendered":"Simon Stampfer (26 de outubro de 1790 em Windisch-Matrai, Arcebispado de Salzburgo, hoje Matrei em Osttirol, Tirol \u2013 10 de novembro de 1864 em Viena)"},"content":{"rendered":"\n<p>Stampfer, nascido no territorio mais elevado da antiga rota de Tauern entre Matrei e Tauernhaus, era filho de pais sem recursos, que trabalhavam como tecel\u00f5es itinerantes e encontraram abrigo tempor\u00e1rio em casa dos pais apenas para o nascimento de Simon. Aos 11 anos, come\u00e7ou a frequentar a escola e, aos 17, atravessou a p\u00e9 o Felbertauern at\u00e9 Salzburgo, onde concluiu os seus estudos na Escola Secund\u00e1ria (<em>Gymnasium<\/em>) com distin\u00e7\u00e3o. Em 1816, foi nomeado\u00a0Supplent, ou assistente, para lecionar matem\u00e1tica elementar e f\u00edsica no Liceu.<\/p>\n\n\n\n<p>Stampfer era professor por voca\u00e7\u00e3o, muito querido pelos seus alunos, o que era raro na \u00e9poca devido aos m\u00e9todos educativos predominantes. Como precisava lecionar em latim, publicou seus pr\u00f3prios textos em alem\u00e3o. Suas tabelas logar\u00edtmicas de seis d\u00edgitos tornaram-se amplamente conhecidas e usadas at\u00e9 ao s\u00e9culo XX. Em 1819, foi nomeado professor p\u00fablico titular de matem\u00e1tica elementar no Liceu.<\/p>\n\n\n\n<p>No castelo Mirabell, ele instalou um observat\u00f3rio astron\u00f3mico, &#8220;embora ningu\u00e9m em Salzburgo tivesse sequer uma ideia ou interesse por isso&#8221;. Suas habilidades em geod\u00e9sia foram postas \u00e0 prova na nova medi\u00e7\u00e3o da fronteira entre Salzburgo, que se havia tornado parte da \u00c1ustria em 1815, e a Baviera. Em 1825, foi nomeado sucessor de Franz Joseph Gerstner na c\u00e1tedra de geometria pr\u00e1tica no Instituto Polit\u00e9cnico de Viena. Doppler mais tarde escreveria que ali se ensinava n\u00e3o apenas ci\u00eancia pr\u00e1tica, mas &#8220;a pr\u00e1tica cient\u00edfica&#8221;. Por isso, o diretor Prechtl trouxe Stampfer para a capital imperial.<\/p>\n\n\n\n<p>Durante os seus 23 anos no instituto, Stampfer desenvolveu o ensino da geod\u00e9sia a um n\u00edvel que teve influ\u00eancia internacional, mesmo sem carregar o seu nome. Ele n\u00e3o descobriu novos princ\u00edpios f\u00edsicos como o seu aluno Christian Doppler, mas fez muitas melhorias em instrumentos de medi\u00e7\u00e3o. Stampfer foi um dos primeiros a reconhecer a necessidade de fornecer uma base cient\u00edfica \u00e0 \u00f3ptica. Tornou-se conselheiro de \u00f3pticos vienenses, como Pl\u00f6ssl e Voigtl\u00e4nder, desenvolveu o telesc\u00f3pio dial\u00edtico e garantiu que a \u00c1ustria n\u00e3o precisasse mais importar vidro \u00f3ptico. Em 1844, ajudou a estabelecer a primeira f\u00e1brica de vidro \u00f3ptico em Viena.<\/p>\n\n\n\n<p>A coincid\u00eancia entre o in\u00edcio da carreira de Stampfer e a morte de Joseph von Fraunhofer em 1826 simbolizou a sua sucess\u00e3o. O que Fraunhofer foi para a \u00f3ptica alem\u00e3, Stampfer foi para a austr\u00edaca.<\/p>\n\n\n\n<p>Stampfer tamb\u00e9m teve uma vida privada dif\u00edcil, semelhante \u00e0 de Fraunhofer. Enquanto Fraunhofer sofreu um acidente aos 14 anos, que o feriu gravemente, Stampfer, ainda crian\u00e7a, foi atingido na cabe\u00e7a por um peda\u00e7o de madeira e sofreu com as consequ\u00eancias para o resto da vida. Mesmo quando o seu bra\u00e7o direito ficou completamente paralisado aos 58 anos, ele come\u00e7ou a escrever com a m\u00e3o esquerda. As realiza\u00e7\u00f5es de ambos s\u00e3o mensur\u00e1veis, mas a sua import\u00e2ncia como \u00f3pticos \u00e9 dif\u00edcil de documentar devido ao sigilo da ind\u00fastria. Poucos instrumentos \u00f3pticos surgiram ou foram melhorados sem a contribui\u00e7\u00e3o de ambos.<\/p>\n\n\n\n<p>Na oficina mec\u00e2nica do Instituto Polit\u00e9cnico, Stampfer encontrou um parceiro ideal, o mec\u00e2nico Christoph Starke. Juntos, desenvolveram uma nova gera\u00e7\u00e3o de instrumentos de medi\u00e7\u00e3o e astronomia. Correspondendo-se com astr\u00f4nomos de Kremsm\u00fcnster, como Pater Schwarzenbrunner e Marian Koller, Stampfer aperfei\u00e7oou e encomendou novos instrumentos, enriquecendo significativamente a astronomia. A oficina tornou-se conhecida pela produ\u00e7\u00e3o em grande escala de instrumentos.<\/p>\n\n\n\n<p>Em 1833, Stampfer inventou os discos estrobosc\u00f3picos, que foram rapidamente comercializados sob o nome de &#8220;discos m\u00e1gicos&#8221;. Embora o produto se tenha esgotado em quatro semanas, o seu interesse n\u00e3o era comercial, mas cient\u00edfico, pois ele investigava os fen\u00f3menos que originaram a cinematografia.<\/p>\n\n\n\n<p>O seu n\u00edvel mais importante foi o\u00a0n\u00edvel de precis\u00e3o, patenteado em 1836. Durante a sua vida, mais de 3.000 n\u00edveis foram fabricados e vendidos em todo o mundo.<\/p>\n\n\n\n<p>Um marco da sua carreira foi a funda\u00e7\u00e3o da Academia Imperial de Ci\u00eancias em 1847, da qual se tornou membro. Ap\u00f3s a sua aposentadoria em 1848, continuou a lecionar por dois anos e dirigiu o instituto at\u00e9 1851, quando o seu aluno Christian Doppler foi nomeado para a c\u00e1tedra de f\u00edsica da Universidade de Viena.<\/p>\n\n\n\n<p>Nos \u00faltimos anos da sua vida, praticamente surdo e com o bra\u00e7o direito paralisado, Stampfer raramente sa\u00eda de sua casa. Seu filho Anton morreu em 1850 de tuberculose, seguido de sua filha e esposa em 1856. Ele manteve contato apenas com a sua filha mais velha e alguns poucos amigos pr\u00f3ximos.<\/p>\n\n\n\n<p>Stampfer faleceu em 1864, e o &#8220;breve florescimento da \u00f3ptica&#8221; em Viena chegou ao fim. Em 1894, uma rua em Viena foi nomeada &#8220;Stampfergasse&#8221; em sua homenagem.<\/p>\n\n\n\n<h2 class=\"wp-block-heading\"><strong>Simon Stampfer e Christian Doppler<\/strong><\/h2>\n\n\n\n<p>Simon Stampfer, que em 1816, al\u00e9m de seu cargo de\u00a0Supplent\u00a0(assistente) no Liceu, assumiu uma segunda posi\u00e7\u00e3o semelhante na Escola Secund\u00e1ria (<em>Gymnasium<\/em>), lecionando matem\u00e1tica, ci\u00eancias naturais, f\u00edsica e l\u00ednguas cl\u00e1ssicas (latim e grego), aconselhou Johann Doppler a oferecer uma educa\u00e7\u00e3o mais elevada ao seu filho Christian. Nestas disciplinas, Christian foi aluno de Stampfer no <em>Gymnasium<\/em>.<\/p>\n\n\n\n<p>Stampfer n\u00e3o apenas ensinava o conte\u00fado regular, mas tamb\u00e9m oferecia est\u00edmulos e ideias adicionais, esfor\u00e7ando-se para tornar o ensino compreens\u00edvel e agrad\u00e1vel. Ele cativava os seus alunos com demonstra\u00e7\u00f5es pr\u00e1ticas de aparelhos t\u00e9cnicos do &#8220;Gabinete de F\u00edsica&#8221;. At\u00e9 mesmo durante as f\u00e9rias, Stampfer organizava excurs\u00f5es com os seus alunos para os arredores de Salzburgo, especialmente para as montanhas Untersberg, Gaisberg e Watzmann. &#8220;Essas eram verdadeiras festas para os alunos, nas quais participar era considerado uma honra e distin\u00e7\u00e3o; e nunca faltava material educativo, oferecido por medi\u00e7\u00f5es barom\u00e9tricas e outras,&#8221; escreveu o seu futuro genro, o Professor Josef Herr.<\/p>\n\n\n\n<p>No ano em que Christian ingressou no gin\u00e1sio, Stampfer tamb\u00e9m obteve permiss\u00e3o para instalar um observat\u00f3rio no torre\u00e3o do Castelo Mirabell. O torre\u00e3o j\u00e1 tinha tido import\u00e2ncia em 1806 como ponto de medi\u00e7\u00e3o. Agora, ele servia como laborat\u00f3rio astron\u00f4mico de Stampfer. Podemos supor que Christian, junto com ele, espiava o c\u00e9u noturno atrav\u00e9s de uma abertura na c\u00fapula. Com o telesc\u00f3pio, Stampfer realizava regularmente observa\u00e7\u00f5es astron\u00f3micas e calculava as \u00f3rbitas de cometas.<\/p>\n\n\n\n<p>Com grande habilidade artesanal, Stampfer fabricava bar\u00f3metros, term\u00f3metros e medidores de dist\u00e2ncia, e deixava os seus alunos observarem o processo. Esse espa\u00e7o serviu como o seu laborat\u00f3rio at\u00e9 30 de abril de 1818, quando um inc\u00eandio destruiu a maior parte da cidade antiga \u00e0 margem direita do rio, incluindo o torre\u00e3o. Felizmente, Stampfer conseguiu salvar todos os instrumentos e registros das medi\u00e7\u00f5es que havia realizado na fronteira entre Salzburgo e Baviera.<\/p>\n\n\n\n<p>Em 1819, quando Stampfer foi nomeado professor de matem\u00e1tica elementar no Liceu, ele solicitou ser dispensado das suas fun\u00e7\u00f5es de ensino no <em>Gymnasium<\/em> a partir de 1820\/21. Curiosamente, nesse mesmo ano, Doppler frequentou a 4\u00aa classe da Deutsche Normalschule em Linz, a capital regional da \u00e9poca. A escola ficava na Hofgasse 23, onde tamb\u00e9m estudaram Anton Bruckner e Rainer Maria Rilke. Uma placa comemorativa foi instalada em 2003.<\/p>\n\n\n\n<p>Ap\u00f3s concluir os seus estudos, Doppler mudou-se para Viena em 1821, seguindo a recomenda\u00e7\u00e3o de Stampfer, para estudar matem\u00e1tica, f\u00edsica e geometria no Instituto Polit\u00e9cnico, atualmente a Universidade T\u00e9cnica de Viena. O Professor Josef Hantschl (1769 \u2013 2.6.1826), que ensinava matem\u00e1tica pura e superior, sabia aplicar os resultados da matem\u00e1tica de maneira pr\u00e1tica para a vida. O desempenho acad\u00e9mico de Doppler foi consistentemente bom. O seu comportamento exemplar, dilig\u00eancia e progresso nos estudos foram amplamente reconhecidos. Durante os seus anos escolares em Salzburgo, Doppler supostamente recebeu de Stampfer uma medalha com a inscri\u00e7\u00e3o &#8220;SEJA \u00daTIL&#8221; como pr\u00eamio por seu excelente desempenho acad\u00e9mico.<\/p>\n\n\n\n<p>Ap\u00f3s concluir os seus exames, Doppler candidatou-se a uma posi\u00e7\u00e3o de assistente com Hantschl. No entanto, Hantschl achou que, apesar das suas excelentes qualifica\u00e7\u00f5es, Doppler ainda n\u00e3o estava totalmente preparado em matem\u00e1tica. Assim, Doppler decidiu voltar para Salzburgo e concluir a Matura no Liceu.<\/p>\n\n\n\n<p>Enquanto isso, Stampfer percebeu que n\u00e3o havia oportunidades de crescimento cient\u00edfico para ele em Salzburgo \u2014 o Liceu havia sido rebaixado para uma institui\u00e7\u00e3o de &#8220;segunda categoria&#8221;. Ele, ent\u00e3o, venceu o concurso para uma vaga em Viena, tornando-se professor em uma das mais prestigiadas institui\u00e7\u00f5es de ensino da Europa em 1815.<\/p>\n\n\n\n<p>Em 1832, a Sociedade Alem\u00e3 de M\u00e9dicos e Naturalistas realizou sua primeira reuni\u00e3o em Viena. Doppler participou como convidado, e Stampfer apresentou um novo instrumento, o opt\u00f4metro, que \u00e9 utilizado at\u00e9 hoje para medir a refra\u00e7\u00e3o e a acomoda\u00e7\u00e3o ocular, sendo essencial para a prescri\u00e7\u00e3o de \u00f3culos.<\/p>\n\n\n\n<p>Em 24 de fevereiro de 1849, Doppler retornou a Viena como sucessor do seu professor Stampfer. O assistente de Doppler foi Anton Stampfer (1825-1850), filho talentoso de Stampfer e orgulho do seu pai. Doppler o havia escolhido para ser seu sucessor quando se tornasse o primeiro diretor do novo Instituto de F\u00edsica da Universidade de Viena. No entanto, Anton faleceu em 1850. Assim, Stampfer, o primeiro professor de Doppler, continuou a ministrar as aulas de seu aluno por mais dois anos, com o apoio de seu assistente Joseph Philipp Herr (1819-1884), seu futuro genro, que em 1866 seria eleito o primeiro reitor do Instituto Polit\u00e9cnico.<\/p>\n\n\n\n<p>Dr. Peter Maria Schuster, 2017<\/p>\n\n\n\n<p><\/p>\n","protected":false},"excerpt":{"rendered":"<p>Stampfer, nascido no territorio mais elevado da antiga rota de Tauern entre Matrei e Tauernhaus, era filho de pais sem recursos, que trabalhavam como tecel\u00f5es itinerantes e encontraram abrigo tempor\u00e1rio em casa dos pais apenas para o nascimento de Simon. Aos 11 anos, come\u00e7ou a frequentar a escola e, aos 17, atravessou a p\u00e9 o Felbertauern at\u00e9 Salzburgo, onde concluiu [&hellip;]<\/p>\n","protected":false},"author":1,"featured_media":0,"parent":0,"menu_order":0,"comment_status":"closed","ping_status":"closed","template":"","meta":{"_acf_changed":false,"advgb_blocks_editor_width":"","advgb_blocks_columns_visual_guide":"","footnotes":""},"class_list":["post-7904","page","type-page","status-publish","hentry"],"acf":[],"featured_image_urls_v2":{"full":"","thumbnail":"","medium":"","medium_large":"","large":"","timeline-express":"","timeline-express-thumbnail":"","1536x1536":"","2048x2048":""},"post_excerpt_stackable_v2":"<p>Stampfer, nascido no territorio mais elevado da antiga rota de Tauern entre Matrei e Tauernhaus, era filho de pais sem recursos, que trabalhavam como tecel\u00f5es itinerantes e encontraram abrigo tempor\u00e1rio em casa dos pais apenas para o nascimento de Simon. Aos 11 anos, come\u00e7ou a frequentar a escola e, aos 17, atravessou a p\u00e9 o Felbertauern at\u00e9 Salzburgo, onde concluiu os seus estudos na Escola Secund\u00e1ria (Gymnasium) com distin\u00e7\u00e3o. Em 1816, foi nomeado\u00a0Supplent, ou assistente, para lecionar matem\u00e1tica elementar e f\u00edsica no Liceu. Stampfer era professor por voca\u00e7\u00e3o, muito querido pelos seus alunos, o que era raro na \u00e9poca devido&hellip;<\/p>\n","category_list_v2":"","author_info_v2":{"name":"Technik Admin","url":"https:\/\/www.christian-doppler.net\/pt-pt\/author\/wp_admin\/"},"comments_num_v2":"0 comments","coauthors":[],"author_meta":{"author_link":"https:\/\/www.christian-doppler.net\/pt-pt\/author\/wp_admin\/","display_name":"Technik Admin"},"relative_dates":{"created":"Publicado 2 anos h\u00e1","modified":"Atualizado 2 anos h\u00e1"},"absolute_dates":{"created":"Publicado em 29 de Outubro, 2024","modified":"Atualizado em 29 de Outubro, 2024"},"absolute_dates_time":{"created":"Publicado em 29 de Outubro, 2024 11:53","modified":"Atualizado em 29 de Outubro, 2024 11:53"},"featured_img_caption":"","featured_img":false,"series_order":"","_links":{"self":[{"href":"https:\/\/www.christian-doppler.net\/pt-pt\/wp-json\/wp\/v2\/pages\/7904","targetHints":{"allow":["GET"]}}],"collection":[{"href":"https:\/\/www.christian-doppler.net\/pt-pt\/wp-json\/wp\/v2\/pages"}],"about":[{"href":"https:\/\/www.christian-doppler.net\/pt-pt\/wp-json\/wp\/v2\/types\/page"}],"author":[{"embeddable":true,"href":"https:\/\/www.christian-doppler.net\/pt-pt\/wp-json\/wp\/v2\/users\/1"}],"replies":[{"embeddable":true,"href":"https:\/\/www.christian-doppler.net\/pt-pt\/wp-json\/wp\/v2\/comments?post=7904"}],"version-history":[{"count":2,"href":"https:\/\/www.christian-doppler.net\/pt-pt\/wp-json\/wp\/v2\/pages\/7904\/revisions"}],"predecessor-version":[{"id":7906,"href":"https:\/\/www.christian-doppler.net\/pt-pt\/wp-json\/wp\/v2\/pages\/7904\/revisions\/7906"}],"wp:attachment":[{"href":"https:\/\/www.christian-doppler.net\/pt-pt\/wp-json\/wp\/v2\/media?parent=7904"}],"curies":[{"name":"wp","href":"https:\/\/api.w.org\/{rel}","templated":true}]}}