{"id":7894,"date":"2024-10-29T11:43:47","date_gmt":"2024-10-29T10:43:47","guid":{"rendered":"https:\/\/www.christian-doppler.net\/?page_id=7894"},"modified":"2024-10-29T11:44:23","modified_gmt":"2024-10-29T10:44:23","slug":"franz-exner-28-8-1802-viena-21-6-1853-padua","status":"publish","type":"page","link":"https:\/\/www.christian-doppler.net\/pt-pt\/franz-exner-28-8-1802-viena-21-6-1853-padua\/","title":{"rendered":"Franz Exner (28.8.1802 Viena \u2013 21.6.1853 P\u00e1dua)"},"content":{"rendered":"\n<p>Franz Serafin Exner estudou filosofia de 1818 a 1821 e, a partir de 1822, tamb\u00e9m estudou direito em Viena e P\u00e1dua. Ap\u00f3s obter o seu doutoramento em 1827 em Viena, foi assistente de ensino de pedagogia e filosofia at\u00e9 1831. Leopold Rembold (1785-1844) despertou o seu interesse pela filosofia, tendo tido grande influ\u00eancia sobre a dire\u00e7\u00e3o da sua vida. Foi doloroso para Exner substituir o seu professor em 1830-1831, que havia sido suspenso em 1824 por &#8220;princ\u00edpios err\u00f4neos, obscuridade e falta de prop\u00f3sito nas suas palestras&#8221;. A partir de 1832, tornou-se professor de filosofia em Praga e, em menos de oito anos, tornou-se o professor mais popular da cidade. Ningu\u00e9m podia resistir \u00e0s suas palavras, relata o seu neto, o pr\u00eamio Nobel Karl von Frisch, que coletou v\u00e1rias observa\u00e7\u00f5es, como: &#8220;Os melhores entre n\u00f3s sa\u00edam da sala profundamente emocionados, um estado de \u00e2nimo que perdurava e deixava uma influ\u00eancia duradoura sobre o car\u00e1ter e a forma\u00e7\u00e3o intelectual.&#8221; Exner lecionou por 17 anos em Praga, at\u00e9 ser nomeado conselheiro ministerial no Minist\u00e9rio da Educa\u00e7\u00e3o em Viena em 1848.<\/p>\n\n\n\n<p>Em 1840, Exner casou-se com Charlotte Dusensy (1816-1859), filha de um rico comerciante de Praga, que p\u00f4de administrar uma casa social ativa. O sal\u00e3o de Exner reunia &#8220;como uma academia, as mentes mais eruditas e astutas de Praga&#8221;. A leitura concentrava-se na poesia e na filosofia, especialmente nas obras do fil\u00f3sofo, pedagogo e psic\u00f3logo Herbart (1776-1884). Exner ficou amplamente conhecido pela sua cr\u00edtica a Hegel.<\/p>\n\n\n\n<p>Em 1848, ele retornou a Viena como conselheiro ministerial no Minist\u00e9rio da Educa\u00e7\u00e3o (Departamento de Reforma Educacional), onde, de 1849 a 1851, sob o ministro Leo-Graf von Thun-Hohenstein, que fora seu aluno em Praga, desempenhou um papel decisivo na reorganiza\u00e7\u00e3o das universidades, abordando a liberdade de ensino e a conex\u00e3o entre pesquisa e ensino. Ele recusou v\u00e1rias vezes ofertas para o cargo de ministro. Gravemente doente, foi em 1852 para a It\u00e1lia como comiss\u00e1rio ministerial para a educa\u00e7\u00e3o da Lombardia-V\u00eaneto, com a tarefa de implementar reformas educacionais nessas prov\u00edncias, que ainda faziam parte do Imp\u00e9rio Austro-H\u00fangaro. Ele faleceu em 1853, em P\u00e1dua, em decorr\u00eancia de uma r\u00e1pida doen\u00e7a pulmonar.<\/p>\n\n\n\n<h2 class=\"wp-block-heading\"><strong>Franz Exner e Christian Doppler<\/strong><\/h2>\n\n\n\n<p>A amizade pr\u00f3xima de Exner com Christian Doppler foi de grande import\u00e2ncia para a vida e obra de Doppler. Na sua acolhedora casa no Ro\u00dfmarkt 1282, Doppler sentiu-se imediatamente \u00e0 vontade e fez importantes contatos (Pater Schneider, Franz Palacky e Leo Graf Thun-Hohenstein). O contato entre Exner e Doppler j\u00e1 pode ser comprovado no inverno de 1836. Em 6 de fevereiro de 1837, Exner escreveu a Bolzano: &#8220;Tive finalmente que me decidir pela matem\u00e1tica superior, e nosso bravo Doppler tem me ajudado com isso. Tamb\u00e9m come\u00e7\u00e1mos juntos a estudar anatomia e fisiologia, por enquanto a partir de livros.&#8221; Exner assistiu a muitas das palestras de Doppler em Praga.<\/p>\n\n\n\n<p>Quando Doppler retornou a Viena em 1849, onde havia iniciado a sua carreira como assistente, come\u00e7aram, sob o novo ministro da Educa\u00e7\u00e3o e Culto, Conde Leo Thun-Hohenstein, reformas fundamentais na educa\u00e7\u00e3o. O plano dessas reformas foi elaborado por Exner e pelo fil\u00f3logo berlinense Hermann Bonitz. Essas reformas trouxeram a Doppler o que os seus amigos esperavam: em 17 de janeiro de 1850, o jovem imperador Franz Josef I \u2014 provavelmente com um relat\u00f3rio preparado por Exner \u2014 aprovou a cria\u00e7\u00e3o do Instituto de F\u00edsica na Universidade de Viena e nomeou Christian Doppler como o seu primeiro diretor.<\/p>\n\n\n\n<p>Em outubro de 1851, quando Doppler se estava a mudar para o novo instituto, Exner foi for\u00e7ado a tirar uma licen\u00e7a. O Conde Thun havia lhe enviado v\u00e1rias cartas pedindo que ele se poupasse. Exner escolheu Veneza, esperando recuperar-se l\u00e1, e aproveitou a estadia para preparar um relat\u00f3rio sobre o estado dos gin\u00e1sios lombardos e venezianos. Esse relat\u00f3rio formou a base para a reorganiza\u00e7\u00e3o do sistema educacional italiano, que o imperador sancionou em outubro de 1852. Exner voltou a Viena no mesmo m\u00eas e tentou influenciar a Academia em favor de Doppler. No entanto, ap\u00f3s adoecer novamente, teve que pedir uma licen\u00e7a de seis meses. Ele viajou com Doppler para Veneza, mas n\u00e3o ficou muito tempo, continuando para Pavia. Sentindo, assim como Doppler, que n\u00e3o tinha muito tempo, decidiu intensificar seu trabalho. Ele faleceu em 21 de junho de 1853, quatro meses ap\u00f3s o seu amigo mais pr\u00f3ximo, Doppler.<\/p>\n\n\n\n<p>Dr. Peter Maria Schuster<\/p>\n","protected":false},"excerpt":{"rendered":"<p>Franz Serafin Exner estudou filosofia de 1818 a 1821 e, a partir de 1822, tamb\u00e9m estudou direito em Viena e P\u00e1dua. Ap\u00f3s obter o seu doutoramento em 1827 em Viena, foi assistente de ensino de pedagogia e filosofia at\u00e9 1831. Leopold Rembold (1785-1844) despertou o seu interesse pela filosofia, tendo tido grande influ\u00eancia sobre a dire\u00e7\u00e3o da sua vida. Foi [&hellip;]<\/p>\n","protected":false},"author":1,"featured_media":0,"parent":0,"menu_order":0,"comment_status":"closed","ping_status":"closed","template":"","meta":{"_acf_changed":false,"advgb_blocks_editor_width":"","advgb_blocks_columns_visual_guide":"","footnotes":""},"class_list":["post-7894","page","type-page","status-publish","hentry"],"acf":[],"featured_image_urls_v2":{"full":"","thumbnail":"","medium":"","medium_large":"","large":"","timeline-express":"","timeline-express-thumbnail":"","1536x1536":"","2048x2048":""},"post_excerpt_stackable_v2":"<p>Franz Serafin Exner estudou filosofia de 1818 a 1821 e, a partir de 1822, tamb\u00e9m estudou direito em Viena e P\u00e1dua. Ap\u00f3s obter o seu doutoramento em 1827 em Viena, foi assistente de ensino de pedagogia e filosofia at\u00e9 1831. Leopold Rembold (1785-1844) despertou o seu interesse pela filosofia, tendo tido grande influ\u00eancia sobre a dire\u00e7\u00e3o da sua vida. Foi doloroso para Exner substituir o seu professor em 1830-1831, que havia sido suspenso em 1824 por &#8220;princ\u00edpios err\u00f4neos, obscuridade e falta de prop\u00f3sito nas suas palestras&#8221;. A partir de 1832, tornou-se professor de filosofia em Praga e, em menos de&hellip;<\/p>\n","category_list_v2":"","author_info_v2":{"name":"Technik Admin","url":"https:\/\/www.christian-doppler.net\/pt-pt\/author\/wp_admin\/"},"comments_num_v2":"0 comments","coauthors":[],"author_meta":{"author_link":"https:\/\/www.christian-doppler.net\/pt-pt\/author\/wp_admin\/","display_name":"Technik Admin"},"relative_dates":{"created":"Posted 1 ano ago","modified":"Updated 1 ano ago"},"absolute_dates":{"created":"Posted on 29 de Outubro, 2024","modified":"Updated on 29 de Outubro, 2024"},"absolute_dates_time":{"created":"Posted on 29 de Outubro, 2024 11:43","modified":"Updated on 29 de Outubro, 2024 11:44"},"featured_img_caption":"","featured_img":false,"series_order":"","_links":{"self":[{"href":"https:\/\/www.christian-doppler.net\/pt-pt\/wp-json\/wp\/v2\/pages\/7894","targetHints":{"allow":["GET"]}}],"collection":[{"href":"https:\/\/www.christian-doppler.net\/pt-pt\/wp-json\/wp\/v2\/pages"}],"about":[{"href":"https:\/\/www.christian-doppler.net\/pt-pt\/wp-json\/wp\/v2\/types\/page"}],"author":[{"embeddable":true,"href":"https:\/\/www.christian-doppler.net\/pt-pt\/wp-json\/wp\/v2\/users\/1"}],"replies":[{"embeddable":true,"href":"https:\/\/www.christian-doppler.net\/pt-pt\/wp-json\/wp\/v2\/comments?post=7894"}],"version-history":[{"count":3,"href":"https:\/\/www.christian-doppler.net\/pt-pt\/wp-json\/wp\/v2\/pages\/7894\/revisions"}],"predecessor-version":[{"id":7897,"href":"https:\/\/www.christian-doppler.net\/pt-pt\/wp-json\/wp\/v2\/pages\/7894\/revisions\/7897"}],"wp:attachment":[{"href":"https:\/\/www.christian-doppler.net\/pt-pt\/wp-json\/wp\/v2\/media?parent=7894"}],"curies":[{"name":"wp","href":"https:\/\/api.w.org\/{rel}","templated":true}]}}