{"id":2990,"date":"2021-02-22T16:53:56","date_gmt":"2021-02-22T15:53:56","guid":{"rendered":"https:\/\/www.christian-doppler.net\/?page_id=2990"},"modified":"2021-02-22T16:53:56","modified_gmt":"2021-02-22T15:53:56","slug":"%e5%88%a9%e7%94%a8%e8%a6%8f%e7%b4%84","status":"publish","type":"page","link":"https:\/\/www.christian-doppler.net\/ja\/%e5%88%a9%e7%94%a8%e8%a6%8f%e7%b4%84\/","title":{"rendered":"\u5229\u7528\u898f\u7d04"},"content":{"rendered":"<p><strong>Christian Doppler Fonds<\/strong><br \/>\nUniversit\u00e4t Salzburg, Naturwissenschaftliche Fakult\u00e4t<br \/>\nGesch\u00e4ftsf\u00fchrer: Dr. Christian Pruner | + 43 662 8044 6253 | christian.pruner@sbg.ac.at<br \/>\nFachbereich Chemie und Physik der Materialien<br \/>\nJakob-Haringer-Stra\u00dfe 2a, A-5020 Salzburg, \u00d6sterreich<\/p>\n<div class=\"\">\n<div class=\"\"><span class=\"\">\u3053\u306e\u65e5\u672c\u8a9e\u7248\u306f\u3001\u30c9\u30a4\u30c4\u8a9e\u7248\uff08\u304a\u3088\u3073\u82f1\u8a9e\u7248\uff09\u304b\u3089\u3001\u65e5\u672c\u5b66\u58eb\u9662\u4f1a\u54e1\u00b7\u5bb6\u6b63\u5247\u56fd\u7acb\u5929\u6587\u53f0\u540d\u8a89\u6559\u6388\u3068\u30c9\u30a4\u30c4\u8a9e\u7ffb\u8a33\u8005\u5bb6\u60a6\u5b50\u6c0f\u304c\u7ffb\u8a33\u3057\u307e\u3057\u305f\u3002<\/span><\/div>\n<div class=\"\"><span class=\"\">\u5bb6\u6b63\u5247\u6c0f\u30db\u30fc\u30e0\u30da\u30fc\u30b8\uff1a<a class=\"\" href=\"https:\/\/www.subarutelescope.org\/staff\/miye\/\" target=\"_blank\" rel=\"noopener\">https:\/\/www.subarutelescope.org\/staff\/miye\/<\/a>\u00a0 \u00a0<\/span><\/div>\n<\/div>\n","protected":false},"excerpt":{"rendered":"<p>Christian Doppler Fonds Universit\u00e4t Salzburg, Naturwissensch [&hellip;]<\/p>\n","protected":false},"author":1,"featured_media":0,"parent":0,"menu_order":0,"comment_status":"closed","ping_status":"closed","template":"","meta":{"_acf_changed":false,"advgb_blocks_editor_width":"","advgb_blocks_columns_visual_guide":"","footnotes":""},"class_list":["post-2990","page","type-page","status-publish","hentry"],"acf":[],"featured_image_urls_v2":{"full":"","thumbnail":"","medium":"","medium_large":"","large":"","timeline-express":"","timeline-express-thumbnail":"","1536x1536":"","2048x2048":""},"post_excerpt_stackable_v2":"<p>Christian Doppler Fonds Universit\u00e4t Salzburg, Naturwissenschaftliche Fakult\u00e4t Gesch\u00e4ftsf\u00fchrer: Dr. C&hellip;<\/p>\n","category_list_v2":"","author_info_v2":{"name":"Technik Admin","url":"https:\/\/www.christian-doppler.net\/ja\/author\/wp_admin\/"},"comments_num_v2":"0 comments","coauthors":[],"author_meta":{"author_link":"https:\/\/www.christian-doppler.net\/ja\/author\/wp_admin\/","display_name":"Technik Admin"},"relative_dates":{"created":"Posted 5\u5e74 ago","modified":"Updated 5\u5e74 ago"},"absolute_dates":{"created":"Posted on 2021\u5e742\u670822\u65e5","modified":"Updated on 2021\u5e742\u670822\u65e5"},"absolute_dates_time":{"created":"Posted on 2021\u5e742\u670822\u65e5 4:53 PM","modified":"Updated on 2021\u5e742\u670822\u65e5 4:53 PM"},"featured_img_caption":"","featured_img":false,"series_order":"","_links":{"self":[{"href":"https:\/\/www.christian-doppler.net\/ja\/wp-json\/wp\/v2\/pages\/2990","targetHints":{"allow":["GET"]}}],"collection":[{"href":"https:\/\/www.christian-doppler.net\/ja\/wp-json\/wp\/v2\/pages"}],"about":[{"href":"https:\/\/www.christian-doppler.net\/ja\/wp-json\/wp\/v2\/types\/page"}],"author":[{"embeddable":true,"href":"https:\/\/www.christian-doppler.net\/ja\/wp-json\/wp\/v2\/users\/1"}],"replies":[{"embeddable":true,"href":"https:\/\/www.christian-doppler.net\/ja\/wp-json\/wp\/v2\/comments?post=2990"}],"version-history":[{"count":1,"href":"https:\/\/www.christian-doppler.net\/ja\/wp-json\/wp\/v2\/pages\/2990\/revisions"}],"predecessor-version":[{"id":2992,"href":"https:\/\/www.christian-doppler.net\/ja\/wp-json\/wp\/v2\/pages\/2990\/revisions\/2992"}],"wp:attachment":[{"href":"https:\/\/www.christian-doppler.net\/ja\/wp-json\/wp\/v2\/media?parent=2990"}],"curies":[{"name":"wp","href":"https:\/\/api.w.org\/{rel}","templated":true}]}}