{"id":2986,"date":"2016-12-23T10:48:18","date_gmt":"2016-12-23T09:48:18","guid":{"rendered":"https:\/\/www.christian-doppler.net\/contact\/"},"modified":"2025-03-10T09:19:39","modified_gmt":"2025-03-10T08:19:39","slug":"%e9%80%a3%e7%b5%a1%e5%85%88","status":"publish","type":"page","link":"https:\/\/www.christian-doppler.net\/ja\/%e9%80%a3%e7%b5%a1%e5%85%88\/","title":{"rendered":"\u9023\u7d61\u5148"},"content":{"rendered":"<h2><strong>Christian Doppler Fonds<\/strong><\/h2>\n<p><a href=\"http:\/\/www.uni-salzburg.at\/christian-doppler\"><img loading=\"lazy\" decoding=\"async\" class=\"alignleft wp-image-455\" src=\"https:\/\/www.christian-doppler.net\/wp-content\/uploads\/cdfond_logo.jpg\" width=\"200\" height=\"156\" \/><\/a>Universit\u00e4t Salzburg, Naturwissenschaftliche Fakult\u00e4t<br \/>\nGesch\u00e4ftsf\u00fchrer: Dr. Christian Pruner | + 43 662 8044 6253 | christian.pruner@sbg.ac.at<br \/>\nFachbereich Chemie und Physik der Materialien<br \/>\nJakob-Haringer-Stra\u00dfe 2a, A-5020 Salzburg, \u00d6sterreich<\/p>\n<p>&nbsp;<\/p>\n<h2><strong>Concept and implementation<\/strong><\/h2>\n<p><a href=\"http:\/\/www.salzburgresearch.at\"><img loading=\"lazy\" decoding=\"async\" class=\"alignleft wp-image-458 size-full\" src=\"https:\/\/www.christian-doppler.net\/wp-content\/uploads\/salzburgresearch_logo.jpg\" width=\"200\" height=\"84\" \/><\/a>Salzburg Research Forschungsgesellschaft m.b.H.<br \/>\nProjektleitung: Julia Eder | +43\/662\/2288-245 | julia.eder@salzburgresearch.at<br \/>\nJakob Haringer Stra\u00dfe 5\/3<br \/>\n5020 Salzburg, Austria<\/p>\n<p>&nbsp;<\/p>\n","protected":false},"excerpt":{"rendered":"<p>Christian Doppler Fonds Universit\u00e4t Salzburg, Naturwissensch [&hellip;]<\/p>\n","protected":false},"author":1,"featured_media":0,"parent":0,"menu_order":0,"comment_status":"closed","ping_status":"closed","template":"","meta":{"_acf_changed":false,"advgb_blocks_editor_width":"","advgb_blocks_columns_visual_guide":"","footnotes":""},"class_list":["post-2986","page","type-page","status-publish","hentry"],"acf":[],"featured_image_urls_v2":{"full":"","thumbnail":"","medium":"","medium_large":"","large":"","timeline-express":"","timeline-express-thumbnail":"","1536x1536":"","2048x2048":""},"post_excerpt_stackable_v2":"<p>Christian Doppler Fonds Universit\u00e4t Salzburg, Naturwissenschaftliche Fakult\u00e4t Gesch\u00e4ftsf\u00fchrer: Dr. C&hellip;<\/p>\n","category_list_v2":"","author_info_v2":{"name":"Technik Admin","url":"https:\/\/www.christian-doppler.net\/ja\/author\/wp_admin\/"},"comments_num_v2":"0 comments","coauthors":[],"author_meta":{"author_link":"https:\/\/www.christian-doppler.net\/ja\/author\/wp_admin\/","display_name":"Technik Admin"},"relative_dates":{"created":"Posted 9\u5e74 ago","modified":"Updated 1\u5e74 ago"},"absolute_dates":{"created":"Posted on 2016\u5e7412\u670823\u65e5","modified":"Updated on 2025\u5e743\u670810\u65e5"},"absolute_dates_time":{"created":"Posted on 2016\u5e7412\u670823\u65e5 10:48 AM","modified":"Updated on 2025\u5e743\u670810\u65e5 9:19 AM"},"featured_img_caption":"","featured_img":false,"series_order":"","_links":{"self":[{"href":"https:\/\/www.christian-doppler.net\/ja\/wp-json\/wp\/v2\/pages\/2986","targetHints":{"allow":["GET"]}}],"collection":[{"href":"https:\/\/www.christian-doppler.net\/ja\/wp-json\/wp\/v2\/pages"}],"about":[{"href":"https:\/\/www.christian-doppler.net\/ja\/wp-json\/wp\/v2\/types\/page"}],"author":[{"embeddable":true,"href":"https:\/\/www.christian-doppler.net\/ja\/wp-json\/wp\/v2\/users\/1"}],"replies":[{"embeddable":true,"href":"https:\/\/www.christian-doppler.net\/ja\/wp-json\/wp\/v2\/comments?post=2986"}],"version-history":[{"count":2,"href":"https:\/\/www.christian-doppler.net\/ja\/wp-json\/wp\/v2\/pages\/2986\/revisions"}],"predecessor-version":[{"id":8186,"href":"https:\/\/www.christian-doppler.net\/ja\/wp-json\/wp\/v2\/pages\/2986\/revisions\/8186"}],"wp:attachment":[{"href":"https:\/\/www.christian-doppler.net\/ja\/wp-json\/wp\/v2\/media?parent=2986"}],"curies":[{"name":"wp","href":"https:\/\/api.w.org\/{rel}","templated":true}]}}