{"id":2860,"date":"2017-03-06T10:47:55","date_gmt":"2017-03-06T09:47:55","guid":{"rendered":"https:\/\/www.christian-doppler.net\/2017-ueberblick\/"},"modified":"2024-05-15T15:11:43","modified_gmt":"2024-05-15T13:11:43","slug":"2017-ueberblick","status":"publish","type":"page","link":"https:\/\/www.christian-doppler.net\/ja\/2017-ueberblick\/","title":{"rendered":"Veranstaltungen zum Jubil\u00e4umsjahr im \u00dcberblick"},"content":{"rendered":"\n<p>\u00dcberblick \u00fcber die im Jubil\u00e4umsjahr 2017 vom Christian Doppler Fonds und seinen Kooperationspartnern organisierten Veranstaltungen:<\/p>\n\n\n\n<ul class=\"wp-block-list\">\n<li><strong><a href=\"https:\/\/www.christian-doppler.net\/ja\/symposium-salzburg\/\">Jubil\u00e4ums-Symposium<\/a><br><\/strong>Vom 1. bis 3. Juni 2017 fand in Salzburg in der Gro\u00dfen Universit\u00e4tsaula und im Universit\u00e4ts-Laborgeb\u00e4ude in der Science:City Itzling das Symposium mit festlicher Er\u00f6ffnung am 1.06. und mit renommierten Vortragenden aus Politik, Wissenschaft und Wirtschaft statt. Im Rahmen des Symposiums fand ein Treffen der Christian-Doppler-Gymnasien Salzburg und Prag statt. Zwei Klassen wurden ausgew\u00e4hlt und mit einem spannenden, bunten Programm rund um Christian Doppler unterhalten. So wurde unter anderem ein Graffiti-Workshop durchgef\u00fchrt (mit Christian Doppler Verewigung auf der &#8220;hall of fame&#8221;) und die Doppler-Schau im Haus der Natur besucht.<\/li>\n\n\n\n<li><strong>Doppler &#8211; Internetplattform<\/strong><br>Die multimediale Internetplattform www.christian-doppler.net wurde anl\u00e4sslich des CD-Jubil\u00e4umsjahres konzipiert und umgesetzt &#8211; sie wird laufend mit Inhalten bef\u00fcllt.<\/li>\n\n\n\n<li><a href=\"https:\/\/www.christian-doppler.net\/neue-doppler-publikation\/\"><strong>Buchpr\u00e4sentation \u201eChristian Doppler\u201c von Clemens Hutter<\/strong><\/a><br>Die neue Doppler-Publikation im Verlag Anton Pustet wurde vom Autor Clemens Hutter am 22. Februar 2017, 18.00 Uhr im Haus der Natur vorgestellt.<\/li>\n\n\n\n<li><a href=\"https:\/\/www.christian-doppler.net\/christian-doppler-skulptur\/\"><strong>Laborgeb\u00e4ude Science:City Itzling \u2013 Hommage an Christian Doppler<\/strong><\/a><br>Im neuen Laborgeb\u00e4ude der naturwissenschaftlichen Fakult\u00e4t der Universit\u00e4t Salzburg in Itzling ist fortan der Sitz des Christian Doppler Fonds. Die Doppler-Bibliothek und das Doppler-Archiv sind ebenfalls in dem Geb\u00e4ude untergebracht. Eine von Alexander Steinwendtner gestaltete Christian Doppler &#8211; Steinskulptur wurde am Eingang des Geb\u00e4udes errichtet und ein H\u00f6rsaal ist nach Christian Doppler benannt worden.<\/li>\n\n\n\n<li><a href=\"https:\/\/www.christian-doppler.net\/kreativwettbewerb\/\"><strong>Kreativwettbewerb zum Thema Doppler-Effekt<\/strong><\/a><br>In Zusammenarbeit mit der Stadt Salzburg wurde ein Kreativwettbewerb f\u00fcr Sch\u00fcler und Sch\u00fclerinnen ausgeschrieben. Die <a href=\"https:\/\/www.christian-doppler.net\/auszeichnungen-beim-kreativwettbewerb-zu-schwingungen-wellen\/\">besten Ideen<\/a> wurden im Rahmen des Symposiums vorgestellt und pr\u00e4miert.<\/li>\n\n\n\n<li><a href=\"https:\/\/www.christian-doppler.net\/ja\/ringvorlesung\/\"><strong>Ringvorlesung an der Universit\u00e4t Salzburg<\/strong><\/a><br>Im Sommersemester 2017 fand zum Thema \u201e175 Jahre Doppler-Prinzip\u201c eine Ringvorlesung statt (6.03. bis 26.06.2017, montags 17-19 Uhr, HS 380, Rudolfskai 42) mit Vortragenden aus Natur-, Kultur- und Gesellschaftswissenschaften.<\/li>\n\n\n\n<li><strong><a href=\"https:\/\/www.christian-doppler.net\/christian-doppler-preis-2017\/\">Christian-Doppler-Preise<\/a><br><\/strong>2017 werden vom Land Salzburg wieder Christian-Doppler-Preise in H\u00f6he von 12.000 \u20ac f\u00fcr natur-wissenschaftliche Arbeiten und Erfindungen vergeben. Die Einreichungsfrist endete mit 31.07. 2017.<\/li>\n\n\n\n<li><a href=\"https:\/\/www.christian-doppler.net\/red-blue-shift\/\"><strong>Doppler-Konzerte der Universit\u00e4t Mozarteum<\/strong><\/a><br>In der Konzertreihe \u201eDoppler Konzerte\u201c des Ensembles f\u00fcr Neue Musik der Universit\u00e4t Mozarteum unter der Leitung von Marino Formenti fand am 2.06.2017 als 4. Doppler-Konzert ein Festkonzert zum Jubil\u00e4umssymposium statt. Weitere Konzerte folgten.<\/li>\n\n\n\n<li><a href=\"https:\/\/www.christian-doppler.net\/christian-doppler-kompositionspreis-2017\/\"><strong>Christian-Doppler-Kompositionswettbewerb<\/strong><\/a><br>Ausschreibung eines Kompositionspreises der Universit\u00e4t Mozarteum mit Bezug zu Christian Dopplers Werk mit Auff\u00fchrungen in Salzburg, Wien, Linz und Graz.<\/li>\n\n\n\n<li><a href=\"https:\/\/www.christian-doppler.net\/wp-content\/uploads\/Einladung_air_067_artport_Doppler_AUG17_WEB.pdf\"><strong>Ausstellung und Christian Doppler Kunstpreis am Flughafen Salzburg<\/strong><\/a><br>In Zusammenarbeit mit dem Salzburger Flughafen wurde am 13.09. ein Kunstpreis als Hommage an Christian Doppler vergeben und eine Ausstellung mit weiteren Arbeiten in der Airport-Galerie Salzburg er\u00f6ffnet, die noch bis zum 9.12. besucht werden kann.<\/li>\n\n\n\n<li><strong><a href=\"https:\/\/www.akad400.at\/index.html\">Festwoche Akademisches Gymnasium<\/a><br><\/strong>Am 9.11.2017 wurde am Akademischen Gymnasium im Rahmen der 400-Jahr-Feier der Schule eine Christian Doppler &amp; Simon Stampfer Gedenktafel zu Ehren seiner prominenten Sch\u00fcler und Lehrer enth\u00fcllt.<\/li>\n\n\n\n<li><strong>Veranstaltungsreihe des Salzburger Bildungswerkes<br><\/strong>Das Salzburger Bildungswerk startete im Herbst eine Reihe von Veranstaltungen zu Christian Doppler und dem Doppler Effekt mit Vortr\u00e4gen und F\u00fchrungen, zB. <a href=\"https:\/\/www.christian-doppler.net\/wp-content\/uploads\/Doppler-Genie-aus-Salzburg_A3.pdf\">Christian Doppler &#8211; Besuch der Dauerausstellung im Haus der Natur, 28.10.2017<\/a><\/li>\n\n\n\n<li><strong>Christian-Doppler-Schau<\/strong> <strong>im Haus der Natur<\/strong><br>Aktualisierung des Ausstellungsbereichs zu Christian Doppler am Museum Haus der Natur in Salzburg.<\/li>\n\n\n\n<li><strong>T\u00e4tigkeitsbericht 30 Jahre Christian Doppler Fonds<\/strong><br>Auch der Doppler Fonds feiert 2017 ein Jubil\u00e4um: 30 Jahre T\u00e4tigkeit des Christian Doppler Fonds sollen in einer neuen Brosch\u00fcre dokumentiert werden.<\/li>\n\n\n\n<li><strong>Projekt Schemnitz<br><\/strong>Die UNESCO Weltkulturerbe-Stadt Bansk\u00e1 \u0160tiavnica (fr\u00fcher Schemnitz), Slowakei, ist eine bislang kaum erforschte Wirkungsst\u00e4tte Dopplers (1847-1850). Es sind Recherchen an der dortigen Bergakademie und die Bearbeitung von Archivmaterial in deutscher und slowakischer Sprache vorgesehen. Die Anbringung einer Gedenktafel ist geplant.<\/li>\n\n\n\n<li><strong>Kooperationen<\/strong><br>mit der <a href=\"https:\/\/www.cdg.ac.at\/\">Christian-Doppler-Forschungsgesellschaft<\/a> (CDG) in Wien<br>mit den Christian-Doppler-Gymnasien in <a href=\"http:\/\/www.cdgym.at\/\">Salzburg<\/a> und <a href=\"https:\/\/www.gchd.cz\/for-foreigners\/nj\">Prag<\/a><br>mit der <a href=\"http:\/\/www.landeskunde.at\/\">Gesellschaft f\u00fcr Salzburger Landeskunde<\/a>, die am 22.11. 2017 zu einem Gespr\u00e4ch \u201eAuf den Spuren Christian Dopplers\u201c mit Peter M. Schuster und Ewald Hiebl einl\u00e4dt.<br>mit dem <a href=\"http:\/\/www.stadtverein.at\/\">Salzburger Stadtverein<\/a>, in dessen Zeitschrift Bastei im Juni 2017 ein Beitrag zu Christgian Doppler erschien.<br>mit dem <a href=\"https:\/\/www.echophysics.org\/\">Europ\u00e4ischen Zentrum f\u00fcr Physikgeschichte ECHOPHYSICS<\/a> (European Centre for the History of Physics) in Schloss P\u00f6llau, Steiermark<br>mit der <a href=\"http:\/\/www.salk.at\/Christian-Doppler-Klinik.html\">Christian-Doppler-Klinik<\/a> und der <a href=\"http:\/\/www.pmu.ac.at\/\">Privatuniversit\u00e4t PMU<\/a> in Salzburg<br>mit dem <a href=\"http:\/\/www.salzburgerbildungswerk.at\/de\">Salzburger Bildungswerk<\/a><\/li>\n\n\n\n<li><strong>Weitere Initiativen \u2026<\/strong><br>Pflege der Doppler-Gedenkst\u00e4tten im In-und Ausland<br>\u00d6ffentlichkeitsarbeit, Erstellung eines Newsletters.<\/li>\n<\/ul>\n\n\n\n<p><strong>Unterst\u00fctzt durch:<\/strong><\/p>\n\n\n<div class=\"wp-block-image\">\n<figure class=\"alignleft\"><a href=\"http:\/\/stadt-salzburg.at\/\"><img loading=\"lazy\" decoding=\"async\" width=\"200\" height=\"35\" src=\"https:\/\/www.christian-doppler.net\/wp-content\/uploads\/stadtsalzburg.png\" alt=\"\" class=\"wp-image-568\"\/><\/a><\/figure>\n<\/div>\n\n\n<figure class=\"wp-block-image\"><a href=\"https:\/\/www.salzburg.gv.at\/\"><img loading=\"lazy\" decoding=\"async\" width=\"200\" height=\"73\" src=\"https:\/\/www.christian-doppler.net\/wp-content\/uploads\/landsalzburg.png\" alt=\"\" class=\"wp-image-567\"\/><\/a><\/figure>\n","protected":false},"excerpt":{"rendered":"<p>\u00dcberblick \u00fcber die im Jubil\u00e4umsjahr 2017 vom Christian Doppl [&hellip;]<\/p>\n","protected":false},"author":1,"featured_media":0,"parent":0,"menu_order":0,"comment_status":"closed","ping_status":"closed","template":"","meta":{"_acf_changed":false,"advgb_blocks_editor_width":"","advgb_blocks_columns_visual_guide":"","footnotes":""},"class_list":["post-2860","page","type-page","status-publish","hentry"],"acf":[],"featured_image_urls_v2":{"full":"","thumbnail":"","medium":"","medium_large":"","large":"","timeline-express":"","timeline-express-thumbnail":"","1536x1536":"","2048x2048":""},"post_excerpt_stackable_v2":"<p>\u00dcberblick \u00fcber die im Jubil\u00e4umsjahr 2017 vom Christian Doppler Fonds und seinen Kooperationspartnern&hellip;<\/p>\n","category_list_v2":"","author_info_v2":{"name":"Technik Admin","url":"https:\/\/www.christian-doppler.net\/ja\/author\/wp_admin\/"},"comments_num_v2":"0 comments","coauthors":[],"author_meta":{"author_link":"https:\/\/www.christian-doppler.net\/ja\/author\/wp_admin\/","display_name":"Technik Admin"},"relative_dates":{"created":"Posted 9\u5e74 ago","modified":"Updated 2\u5e74 ago"},"absolute_dates":{"created":"Posted on 2017\u5e743\u67086\u65e5","modified":"Updated on 2024\u5e745\u670815\u65e5"},"absolute_dates_time":{"created":"Posted on 2017\u5e743\u67086\u65e5 10:47 AM","modified":"Updated on 2024\u5e745\u670815\u65e5 3:11 PM"},"featured_img_caption":"","featured_img":false,"series_order":"","_links":{"self":[{"href":"https:\/\/www.christian-doppler.net\/ja\/wp-json\/wp\/v2\/pages\/2860","targetHints":{"allow":["GET"]}}],"collection":[{"href":"https:\/\/www.christian-doppler.net\/ja\/wp-json\/wp\/v2\/pages"}],"about":[{"href":"https:\/\/www.christian-doppler.net\/ja\/wp-json\/wp\/v2\/types\/page"}],"author":[{"embeddable":true,"href":"https:\/\/www.christian-doppler.net\/ja\/wp-json\/wp\/v2\/users\/1"}],"replies":[{"embeddable":true,"href":"https:\/\/www.christian-doppler.net\/ja\/wp-json\/wp\/v2\/comments?post=2860"}],"version-history":[{"count":6,"href":"https:\/\/www.christian-doppler.net\/ja\/wp-json\/wp\/v2\/pages\/2860\/revisions"}],"predecessor-version":[{"id":7353,"href":"https:\/\/www.christian-doppler.net\/ja\/wp-json\/wp\/v2\/pages\/2860\/revisions\/7353"}],"wp:attachment":[{"href":"https:\/\/www.christian-doppler.net\/ja\/wp-json\/wp\/v2\/media?parent=2860"}],"curies":[{"name":"wp","href":"https:\/\/api.w.org\/{rel}","templated":true}]}}