{"id":3386,"date":"2016-12-13T11:32:31","date_gmt":"2016-12-13T10:32:31","guid":{"rendered":"https:\/\/www.christian-doppler.net\/dopplerjahr-2017\/"},"modified":"2022-02-23T15:56:59","modified_gmt":"2022-02-23T14:56:59","slug":"dopplerjahr-2017","status":"publish","type":"page","link":"https:\/\/www.christian-doppler.net\/it\/dopplerjahr-2017\/","title":{"rendered":"2017 &#8211; L&#8217;ANNO DELL\u2019ANNIVERSARIO"},"content":{"rendered":"\n<p>Il 25 maggio 1842, 175 anni orsono, il fisico e matematico Christian Andreas Doppler, nato a Salisburgo in Makartplatz 1 il 29 novembre 1803, present\u00f2 all&#8217;Universit\u00e0 di Praga il suo lavoro pi\u00f9 importante:<\/p>\n\n\n\n<p><em>&#8220;Sulla luce colorata delle stelle doppie e di alcuni altri corpi celesti&#8221;.<\/em><\/p>\n\n\n\n<p>Questo contributo scientifico, che render\u00e0 Christian Doppler famoso in tutto il mondo, descrive l&#8217;influenza dello stato di moto degli oggetti celesti sul loro colore; un principio naturale che pi\u00f9 tardi sar\u00e0 nominato secondo il suo scopritore ed \u00e8 conosciuto oggi come effetto Doppler.<\/p>\n\n\n\n<p>Quando Albert Einstein espose, durante l&#8217;81\u00b0 riunione della &#8220;Societ\u00e0 degli scienziati naturali e medici tedeschi&#8221; nella Andr\u00e4schule di Salisburgo nel settembre 1909, la teoria della relativit\u00e0 a numerosi esponenti dell&#8217;\u00e9lite scientifica contemporanea (come Max Planck, Lise Meitner, Max von Laue, Wilhelm Wien, Max Born, ecc., alcuni dei quali furono poi insigniti di premi Nobel), si espresse nel modo seguente:<\/p>\n\n\n\n<p><em>&#8220;Qualunque sia la forma che prender\u00e0 la teoria dei processi elettromagnetici, il principio di Doppler sar\u00e0 conservato in ogni caso&#8221;.<\/em><\/p>\n\n\n\n<p>Nel 2007, il fisico Anton Zeilinger, pioniere nel campo della fisica quantistica e presidente dell&#8217;Accademia austriaca delle scienze ha dichiarato che l&#8217;effetto Doppler \u00e8 <em>&#8220;l\u2019effetto del millennio&#8221;<\/em>.<\/p>\n\n\n\n<p>Quasi nessun&#8217;altra scoperta scientifica ha plasmato la nostra visione del mondo in maniera cos\u00ec profonda come il principio Doppler. Non meno di 19 lavori di ricerca insigniti del premio Nobel, con innumerevoli applicazioni nei pi\u00f9 diversi campi delle scienze naturali, della medicina e della tecnologia, sono basati su un&#8217;applicazione diretta o indiretta dell&#8217;effetto Doppler. Insieme a Wolfgang Amadeus Mozart, Christian Andreas Doppler \u00e8 probabilmente il salisburghese pi\u00f9 conosciuto nel mondo odierno. Le rivoluzionarie scoperte scientifiche di Doppler sono diventate parte integrante della nostra vita quotidiana, sia a causa della loro importanza fondamentale nella nostra realt\u00e0 pratica, sia per a loro dimensione epistemologica che modella la nostra moderna visione del mondo.<\/p>\n\n\n\n<p>In accordo col motto di Christian Andreas Doppler<\/p>\n\n\n\n<p><em>&#8220;Le ricerche pi\u00f9 gratificanti sono quelle che, pur premiando lo scopritore, sono allo stesso tempo utili all&#8217;umanit\u00e0&#8221;<\/em><\/p>\n\n\n\n<p>il Fondo Christian Doppler ha utilizzato l\u2019anno dell\u2019anniversario 2017 &#8211; 175 anni dell&#8217;Effetto Doppler &#8211; come un&#8217;opportunit\u00e0 per onorare la vita e il lavoro di Christian Andreas Doppler con numerosi eventi e per renderli cos\u00ec accessibili a un vasto pubblico.<\/p>\n","protected":false},"excerpt":{"rendered":"<p>Il 25 maggio 1842, 175 anni orsono, il fisico e matematico Christian Andreas Doppler, nato a Salisburgo in Makartplatz 1 il 29 novembre 1803, present\u00f2 all&#8217;Universit\u00e0 di Praga il suo lavoro pi\u00f9 importante: &#8220;Sulla luce colorata delle stelle doppie e di alcuni altri corpi celesti&#8221;. Questo contributo scientifico, che render\u00e0 Christian Doppler famoso in tutto il mondo, descrive l&#8217;influenza dello [&hellip;]<\/p>\n","protected":false},"author":1,"featured_media":0,"parent":0,"menu_order":0,"comment_status":"closed","ping_status":"closed","template":"","meta":{"_acf_changed":false,"advgb_blocks_editor_width":"","advgb_blocks_columns_visual_guide":"","footnotes":""},"class_list":["post-3386","page","type-page","status-publish","hentry"],"acf":[],"featured_image_urls_v2":{"full":"","thumbnail":"","medium":"","medium_large":"","large":"","timeline-express":"","timeline-express-thumbnail":"","1536x1536":"","2048x2048":""},"post_excerpt_stackable_v2":"<p>Il 25 maggio 1842, 175 anni orsono, il fisico e matematico Christian Andreas Doppler, nato a Salisburgo in Makartplatz 1 il 29 novembre 1803, present\u00f2 all&#8217;Universit\u00e0 di Praga il suo lavoro pi\u00f9 importante: &#8220;Sulla luce colorata delle stelle doppie e di alcuni altri corpi celesti&#8221;. Questo contributo scientifico, che render\u00e0 Christian Doppler famoso in tutto il mondo, descrive l&#8217;influenza dello stato di moto degli oggetti celesti sul loro colore; un principio naturale che pi\u00f9 tardi sar\u00e0 nominato secondo il suo scopritore ed \u00e8 conosciuto oggi come effetto Doppler. Quando Albert Einstein espose, durante l&#8217;81\u00b0 riunione della &#8220;Societ\u00e0 degli scienziati naturali&hellip;<\/p>\n","category_list_v2":"","author_info_v2":{"name":"Technik Admin","url":"https:\/\/www.christian-doppler.net\/it\/author\/wp_admin\/"},"comments_num_v2":"0 commenti","coauthors":[],"author_meta":{"author_link":"https:\/\/www.christian-doppler.net\/it\/author\/wp_admin\/","display_name":"Technik Admin"},"relative_dates":{"created":"Pubblicato 9 anni fa","modified":"Aggiornato 4 anni fa"},"absolute_dates":{"created":"Pubblicato il 13 Dicembre 2016","modified":"Aggiornato il 23 Febbraio 2022"},"absolute_dates_time":{"created":"Pubblicato il 13 Dicembre 2016 11:32","modified":"Aggiornato il 23 Febbraio 2022 15:56"},"featured_img_caption":"","featured_img":false,"series_order":"","_links":{"self":[{"href":"https:\/\/www.christian-doppler.net\/it\/wp-json\/wp\/v2\/pages\/3386","targetHints":{"allow":["GET"]}}],"collection":[{"href":"https:\/\/www.christian-doppler.net\/it\/wp-json\/wp\/v2\/pages"}],"about":[{"href":"https:\/\/www.christian-doppler.net\/it\/wp-json\/wp\/v2\/types\/page"}],"author":[{"embeddable":true,"href":"https:\/\/www.christian-doppler.net\/it\/wp-json\/wp\/v2\/users\/1"}],"replies":[{"embeddable":true,"href":"https:\/\/www.christian-doppler.net\/it\/wp-json\/wp\/v2\/comments?post=3386"}],"version-history":[{"count":4,"href":"https:\/\/www.christian-doppler.net\/it\/wp-json\/wp\/v2\/pages\/3386\/revisions"}],"predecessor-version":[{"id":5535,"href":"https:\/\/www.christian-doppler.net\/it\/wp-json\/wp\/v2\/pages\/3386\/revisions\/5535"}],"wp:attachment":[{"href":"https:\/\/www.christian-doppler.net\/it\/wp-json\/wp\/v2\/media?parent=3386"}],"curies":[{"name":"wp","href":"https:\/\/api.w.org\/{rel}","templated":true}]}}