{"id":3308,"date":"2021-10-13T11:56:18","date_gmt":"2021-10-13T09:56:18","guid":{"rendered":"https:\/\/www.christian-doppler.net\/?page_id=3308"},"modified":"2022-02-23T16:07:18","modified_gmt":"2022-02-23T15:07:18","slug":"lanno-dellanniversario-2017-in-sintesi","status":"publish","type":"page","link":"https:\/\/www.christian-doppler.net\/it\/lanno-dellanniversario-2017-in-sintesi\/","title":{"rendered":"GLI EVENTI PER L&#8217;ANNO DELL&#8217;ANNIVERSARIO IN SINTESI"},"content":{"rendered":"<p><!-- tailor:tailor_section:5c49ba9b06897 --><\/p>\n<div class=\"tailor-element tailor-section tailor-5c49ba9b06897\">\n<div class=\"tailor-section__content\">\n<p><!-- tailor:tailor_content:5c49ba9b06898 --><\/p>\n<div class=\"tailor-element tailor-content tailor-5c49ba9b06898\">\n<p>Sintesi degli eventi organizzati dal Christian Doppler Fund e dai suoi partner di cooperazione nell&#8217;anno dell&#8217;anniversario 2017:<\/p>\n<ul>\n<li><strong><a href=\"https:\/\/www.christian-doppler.net\/it\/175-anni-di-effetto-doppler-simposio-salisburgo\/\">Simposio dell&#8217;anniversario<\/a><\/strong><br \/>\nDal 1 al 3 giugno 2017, il simposio ha avuto luogo a Salisburgo nella Grande Aula dell&#8217;Universit\u00e0 e nel laboratorio universitario a Science:City Itzling, con un&#8217;apertura festosa il 1 giugno e relatori rinomati del mondo politico, scientifico ed industriale. Nell&#8217;ambito del simposio, ha avuto luogo un incontro tra i licei intitolati a Christian Doppler di Salisburgo e Praga. Due classi sono state selezionate e intrattenute con un programma emozionante e cromatico su Christian Doppler. Tra l&#8217;altro, si \u00e8 tenuto un laboratorio di graffiti (con l&#8217;immortalamento di Christian Doppler sulla &#8220;hall of fame&#8221;) e si \u00e8 visitata la mostra su Doppler al Museo Haus der Natur.<\/li>\n<li><strong>Doppler &#8211; Piattaforma Internet<br \/>\n<\/strong>La piattaforma internet multimediale www.christian-doppler.net \u00e8 stata progettata e realizzata in occasione dell&#8217;anno dell&#8217;anniversario di Christian Doppler e viene costantemente aggiornata.<\/li>\n<li><a href=\"https:\/\/www.christian-doppler.net\/neue-doppler-publikation\/\"><strong>Presentazione del libro &#8220;Christian Doppler&#8221; di Clemens Hutter<\/strong><\/a><br \/>\nLa nuova pubblicazione Doppler pubblicata da Anton Pustet \u00e8 stata presentata dall&#8217;autore Clemens Hutter il 22 febbraio 2017, ore 18.00 al Museo Haus der Natur.<\/li>\n<li><a href=\"https:\/\/www.christian-doppler.net\/christian-doppler-skulptur\/\"><strong>Laboratorio universitario a Itzling &#8211; Omaggio a Christian Doppler<\/strong><\/a><br \/>\nIl nuovo laboratorio della Facolt\u00e0 di Scienze Naturali dell&#8217;Universit\u00e0 di Salisburgo a Itzling sar\u00e0 d&#8217;ora in poi la sede del Fondo Christian Doppler. La Biblioteca Doppler e l&#8217;Archivio Doppler sono anche ospitati nell&#8217;edificio. Una scultura in pietra di Christian Doppler disegnata da Alexander Steinwendtner \u00e8 stata eretta all&#8217;ingresso dell&#8217;edificio e una sala di lezioni \u00e8 stata intitolata a Christian Doppler.<\/li>\n<li><a href=\"https:\/\/www.christian-doppler.net\/kreativwettbewerb\/\"><strong>Concorso creativo sul tema dell&#8217;effetto Doppler<\/strong><\/a><br \/>\nIn collaborazione con la citt\u00e0 di Salisburgo, \u00e8 stato annunciato un concorso creativo per gli scolari. Le migliori idee sono state presentate e premiate durante il simposio.<\/li>\n<li><a href=\"https:\/\/www.christian-doppler.net\/ringvorlesung\/\"><strong>Serie di conferenze all&#8217;Universit\u00e0 di Salisburgo<\/strong><\/a><br \/>\nNel semestre estivo 2017 si \u00e8 tenuto un ciclo di conferenze sul tema &#8220;175 anni del principio di Doppler&#8221; (dal 6.03. al 26.06.2017, luned\u00ec 17-19, HS 380, Rudolfskai 42) con relatori di scienze naturali, culturali e sociali.<\/li>\n<li><strong><a href=\"https:\/\/www.christian-doppler.net\/christian-doppler-preis-2017\/\">Premi Christian Doppler<\/a><br \/>\n<\/strong>Nel 2017, la provincia di Salisburgo assegner\u00e0 nuovamente i premi Christian Doppler per un importo di 12.000 euro per lavori scientifici e invenzioni. La scadenza per le presentazioni era il 31.07. 2017.<\/li>\n<li><a href=\"https:\/\/www.christian-doppler.net\/red-blue-shift\/\"><strong>Concerti Doppler dell&#8217;Universit\u00e0 Mozarteum<\/strong><\/a><br \/>\nNella serie di concerti &#8220;Doppler Concerts&#8221; dell&#8217;Ensemble per la Nuova Musica dell&#8217;Universit\u00e0 Mozarteum sotto la direzione di Marino Formenti, il 2.06.2017 ha avuto luogo un concerto festoso per il simposio dell&#8217;anniversario come 4\u00b0 Concerto Doppler. Altri concerti sono seguiti.<\/li>\n<li><a href=\"https:\/\/www.christian-doppler.net\/christian-doppler-kompositionspreis-2017\/\"><strong>Concorso di composizione di Christian Doppler<\/strong><\/a><span><br \/>\nAnnuncio di un premio di composizione dell&#8217;Universit\u00e0 Mozarteum con riferimento all&#8217;opera di Christian Doppler con esibizioni a Salisburgo, Vienna, Linz e Graz.<br \/>\n<\/span><\/li>\n<li><a href=\"https:\/\/www.christian-doppler.net\/wp-content\/uploads\/Einladung_air_067_artport_Doppler_AUG17_WEB.pdf\"><strong>Mostra e premio d&#8217;arte Christian Doppler all&#8217;aeroporto di Salisburgo<\/strong><\/a><br \/>\nIn collaborazione con l&#8217;aeroporto di Salisburgo, il 13 settembre \u00e8 stato assegnato un premio d&#8217;arte in omaggio a Christian Doppler e una mostra di altre opere \u00e8 stata aperta nella galleria dell&#8217;aeroporto di Salisburgo, che pu\u00f2 essere visitata fino al 9 dicembre.<\/li>\n<li><strong><a href=\"https:\/\/www.akad400.at\/index.html\">Settimana di celebrazione all\u2019 Akademisches Gymnasium<\/a><br \/>\n<\/strong>Come parte delle celebrazioni del 400\u00b0 anniversario della scuola, il 9.11.2017 \u00e8 stata posta una targa commemorativa a Christian Doppler e Simon Stampfer all\u2019Akademisches Gymnasium in onore di questi suoi importanti studenti e insegnanti.<\/li>\n<li><strong>Serie di eventi del Salzburger Bildungswerk<br \/>\n<\/strong>Il Salzburger Bildungswerk ha iniziato una serie di eventi su Christian Doppler e l&#8217;Effetto Doppler con conferenze e visite guidate in autunno, ad esempio Christian Doppler &#8211; <a href=\"https:\/\/www.christian-doppler.net\/wp-content\/uploads\/Doppler-Genie-aus-Salzburg_A3.pdf\">visita alla mostra permanente al Museo Haus der Natur, 28.10.2017<\/a><\/li>\n<li><strong>Mostra di Christian Doppler al Museo Haus der Natur<br \/>\n<\/strong>Aggiornamento dell&#8217;area espositiva su Christian Doppler al museo Haus der Natur di Salisburgo.<\/li>\n<li><strong>Rapporto di attivit\u00e0 30 anni del Fondo Christian Doppler<\/strong><br \/>\nIl Fondo Doppler celebra anche un anniversario nel 2017: 30 anni di attivit\u00e0 del Fondo Christian Doppler saranno documentati in un nuovo opuscolo.<\/li>\n<li><strong>Progetto Schemnitz<br \/>\n<\/strong>La citt\u00e0 di Bansk\u00e1 \u0160tiavnica (ex Schemnitz), patrimonio mondiale dell&#8217;UNESCO, in Slovacchia, \u00e8 un luogo finora poco studiato dell&#8217;attivit\u00e0 di Doppler (1847-1850). Sono previste ricerche presso l&#8217;accademia mineraria locale e l&#8217;elaborazione di materiale d&#8217;archivio in tedesco e slovacco. \u00c8 prevista l&#8217;erezione di una targa commemorativa.<\/li>\n<li>Collaborazioni<br \/>\ncon la <a href=\"https:\/\/www.cdg.ac.at\/\">Societ\u00e0 di Ricerca Christian Doppler (CDG) <\/a> (CDG) a Vienna<br \/>\ncon le scuole elementari Christian Doppler di <a href=\"http:\/\/www.cdgym.at\/\" target=\"_blank\" rel=\"noopener\">Salisburgo<\/a> e <a href=\"https:\/\/www.gchd.cz\/for-foreigners\/nj\" target=\"_blank\" rel=\"noopener\">Praga<\/a><br \/>\ncon la <a href=\"http:\/\/www.landeskunde.at\/\" target=\"_blank\" rel=\"noopener\">Gesellschaft f\u00fcr Salzburger Landeskunde<\/a> (Societ\u00e0 per gli studi regionali di Salisburgo), che ha promosso a una conferenza &#8220;Sulle orme di Christian Doppler&#8221; con Peter M. Schuster e Ewald Hiebl il 22.11. 2017.<br \/>\ncon <a href=\"http:\/\/www.stadtverein.at\/\" target=\"_blank\" rel=\"noopener\">l&#8217;associazione della citt\u00e0 di Salisburgo<\/a>, la cui rivista Bastei ha pubblicato un articolo su Christian Doppler nel giugno 2017.<br \/>\ncon il Centro <a href=\"https:\/\/www.echophysics.org\/\" target=\"_blank\" rel=\"noopener\">Europeo per la Storia della Fisica (ECHOPHYSICS)<\/a> a Schloss P\u00f6llau, in Stiria.<br \/>\ncon la <a href=\"http:\/\/www.salk.at\/Christian-Doppler-Klinik.html\" target=\"_blank\" rel=\"noopener\">clinica Christian Doppler<\/a> e <a href=\"https:\/\/www.pmu.ac.at\/en\/home.html\" target=\"_blank\" rel=\"noopener\">l&#8217;universit\u00e0 privata PMU<\/a> di Salisburgo<br \/>\ncon il <a href=\"http:\/\/www.salzburgerbildungswerk.at\/\" target=\"_blank\" rel=\"noopener\">Salzburger Bildungswerk<\/a><\/li>\n<li><strong>Ulteriori iniziative \u2026<br \/>\n<\/strong>Manutenzione dei memoriali Doppler in patria e all&#8217;estero<br \/>\nRelazioni pubbliche, creazione di una newsletter.<\/li>\n<\/ul>\n<p><strong>Unterst\u00fctzt durch:<\/strong><\/p>\n<p><a href=\"http:\/\/stadt-salzburg.at\/\"><img loading=\"lazy\" decoding=\"async\" class=\"alignleft wp-image-568 size-full\" src=\"https:\/\/www.christian-doppler.net\/wp-content\/uploads\/stadtsalzburg.png\" alt=\"\" width=\"200\" height=\"35\" \/><\/a> <a href=\"https:\/\/www.salzburg.gv.at\/\"><img loading=\"lazy\" decoding=\"async\" class=\"alignnone wp-image-567\" src=\"https:\/\/www.christian-doppler.net\/wp-content\/uploads\/landsalzburg.png\" alt=\"\" width=\"136\" height=\"47\" \/><\/a><\/p>\n<\/div>\n<p><!-- \/tailor:tailor_content:5c49ba9b06898 --><\/p>\n<\/div>\n<\/div>\n<p><!-- \/tailor:tailor_section:5c49ba9b06897 --><\/p>\n","protected":false},"excerpt":{"rendered":"<p>Sintesi degli eventi organizzati dal Christian Doppler Fund e dai suoi partner di cooperazione nell&#8217;anno dell&#8217;anniversario 2017: Simposio dell&#8217;anniversario Dal 1 al 3 giugno 2017, il simposio ha avuto luogo a Salisburgo nella Grande Aula dell&#8217;Universit\u00e0 e nel laboratorio universitario a Science:City Itzling, con un&#8217;apertura festosa il 1 giugno e relatori rinomati del mondo politico, scientifico ed industriale. Nell&#8217;ambito del [&hellip;]<\/p>\n","protected":false},"author":1,"featured_media":0,"parent":0,"menu_order":0,"comment_status":"closed","ping_status":"closed","template":"","meta":{"_acf_changed":false,"advgb_blocks_editor_width":"","advgb_blocks_columns_visual_guide":"","footnotes":""},"class_list":["post-3308","page","type-page","status-publish","hentry"],"acf":[],"featured_image_urls_v2":{"full":"","thumbnail":"","medium":"","medium_large":"","large":"","timeline-express":"","timeline-express-thumbnail":"","1536x1536":"","2048x2048":""},"post_excerpt_stackable_v2":"<p>Sintesi degli eventi organizzati dal Christian Doppler Fund e dai suoi partner di cooperazione nell&#8217;anno dell&#8217;anniversario 2017: Simposio dell&#8217;anniversario Dal 1 al 3 giugno 2017, il simposio ha avuto luogo a Salisburgo nella Grande Aula dell&#8217;Universit\u00e0 e nel laboratorio universitario a Science:City Itzling, con un&#8217;apertura festosa il 1 giugno e relatori rinomati del mondo politico, scientifico ed industriale. Nell&#8217;ambito del simposio, ha avuto luogo un incontro tra i licei intitolati a Christian Doppler di Salisburgo e Praga. Due classi sono state selezionate e intrattenute con un programma emozionante e cromatico su Christian Doppler. Tra l&#8217;altro, si \u00e8 tenuto un laboratorio&hellip;<\/p>\n","category_list_v2":"","author_info_v2":{"name":"Technik Admin","url":"https:\/\/www.christian-doppler.net\/it\/author\/wp_admin\/"},"comments_num_v2":"0 commenti","coauthors":[],"author_meta":{"author_link":"https:\/\/www.christian-doppler.net\/it\/author\/wp_admin\/","display_name":"Technik Admin"},"relative_dates":{"created":"Pubblicato 5 anni fa","modified":"Aggiornato 4 anni fa"},"absolute_dates":{"created":"Pubblicato il 13 Ottobre 2021","modified":"Aggiornato il 23 Febbraio 2022"},"absolute_dates_time":{"created":"Pubblicato il 13 Ottobre 2021 11:56","modified":"Aggiornato il 23 Febbraio 2022 16:07"},"featured_img_caption":"","featured_img":false,"series_order":"","_links":{"self":[{"href":"https:\/\/www.christian-doppler.net\/it\/wp-json\/wp\/v2\/pages\/3308","targetHints":{"allow":["GET"]}}],"collection":[{"href":"https:\/\/www.christian-doppler.net\/it\/wp-json\/wp\/v2\/pages"}],"about":[{"href":"https:\/\/www.christian-doppler.net\/it\/wp-json\/wp\/v2\/types\/page"}],"author":[{"embeddable":true,"href":"https:\/\/www.christian-doppler.net\/it\/wp-json\/wp\/v2\/users\/1"}],"replies":[{"embeddable":true,"href":"https:\/\/www.christian-doppler.net\/it\/wp-json\/wp\/v2\/comments?post=3308"}],"version-history":[{"count":6,"href":"https:\/\/www.christian-doppler.net\/it\/wp-json\/wp\/v2\/pages\/3308\/revisions"}],"predecessor-version":[{"id":5538,"href":"https:\/\/www.christian-doppler.net\/it\/wp-json\/wp\/v2\/pages\/3308\/revisions\/5538"}],"wp:attachment":[{"href":"https:\/\/www.christian-doppler.net\/it\/wp-json\/wp\/v2\/media?parent=3308"}],"curies":[{"name":"wp","href":"https:\/\/api.w.org\/{rel}","templated":true}]}}