{"id":3298,"date":"2021-10-13T10:34:26","date_gmt":"2021-10-13T08:34:26","guid":{"rendered":"https:\/\/www.christian-doppler.net\/?page_id=3298"},"modified":"2024-05-15T16:29:31","modified_gmt":"2024-05-15T14:29:31","slug":"protezione-dati","status":"publish","type":"page","link":"https:\/\/www.christian-doppler.net\/it\/protezione-dati\/","title":{"rendered":"PROTEZIONE DATI"},"content":{"rendered":"\n<p>Dal 31 agosto 2023<\/p>\n\n\n\n<p>Prendiamo molto sul serio la protezione dei tuoi dati personali.&nbsp;Elaboriamo i tuoi dati personali in conformit\u00e0 con le disposizioni di legge sulla protezione dei dati e la presente dichiarazione sulla protezione dei dati.<\/p>\n\n\n\n<p>Il nostro sito web di solito pu\u00f2 essere utilizzato senza fornire dati personali.&nbsp;Nella misura in cui i dati personali (ad es. nome, indirizzo o indirizzo e-mail) vengono raccolti sul nostro sito Web, ci\u00f2 avviene sempre su base volontaria, a meno che non sia tecnicamente necessario per il funzionamento del sito Web.<\/p>\n\n\n\n<p>Questo sito Web utilizza i tuoi dati con parsimonia ed elabora solo dati tecnicamente necessari che non richiedono consenso.&nbsp;Pertanto, questo sito Web non dispone di un &#8220;cockie bar&#8221; per ottenere il tuo consenso.<\/p>\n\n\n\n<h2 class=\"wp-block-heading\">Ospitando<\/h2>\n\n\n\n<p>Questo sito Web \u00e8 ospitato dalla all-inkl.com.&nbsp;Elaboriamo i dati di connessione personali ai fini della sicurezza dei dati e dei guasti per un massimo di 7 giorni.<\/p>\n\n\n\n<p>La base giuridica del trattamento \u00e8 il nostro legittimo interesse ai sensi dell&#8217;articolo 6 (1) (f) GDPR (misure tecniche di sicurezza).<\/p>\n\n\n\n<h2 class=\"wp-block-heading\">File di registro del server<\/h2>\n\n\n\n<p>Elaboriamo allo scopo di monitorare la funzione tecnica e aumentare la sicurezza operativa sulla base giuridica del legittimo interesse ai sensi dell&#8217;articolo 6 capoverso 1 lif.&nbsp;f GDPR (misure tecniche di sicurezza) dati personali come l&#8217;indirizzo IP in un file di registro del server per un massimo di 7 giorni.<\/p>\n\n\n\n<ul class=\"wp-block-list\">\n<li>Timestamp (data e ora dell&#8217;hit)&nbsp;&nbsp;&nbsp;&nbsp;&nbsp;<\/li>\n\n\n\n<li>Tipologia di richiesta effettuata dall&#8217;utente&nbsp;&nbsp;&nbsp;&nbsp;&nbsp;<\/li>\n\n\n\n<li>IP dell&#8217;utente&nbsp;&nbsp;&nbsp;&nbsp;&nbsp;<\/li>\n\n\n\n<li>Informazioni di riferimento dell&#8217;utente (ovvero la fonte dell&#8217;accesso)&nbsp;&nbsp;&nbsp;&nbsp;&nbsp;<\/li>\n\n\n\n<li>Client dell&#8217;utente (tipo di client, versione client)&nbsp;&nbsp;&nbsp;&nbsp;&nbsp;<\/li>\n\n\n\n<li>Sistema operativo dell&#8217;utente (dispositivo, versione del sistema operativo del dispositivo)&nbsp;&nbsp;&nbsp;&nbsp;&nbsp;<\/li>\n<\/ul>\n\n\n\n<h2 class=\"wp-block-heading\">Servizi cartografici<\/h2>\n\n\n\n<p>Su questo sito Web utilizziamo l&#8217;offerta di fornitori di servizi di mappe sotto forma di incorporamento iFrame.&nbsp;Ci\u00f2 ci consente di visualizzare mappe interattive direttamente sul sito Web e consente un comodo utilizzo delle funzioni della mappa.<\/p>\n\n\n\n<h3 class=\"wp-block-heading\">Servizi cloud Wikimedia<\/h3>\n\n\n\n<p>In qualit\u00e0 di contitolari del trattamento con Wikimedia Cloud Services, The Wikimedia Foundation,&nbsp;\u2105 CT Corporation System, 818 West Seventh Street, Los Angeles, CA 90017, USA, elaboriamo i dati di connessione e i dati del browser allo scopo di visualizzare una mappa interattiva per la durata del carta geografica.<\/p>\n\n\n\n<p>La base giuridica per il trattamento \u00e8 la tua ai sensi della Sezione 96 (3) TKG in relazione a.&nbsp;Consenso prestato ai sensi dell&#8217;articolo 6 capoverso 1 lettera a GDPR.&nbsp;Una connessione a Wikimedia Cloud Services viene stabilita solo dopo aver dato il tuo consenso facendo clic su un pulsante.<\/p>\n\n\n\n<p>Se Wikimedia Cloud Services continua a elaborare i dati in modo indipendente, Wikimedia Cloud Services \u00e8 l&#8217;unico responsabile di ci\u00f2.\u00a0I dettagli possono essere trovati\u00a0<a href=\"https:\/\/foundation.wikimedia.org\/wiki\/Policy:Privacy_policy\/it\" target=\"_blank\" rel=\"noreferrer noopener\">nell&#8217;informativa\u00a0sulla\u00a0privacy<\/a>\u00a0di Wikimedia Cloud Services.<\/p>\n\n\n\n<h2 class=\"wp-block-heading\">Servizi video<\/h2>\n\n\n\n<p>Sul nostro sito Web ti offriamo la possibilit\u00e0 di visualizzare i nostri video di YouTube direttamente tramite un incorporamento iFrame.&nbsp;Dopo aver dato il tuo consenso ai sensi dell&#8217;articolo 6 paragrafo 1 lit a GDPR, consentiamo al fornitore di servizi Google Ireland Limited, Gordon House, Barrow Street, Dublino 4, Irlanda di riprodurre il video con i tuoi dati personali per la durata del sito web a cui si accede per aumentare.&nbsp;Non elaboriamo n\u00e9 salviamo i dati raccolti da Google.&nbsp;Il tuo consenso \u00e8 valido solo fino a quando non lasci il rispettivo sito web e non verr\u00e0 salvato.<\/p>\n\n\n\n<p>Utilizziamo i seguenti servizi:<\/p>\n\n\n\n<p><strong>Servizio:<\/strong>&nbsp;Youtube&nbsp;<br><strong>Operatore:&nbsp;<\/strong>Google Ireland Limited, Gordon House, Barrow Street, Dublino 4, Irlanda&nbsp; <br><strong>Dichiarazione sulla protezione dei dati:&nbsp;<\/strong><a href=\"https:\/\/policies.google.com\/privacy?gl=AT&amp;hl=it#intro\" target=\"_blank\" rel=\"noreferrer noopener\">https:\/\/policies.google.com\/privacy?gl=AT&amp;hl=it#intro<\/a><\/p>\n\n\n\n<h2 class=\"wp-block-heading\">Servizi di analisi<\/h2>\n\n\n\n<p>Utilizziamo servizi di analisi sul nostro sito Web allo scopo di analizzare l&#8217;utilizzo del nostro sito Web, correggere errori e sviluppare ulteriormente il contenuto.<\/p>\n\n\n\n<h3 class=\"wp-block-heading\">Software di analisi locale<\/h3>\n\n\n\n<p>Utilizzando un software di analisi locale, elaboriamo i dati di connessione e i dati del browser allo scopo di analizzare l&#8217;utilizzo del nostro sito Web, correggere errori e sviluppare ulteriormente il contenuto fino a quando non si oppone.<\/p>\n\n\n\n<p>La base giuridica del trattamento \u00e8 la necessit\u00e0 tecnica di elaborare i dati di analisi ai sensi dell&#8217;articolo 96 (3) TKG in relazione alla fornitura del servizio del sito Web espressamente richiesto dagli utenti.&nbsp;ai sensi dell&#8217;articolo 6 capoverso 1 lett.f GDPR.<\/p>\n\n\n\n<iframe style=\"border: 0; height: 200px; width: 600px;\" src=\"https:\/\/stats.salzburgresearch.at\/index.php?module=CoreAdminHome&amp;action=optOut&amp;language=it&amp;backgroundColor=&amp;fontColor=&amp;fontSize=&amp;fontFamily=Helvetica%2C%20Arial%2C%20Sans-Serif\" data-mce-fragment=\"1\"><\/iframe>\n\n\n\n<h2 class=\"wp-block-heading\">Social media<\/h2>\n\n\n\n<h3 class=\"wp-block-heading\">Presenza online sui social media<\/h3>\n\n\n\n<p>Manteniamo una presenza online all&#8217;interno di social network e piattaforme per comunicare con gli interessati e gli utenti che sono attivi e per essere in grado di informarli sui dettagli del progetto.&nbsp;Quando si richiamano le rispettive reti e piattaforme, si applicano i termini e le condizioni e le linee guida per il trattamento dei dati dei rispettivi gestori.<\/p>\n\n\n\n<h3 class=\"wp-block-heading\">Pulsanti di condivisione<\/h3>\n\n\n\n<p>Il nostro sito Web dispone di pulsanti su alcune pagine per condividere il contenuto della pagina sulle piattaforme dei social media.&nbsp;I pulsanti sono progettati idealmente per proteggere i dati personali dei visitatori del nostro sito Web, poich\u00e9 lo script (programma per computer) dietro i pulsanti non raccoglie n\u00e9 elabora alcun dato personale.&nbsp;Heise Verlag, in qualit\u00e0 di editore della rivista specializzata IT c&#8217;t e di sviluppatore dei pulsanti, offre&nbsp;<a href=\"https:\/\/translate.google.com\/translate?hl=de&amp;prev=_t&amp;sl=de&amp;tl=it&amp;u=http:\/\/ct.de\/-2467514\">informazioni esatte<\/a>&nbsp;sulla funzione dei pulsanti.<\/p>\n\n\n\n<p>I visitatori del sito web che desiderano condividere il nostro sito vengono indirizzati alle pagine &#8220;Condividi&#8221; delle rispettive piattaforme di social media quando fanno clic sui pulsanti.&nbsp;Solo allora vengono caricati gli script necessari per condividere il contenuto della pagina.&nbsp;Si applicano quindi le condizioni commerciali e di protezione dei dati concordate dal visitatore del sito Web con le rispettive piattaforme di social media.&nbsp;Le rispettive piattaforme&nbsp;<a rel=\"noreferrer noopener\" href=\"https:\/\/www.facebook.com\/policy.php\" target=\"_blank\">Facebook<\/a>&nbsp;,&nbsp;<a rel=\"noreferrer noopener\" href=\"https:\/\/help.instagram.com\/519522125107875\" target=\"_blank\">Instagram<\/a>&nbsp;,&nbsp;<a href=\"https:\/\/it.linkedin.com\/legal\/privacy-policy\" target=\"_blank\" rel=\"noreferrer noopener\">LinkedIn<\/a>&nbsp;,&nbsp;<a href=\"https:\/\/policy.pinterest.com\/it\/privacy-policy\">Pinterest<\/a>&nbsp;,&nbsp;<a href=\"https:\/\/twitter.com\/it\/privacy\">Twitter<\/a>&nbsp;forniscono informazioni pi\u00f9 dettagliate&nbsp;.<\/p>\n\n\n\n<h2 class=\"wp-block-heading\">Diritto di opposizione<\/h2>\n\n\n\n<p>Se il trattamento dei tuoi dati personali avviene sulla base di un legittimo interesse, hai il diritto di opporti a tale trattamento.&nbsp;Se non sussistono motivi legittimi impellenti per il trattamento da parte nostra, il trattamento dei dati verr\u00e0 interrotto sulla base di questa base giuridica.<\/p>\n\n\n\n<p>La liceit\u00e0 dei dati trattati fino al momento dell&#8217;opposizione non \u00e8 pregiudicata dall&#8217;opposizione.<\/p>\n\n\n\n<h2 class=\"wp-block-heading\">Diritto di recesso<\/h2>\n\n\n\n<p>Hai il diritto di revocare il tuo consenso in qualsiasi momento.&nbsp;In caso di consenso scritto, la revoca pu\u00f2 essere effettuata solo per iscritto; in caso di consenso a ricevere pubblicit\u00e0 elettronica, ci\u00f2 pu\u00f2 essere fatto anche cliccando sul link di cancellazione.&nbsp;In tal caso, il trattamento verr\u00e0 interrotto a meno che non sussista un&#8217;altra base giuridica.<\/p>\n\n\n\n<p>La liceit\u00e0 dei dati trattati fino al momento della revoca non \u00e8 pregiudicata dalla revoca.<\/p>\n\n\n\n<h2 class=\"wp-block-heading\">Diritti interessati<\/h2>\n\n\n\n<p>Hai il diritto all&#8217;informazione, correzione, cancellazione e limitazione del trattamento dei dati personali.<\/p>\n\n\n\n<p>Se la base giuridica per il trattamento dei tuoi dati personali \u00e8 il tuo consenso o un contratto concluso con te, hai anche il diritto alla portabilit\u00e0 dei dati.<\/p>\n\n\n\n<p>Hai il diritto di revocare qualsiasi consenso prestato al trattamento dei tuoi dati personali.&nbsp;La liceit\u00e0 del trattamento dei dati personali fino al momento della revoca non \u00e8 pregiudicata dalla revoca.<\/p>\n\n\n\n<p>Hai il diritto di opporti al trattamento dei tuoi dati personali per finalit\u00e0 di marketing diretto.&nbsp;In caso di opposizione, i tuoi dati personali non saranno pi\u00f9 trattati per finalit\u00e0 di marketing diretto.<\/p>\n\n\n\n<p>Ha inoltre il diritto di proporre reclamo all&#8217;autorit\u00e0 di controllo.&nbsp;I dati di contatto dell&#8217;Autorit\u00e0 austriaca per la protezione dei dati sono: Autorit\u00e0 austriaca per la protezione dei dati, Barichgasse 40-42, A-1030 Vienna.<\/p>\n","protected":false},"excerpt":{"rendered":"<p>Dal 31 agosto 2023 Prendiamo molto sul serio la protezione dei tuoi dati personali.&nbsp;Elaboriamo i tuoi dati personali in conformit\u00e0 con le disposizioni di legge sulla protezione dei dati e la presente dichiarazione sulla protezione dei dati. Il nostro sito web di solito pu\u00f2 essere utilizzato senza fornire dati personali.&nbsp;Nella misura in cui i dati personali (ad es. nome, indirizzo [&hellip;]<\/p>\n","protected":false},"author":1,"featured_media":0,"parent":0,"menu_order":0,"comment_status":"closed","ping_status":"closed","template":"","meta":{"_acf_changed":false,"advgb_blocks_editor_width":"","advgb_blocks_columns_visual_guide":"","footnotes":""},"class_list":["post-3298","page","type-page","status-publish","hentry"],"acf":[],"featured_image_urls_v2":{"full":"","thumbnail":"","medium":"","medium_large":"","large":"","timeline-express":"","timeline-express-thumbnail":"","1536x1536":"","2048x2048":""},"post_excerpt_stackable_v2":"<p>Dal 31 agosto 2023 Prendiamo molto sul serio la protezione dei tuoi dati personali.&nbsp;Elaboriamo i tuoi dati personali in conformit\u00e0 con le disposizioni di legge sulla protezione dei dati e la presente dichiarazione sulla protezione dei dati. Il nostro sito web di solito pu\u00f2 essere utilizzato senza fornire dati personali.&nbsp;Nella misura in cui i dati personali (ad es. nome, indirizzo o indirizzo e-mail) vengono raccolti sul nostro sito Web, ci\u00f2 avviene sempre su base volontaria, a meno che non sia tecnicamente necessario per il funzionamento del sito Web. Questo sito Web utilizza i tuoi dati con parsimonia ed elabora solo&hellip;<\/p>\n","category_list_v2":"","author_info_v2":{"name":"Technik Admin","url":"https:\/\/www.christian-doppler.net\/it\/author\/wp_admin\/"},"comments_num_v2":"0 commenti","coauthors":[],"author_meta":{"author_link":"https:\/\/www.christian-doppler.net\/it\/author\/wp_admin\/","display_name":"Technik Admin"},"relative_dates":{"created":"Pubblicato 5 anni fa","modified":"Aggiornato 2 anni fa"},"absolute_dates":{"created":"Pubblicato il 13 Ottobre 2021","modified":"Aggiornato il 15 Maggio 2024"},"absolute_dates_time":{"created":"Pubblicato il 13 Ottobre 2021 10:34","modified":"Aggiornato il 15 Maggio 2024 16:29"},"featured_img_caption":"","featured_img":false,"series_order":"","_links":{"self":[{"href":"https:\/\/www.christian-doppler.net\/it\/wp-json\/wp\/v2\/pages\/3298","targetHints":{"allow":["GET"]}}],"collection":[{"href":"https:\/\/www.christian-doppler.net\/it\/wp-json\/wp\/v2\/pages"}],"about":[{"href":"https:\/\/www.christian-doppler.net\/it\/wp-json\/wp\/v2\/types\/page"}],"author":[{"embeddable":true,"href":"https:\/\/www.christian-doppler.net\/it\/wp-json\/wp\/v2\/users\/1"}],"replies":[{"embeddable":true,"href":"https:\/\/www.christian-doppler.net\/it\/wp-json\/wp\/v2\/comments?post=3298"}],"version-history":[{"count":9,"href":"https:\/\/www.christian-doppler.net\/it\/wp-json\/wp\/v2\/pages\/3298\/revisions"}],"predecessor-version":[{"id":7391,"href":"https:\/\/www.christian-doppler.net\/it\/wp-json\/wp\/v2\/pages\/3298\/revisions\/7391"}],"wp:attachment":[{"href":"https:\/\/www.christian-doppler.net\/it\/wp-json\/wp\/v2\/media?parent=3298"}],"curies":[{"name":"wp","href":"https:\/\/api.w.org\/{rel}","templated":true}]}}