{"id":3289,"date":"2021-10-13T10:27:54","date_gmt":"2021-10-13T08:27:54","guid":{"rendered":"https:\/\/www.christian-doppler.net\/?page_id=3289"},"modified":"2026-04-01T14:17:11","modified_gmt":"2026-04-01T12:17:11","slug":"il-fondo-cristian-doppler","status":"publish","type":"page","link":"https:\/\/www.christian-doppler.net\/it\/il-fondo-cristian-doppler\/","title":{"rendered":"IL FONDO CHRISTIAN DOPPLER"},"content":{"rendered":"<div class=\"tailor-element tailor-section tailor-5c46eccb93493\">\n<div class=\"tailor-section__content\">\n<p><!-- tailor:tailor_content:5c46eccb93494 --><\/p>\n<div class=\"tailor-element tailor-content tailor-5c46eccb93494\">\n<p>Il fondo Christian Doppler \u00e8 un fondo con una sua propria identit\u00e0 giuridica secondo la legge di Salisburgo sui fondi e fondazioni Nr.70\/1976, e ha sede a Salisburgo. Il fondo \u00e8 un&#8217;organizzazione senza scopo di lucro.<\/p>\n<h2><strong>Creazione ed obiettivi<\/strong><\/h2>\n<p>Il fondo Christian Doppler \u00e8 stato fondato nel 1987 con l&#8217;obiettivo di onorare la vita e le opere di Christian Doppler e di renderle accessibili al grande pubblico.<\/p>\n<p>Questo comporta la realizzazione di progetti di ricerca, sviluppo e insegnamento a beneficio della scienza e dell&#8217;economia austriaca, cos\u00ec come le relative attivit\u00e0 di pubblicazione e documentazione. Sosteniamo inoltre attivit\u00e0 di ricerca scientifica e la valorizzazione dei loro risultati.<\/p>\n<p>Gi\u00e0 nel 1972, il parlamento della regione di Salisburgo discusse la creazione di una \u201cfondazione Christian Doppler\u201d e decise di istituire il Premio Christian Doppler. Insieme a Wolfgang Amadeus Mozart, Christian Andreas Doppler \u00e8 il cittadino pi\u00f9 famoso di Salisburgo. Grazie all\u2019importanza fondamentale delle sue scoperte per lo sviluppo delle scienze naturali, della tecnologia e della medicina, cos\u00ec come alla loro dimensione epistemologica, che plasma la nostra moderna visione del mondo, \u00e8 impossibile immaginare la nostra vita quotidiana moderna senza le pionieristiche scoperte scientifiche di Christian Doppler.<\/p>\n<p>Il principio di Doppler \u00e8 alla base di molte discipline: dall&#8217;astronomia al volo spaziale, dalle prove fondamentali della relativit\u00e0 alla fisica dei materiali, fino allo studio della dinamica dei fluidi, della biologia, della medicina e della teoria dei quanti.<\/p>\n<p><a href=\"https:\/\/www.christian-doppler.net\/wp-content\/uploads\/T%C3%A4tigkeitsbericht-Doppler_Folder_korr.pdf\">Rapporto di attivit\u00e0 | Fondo Doppler | 1987-2002 (tedesco)<\/a><\/p>\n<p><a href=\"https:\/\/www.christian-doppler.net\/wp-content\/uploads\/Taetigkeitsbericht-30-Jahre-Dopplerfonds_Onlineversion.pdf\">Rapporto di attivit\u00e0 | Fondo Doppler | 2019 | 30 anni Fondo Doppler (tedesco)<\/a><\/p>\n<h2><strong>L&#8217;effetto del millennio<\/strong><\/h2>\n<p>Nella sua presentazione del 21 settembre 1909 a Salisburgo, in cui parl\u00f2 per la prima volta pubblicamente della sua teoria della relativit\u00e0, Albert Einstein fece la seguente importante affermazione<em>: indipendentemente dalla forma che prender\u00e0 la teoria dei processi elettromagnetici, il principio di Doppler rimarr\u00e0 sicuramente<\/em>.<\/p>\n<p>In un discorso tenuto all&#8217;Universit\u00e0 di Salisburgo nel luglio 2007, Anton Zeilinger ha definito l&#8217;effetto Doppler &#8220;l&#8217;effetto del millennio&#8221;.<\/p>\n<p>Finora 24 scienziati il cui lavoro \u00e8 stato direttamente o indirettamente collegato all&#8217;effetto Doppler hanno vinto premi Nobel per la fisica.<\/p>\n<h2><strong>Struttura dell&#8217;organizzazione<\/strong><\/h2>\n<p>Gli organi del fondo sono: il consiglio di amministrazione, l&#8217;amministratore delegato e il consiglio consultivo.<\/p>\n<p>Presidente: Univ. Prof. DI Dr. Maurizio Musso<br \/>Amministratore delegato: Dr. Christian Pruner: + 43 662 8044 6253, christian.pruner@sbg.ac.at<br \/>Indirizzo: Fondo Christian Doppler<br \/>Universit\u00e4t Salzburg, Naturwissenschaftliche Fakult\u00e4t<br \/>Fachbereich Chemie und Physik der Materialien<br \/>Jakob-Haringer-Stra\u00dfe 2a, A-5020 Salisburgo, Austria<\/p>\n<p>I membri attuali del consiglio di amministrazione e del consiglio consultivo sono elencati nella versione in lingua tedesca di questo capitolo.<\/p>\n<\/div>\n<p><!-- \/tailor:tailor_content:5c46eccb93494 --><\/p>\n<\/div>\n<\/div>\n<p><!-- \/tailor:tailor_section:5c46eccb93493 --><\/p>\n\n\n<p>The activities of the Christian Doppler Foundation are supported by the State of Salzburg, the City of Salzburg and the Christian Doppler Society.<\/p>\n\n\n\n<div class=\"wp-block-columns is-layout-flex wp-container-core-columns-is-layout-9d6595d7 wp-block-columns-is-layout-flex\">\n<div class=\"wp-block-column is-layout-flow wp-block-column-is-layout-flow\"><div class=\"wp-block-image\">\n<figure class=\"aligncenter size-full is-resized\"><a href=\"https:\/\/www.salzburg.gv.at\/\" target=\"_blank\" rel=\" noreferrer noopener\"><img loading=\"lazy\" decoding=\"async\" width=\"200\" height=\"73\" src=\"https:\/\/www.christian-doppler.net\/wp-content\/uploads\/landsalzburg.png\" alt=\"Land Salzburg\" class=\"wp-image-567\" style=\"width:180px;height:auto\"\/><\/a><\/figure>\n<\/div><\/div>\n\n\n\n<div class=\"wp-block-column is-layout-flow wp-block-column-is-layout-flow\"><div class=\"wp-block-image\">\n<figure class=\"aligncenter size-full is-resized\"><a href=\"https:\/\/www.wissensstadt-salzburg.at\/\" target=\"_blank\" rel=\" noreferrer noopener\"><img loading=\"lazy\" decoding=\"async\" width=\"340\" height=\"156\" src=\"https:\/\/www.christian-doppler.net\/wp-content\/uploads\/Logo_wissensstadt.png\" alt=\"Wissensstadt Salzburg\" class=\"wp-image-8283\" style=\"width:172px;height:auto\" srcset=\"https:\/\/www.christian-doppler.net\/wp-content\/uploads\/Logo_wissensstadt.png 340w, https:\/\/www.christian-doppler.net\/wp-content\/uploads\/Logo_wissensstadt-300x138.png 300w\" sizes=\"auto, (max-width: 340px) 100vw, 340px\" \/><\/a><\/figure>\n<\/div><\/div>\n\n\n\n<div class=\"wp-block-column is-layout-flow wp-block-column-is-layout-flow\"><div class=\"wp-block-image\">\n<figure class=\"aligncenter size-full is-resized\"><a href=\"https:\/\/www.cdg.ac.at\/\" target=\"_blank\" rel=\" noreferrer noopener\"><img loading=\"lazy\" decoding=\"async\" width=\"303\" height=\"86\" src=\"https:\/\/www.christian-doppler.net\/wp-content\/uploads\/idP4JaK0pJ_logos.png\" alt=\"Christian Doppler Forschungsgesellschaft\" class=\"wp-image-8272\" style=\"width:246px;height:auto\" srcset=\"https:\/\/www.christian-doppler.net\/wp-content\/uploads\/idP4JaK0pJ_logos.png 303w, https:\/\/www.christian-doppler.net\/wp-content\/uploads\/idP4JaK0pJ_logos-300x85.png 300w\" sizes=\"auto, (max-width: 303px) 100vw, 303px\" \/><\/a><\/figure>\n<\/div><\/div>\n<\/div>\n","protected":false},"excerpt":{"rendered":"<p>Il fondo Christian Doppler \u00e8 un fondo con una sua propria identit\u00e0 giuridica secondo la legge di Salisburgo sui fondi e fondazioni Nr.70\/1976, e ha sede a Salisburgo. Il fondo \u00e8 un&#8217;organizzazione senza scopo di lucro. Creazione ed obiettivi Il fondo Christian Doppler \u00e8 stato fondato nel 1987 con l&#8217;obiettivo di onorare la vita e le opere di Christian Doppler [&hellip;]<\/p>\n","protected":false},"author":1,"featured_media":0,"parent":0,"menu_order":0,"comment_status":"closed","ping_status":"closed","template":"","meta":{"_acf_changed":false,"advgb_blocks_editor_width":"","advgb_blocks_columns_visual_guide":"","footnotes":""},"class_list":["post-3289","page","type-page","status-publish","hentry"],"acf":[],"featured_image_urls_v2":{"full":"","thumbnail":"","medium":"","medium_large":"","large":"","timeline-express":"","timeline-express-thumbnail":"","1536x1536":"","2048x2048":""},"post_excerpt_stackable_v2":"<p>Il fondo Christian Doppler \u00e8 un fondo con una sua propria identit\u00e0 giuridica secondo la legge di Salisburgo sui fondi e fondazioni Nr.70\/1976, e ha sede a Salisburgo. Il fondo \u00e8 un&#8217;organizzazione senza scopo di lucro. Creazione ed obiettivi Il fondo Christian Doppler \u00e8 stato fondato nel 1987 con l&#8217;obiettivo di onorare la vita e le opere di Christian Doppler e di renderle accessibili al grande pubblico. Questo comporta la realizzazione di progetti di ricerca, sviluppo e insegnamento a beneficio della scienza e dell&#8217;economia austriaca, cos\u00ec come le relative attivit\u00e0 di pubblicazione e documentazione. Sosteniamo inoltre attivit\u00e0 di ricerca scientifica&hellip;<\/p>\n","category_list_v2":"","author_info_v2":{"name":"Technik Admin","url":"https:\/\/www.christian-doppler.net\/it\/author\/wp_admin\/"},"comments_num_v2":"0 commenti","coauthors":[],"author_meta":{"author_link":"https:\/\/www.christian-doppler.net\/it\/author\/wp_admin\/","display_name":"Technik Admin"},"relative_dates":{"created":"Pubblicato 5 anni fa","modified":"Aggiornato 3 settimane fa"},"absolute_dates":{"created":"Pubblicato il 13 Ottobre 2021","modified":"Aggiornato il 1 Aprile 2026"},"absolute_dates_time":{"created":"Pubblicato il 13 Ottobre 2021 10:27","modified":"Aggiornato il 1 Aprile 2026 14:17"},"featured_img_caption":"","featured_img":false,"series_order":"","_links":{"self":[{"href":"https:\/\/www.christian-doppler.net\/it\/wp-json\/wp\/v2\/pages\/3289","targetHints":{"allow":["GET"]}}],"collection":[{"href":"https:\/\/www.christian-doppler.net\/it\/wp-json\/wp\/v2\/pages"}],"about":[{"href":"https:\/\/www.christian-doppler.net\/it\/wp-json\/wp\/v2\/types\/page"}],"author":[{"embeddable":true,"href":"https:\/\/www.christian-doppler.net\/it\/wp-json\/wp\/v2\/users\/1"}],"replies":[{"embeddable":true,"href":"https:\/\/www.christian-doppler.net\/it\/wp-json\/wp\/v2\/comments?post=3289"}],"version-history":[{"count":7,"href":"https:\/\/www.christian-doppler.net\/it\/wp-json\/wp\/v2\/pages\/3289\/revisions"}],"predecessor-version":[{"id":10563,"href":"https:\/\/www.christian-doppler.net\/it\/wp-json\/wp\/v2\/pages\/3289\/revisions\/10563"}],"wp:attachment":[{"href":"https:\/\/www.christian-doppler.net\/it\/wp-json\/wp\/v2\/media?parent=3289"}],"curies":[{"name":"wp","href":"https:\/\/api.w.org\/{rel}","templated":true}]}}