{"id":7001,"date":"2023-01-23T16:34:33","date_gmt":"2023-01-23T15:34:33","guid":{"rendered":"https:\/\/www.christian-doppler.net\/?page_id=7001"},"modified":"2023-01-23T16:34:33","modified_gmt":"2023-01-23T15:34:33","slug":"simon-stampfer-26-10-1790-a-windisch-matrai-archeveche-salzbourg-auj-matrei-dans-la-osttirol-tirol-10-11-1864-a-vienne","status":"publish","type":"page","link":"https:\/\/www.christian-doppler.net\/fr\/simon-stampfer-26-10-1790-a-windisch-matrai-archeveche-salzbourg-auj-matrei-dans-la-osttirol-tirol-10-11-1864-a-vienne\/","title":{"rendered":"Simon Stampfer (26.10.1790 \u00e0 Windisch-Matrai, Archev\u00each\u00e9 Salzbourg, Auj. Matrei dans l\u2019\u00e0 Osttirol, Tirol &#8211; 10.11.1864 \u00e0 Vienne)"},"content":{"rendered":"<p>Stampfer, n\u00e9 dans le hameau le plus \u00e9lev\u00e9 de l&rsquo;ancienne route du Tauern, entre Matrei et le Tauernhaus, \u00e9tait le fils de parents d\u00e9munis, tisserands contraints \u00e0 la migration et ne trouvant refuge chez des proches que juste le temps de la naissance. Il fr\u00e9quente l&rsquo;\u00e9cole pour la premi\u00e8re fois \u00e0 l&rsquo;\u00e2ge de onze ans, traverse le Felbertauern \u00e0 pied jusqu&rsquo;\u00e0 Salzbourg \u00e0 l&rsquo;\u00e2ge de 17 ans et y fera ses \u00e9tudes au lyc\u00e9e avec mention. En 1816, Stampfer est engag\u00e9 comme suppl\u00e9ant, c&rsquo;est-\u00e0-dire professeur auxiliaire, pour les math\u00e9matiques \u00e9l\u00e9mentaires et la physique au lyc\u00e9e.<\/p>\n<p>Stampfer est un enseignant corps et \u00e2me et immens\u00e9ment appr\u00e9ci\u00e9 de ses \u00e9l\u00e8ves, ce qui peut \u00eatre consid\u00e9r\u00e9 comme une particularit\u00e9 absolue au vu des m\u00e9thodes d&rsquo;\u00e9ducation de l&rsquo;\u00e9poque. Comme il doit donner ses cours en latin, il publie ses propres \u00e9crits en allemand. Ses tables de logarithmes \u00e0 six chiffres sont bient\u00f4t connues de tous les \u00e9l\u00e8ves de la monarchie et conna\u00eetront des \u00e9ditions jusqu&rsquo;au 20e si\u00e8cle en tant que supports d&rsquo;apprentissage. En 1819, Stampfer est nomm\u00e9 professeur public ordinaire de math\u00e9matiques \u00e9l\u00e9mentaires pures au lyc\u00e9e.<\/p>\n<p>Il installe un observatoire astronomique dans la tour du ch\u00e2teau de Mirabell, \u00ab\u00a0bien que personne ici \u00e0 Salzbourg n&rsquo;en ait ni le concept ni le sens\u00a0\u00bb, peut tester ses connaissances en g\u00e9od\u00e9sie lors de la nouvelle mesure de la fronti\u00e8re entre Salzbourg, qui a \u00e9t\u00e9 rattach\u00e9e \u00e0 l&rsquo;Autriche en 1815, et la Bavi\u00e8re, et succ\u00e8de en 1825 \u00e0 Franz Joseph Gerstner lorsque la chaire de g\u00e9om\u00e9trie pratique de l&rsquo;Institut polytechnique de Vienne devient vacante. On n&rsquo;y enseigne pas seulement la science pratique, mais aussi, comme Doppler devait l&rsquo;\u00e9crire plus tard, \u00ab\u00a0la pratique scientifique\u00a0\u00bb. C&rsquo;est d&rsquo;ailleurs pour cette raison que le directeur Prechtl avait fait venir Stampfer dans la ville imp\u00e9riale.<\/p>\n<p>Au cours de ses 23 ann\u00e9es d&rsquo;activit\u00e9, Stampfer va d\u00e9velopper sa pratique scientifique dans le domaine de la g\u00e9od\u00e9sie pour en faire un \u00e9difice didactique qui fera autorit\u00e9 bien au-del\u00e0 des fronti\u00e8res autrichiennes, m\u00eame s&rsquo;il ne porte jamais son nom. Stampfer ne d\u00e9couvrira pas de nouveau principe physique comme son \u00e9l\u00e8ve Christian Doppler, mais il apportera de nombreuses am\u00e9liorations aux instruments de mesure. Il est l&rsquo;un des premiers \u00e0 reconna\u00eetre la n\u00e9cessit\u00e9 de donner une base scientifique \u00e0 l&rsquo;industrie optique. Il devient le conseiller des opticiens viennois, comme Pl\u00f6ssl et Voigtl\u00e4nder, d\u00e9veloppe la lunette dialytique, et parvient m\u00eame \u00e0 faire en sorte que l&rsquo;Autriche ne d\u00e9pende plus de l&rsquo;\u00e9tranger pour l&rsquo;approvisionnement en verre et que la premi\u00e8re usine de verre optique soit construite \u00e0 Vienne en 1844.<\/p>\n<p>La co\u00efncidence entre le d\u00e9but de l&rsquo;activit\u00e9 de Stampfer et la mort de Joseph von Fraunhofer en 1826 fut le signe ext\u00e9rieur de la succession de Fraunhofer; car ce qui avait \u00e9t\u00e9 Fraunhofer pour l&rsquo;optique allemande, Simon Stampfer le devint pour l&rsquo;optique en Autriche.<\/p>\n<p>Le destin personnel de Stampfer ressemble \u00e9galement \u00e0 celui de Fraunhofer. Lorsque Fraunhofer avait quatorze ans, le b\u00e2timent dans lequel il travaillait s&rsquo;est effondr\u00e9 et l&rsquo;a bless\u00e9 sous les d\u00e9combres. Stampfer avait lui aussi \u00e9t\u00e9 frapp\u00e9 \u00e0 la t\u00eate par la chute d&rsquo;un morceau de bois lorsqu&rsquo;il \u00e9tait enfant et en avait souffert toute sa vie, si bien qu&rsquo;\u00e0 58 ans, alors que son bras droit \u00e9tait compl\u00e8tement paralys\u00e9, il commen\u00e7ait encore \u00e0 \u00e9crire de la main gauche. Les performances de ces deux scientifiques sont v\u00e9rifiables, mais leur importance en tant qu&rsquo;opticiens techniciens et calculateurs, dont le secteur \u00ab\u00a0m\u00e9canique de pr\u00e9cision et optique\u00a0\u00bb se nourrit encore aujourd&rsquo;hui, est difficile \u00e0 prouver en raison du secret qui entourait l&rsquo;industrie \u00e0 l&rsquo;\u00e9poque et encore aujourd&rsquo;hui. Il n&rsquo;existe pratiquement aucun instrument optique qui ait \u00e9t\u00e9 cr\u00e9\u00e9 ou am\u00e9lior\u00e9 sans l&rsquo;aide des deux hommes. Ils ont tous deux influenc\u00e9 tous les d\u00e9veloppements de l&rsquo;optique moderne.<\/p>\n<p>Dans l&rsquo;atelier m\u00e9canique de l&rsquo;Institut polytechnique royal et imp\u00e9rial, il trouve un partenaire cong\u00e9nial, le m\u00e9canicien Christoph Starke, avec lequel il d\u00e9veloppe toute une g\u00e9n\u00e9ration de nouveaux instruments pour la m\u00e9trologie et l&rsquo;astronomie. La correspondance avec les directeurs de l&rsquo;observatoire de l&rsquo;abbaye b\u00e9n\u00e9dictine de Kremsm\u00fcnster, Schwarzenbrunner et Marian Koller, sans doute le meilleur ami de Stampfer, qui travaillait au minist\u00e8re de la Culture et de l&rsquo;\u00c9ducation \u00e0 Vienne \u00e0 partir de 1849 et chez qui Stampfer avait pass\u00e9 tous les dimanches midi pendant 17 ans, est le meilleur exemple de sa contribution. Il am\u00e9liore les anciens appareils, s&rsquo;occupe des nouvelles commandes et fait ainsi des inventions qui enrichissent consid\u00e9rablement l&rsquo;astronomie. L&rsquo;atelier ne se contentera pas de fabriquer des prototypes, mais produira des appareils en grande s\u00e9rie et acquerra ainsi une r\u00e9putation mondiale.<\/p>\n<p>En 1833, il invente les disques stroboscopiques et les fait commercialiser la m\u00eame ann\u00e9e sous le nom de \u00ab\u00a0disques magiques\u00a0\u00bb. Il d\u00e9clenche ainsi un tel engouement pour les stroboscopes que le tirage est \u00ab\u00a0\u00e9puis\u00e9\u00a0\u00bb en quatre semaines. Mais il ne s&rsquo;agissait pas pour lui de faire des affaires. Pour lui, le stroboscope \u00e9tait une mission de recherche. Il \u00e9tudia ses ph\u00e9nom\u00e8nes et cr\u00e9a ainsi les bases scientifiques de la cin\u00e9matographie.<\/p>\n<p>Mais c&rsquo;est son instrument de nivellement, pour lequel Stampfer obtint un brevet en 1836, qui rev\u00eatit la plus grande importance. De son vivant, plus de 3 000 instruments de niveau ont \u00e9t\u00e9 fabriqu\u00e9s et vendus dans le monde entier.<\/p>\n<p>La fondation de l&rsquo;Acad\u00e9mie imp\u00e9riale des sciences en 1847, dont il \u00e9tait membre, constitue l&rsquo;un des points forts de sa carri\u00e8re. Malgr\u00e9 sa retraite en 1848, il a continu\u00e9 \u00e0 donner des cours pendant deux ans et a dirig\u00e9 l&rsquo;institut jusqu&rsquo;en 1851, lorsque son successeur Christian Doppler a \u00e9t\u00e9 nomm\u00e9 \u00e0 la premi\u00e8re chaire de physique de l&rsquo;universit\u00e9 de Vienne.<\/p>\n<p>Apr\u00e8s cela, pratiquement sourd et paralys\u00e9 du bras droit, il ne sortait plus que rarement de son appartement de la Taubstummengasse. Son fils, Anton, \u00e9tait mort de tuberculose pulmonaire peu apr\u00e8s sa nomination comme professeur de g\u00e9om\u00e9trie pratique en 1850. D&rsquo;autres coups durs ne furent pas \u00e9pargn\u00e9s \u00e0 l&rsquo;enseignant de Doppler. Trois mois plus tard, sa fille cadette, Barbara Maria, mourut \u00e9galement de tuberculose pulmonaire. La femme de Stampfer ne devait pas survivre longtemps \u00e0 la mort de ses deux enfants. La fille a\u00een\u00e9e de Simon Stampfer, Louise, \u00e9pousa Joseph Philipp Herr en 1853. Stampfer ne fr\u00e9quentait plus que ces deux \u00e9poux et quelques rares amis, comme ses anciens m\u00e9caniciens, p\u00e8re et fils Starke, comme le p\u00e8re Marian Koller et le professeur Kreil. Mais quel cercle illustre \u00e9tait-ce l\u00e0 ? Lorsque Stampfer mourut en 1866, l&rsquo;\u00e8re industrielle de l&rsquo;institut polytechnique et la \u00ab\u00a0br\u00e8ve floraison de l&rsquo;optique\u00a0\u00bb \u00e0 Vienne \u00e9taient termin\u00e9es. En 1894, la \u00ab\u00a0Stampfergasse\u00a0\u00bb \u00e0 Vienne-Hietzing a \u00e9t\u00e9 nomm\u00e9e en son honneur.<\/p>\n<h2><strong>Simon Stampfer et Christian Doppler<\/strong><\/h2>\n<p>Simon Stampfer, qui, en plus de son emploi de suppl\u00e9ant au lyc\u00e9e en 1816, obtient un deuxi\u00e8me emploi du m\u00eame type au gymnase pour les math\u00e9matiques, l&rsquo;histoire naturelle, la physique et les langues latine et grecque, conseille \u00e0 Johann Doppler de donner \u00e0 son fils Christian une formation sup\u00e9rieure. C&rsquo;est Stampfer qui enseigne ces mati\u00e8res \u00e0 Christian au lyc\u00e9e.<\/p>\n<p>Au-del\u00e0 de la mati\u00e8re enseign\u00e9e, Stampfer donne des suggestions et des id\u00e9es, s&rsquo;efforce de transmettre son savoir de mani\u00e8re compr\u00e9hensible et de rendre les cours divertissants. Il sait enthousiasmer ses \u00e9l\u00e8ves par des d\u00e9monstrations pratiques des appareils techniques de son \u00ab\u00a0cabinet de physique\u00a0\u00bb. M\u00eame pendant les vacances, il emm\u00e8ne ses \u00e9l\u00e8ves en excursion dans les environs de Salzbourg, notamment sur l&rsquo;Untersberg, le G<span style=\"text-decoration: line-through;\">e<\/span><strong>a<\/strong>isberg et le Watzman<strong>n<\/strong> &#8211; \u00ab\u00a0C&rsquo;\u00e9taient des f\u00eates pour les \u00e9l\u00e8ves, auxquelles participer \u00e9tait consid\u00e9r\u00e9 comme un honneur et une distinction ; les mesures barom\u00e9triques et autres ne manquaient jamais de mati\u00e8re \u00e0 l&rsquo;enseignement\u00a0\u00bb, \u00e9crit son futur gendre, le professeur Josef Herr.<\/p>\n<p>L&rsquo;ann\u00e9e o\u00f9 Christian entra au lyc\u00e9e, Stampfer dut \u00e9galement recevoir l&rsquo;autorisation d&rsquo;installer un observatoire dans la tour du ch\u00e2teau de Mirabell. La tour avait d\u00e9j\u00e0 acquis de l&rsquo;importance en 1806 en tant que point fixe d&rsquo;arpentage. Elle servait maintenant de laboratoire astronomique \u00e0 Stampfer. Nous pouvons supposer que Christian l&rsquo;accompagnait pour observer le ciel nocturne \u00e0 travers une trappe dans la coupole. Avec la lunette, Stampfer faisait r\u00e9guli\u00e8rement des observations astronomiques et calculait les trajectoires des com\u00e8tes.<\/p>\n<p>Avec une grande habilet\u00e9 manuelle, il fabriquait lui-m\u00eame des barom\u00e8tres, des thermom\u00e8tres et des t\u00e9l\u00e9m\u00e8tres et laissait son \u00e9l\u00e8ve les observer. Cette pi\u00e8ce servit de laboratoire \u00e0 Stampfer jusqu&rsquo;au 30 avril 1818, date \u00e0 laquelle l&rsquo;incendie de la ville r\u00e9duisit en cendres la majeure partie de la vieille ville situ\u00e9e sur la rive droite, et avec elle la tour. Heureusement, Stampfer a pu sauver tous les instruments et les notes des travaux d&rsquo;arpentage qu&rsquo;il avait r\u00e9alis\u00e9s lors des relev\u00e9s de la fronti\u00e8re entre Salzbourg et la Bavi\u00e8re.<\/p>\n<p>Lorsque Stampfer devient professeur de math\u00e9matiques \u00e9l\u00e9mentaires au lyc\u00e9e en 1819, il demande \u00e0 \u00eatre lib\u00e9r\u00e9 de son obligation d&rsquo;enseigner au lyc\u00e9e \u00e0 partir de 1820\/21. C&rsquo;est plus qu&rsquo;une co\u00efncidence si Doppler fr\u00e9quente lui aussi en 1820\/21 la 4e classe de l&rsquo;\u00e9cole normale allemande de Linz, le chef-lieu de district de l&rsquo;\u00e9poque, qui aurait pu correspondre \u00e0 peu pr\u00e8s \u00e0 la 4e classe du premier cycle d&rsquo;une AHS actuelle. L&rsquo;\u00e9cole se trouvait au 23 de la Hofgasse, o\u00f9 Anton Bruckner et Rainer Maria Rilke sont \u00e9galement all\u00e9s. Une plaque comm\u00e9morative a \u00e9t\u00e9 appos\u00e9e en 2003.<\/p>\n<p>Apr\u00e8s avoir obtenu son dipl\u00f4me, Doppler s&rsquo;est install\u00e9 en 1821 \u00e0 Vienne, sur recommandation de Stampfer, o\u00f9 il a entam\u00e9 des \u00e9tudes de math\u00e9matiques, de physique et de g\u00e9om\u00e9trie \u00e0 l&rsquo;Institut polytechnique, l&rsquo;actuelle Universit\u00e9 technique. Josef Hantschl (1769 &#8211; 2.6.1826), professeur de math\u00e9matiques pures et sup\u00e9rieures, sut rendre les r\u00e9sultats des math\u00e9matiques utiles dans la vie. La r\u00e9ussite de ses \u00e9tudes \u00e9tait toujours bonne. Son comportement exemplaire, son assiduit\u00e9 et ses progr\u00e8s dans les \u00e9tudes ont \u00e9t\u00e9 particuli\u00e8rement mis en avant. D\u00e8s ses ann\u00e9es d&rsquo;\u00e9cole \u00e0 Salzbourg, Doppler aurait re\u00e7u de Stampfer une m\u00e9daille portant l&rsquo;inscription &lsquo;DEVIENS UTILE&rsquo; en guise de prime pour ses bons r\u00e9sultats scolaires.<\/p>\n<p>Apr\u00e8s ses examens, Doppler a postul\u00e9 pour un poste d&rsquo;assistant aupr\u00e8s de Hantschl, mais ce dernier a estim\u00e9 que Doppler, malgr\u00e9 ses excellents r\u00e9sultats, n&rsquo;\u00e9tait pas encore pleinement form\u00e9 aux math\u00e9matiques. Doppler d\u00e9cida donc de retourner \u00e0 Salzbourg pour passer son baccalaur\u00e9at au lyc\u00e9e.<\/p>\n<p>Entre-temps, Stampfer, qui avait d\u00fb se rendre \u00e0 l&rsquo;\u00e9vidence qu&rsquo;il n&rsquo;y avait pas d&rsquo;avenir scientifique pour lui \u00e0 Salzbourg &#8211; le lyc\u00e9e avait \u00e9t\u00e9 d\u00e9grad\u00e9 en lyc\u00e9e de \u00ab\u00a0second degr\u00e9\u00a0\u00bb &#8211; a pu gagner le concours contre de nombreux concurrents \u00e0 Vienne et devenir en 1815 professeur dans l&rsquo;une des plus excellentes universit\u00e9s d&rsquo;Europe.<\/p>\n<p>En 1832, la Soci\u00e9t\u00e9 des m\u00e9decins et naturalistes allemands se r\u00e9unit pour la premi\u00e8re fois \u00e0 Vienne. Doppler y participera en tant qu&rsquo;invit\u00e9 \u00e0 la r\u00e9union, au cours de laquelle Stampfer pr\u00e9sentera un nouvel instrument, l&rsquo;optom\u00e8tre. Il est encore utilis\u00e9 aujourd&rsquo;hui presque sans changement pour mesurer la r\u00e9fraction et l&rsquo;amplitude d&rsquo;accommodation de l&rsquo;\u0153il, c&rsquo;est-\u00e0-dire pour d\u00e9terminer les lunettes n\u00e9cessaires \u00e0 l&rsquo;\u0153il.<\/p>\n<p>Le 24 f\u00e9vrier 1849, Doppler arrive \u00e0 Vienne pour succ\u00e9der \u00e0 son professeur Stampfer. Le fils tr\u00e8s dou\u00e9 de Stampfer, Anton (1825-1850), devient son assistant. Il fait la fiert\u00e9 de son p\u00e8re et Doppler le destine \u00e0 lui succ\u00e9der lorsqu&rsquo;il devient le premier directeur du tout nouvel Institut de physique de l&rsquo;universit\u00e9. Mais Anton meurt en 1850, et Stampfer, le premier professeur de Doppler, continue \u00e0 donner les cours de son \u00e9l\u00e8ve pendant deux ans, aid\u00e9 par son assistant Joseph Philipp Herr (1819-1884), son futur gendre, qui sera \u00e9lu premier recteur de l&rsquo;institut polytechnique en 1866.<\/p>\n<p>&nbsp;<\/p>\n","protected":false},"excerpt":{"rendered":"<p>Stampfer, n\u00e9 dans le hameau le plus \u00e9lev\u00e9 de l&rsquo;ancienne route du Tauern, entre Matrei et le Tauernhaus, \u00e9tait le fils de parents d\u00e9munis, tisserands contraints \u00e0 la migration et ne trouvant refuge chez des proches que juste le temps de la naissance. Il fr\u00e9quente l&rsquo;\u00e9cole pour la premi\u00e8re fois \u00e0 l&rsquo;\u00e2ge de onze ans, traverse le Felbertauern \u00e0 pied [&hellip;]<\/p>\n","protected":false},"author":1,"featured_media":0,"parent":0,"menu_order":0,"comment_status":"closed","ping_status":"closed","template":"","meta":{"_acf_changed":false,"advgb_blocks_editor_width":"","advgb_blocks_columns_visual_guide":"","footnotes":""},"class_list":["post-7001","page","type-page","status-publish","hentry"],"acf":[],"featured_image_urls_v2":{"full":"","thumbnail":"","medium":"","medium_large":"","large":"","timeline-express":"","timeline-express-thumbnail":"","1536x1536":"","2048x2048":""},"post_excerpt_stackable_v2":"<p>Stampfer, n\u00e9 dans le hameau le plus \u00e9lev\u00e9 de l&rsquo;ancienne route du Tauern, entre Matrei et le Tauernhaus, \u00e9tait le fils de parents d\u00e9munis, tisserands contraints \u00e0 la migration et ne trouvant refuge chez des proches que juste le temps de la naissance. Il fr\u00e9quente l&rsquo;\u00e9cole pour la premi\u00e8re fois \u00e0 l&rsquo;\u00e2ge de onze ans, traverse le Felbertauern \u00e0 pied jusqu&rsquo;\u00e0 Salzbourg \u00e0 l&rsquo;\u00e2ge de 17 ans et y fera ses \u00e9tudes au lyc\u00e9e avec mention. En 1816, Stampfer est engag\u00e9 comme suppl\u00e9ant, c&rsquo;est-\u00e0-dire professeur auxiliaire, pour les math\u00e9matiques \u00e9l\u00e9mentaires et la physique au lyc\u00e9e. Stampfer est un enseignant corps\u2026<\/p>\n","category_list_v2":"","author_info_v2":{"name":"Technik Admin","url":"https:\/\/www.christian-doppler.net\/fr\/author\/wp_admin\/"},"comments_num_v2":"0 commentaire","coauthors":[],"author_meta":{"author_link":"https:\/\/www.christian-doppler.net\/fr\/author\/wp_admin\/","display_name":"Technik Admin"},"relative_dates":{"created":"Publi\u00e9 3 ans il y a","modified":"Mis \u00e0 jour 3 ans il y a"},"absolute_dates":{"created":"Publi\u00e9 le 23 janvier 2023","modified":"Mise \u00e0 jour le 23 janvier 2023"},"absolute_dates_time":{"created":"Publi\u00e9 le 23 janvier 2023 16h34","modified":"Mise \u00e0 jour le 23 janvier 2023 16h34"},"featured_img_caption":"","featured_img":false,"series_order":"","_links":{"self":[{"href":"https:\/\/www.christian-doppler.net\/fr\/wp-json\/wp\/v2\/pages\/7001","targetHints":{"allow":["GET"]}}],"collection":[{"href":"https:\/\/www.christian-doppler.net\/fr\/wp-json\/wp\/v2\/pages"}],"about":[{"href":"https:\/\/www.christian-doppler.net\/fr\/wp-json\/wp\/v2\/types\/page"}],"author":[{"embeddable":true,"href":"https:\/\/www.christian-doppler.net\/fr\/wp-json\/wp\/v2\/users\/1"}],"replies":[{"embeddable":true,"href":"https:\/\/www.christian-doppler.net\/fr\/wp-json\/wp\/v2\/comments?post=7001"}],"version-history":[{"count":1,"href":"https:\/\/www.christian-doppler.net\/fr\/wp-json\/wp\/v2\/pages\/7001\/revisions"}],"predecessor-version":[{"id":7002,"href":"https:\/\/www.christian-doppler.net\/fr\/wp-json\/wp\/v2\/pages\/7001\/revisions\/7002"}],"wp:attachment":[{"href":"https:\/\/www.christian-doppler.net\/fr\/wp-json\/wp\/v2\/media?parent=7001"}],"curies":[{"name":"wp","href":"https:\/\/api.w.org\/{rel}","templated":true}]}}