{"id":6992,"date":"2023-01-23T15:30:31","date_gmt":"2023-01-23T14:30:31","guid":{"rendered":"https:\/\/www.christian-doppler.net\/?page_id=6992"},"modified":"2023-01-23T15:30:31","modified_gmt":"2023-01-23T14:30:31","slug":"karl-kreil-4-11-1798-a-ried-innkreis-21-12-1862-a-vienne","status":"publish","type":"page","link":"https:\/\/www.christian-doppler.net\/fr\/karl-kreil-4-11-1798-a-ried-innkreis-21-12-1862-a-vienne\/","title":{"rendered":"Karl Kreil (4.11.1798, \u00e0 Ried \/ Innkreis &#8211; 21.12.1862, \u00e0 Vienne)"},"content":{"rendered":"<p>Kreil a fr\u00e9quent\u00e9 le coll\u00e8ge de Kremsm\u00fcnster de 1810 \u00e0 1819, o\u00f9 il participait d\u00e9j\u00e0 aux observations astronomiques et m\u00e9t\u00e9orologiques de P. B. Schwarzenbrunner \u00e0 l&rsquo;observatoire de cette institution. 1819-27 : il \u00e9tudie \u00e0 l&rsquo;universit\u00e9 de Vienne, d&rsquo;abord deux ans de droit, puis les math\u00e9matiques, la physique et l&rsquo;astronomie. En 1827, assistant de Littrow \u00e0 l&rsquo;observatoire de Vienne, en 1831, engagement \u00e0 l&rsquo;observatoire de la Brera \u00e0 Milan, o\u00f9 il commen\u00e7a en 1836 \u00e0 effectuer des mesures magn\u00e9tiques terrestres. En 1838, il devient adjoint, puis directeur de l&rsquo;observatoire de Prague en 1845. Il s&rsquo;effor\u00e7a de remettre en \u00e9tat l&rsquo;observatoire, qui \u00e9tait tomb\u00e9 en ruine, avec des instruments qu&rsquo;il acheta avec ses propres \u00e9conomies. Bien qu&rsquo;il n&rsquo;ait pu installer son observatoire que dans un local ordinaire, celui-ci occupait d\u00e9j\u00e0 la premi\u00e8re place apr\u00e8s celui de G\u00f6ttingen au bout d&rsquo;un an et demi. Ses observations lui valurent la plus grande reconnaissance de Gauss, Humboldt, Sir J. Herschel et d&rsquo;autres. Il a le m\u00e9rite d&rsquo;avoir effectu\u00e9 les premiers relev\u00e9s magn\u00e9tiques non seulement en Autriche, mais aussi dans les Balkans, en Turquie et dans la r\u00e9gion de l&rsquo;Adriatique. Il a fourni le mat\u00e9riel sur la base duquel une th\u00e9orie du magn\u00e9tisme terrestre a pu \u00eatre \u00e9labor\u00e9e. \u00c0 Prague, il a \u00e9labor\u00e9 un plan pour un r\u00e9seau d&rsquo;observation m\u00e9t\u00e9orologique et, comme il manquait de collaborateurs, pour la construction d&rsquo;appareils d&rsquo;enregistrement de la pression atmosph\u00e9rique, de la temp\u00e9rature, du vent, de l&rsquo;humidit\u00e9 et des pr\u00e9cipitations.<\/p>\n<p>Membre de l&rsquo;Acad\u00e9mie des sciences de Vienne \u00e0 partir de 1847. En 1851, il prend la direction de l&rsquo;Institut central de m\u00e9t\u00e9orologie et de magn\u00e9tisme terrestre nouvellement cr\u00e9\u00e9 \u00e0 Vienne en tant que premier directeur. Il fut \u00e9galement nomm\u00e9 professeur de physique \u00e0 l&rsquo;universit\u00e9. Il re\u00e7ut en outre l&rsquo;obligation de \u00ab\u00a0donner des conf\u00e9rences sur les r\u00e9sultats de ses recherches \u00e0 l&rsquo;universit\u00e9 de Vienne, dans la mesure o\u00f9 les obligations qui lui incombent en premier lieu en tant que directeur de l&rsquo;institut m\u00e9t\u00e9orologique le lui permettent\u00a0\u00bb. Une nouvelle \u00e8re commen\u00e7ait ainsi. Kreil devint le fondateur de la grande tradition de la m\u00e9t\u00e9orologie autrichienne et du magn\u00e9tisme terrestre&#8230;<\/p>\n<h2><strong>Karl Kreil et Christian Doppler<\/strong><\/h2>\n<p>Kreil \u00e9tait pr\u00e9sent \u00e0 la s\u00e9ance de la section math\u00e9matique du 5 nov. 1840, \u00e0 laquelle Doppler participait pour la premi\u00e8re fois, ainsi qu&rsquo;\u00e0 la deuxi\u00e8me s\u00e9ance du 3 d\u00e9c. 1840, au cours de laquelle Doppler fit des remarques critiques sur l&rsquo;article de Kulik. Kreil a assist\u00e9 \u00e0 toutes les autres conf\u00e9rences de Doppler, \u00e0 l&rsquo;exception de celle o\u00f9 Doppler a pr\u00e9sent\u00e9 le principe qui portera son nom par la suite. N\u00e9anmoins, comme Bolzano, il a soutenu ce principe sans compromis et s&rsquo;est efforc\u00e9 d&rsquo;apporter des preuves acoustiques dans \u00ab\u00a0Astronomisch-meteorologisches Jahrbuch f\u00fcr Prag, Dritter Jahrgang 1844. Prague 1843\u00a0\u00bb, dans un article intitul\u00e9 \u00ab\u00a0Dopplers Erkl\u00e4rung des farbigen Lichtes der Doppelsterne und einige anderen Gestirne\u00a0\u00bb. Il fait appel au chemin de fer pour introduire de grandes vitesses terrestres et anticipe ainsi th\u00e9oriquement d\u00e9j\u00e0 les tentatives du physicien hollandais Buys-Ballot de 1845.<\/p>\n<p>Dans la revue \u00ab\u00a0\u00d6sterreichische Bl\u00e4tter f\u00fcr Literatur und Kunst\u00a0\u00bb, Kreil \u00e9crit en 1845, un hommage inhabituellement \u00e9logieux \u00e0 Doppler sous le titre : \u00ab\u00a0Les r\u00e9alisations scientifiques de Christian Doppler\u00a0\u00bb. Inhabituel parce que la revue n&rsquo;a jamais fait le portrait d&rsquo;un scientifique de son vivant, ni avant ni apr\u00e8s. Il explique que \u00ab\u00a0les travaux de Doppler sont ind\u00e9niables, et chacun d&rsquo;entre eux a sa valeur propre, car il attire l&rsquo;attention sur une v\u00e9rit\u00e9 qui a \u00e9chapp\u00e9 \u00e0 la recherche jusqu&rsquo;\u00e0 pr\u00e9sent, et en d\u00e9duit les applications les plus utiles par les d\u00e9ductions les plus astucieuses, souvent tout \u00e0 fait surprenantes\u00a0\u00bb.<\/p>\n<p>Kreil \u00e9tait \u00e9galement pr\u00e9sent lorsque, le 20 mai 1846, Doppler pr\u00e9senta \u00e0 la r\u00e9union de la \u00ab\u00a0Section des sciences naturelles et des math\u00e9matiques appliqu\u00e9es\u00a0\u00bb, sans doute dans une premi\u00e8re version, un travail que son petit-fils, Adolf Doppler, retrouvera dans sa succession. Le proc\u00e8s-verbal indique : \u00ab\u00a0Monsieur Doppler a parl\u00e9 dans un expos\u00e9 libre de la possibilit\u00e9 de d\u00e9terminer par voie exp\u00e9rimentale les \u00e9tats absolus ainsi que le nombre absolu des diff\u00e9rentes mol\u00e9cules constituant un corps solide\u00a0\u00bb.<\/p>\n<p>Kreil a \u00e9pous\u00e9 en 1851 Mathilde von Pfl\u00fcgl, la s\u0153ur de Hermann von Pfl\u00fcgl. Ce dernier avait \u00e9pous\u00e9 en secondes noces Mathilde Doppler, la fille a\u00een\u00e9e de Christian Doppler. Kreil \u00e9tait ainsi devenu le beau-fr\u00e8re de la fille de Doppler. Apr\u00e8s la mort de Doppler en 1853, Kreil fut le co-tuteur des enfants de Doppler, apportant son aide \u00e9ducative et peut-\u00eatre aussi mat\u00e9rielle.<\/p>\n<p>C&rsquo;est \u00e9galement \u00e0 Kreil que nous devons l&rsquo;importante n\u00e9crologie de Doppler dans la \u00ab\u00a0Zeitschrift der Gymnasien\u00a0\u00bb. On peut y lire : \u00ab\u00a0Le c\u00e9l\u00e8bre astronome britannique Herschel a envoy\u00e9 \u00e0 Christian Doppler, en signe de reconnaissance pour cette d\u00e9couverte riche de sens, l&rsquo;ouvrage rare et pr\u00e9cieux contenant ses observations astronomiques \u00e0 l&rsquo;observatoire du Cap\u00a0\u00bb. C&rsquo;est la seule information que nous ayons re\u00e7ue sur cette remarquable reconnaissance internationale. Le livre de Sir John Frederick William Herschel s&rsquo;intitule \u00ab\u00a0Results of Astronomical Observations Made at the Cape of Good Hope\u00a0\u00bb et a \u00e9t\u00e9 publi\u00e9 \u00e0 Londres en 1847. Il cite la d\u00e9couverte d&rsquo;une s\u00e9rie d&rsquo;\u00e9toiles doubles.<\/p>\n<p>&nbsp;<\/p>\n","protected":false},"excerpt":{"rendered":"<p>Kreil a fr\u00e9quent\u00e9 le coll\u00e8ge de Kremsm\u00fcnster de 1810 \u00e0 1819, o\u00f9 il participait d\u00e9j\u00e0 aux observations astronomiques et m\u00e9t\u00e9orologiques de P. B. Schwarzenbrunner \u00e0 l&rsquo;observatoire de cette institution. 1819-27 : il \u00e9tudie \u00e0 l&rsquo;universit\u00e9 de Vienne, d&rsquo;abord deux ans de droit, puis les math\u00e9matiques, la physique et l&rsquo;astronomie. En 1827, assistant de Littrow \u00e0 l&rsquo;observatoire de Vienne, en 1831, [&hellip;]<\/p>\n","protected":false},"author":1,"featured_media":0,"parent":0,"menu_order":0,"comment_status":"closed","ping_status":"closed","template":"","meta":{"_acf_changed":false,"advgb_blocks_editor_width":"","advgb_blocks_columns_visual_guide":"","footnotes":""},"class_list":["post-6992","page","type-page","status-publish","hentry"],"acf":[],"featured_image_urls_v2":{"full":"","thumbnail":"","medium":"","medium_large":"","large":"","timeline-express":"","timeline-express-thumbnail":"","1536x1536":"","2048x2048":""},"post_excerpt_stackable_v2":"<p>Kreil a fr\u00e9quent\u00e9 le coll\u00e8ge de Kremsm\u00fcnster de 1810 \u00e0 1819, o\u00f9 il participait d\u00e9j\u00e0 aux observations astronomiques et m\u00e9t\u00e9orologiques de P. B. Schwarzenbrunner \u00e0 l&rsquo;observatoire de cette institution. 1819-27 : il \u00e9tudie \u00e0 l&rsquo;universit\u00e9 de Vienne, d&rsquo;abord deux ans de droit, puis les math\u00e9matiques, la physique et l&rsquo;astronomie. En 1827, assistant de Littrow \u00e0 l&rsquo;observatoire de Vienne, en 1831, engagement \u00e0 l&rsquo;observatoire de la Brera \u00e0 Milan, o\u00f9 il commen\u00e7a en 1836 \u00e0 effectuer des mesures magn\u00e9tiques terrestres. En 1838, il devient adjoint, puis directeur de l&rsquo;observatoire de Prague en 1845. Il s&rsquo;effor\u00e7a de remettre en \u00e9tat l&rsquo;observatoire, qui\u2026<\/p>\n","category_list_v2":"","author_info_v2":{"name":"Technik Admin","url":"https:\/\/www.christian-doppler.net\/fr\/author\/wp_admin\/"},"comments_num_v2":"0 commentaire","coauthors":[],"author_meta":{"author_link":"https:\/\/www.christian-doppler.net\/fr\/author\/wp_admin\/","display_name":"Technik Admin"},"relative_dates":{"created":"Publi\u00e9 3 ans il y a","modified":"Mis \u00e0 jour 3 ans il y a"},"absolute_dates":{"created":"Publi\u00e9 le 23 janvier 2023","modified":"Mise \u00e0 jour le 23 janvier 2023"},"absolute_dates_time":{"created":"Publi\u00e9 le 23 janvier 2023 15h30","modified":"Mise \u00e0 jour le 23 janvier 2023 15h30"},"featured_img_caption":"","featured_img":false,"series_order":"","_links":{"self":[{"href":"https:\/\/www.christian-doppler.net\/fr\/wp-json\/wp\/v2\/pages\/6992","targetHints":{"allow":["GET"]}}],"collection":[{"href":"https:\/\/www.christian-doppler.net\/fr\/wp-json\/wp\/v2\/pages"}],"about":[{"href":"https:\/\/www.christian-doppler.net\/fr\/wp-json\/wp\/v2\/types\/page"}],"author":[{"embeddable":true,"href":"https:\/\/www.christian-doppler.net\/fr\/wp-json\/wp\/v2\/users\/1"}],"replies":[{"embeddable":true,"href":"https:\/\/www.christian-doppler.net\/fr\/wp-json\/wp\/v2\/comments?post=6992"}],"version-history":[{"count":1,"href":"https:\/\/www.christian-doppler.net\/fr\/wp-json\/wp\/v2\/pages\/6992\/revisions"}],"predecessor-version":[{"id":6993,"href":"https:\/\/www.christian-doppler.net\/fr\/wp-json\/wp\/v2\/pages\/6992\/revisions\/6993"}],"wp:attachment":[{"href":"https:\/\/www.christian-doppler.net\/fr\/wp-json\/wp\/v2\/media?parent=6992"}],"curies":[{"name":"wp","href":"https:\/\/api.w.org\/{rel}","templated":true}]}}