{"id":6990,"date":"2023-01-23T15:28:59","date_gmt":"2023-01-23T14:28:59","guid":{"rendered":"https:\/\/www.christian-doppler.net\/?page_id=6990"},"modified":"2023-01-23T15:28:59","modified_gmt":"2023-01-23T14:28:59","slug":"franz-exner-28-8-1802-a-vienne-21-6-1853-a-padoue","status":"publish","type":"page","link":"https:\/\/www.christian-doppler.net\/fr\/franz-exner-28-8-1802-a-vienne-21-6-1853-a-padoue\/","title":{"rendered":"Franz Exner (28.8.1802 \u00e0 Vienne &#8211; 21.6.1853 \u00e0 Padoue)"},"content":{"rendered":"<p>Franz Serafin Exner a \u00e9tudi\u00e9 la philosophie de 1818 \u00e0 1821 et, \u00e0 partir de 1822, \u00e9galement le droit \u00e0 Vienne et \u00e0 Padoue. Apr\u00e8s avoir obtenu son doctorat en 1827 \u00e0 Vienne, il fut assistant d&rsquo;enseignement de l&rsquo;\u00e9ducation et de la philosophie jusqu&rsquo;en 1831. Leopold Rembold (1785-1844) avait \u00e9veill\u00e9 son int\u00e9r\u00eat pour la philosophie, son influence fut d\u00e9terminante pour l&rsquo;orientation de la vie d&rsquo;Exner. Il fut douloureux pour Exner de devenir en 1830-1831 l&rsquo;adjoint de son professeur, qui avait \u00e9t\u00e9 suspendu en 1824 en raison de \u00ab\u00a0principes erron\u00e9s, de l&rsquo;obscurit\u00e9 et de l&rsquo;inutilit\u00e9 de ses cours\u00a0\u00bb. Professeur de philosophie \u00e0 Prague \u00e0 partir de 1832, Exner y devint, en \u00e0 peine huit ans, le plus populaire de tous les professeurs. Personne ne pouvait se soustraire \u00e0 ses paroles, rapporte son petit-fils, le prix Nobel Karl von Frisch, qui a recueilli plusieurs d\u00e9clarations telles que : \u00ab\u00a0Les meilleurs d&rsquo;entre nous quittaient la salle dans une \u00e9motion et un \u00e9moi qui r\u00e9sonnaient encore longtemps dans les esprits et restaient d&rsquo;une influence durable sur le caract\u00e8re et la formation de l&rsquo;esprit\u00a0\u00bb. Exner enseigna pendant 17 ans \u00e0 Prague &#8211; jusqu&rsquo;\u00e0 sa nomination comme conseiller minist\u00e9riel au minist\u00e8re de l&rsquo;\u00e9ducation \u00e0 Vienne en 1848. En 1840, Exner avait \u00e9pous\u00e9 Charlotte Dusensy (1816-1859) qui, en tant que fille d&rsquo;un commer\u00e7ant pragois fortun\u00e9, pouvait tenir une maison mondaine. Le salon Exner r\u00e9unissait \u00ab\u00a0comme une acad\u00e9mie les esprits les plus \u00e9rudits et les plus perspicaces de Prague\u00a0\u00bb. Les lectures \u00e9taient consacr\u00e9es \u00e0 la po\u00e9sie et \u00e0 la philosophie, notamment aux \u0153uvres du philosophe, p\u00e9dagogue et psychologue Herbart (1776-1884). Exner s&rsquo;est surtout fait largement conna\u00eetre sur le plan scientifique par sa critique de Hegel.<\/p>\n<p>En 1848, il retourna \u00e0 Vienne en tant que conseiller minist\u00e9riel au minist\u00e8re de l&rsquo;\u00c9ducation (Referat f\u00fcr Unterrichtsreform) o\u00f9, entre 1849 et 1851, sous la direction du ministre L\u00e9o-Graf von Thun-Hohenstein, qui avait \u00e9t\u00e9 son \u00e9l\u00e8ve \u00e0 Prague, il joua un r\u00f4le important dans la r\u00e9organisation du fonctionnement de l&rsquo;universit\u00e9, qui portait sur la libert\u00e9 d&rsquo;enseignement et d&rsquo;apprentissage et sur le lien entre la recherche et l&rsquo;enseignement. Il refusa \u00e0 plusieurs reprises l&rsquo;offre d&rsquo;un poste de ministre. D\u00e9j\u00e0 gravement malade, il partit en 1852 pour l&rsquo;Italie du Nord en tant que commissaire minist\u00e9riel pour l&rsquo;enseignement lombard et v\u00e9nitien, afin de mener \u00e0 bien la r\u00e9forme des \u00e9tudes dans ces provinces qui faisaient alors encore partie de la monarchie austro-hongroise. Il mourut pr\u00e9matur\u00e9ment \u00e0 Padoue en 1853, suite \u00e0 une maladie pulmonaire qui progressait rapidement.<\/p>\n<h2><strong>Franz Exner et Christian Doppler<\/strong><\/h2>\n<p>Son amiti\u00e9 \u00e9troite avec Franz Exner, dans la maison accueillante du Ro\u00dfmarkt 1282, fut d&rsquo;une importance capitale pour la vie et l&rsquo;\u0153uvre de Doppler. Il s&rsquo;y sentit tout de suite \u00e0 l&rsquo;aise et y fit d&rsquo;importantes connaissances (le p\u00e8re Schneider, Franz Palacky et Leo Graf Thun-Hohenstein). Son contact avec Exner est attest\u00e9 d\u00e8s l&rsquo;hiver 1836. Le 6.2.1837, celui-ci \u00e9crit \u00e0 Bolzano : \u00ab\u00a0J&rsquo;ai finalement d\u00fb me d\u00e9cider \u00e0 faire des math\u00e9matiques sup\u00e9rieures, notre brave Doppler m&rsquo;y aide. J&rsquo;ai aussi commenc\u00e9 l&rsquo;anatomie et la physiologie avec lui, en lisant des livres sous la main\u00a0\u00bb. Exner assistera \u00e0 de nombreuses conf\u00e9rences de Doppler \u00e0 Prague.<\/p>\n<p>Lorsque Doppler retourne \u00e0 Vienne en 1849, o\u00f9 il avait commenc\u00e9 sa carri\u00e8re en tant qu&rsquo;assistant, le nouveau ministre des Cultes et de l&rsquo;\u00c9ducation, le comte Leo Thun-Hohenstein, entreprend des r\u00e9formes fondamentales dans le domaine de l&rsquo;enseignement &#8211; dont le projet a \u00e9t\u00e9 \u00e9labor\u00e9 par Exner et le philologue berlinois Hermann Bonitz. Cette r\u00e9forme apporte enfin \u00e0 Doppler ce que ses amis esp\u00e9raient. Le 17 janvier 1850, l&#8217;empereur Fran\u00e7ois-Joseph Ier, \u00e2g\u00e9 de dix-neuf ans &#8211; l&rsquo;expos\u00e9 du comte Thun avait probablement \u00e9t\u00e9 \u00e9labor\u00e9 par Exner -, approuve la cr\u00e9ation de l&rsquo;Institut de physique \u00e0 l&rsquo;universit\u00e9 de Vienne et nomme Christian Doppler \u00e0 sa t\u00eate.<\/p>\n<p>En octobre 1851, alors que Doppler effectuait son d\u00e9m\u00e9nagement dans le nouvel institut, Exner fut contraint de prendre un cong\u00e9. Le comte Thun lui avait \u00e9crit plusieurs fois pour l&rsquo;exhorter \u00e0 se m\u00e9nager. Exner choisit Venise, car il esp\u00e9rait y retrouver la sant\u00e9, et profita de son s\u00e9jour pour r\u00e9diger un rapport sur l&rsquo;\u00e9tat des lyc\u00e9es lombards et v\u00e9nitiens. Celui-ci constitua la base de la r\u00e9organisation du syst\u00e8me d&rsquo;\u00e9tudes italien, que l&#8217;empereur sanctionna encore en octobre 1852. Le m\u00eame mois, Exner se rendit \u00e0 Vienne et tenta d&rsquo;influencer l&rsquo;humeur de l&rsquo;Acad\u00e9mie en faveur de Doppler. Mais suite \u00e0 une maladie, il dut demander un nouveau cong\u00e9 de six mois. Il se rendit \u00e0 Venise en compagnie de Doppler, mais ne resta pas longtemps et poursuivit son voyage jusqu&rsquo;\u00e0 Pavie, car il sentait, comme Doppler, qu&rsquo;il ne lui restait plus beaucoup de temps et qu&rsquo;il devait donc travailler d&rsquo;autant plus intens\u00e9ment. Il mourut le 21 juin 1853, quatre mois apr\u00e8s son ami le plus proche, Doppler.<\/p>\n","protected":false},"excerpt":{"rendered":"<p>Franz Serafin Exner a \u00e9tudi\u00e9 la philosophie de 1818 \u00e0 1821 et, \u00e0 partir de 1822, \u00e9galement le droit \u00e0 Vienne et \u00e0 Padoue. Apr\u00e8s avoir obtenu son doctorat en 1827 \u00e0 Vienne, il fut assistant d&rsquo;enseignement de l&rsquo;\u00e9ducation et de la philosophie jusqu&rsquo;en 1831. Leopold Rembold (1785-1844) avait \u00e9veill\u00e9 son int\u00e9r\u00eat pour la philosophie, son influence fut d\u00e9terminante pour [&hellip;]<\/p>\n","protected":false},"author":1,"featured_media":0,"parent":0,"menu_order":0,"comment_status":"closed","ping_status":"closed","template":"","meta":{"_acf_changed":false,"advgb_blocks_editor_width":"","advgb_blocks_columns_visual_guide":"","footnotes":""},"class_list":["post-6990","page","type-page","status-publish","hentry"],"acf":[],"featured_image_urls_v2":{"full":"","thumbnail":"","medium":"","medium_large":"","large":"","timeline-express":"","timeline-express-thumbnail":"","1536x1536":"","2048x2048":""},"post_excerpt_stackable_v2":"<p>Franz Serafin Exner a \u00e9tudi\u00e9 la philosophie de 1818 \u00e0 1821 et, \u00e0 partir de 1822, \u00e9galement le droit \u00e0 Vienne et \u00e0 Padoue. Apr\u00e8s avoir obtenu son doctorat en 1827 \u00e0 Vienne, il fut assistant d&rsquo;enseignement de l&rsquo;\u00e9ducation et de la philosophie jusqu&rsquo;en 1831. Leopold Rembold (1785-1844) avait \u00e9veill\u00e9 son int\u00e9r\u00eat pour la philosophie, son influence fut d\u00e9terminante pour l&rsquo;orientation de la vie d&rsquo;Exner. Il fut douloureux pour Exner de devenir en 1830-1831 l&rsquo;adjoint de son professeur, qui avait \u00e9t\u00e9 suspendu en 1824 en raison de \u00ab\u00a0principes erron\u00e9s, de l&rsquo;obscurit\u00e9 et de l&rsquo;inutilit\u00e9 de ses cours\u00a0\u00bb. Professeur de philosophie\u2026<\/p>\n","category_list_v2":"","author_info_v2":{"name":"Technik Admin","url":"https:\/\/www.christian-doppler.net\/fr\/author\/wp_admin\/"},"comments_num_v2":"0 commentaire","coauthors":[],"author_meta":{"author_link":"https:\/\/www.christian-doppler.net\/fr\/author\/wp_admin\/","display_name":"Technik Admin"},"relative_dates":{"created":"Publi\u00e9 3 ans il y a","modified":"Mis \u00e0 jour 3 ans il y a"},"absolute_dates":{"created":"Publi\u00e9 le 23 janvier 2023","modified":"Mise \u00e0 jour le 23 janvier 2023"},"absolute_dates_time":{"created":"Publi\u00e9 le 23 janvier 2023 15h28","modified":"Mise \u00e0 jour le 23 janvier 2023 15h28"},"featured_img_caption":"","featured_img":false,"series_order":"","_links":{"self":[{"href":"https:\/\/www.christian-doppler.net\/fr\/wp-json\/wp\/v2\/pages\/6990","targetHints":{"allow":["GET"]}}],"collection":[{"href":"https:\/\/www.christian-doppler.net\/fr\/wp-json\/wp\/v2\/pages"}],"about":[{"href":"https:\/\/www.christian-doppler.net\/fr\/wp-json\/wp\/v2\/types\/page"}],"author":[{"embeddable":true,"href":"https:\/\/www.christian-doppler.net\/fr\/wp-json\/wp\/v2\/users\/1"}],"replies":[{"embeddable":true,"href":"https:\/\/www.christian-doppler.net\/fr\/wp-json\/wp\/v2\/comments?post=6990"}],"version-history":[{"count":1,"href":"https:\/\/www.christian-doppler.net\/fr\/wp-json\/wp\/v2\/pages\/6990\/revisions"}],"predecessor-version":[{"id":6991,"href":"https:\/\/www.christian-doppler.net\/fr\/wp-json\/wp\/v2\/pages\/6990\/revisions\/6991"}],"wp:attachment":[{"href":"https:\/\/www.christian-doppler.net\/fr\/wp-json\/wp\/v2\/media?parent=6990"}],"curies":[{"name":"wp","href":"https:\/\/api.w.org\/{rel}","templated":true}]}}