{"id":6987,"date":"2023-01-23T15:27:23","date_gmt":"2023-01-23T14:27:23","guid":{"rendered":"https:\/\/www.christian-doppler.net\/?page_id=6987"},"modified":"2023-01-23T15:27:23","modified_gmt":"2023-01-23T14:27:23","slug":"adam-freiherr-von-burg-28-1-1797-a-vienne-1-2-1882-a-vienne","status":"publish","type":"page","link":"https:\/\/www.christian-doppler.net\/fr\/adam-freiherr-von-burg-28-1-1797-a-vienne-1-2-1882-a-vienne\/","title":{"rendered":"Adam Freiherr von Burg (28. 1.1797 \u00e0 Vienne &#8211; 1.2. 1882 \u00e0 Vienne)"},"content":{"rendered":"<p>Adam Burg apprit la menuiserie dans l&rsquo;entreprise de son p\u00e8re, fr\u00e9quenta de 1810 \u00e0 1813 la classe d&rsquo;architecture de l&rsquo;Acad\u00e9mie des Beaux-Arts, o\u00f9 il participa d\u00e9j\u00e0 \u00e0 l&rsquo;installation de la premi\u00e8re machine \u00e0 vapeur de Watt, et en 1815 l&rsquo;Institut polytechnique, o\u00f9 il devint assistant en 1821 et suppl\u00e9ant en math\u00e9matiques \u00e9l\u00e9mentaires en 1826. Pendant l&rsquo;ann\u00e9e 1827, professeur au lyc\u00e9e de Salzbourg, en 1828 \u00e0 nouveau professeur de math\u00e9matiques sup\u00e9rieures \u00e0 l&rsquo;institut polytechnique de Vienne. A publi\u00e9 un manuel en 1833 et un compendium de Math\u00e9matiques Sup\u00e9rieures en 1836, qui ont \u00e9t\u00e9 introduits dans de nombreuses \u00e9coles en Allemagne et \u00e0 l&rsquo;\u00e9tranger. \u00c9galement suppl\u00e9ant en 1836 et professeur de m\u00e9canique et d&rsquo;ing\u00e9nierie en 1837. A partir de 1842 et pendant 22 ans, il donne gratuitement des cours publics et populaires sur la m\u00e9canique et le g\u00e9nie m\u00e9canique tous les dimanches et jours f\u00e9ri\u00e9s. L&#8217;empereur Ferdinand Ier l&rsquo;appelle \u00e9galement \u00e0 donner des conf\u00e9rences hebdomadaires sur les derni\u00e8res nouveaut\u00e9s dans le domaine des sciences naturelles et de l&rsquo;industrie, avec des d\u00e9monstrations devant l&#8217;empereur. 1849 Directeur de l&rsquo;institut royal et imp\u00e9rial polytechnique de Vienne. En 1852, il est d\u00e9mis de ses fonctions en raison du proc\u00e8s pour haute trahison de son assistant Bez\u00e1rd, son institut est remis \u00e0 l&rsquo;administration militaire et Burg est nomm\u00e9 conseiller de section au minist\u00e8re du Commerce. Suite \u00e0 une demande de majest\u00e9, Burg fut r\u00e9int\u00e9gr\u00e9 comme professeur. Conseiller d&rsquo;\u00c9tat en 1846, citoyen d&rsquo;honneur de Vienne en 1847 pour ses m\u00e9rites dans le domaine de l&rsquo;approvisionnement en eau, de la lutte contre l&rsquo;incendie et de l&rsquo;\u00e9clairage au gaz. Il a \u00e9galement rendu de grands services \u00e0 l&rsquo;introduction du syst\u00e8me m\u00e9trique de poids et mesures, aux lois visant \u00e0 \u00e9viter les explosions de chaudi\u00e8res \u00e0 vapeur, \u00e0 la diffusion de la machine \u00e0 vapeur et \u00e0 l&rsquo;industrialisation de l&rsquo;Autriche. Membre de l&rsquo;Acad\u00e9mie des sciences de Vienne en 1848, vice-pr\u00e9sident de 1879 \u00e0 1882. Baron en 1866, membre de la Chambre des Lords en 1869.<\/p>\n<p>Le jour de son 80e anniversaire, l&rsquo;association d\u2019entreprises de Basse-Autriche. a organis\u00e9 une grande f\u00eate. Dans son discours de remerciement, le baron Burg a cit\u00e9 Doppler comme l&rsquo;un de ses \u00e9l\u00e8ves, qui ont suivi ses cours avec distinction et ont \u00e9galement obtenu des positions de vie remarquables et tr\u00e8s respect\u00e9es.<\/p>\n<h2><strong>Adam Burg und Christian Doppler<\/strong><\/h2>\n<p>Christian Doppler, qui a \u00e9tudi\u00e9 \u00e0 l&rsquo;Institut royal et imp\u00e9rial \u00e0 partir de 1822 sur recommandation de Simon Stampfer<strong>, <\/strong>chez le Prof. Hantschl \u00e0 Vienne, a postul\u00e9 en 1825 pour un poste d&rsquo;assistant vacant aupr\u00e8s de son professeur. Celui-ci trouvait cependant que Doppler, malgr\u00e9 ses excellents certificats, n&rsquo;\u00e9tait pas encore pleinement form\u00e9 aux math\u00e9matiques (Christian avait pass\u00e9 une ann\u00e9e scolaire enti\u00e8re \u00e0 Bratislava en 1824). Doppler d\u00e9cida donc de retourner \u00e0 Salzbourg pour passer son baccalaur\u00e9at au lyc\u00e9e. Celui-ci avait \u00e9t\u00e9 r\u00e9trograd\u00e9 en 1824 en un lyc\u00e9e de \u00ab\u00a0deuxi\u00e8me degr\u00e9\u00a0\u00bb et Simon Stampfer avait \u00e9t\u00e9 envoy\u00e9 en 1825 comme professeur \u00e0 l&rsquo;Institut Polytechnique Imp\u00e9rial. Christian re\u00e7ut l&rsquo;autorisation sp\u00e9ciale d&rsquo;\u00e9tudier \u00ab\u00a0en priv\u00e9\u00a0\u00bb et put accomplir cette t\u00e2che pendant la moiti\u00e9 des six semestres prescrits, \u00e0 savoir de 1825 \u00e0 1827.<\/p>\n<p>Adam Burg, qui avait succ\u00e9d\u00e9 \u00e0 Simon Stampfer \u00e0 Salzbourg en 1827 et \u00e0 qui Stampfer avait particuli\u00e8rement recommand\u00e9 son prot\u00e9g\u00e9 Doppler, revint de Salzbourg \u00e0 Vienne d\u00e8s 1828. Il reprit \u00e0 l&rsquo;Institut Polytechnique la chaire de math\u00e9matiques sup\u00e9rieures laiss\u00e9e vacante apr\u00e8s le d\u00e9c\u00e8s pr\u00e9matur\u00e9 de Hantschl le 2 juin 1826. En 1829, un poste d&rsquo;assistant est mis au concours pour la chaire de Burg. Et voil\u00e0 que Doppler tente \u00e0 nouveau sa chance. Le 14 juin 1829, il demanda que le poste lui soit attribu\u00e9. Et cette fois, le succ\u00e8s ne se fit pas attendre. Le 7 ao\u00fbt, le professeur Burg propose Christian Doppler, dont il a d\u00e9couvert le talent \u00e0 Salzbourg, pour le poste d&rsquo;assistant en math\u00e9matiques sup\u00e9rieures.<\/p>\n<p>En septembre 1829, Christian Doppler prend son poste d&rsquo;assistant aupr\u00e8s du professeur Adam Burg \u00e0 l&rsquo;Institut Polytechnique Imp\u00e9rial, aujourd&rsquo;hui Universit\u00e9 Technique, Karlsplatz, \u00e0 Vienne. Pour la premi\u00e8re fois, il obtient la s\u00e9curit\u00e9 mat\u00e9rielle \u00e0 laquelle il aspirait depuis 1825. Son salaire annuel est fix\u00e9 \u00e0 400 florins ainsi que l&rsquo;indemnit\u00e9 de logement de 60 florins, dans un premier temps pour deux ans. En quelques d\u00e9cennies, l&rsquo;Institut Polytechnique est devenu le premier centre d&rsquo;innovation et de formation d&rsquo;Europe centrale. Christian Doppler pouvait donc \u00e0 juste titre \u00eatre fier de travailler comme assistant dans cet \u00e9tablissement et de r\u00e9pondre ainsi aux attentes de ses premiers professeurs, Stampfer et Burg.<\/p>\n<p>En juillet 1831, la premi\u00e8re p\u00e9riode d&rsquo;assistanat de Doppler, fix\u00e9e par contrat, s&rsquo;achevait. Doppler demanda \u00e0 Burg de le prolonger. Par d\u00e9cret gouvernemental du 8 novembre, son poste lui fut assur\u00e9 pour deux ann\u00e9es suppl\u00e9mentaires.<\/p>\n<p>Doppler commence alors \u00e0 travailler de mani\u00e8re ind\u00e9pendante sous la supervision de Burg. Jusqu&rsquo;en 1835, il aura pu publier quatre travaux scientifiques dans l&rsquo;annuaire \u00ab\u00a0Wiener Polytechnische<strong>s<\/strong> Jahrbuch\u00a0\u00bb sous la direction de Burg.<\/p>\n<p>&nbsp;<\/p>\n","protected":false},"excerpt":{"rendered":"<p>Adam Burg apprit la menuiserie dans l&rsquo;entreprise de son p\u00e8re, fr\u00e9quenta de 1810 \u00e0 1813 la classe d&rsquo;architecture de l&rsquo;Acad\u00e9mie des Beaux-Arts, o\u00f9 il participa d\u00e9j\u00e0 \u00e0 l&rsquo;installation de la premi\u00e8re machine \u00e0 vapeur de Watt, et en 1815 l&rsquo;Institut polytechnique, o\u00f9 il devint assistant en 1821 et suppl\u00e9ant en math\u00e9matiques \u00e9l\u00e9mentaires en 1826. Pendant l&rsquo;ann\u00e9e 1827, professeur au lyc\u00e9e [&hellip;]<\/p>\n","protected":false},"author":1,"featured_media":0,"parent":0,"menu_order":0,"comment_status":"closed","ping_status":"closed","template":"","meta":{"_acf_changed":false,"advgb_blocks_editor_width":"","advgb_blocks_columns_visual_guide":"","footnotes":""},"class_list":["post-6987","page","type-page","status-publish","hentry"],"acf":[],"featured_image_urls_v2":{"full":"","thumbnail":"","medium":"","medium_large":"","large":"","timeline-express":"","timeline-express-thumbnail":"","1536x1536":"","2048x2048":""},"post_excerpt_stackable_v2":"<p>Adam Burg apprit la menuiserie dans l&rsquo;entreprise de son p\u00e8re, fr\u00e9quenta de 1810 \u00e0 1813 la classe d&rsquo;architecture de l&rsquo;Acad\u00e9mie des Beaux-Arts, o\u00f9 il participa d\u00e9j\u00e0 \u00e0 l&rsquo;installation de la premi\u00e8re machine \u00e0 vapeur de Watt, et en 1815 l&rsquo;Institut polytechnique, o\u00f9 il devint assistant en 1821 et suppl\u00e9ant en math\u00e9matiques \u00e9l\u00e9mentaires en 1826. Pendant l&rsquo;ann\u00e9e 1827, professeur au lyc\u00e9e de Salzbourg, en 1828 \u00e0 nouveau professeur de math\u00e9matiques sup\u00e9rieures \u00e0 l&rsquo;institut polytechnique de Vienne. A publi\u00e9 un manuel en 1833 et un compendium de Math\u00e9matiques Sup\u00e9rieures en 1836, qui ont \u00e9t\u00e9 introduits dans de nombreuses \u00e9coles en Allemagne et\u2026<\/p>\n","category_list_v2":"","author_info_v2":{"name":"Technik Admin","url":"https:\/\/www.christian-doppler.net\/fr\/author\/wp_admin\/"},"comments_num_v2":"0 commentaire","coauthors":[],"author_meta":{"author_link":"https:\/\/www.christian-doppler.net\/fr\/author\/wp_admin\/","display_name":"Technik Admin"},"relative_dates":{"created":"Publi\u00e9 3 ans il y a","modified":"Mis \u00e0 jour 3 ans il y a"},"absolute_dates":{"created":"Publi\u00e9 le 23 janvier 2023","modified":"Mise \u00e0 jour le 23 janvier 2023"},"absolute_dates_time":{"created":"Publi\u00e9 le 23 janvier 2023 15h27","modified":"Mise \u00e0 jour le 23 janvier 2023 15h27"},"featured_img_caption":"","featured_img":false,"series_order":"","_links":{"self":[{"href":"https:\/\/www.christian-doppler.net\/fr\/wp-json\/wp\/v2\/pages\/6987","targetHints":{"allow":["GET"]}}],"collection":[{"href":"https:\/\/www.christian-doppler.net\/fr\/wp-json\/wp\/v2\/pages"}],"about":[{"href":"https:\/\/www.christian-doppler.net\/fr\/wp-json\/wp\/v2\/types\/page"}],"author":[{"embeddable":true,"href":"https:\/\/www.christian-doppler.net\/fr\/wp-json\/wp\/v2\/users\/1"}],"replies":[{"embeddable":true,"href":"https:\/\/www.christian-doppler.net\/fr\/wp-json\/wp\/v2\/comments?post=6987"}],"version-history":[{"count":1,"href":"https:\/\/www.christian-doppler.net\/fr\/wp-json\/wp\/v2\/pages\/6987\/revisions"}],"predecessor-version":[{"id":6988,"href":"https:\/\/www.christian-doppler.net\/fr\/wp-json\/wp\/v2\/pages\/6987\/revisions\/6988"}],"wp:attachment":[{"href":"https:\/\/www.christian-doppler.net\/fr\/wp-json\/wp\/v2\/media?parent=6987"}],"curies":[{"name":"wp","href":"https:\/\/api.w.org\/{rel}","templated":true}]}}