{"id":6951,"date":"2022-11-17T15:28:57","date_gmt":"2022-11-17T14:28:57","guid":{"rendered":"https:\/\/www.christian-doppler.net\/?page_id=6951"},"modified":"2025-11-11T14:13:37","modified_gmt":"2025-11-11T13:13:37","slug":"6951-2","status":"publish","type":"page","link":"https:\/\/www.christian-doppler.net\/fr\/","title":{"rendered":""},"content":{"rendered":"\n<div style=\"height:20px\" aria-hidden=\"true\" class=\"wp-block-spacer\"><\/div>\n\n\n<div class=\"wp-block-image\">\n<figure class=\"aligncenter\"><img loading=\"lazy\" decoding=\"async\" width=\"500\" height=\"86\" src=\"https:\/\/www.christian-doppler.net\/wp-content\/uploads\/ZITAT.gif\" alt=\"\" class=\"wp-image-154\"\/><\/figure>\n<\/div>\n\n\n<p class=\"has-text-align-center\"><em><em><em>\u201eLes recherches les plus gratifiantes sont celles qui, en r\u00e9jouissant le penseur, sont en m\u00eame temps utiles \u00e0 l\u2019Humanit\u00e9.\u201c<br><em>Christian Doppler<\/em><\/em><\/em><\/em><\/p>\n\n\n\n<p class=\"has-text-align-center\">Qu&rsquo;ont en commun les avions, les voitures rapides, les globules rouges, les c\u0153urs qui battent, les gaz dans des tuyaux \u00e9tanches et les \u00e9toiles dans le ciel ? Leur vitesse est mesur\u00e9e \u00e0 l&rsquo;aide d&rsquo;un principe physique d\u00e9couvert par Christian Andreas Doppler, un scientifique salzbourgeois de renomm\u00e9e mondiale.&nbsp; M\u00eame dans ses r\u00eaves les plus fous, ce visionnaire n&rsquo;aurait sans doute pas imagin\u00e9 l&rsquo;importance que sa d\u00e9couverte aurait un jour pour l&rsquo;humanit\u00e9 enti\u00e8re.&nbsp;Son id\u00e9e, \u00ab\u00a0l&rsquo;effet Doppler\u00a0\u00bb (1842), a acquis une importance fondamentale dans presque tous les domaines de notre vie.<\/p>\n\n\n\n<h1 class=\"wp-block-heading has-text-align-center\" id=\"christian-andreas-doppler-1803-1853\">Christian Andreas Doppler\n(1803-1853)<\/h1>\n\n\n\n<div class=\"wp-block-ugb-columns ugb-columns cdp-life ugb-3275948 ugb-columns--design-plain ugb-columns--columns-4 ugb-main-block\"><div class=\"ugb-inner-block\"><div class=\"ugb-block-content\"><div class=\"ugb-columns__item ugb-3275948-content-wrapper\">\n<div class=\"wp-block-ugb-column ugb-column ugb-f78dc85 ugb-column--design-plain ugb-main-block\"><div class=\"ugb-inner-block\"><div class=\"ugb-block-content\"><div class=\"ugb-column__item ugb-f78dc85-column-wrapper\"><div class=\"ugb-column__content-wrapper\">\n<figure class=\"wp-block-image size-large\"><a href=\"https:\/\/www.christian-doppler.net\/fr\/les-etapes-les-plus-importantes-de-doppler\/\"><img decoding=\"async\" src=\"https:\/\/www.christian-doppler.net\/wp-content\/uploads\/stationen.jpg\" alt=\"\"\/><\/a><\/figure>\n\n\n\n<p class=\"has-text-align-center\"><a href=\"https:\/\/www.christian-doppler.net\/fr\/les-etapes-les-plus-importantes-de-doppler\/\" data-type=\"page\" data-id=\"6858\"><strong>\u00c9tapes<\/strong><\/a><br><a href=\"https:\/\/www.christian-doppler.net\/fr\/les-etapes-les-plus-importantes-de-doppler\/\" data-type=\"page\" data-id=\"6858\">O\u00f9 Christian Doppler a-t-il v\u00e9cu et agi?<\/a><\/p>\n<\/div><\/div><\/div><\/div><\/div>\n\n\n\n<div class=\"wp-block-ugb-column ugb-column ugb-b57f268 ugb-column--design-plain ugb-main-block\"><div class=\"ugb-inner-block\"><div class=\"ugb-block-content\"><div class=\"ugb-column__item ugb-b57f268-column-wrapper\"><div class=\"ugb-column__content-wrapper\">\n<figure class=\"wp-block-image size-large\"><a href=\"https:\/\/www.christian-doppler.net\/fr\/curriculum-de-christian-andreas-doppler-1803-1853\/\"><img decoding=\"async\" src=\"https:\/\/www.christian-doppler.net\/wp-content\/uploads\/christian_doppler.jpg\" alt=\"\"\/><\/a><\/figure>\n\n\n\n<p class=\"has-text-align-center\"><a href=\"https:\/\/www.christian-doppler.net\/fr\/curriculum-de-christian-andreas-doppler-1803-1853\/\"><strong>Curriculum<\/strong><\/a><br><a href=\"https:\/\/www.christian-doppler.net\/fr\/curriculum-de-christian-andreas-doppler-1803-1853\/\">La vie mouvement\u00e9e de Christian Doppler<\/a><\/p>\n<\/div><\/div><\/div><\/div><\/div>\n\n\n\n<div class=\"wp-block-ugb-column ugb-column ugb-378852b ugb-column--design-plain ugb-main-block\"><div class=\"ugb-inner-block\"><div class=\"ugb-block-content\"><div class=\"ugb-column__item ugb-378852b-column-wrapper\"><div class=\"ugb-column__content-wrapper\">\n<figure class=\"wp-block-image size-large\"><a href=\"https:\/\/www.christian-doppler.net\/fr\/effet-doppler\/\"><img decoding=\"async\" src=\"https:\/\/www.christian-doppler.net\/wp-content\/uploads\/dopplereffekt.jpg\" alt=\"\"\/><\/a><\/figure>\n\n\n\n<p class=\"has-text-align-center\"><strong><a href=\"https:\/\/www.christian-doppler.net\/fr\/effet-doppler\/\" data-type=\"page\" data-id=\"6843\"><strong>Effet Doppler<\/strong><\/a><\/strong><br><a href=\"https:\/\/www.christian-doppler.net\/fr\/effet-doppler\/\" data-type=\"page\" data-id=\"6843\">Qu&rsquo;est-ce que l&rsquo;effet Doppler en g\u00e9n\u00e9ral ? Comment fonctionne-t-il ?<\/a><\/p>\n<\/div><\/div><\/div><\/div><\/div>\n\n\n\n<div class=\"wp-block-ugb-column ugb-column ugb-8a0168f ugb-column--design-plain ugb-main-block\"><div class=\"ugb-inner-block\"><div class=\"ugb-block-content\"><div class=\"ugb-column__item ugb-8a0168f-column-wrapper\"><div class=\"ugb-column__content-wrapper\">\n<figure class=\"wp-block-image size-large\"><a href=\"https:\/\/www.christian-doppler.net\/fr\/leffet-doppler-et-ses-laureats-du-prix-nobel\/\"><img decoding=\"async\" src=\"https:\/\/www.christian-doppler.net\/wp-content\/uploads\/nobelpreise.jpg\" alt=\"\"\/><\/a><\/figure>\n\n\n\n<p class=\"has-text-align-center\"><a href=\"https:\/\/www.christian-doppler.net\/fr\/leffet-doppler-et-ses-laureats-du-prix-nobel\/\" data-type=\"page\" data-id=\"6914\"><strong>Laur\u00e9ats du prix<\/strong> <strong>Nobel<\/strong><\/a><br><a href=\"https:\/\/www.christian-doppler.net\/fr\/leffet-doppler-et-ses-laureats-du-prix-nobel\/\" data-type=\"page\" data-id=\"6914\">L&rsquo;effet Doppler et ses laur\u00e9ats du prix Nobel<\/a><\/p>\n<\/div><\/div><\/div><\/div><\/div>\n<\/div><\/div><\/div><\/div>\n\n\n\n<h1 class=\"wp-block-heading has-text-align-center\" id=\"anwendungen-des-doppler-effekts\">APPLICATIONS DE L&rsquo;EFFET DOPPLER<\/h1>\n\n\n\n<div class=\"blocklayout themen\">\n<a style=\"background-image:url('https:\/\/www.christian-doppler.net\/wp-content\/uploads\/vehicle-193213_1920-300x225.jpg');\" href=\"https:\/\/www.christian-doppler.net\/fr\/thema\/technique\/\"><p><\/p>\n<h2>Technique<\/h2>\n<\/a><p><a style=\"background-image:url('https:\/\/www.christian-doppler.net\/wp-content\/uploads\/vehicle-193213_1920-300x225.jpg');\" href=\"https:\/\/www.christian-doppler.net\/fr\/thema\/technique\/\"><\/a><br>\n\t\t\t\t\t\t\t\t\t\t\t\t\t\t<a style=\"background-image:url('https:\/\/www.christian-doppler.net\/wp-content\/uploads\/medical-563427_1920-300x200.jpg');\" href=\"https:\/\/www.christian-doppler.net\/fr\/thema\/medecine\/\"><\/a><\/p><a style=\"background-image:url('https:\/\/www.christian-doppler.net\/wp-content\/uploads\/medical-563427_1920-300x200.jpg');\" href=\"https:\/\/www.christian-doppler.net\/fr\/thema\/medecine\/\">\n<h2>M\u00e9decine<\/h2>\n<\/a><p><a style=\"background-image:url('https:\/\/www.christian-doppler.net\/wp-content\/uploads\/medical-563427_1920-300x200.jpg');\" href=\"https:\/\/www.christian-doppler.net\/fr\/thema\/medecine\/\"><\/a><br>\n\t\t\t\t\t\t\t\t\t\t\t\t\t\t<a style=\"background-image:url('https:\/\/www.christian-doppler.net\/wp-content\/uploads\/aircraft-1813731_1920-300x205.jpg');\" href=\"https:\/\/www.christian-doppler.net\/fr\/thema\/aviation\/\"><\/a><\/p><a style=\"background-image:url('https:\/\/www.christian-doppler.net\/wp-content\/uploads\/aircraft-1813731_1920-300x205.jpg');\" href=\"https:\/\/www.christian-doppler.net\/fr\/thema\/aviation\/\">\n<h2>Aviation<\/h2>\n<\/a><p><a style=\"background-image:url('https:\/\/www.christian-doppler.net\/wp-content\/uploads\/aircraft-1813731_1920-300x205.jpg');\" href=\"https:\/\/www.christian-doppler.net\/fr\/thema\/aviation\/\"><\/a><br>\n\t\t\t\t\t\t\t\t\t\t\t\t\t\t<a style=\"background-image:url('https:\/\/www.christian-doppler.net\/wp-content\/uploads\/star-clusters-74052_1920-300x293.jpg');\" href=\"https:\/\/www.christian-doppler.net\/fr\/thema\/astronomie\/\"><\/a><\/p><a style=\"background-image:url('https:\/\/www.christian-doppler.net\/wp-content\/uploads\/star-clusters-74052_1920-300x293.jpg');\" href=\"https:\/\/www.christian-doppler.net\/fr\/thema\/astronomie\/\">\n<h2>Astronomie<\/h2>\n<\/a><p><a style=\"background-image:url('https:\/\/www.christian-doppler.net\/wp-content\/uploads\/star-clusters-74052_1920-300x293.jpg');\" href=\"https:\/\/www.christian-doppler.net\/fr\/thema\/astronomie\/\"><\/a><\/p><\/div>\n\n\n\n<h1 class=\"wp-block-heading has-text-align-center\" id=\"materialen-literatur-und-c-d-fonds\">MAT\u00c9RIEL, LITT\u00c9RATURE ET &nbsp;C.D.-FONDS<\/h1>\n\n\n\n<div class=\"wp-block-ugb-columns ugb-columns cdp-life ugb-deda705 ugb-columns--design-plain ugb-columns--columns-4 ugb-main-block\"><div class=\"ugb-inner-block\"><div class=\"ugb-block-content\"><div class=\"ugb-columns__item ugb-deda705-content-wrapper\">\n<div class=\"wp-block-ugb-column ugb-column ugb-981ef03 ugb-column--design-plain ugb-main-block\"><div class=\"ugb-inner-block\"><div class=\"ugb-block-content\"><div class=\"ugb-column__item ugb-981ef03-column-wrapper\"><div class=\"ugb-column__content-wrapper\">\n<figure class=\"wp-block-image size-large\"><a href=\"https:\/\/www.christian-doppler.net\/fr\/unterrichtsmaterialien\/\"><img decoding=\"async\" src=\"https:\/\/www.christian-doppler.net\/wp-content\/uploads\/chrdop_experimente.jpg\" alt=\"\"\/><\/a><\/figure>\n\n\n\n<p class=\"has-text-align-center\"><strong><a href=\"https:\/\/www.christian-doppler.net\/fr\/unterrichtsmaterialien\/\" data-type=\"page\" data-id=\"6936\">Exp\u00e9riences<\/a><br><\/strong><a href=\"https:\/\/www.christian-doppler.net\/fr\/unterrichtsmaterialien\/\" data-type=\"page\" data-id=\"6936\">(en allemand)<\/a><\/p>\n<\/div><\/div><\/div><\/div><\/div>\n\n\n\n<div class=\"wp-block-ugb-column ugb-column ugb-999ba1e ugb-column--design-plain ugb-main-block\"><div class=\"ugb-inner-block\"><div class=\"ugb-block-content\"><div class=\"ugb-column__item ugb-999ba1e-column-wrapper\"><div class=\"ugb-column__content-wrapper\">\n<figure class=\"wp-block-image size-large\"><a href=\"https:\/\/www.christian-doppler.net\/fr\/christian-doppler-podcast-episoden\/\"><img decoding=\"async\" src=\"https:\/\/www.christian-doppler.net\/wp-content\/uploads\/chrdop_podcast.jpg\" alt=\"\"\/><\/a><\/figure>\n\n\n\n<p class=\"has-text-align-center\"><strong><a href=\"https:\/\/www.christian-doppler.net\/fr\/christian-doppler-podcast-episoden\/\">Podcast<\/a><\/strong><br><a href=\"https:\/\/www.christian-doppler.net\/fr\/christian-doppler-podcast-episoden\/\">(en allemand)<\/a><\/p>\n<\/div><\/div><\/div><\/div><\/div>\n\n\n\n<div class=\"wp-block-ugb-column ugb-column ugb-d141cd8 ugb-column--design-plain ugb-main-block\"><div class=\"ugb-inner-block\"><div class=\"ugb-block-content\"><div class=\"ugb-column__item ugb-d141cd8-column-wrapper\"><div class=\"ugb-column__content-wrapper\">\n<figure class=\"wp-block-image size-large\"><a href=\"https:\/\/www.christian-doppler.net\/fr\/literatur\/\"><img decoding=\"async\" src=\"https:\/\/www.christian-doppler.net\/wp-content\/uploads\/chrdop_buch.jpg\" alt=\"\"\/><\/a><\/figure>\n\n\n\n<p class=\"has-text-align-center\"><a href=\"https:\/\/www.christian-doppler.net\/fr\/literatur\/\" data-type=\"page\" data-id=\"6940\"><strong>Litt\u00e9rature<\/strong><\/a><br><a href=\"https:\/\/www.christian-doppler.net\/fr\/literatur\/\" data-type=\"page\" data-id=\"6940\">(en allemand)<\/a><\/p>\n<\/div><\/div><\/div><\/div><\/div>\n\n\n\n<div class=\"wp-block-ugb-column ugb-column ugb-a929a37 ugb-column--design-plain ugb-main-block\"><div class=\"ugb-inner-block\"><div class=\"ugb-block-content\"><div class=\"ugb-column__item ugb-a929a37-column-wrapper\"><div class=\"ugb-column__content-wrapper\">\n<figure class=\"wp-block-image size-large\"><a href=\"https:\/\/www.christian-doppler.net\/fr\/le-fonds-christian-doppler\/\"><img decoding=\"async\" src=\"https:\/\/www.christian-doppler.net\/wp-content\/uploads\/chrdop_fonds.jpg\" alt=\"\"\/><\/a><\/figure>\n\n\n\n<p class=\"has-text-align-center\"><strong><a href=\"https:\/\/www.christian-doppler.net\/fr\/le-fonds-christian-doppler\/\" data-type=\"page\" data-id=\"6889\">Fonds<\/a><\/strong><\/p>\n<\/div><\/div><\/div><\/div><\/div>\n<\/div><\/div><\/div><\/div>\n<style class=\"advgb-styles-renderer\">@media screen and (min-width:768px){.ugb-3275948.ugb-columns{margin-right:0px !important;margin-left:0px !important;padding-right:0px !important}}@media screen and (min-width:768px){.ugb-deda705.ugb-columns{margin-right:0px !important;margin-left:0px !important;padding-right:0px !important}}<\/style>","protected":false},"excerpt":{"rendered":"<p>\u201eLes recherches les plus gratifiantes sont celles qui, en r\u00e9jouissant le penseur, sont en m\u00eame temps utiles \u00e0 l\u2019Humanit\u00e9.\u201cChristian Doppler Qu&rsquo;ont en commun les avions, les voitures rapides, les globules rouges, les c\u0153urs qui battent, les gaz dans des tuyaux \u00e9tanches et les \u00e9toiles dans le ciel ? Leur vitesse est mesur\u00e9e \u00e0 l&rsquo;aide d&rsquo;un principe physique d\u00e9couvert par Christian [&hellip;]<\/p>\n","protected":false},"author":1,"featured_media":0,"parent":0,"menu_order":0,"comment_status":"closed","ping_status":"closed","template":"page-frontpage.php","meta":{"_acf_changed":false,"advgb_blocks_editor_width":"","advgb_blocks_columns_visual_guide":"","footnotes":""},"class_list":["post-6951","page","type-page","status-publish","hentry"],"acf":[],"featured_image_urls_v2":{"full":"","thumbnail":"","medium":"","medium_large":"","large":"","timeline-express":"","timeline-express-thumbnail":"","1536x1536":"","2048x2048":""},"post_excerpt_stackable_v2":"<p>\u201eLes recherches les plus gratifiantes sont celles qui, en r\u00e9jouissant le penseur, sont en m\u00eame temps utiles \u00e0 l\u2019Humanit\u00e9.\u201cChristian Doppler Qu&rsquo;ont en commun les avions, les voitures rapides, les globules rouges, les c\u0153urs qui battent, les gaz dans des tuyaux \u00e9tanches et les \u00e9toiles dans le ciel ? Leur vitesse est mesur\u00e9e \u00e0 l&rsquo;aide d&rsquo;un principe physique d\u00e9couvert par Christian Andreas Doppler, un scientifique salzbourgeois de renomm\u00e9e mondiale.&nbsp; M\u00eame dans ses r\u00eaves les plus fous, ce visionnaire n&rsquo;aurait sans doute pas imagin\u00e9 l&rsquo;importance que sa d\u00e9couverte aurait un jour pour l&rsquo;humanit\u00e9 enti\u00e8re.&nbsp;Son id\u00e9e, \u00ab\u00a0l&rsquo;effet Doppler\u00a0\u00bb (1842), a acquis une importance\u2026<\/p>\n","category_list_v2":"","author_info_v2":{"name":"Technik Admin","url":"https:\/\/www.christian-doppler.net\/fr\/author\/wp_admin\/"},"comments_num_v2":"0 commentaire","coauthors":[],"author_meta":{"author_link":"https:\/\/www.christian-doppler.net\/fr\/author\/wp_admin\/","display_name":"Technik Admin"},"relative_dates":{"created":"Publi\u00e9 3 ans il y a","modified":"Mis \u00e0 jour 6 mois il y a"},"absolute_dates":{"created":"Publi\u00e9 le 17 novembre 2022","modified":"Mise \u00e0 jour le 11 novembre 2025"},"absolute_dates_time":{"created":"Publi\u00e9 le 17 novembre 2022 15h28","modified":"Mise \u00e0 jour le 11 novembre 2025 14h13"},"featured_img_caption":"","featured_img":false,"series_order":"","_links":{"self":[{"href":"https:\/\/www.christian-doppler.net\/fr\/wp-json\/wp\/v2\/pages\/6951","targetHints":{"allow":["GET"]}}],"collection":[{"href":"https:\/\/www.christian-doppler.net\/fr\/wp-json\/wp\/v2\/pages"}],"about":[{"href":"https:\/\/www.christian-doppler.net\/fr\/wp-json\/wp\/v2\/types\/page"}],"author":[{"embeddable":true,"href":"https:\/\/www.christian-doppler.net\/fr\/wp-json\/wp\/v2\/users\/1"}],"replies":[{"embeddable":true,"href":"https:\/\/www.christian-doppler.net\/fr\/wp-json\/wp\/v2\/comments?post=6951"}],"version-history":[{"count":10,"href":"https:\/\/www.christian-doppler.net\/fr\/wp-json\/wp\/v2\/pages\/6951\/revisions"}],"predecessor-version":[{"id":10364,"href":"https:\/\/www.christian-doppler.net\/fr\/wp-json\/wp\/v2\/pages\/6951\/revisions\/10364"}],"wp:attachment":[{"href":"https:\/\/www.christian-doppler.net\/fr\/wp-json\/wp\/v2\/media?parent=6951"}],"curies":[{"name":"wp","href":"https:\/\/api.w.org\/{rel}","templated":true}]}}