{"id":6926,"date":"2017-05-24T12:06:17","date_gmt":"2017-05-24T10:06:17","guid":{"rendered":"https:\/\/www.christian-doppler.net\/foerderer-und-gegner-von-christian-doppler\/"},"modified":"2023-01-23T16:51:26","modified_gmt":"2023-01-23T15:51:26","slug":"promoteurs-et-adversaires-de-christian-doppler","status":"publish","type":"page","link":"https:\/\/www.christian-doppler.net\/fr\/promoteurs-et-adversaires-de-christian-doppler\/","title":{"rendered":"Promoteurs et adversaires de Christian Doppler"},"content":{"rendered":"\n<div class=\"wp-block-columns is-layout-flex wp-container-core-columns-is-layout-9d6595d7 wp-block-columns-is-layout-flex\">\n<div class=\"wp-block-column is-layout-flow wp-block-column-is-layout-flow\">\n<h2 class=\"wp-block-heading\"><strong>Les principaux soutiens de Christian Doppler de son vivant<\/strong><\/h2>\n\n\n\n<p>Il semble que les deux premiers professeurs et promoteurs de Doppler \u00e0 Salzbourg et \u00e0 Vienne, le math\u00e9maticien Adam Burg et le g\u00e9od\u00e9sien Simon Stampfer, aient trouv\u00e9 plus tard leur \u00e9quivalent dans le math\u00e9maticien Bernard Bolzano, ainsi que dans le m\u00e9t\u00e9orologue Karl Kreil, ses promoteurs et amis \u00e0 Prague.<br><br>Ces quatre personnes ont soutenu Doppler jusqu&rsquo;\u00e0 la fin avec compr\u00e9hension et aide. Cette relation simultan\u00e9e de Doppler avec deux personnalit\u00e9s oppos\u00e9es montre une fois de plus la force intellectuelle de Christian Doppler et \u00e0 quel point il pouvait associer dans ses innovations la pens\u00e9e productive et la pens\u00e9e r\u00e9flexive.<br><br>Le philosophe Franz Exner, dont l&rsquo;amiti\u00e9 profonde avec Doppler a certainement contribu\u00e9 \u00e0 ce que ce dernier se sente accept\u00e9 non seulement dans la soci\u00e9t\u00e9 pragoise, mais aussi plus tard comme professeur \u00e0 Vienne, l&rsquo;y assistera, notamment lors de la controverse \u00e0 l&rsquo;Acad\u00e9mie, et partira avec lui en 1852, tous deux d\u00e9j\u00e0 atteints d&rsquo;une maladie incurable, pour l&rsquo;Italie, d&rsquo;o\u00f9 les deux amis ne reviendront plus.<\/p>\n\n\n\n<div class=\"wp-block-group alignwide advgb-dyn-44b41d21\"><div class=\"wp-block-group__inner-container is-layout-flow wp-block-group-is-layout-flow\">\n<div style=\"height:20px\" aria-hidden=\"true\" class=\"wp-block-spacer advgb-dyn-af21a01c\"><\/div>\n\n\n\n<div style=\"height: 100px; float: left; margin-right: 50px;\"><span class=\"dashicons dashicons-thumbs-up\" style=\"float: left; font-size: 3rem; color: #FFA500;\"><\/span><\/div>\n\n\n\n<p><strong><strong>Adam Freiherr von Burg<\/strong><\/strong><\/p>\n\n\n\n<div class=\"wp-block-media-text alignwide is-stacked-on-mobile\" style=\"grid-template-columns:31% auto\"><figure class=\"wp-block-media-text__media\"><img loading=\"lazy\" decoding=\"async\" width=\"200\" height=\"200\" src=\"https:\/\/www.christian-doppler.net\/wp-content\/uploads\/Burg.jpg\" alt=\"\u30a2\u30c0\u30e0\u30fb\u30d5\u30a9\u30f3\u30fb\u30d6\u30eb\u30af\u7537\u7235 \" class=\"wp-image-2681 size-full\" srcset=\"https:\/\/www.christian-doppler.net\/wp-content\/uploads\/Burg.jpg 200w, https:\/\/www.christian-doppler.net\/wp-content\/uploads\/Burg-150x150.jpg 150w\" sizes=\"auto, (max-width: 200px) 100vw, 200px\" \/><\/figure><div class=\"wp-block-media-text__content\">\n<p>a \u00e9t\u00e9 mentionn\u00e9 par Doppler dans son discours de remerciement \u00e0 l&rsquo;occasion de son 80e anniversaire comme l&rsquo;un de ses \u00e9l\u00e8ves qui ont suivi ses cours avec distinction et qui ont \u00e9galement obtenu des positions de vie remarquables et tr\u00e8s respect\u00e9es. <a href=\"https:\/\/www.christian-doppler.net\/fr\/adam-freiherr-von-burg-28-1-1797-a-vienne-1-2-1882-a-vienne\/\" data-type=\"page\" data-id=\"6987\">\u00bbplus<\/a><\/p>\n<\/div><\/div>\n\n\n\n<div style=\"height:20px\" aria-hidden=\"true\" class=\"wp-block-spacer advgb-dyn-af21a01c\"><\/div>\n<\/div><\/div>\n\n\n\n<div class=\"wp-block-group alignwide advgb-dyn-44b41d21\"><div class=\"wp-block-group__inner-container is-layout-flow wp-block-group-is-layout-flow\">\n<div style=\"height: 100px; float: left; margin-right: 50px;\"><span class=\"dashicons dashicons-thumbs-up\" style=\"float: left; font-size: 3rem; color: #FFA500;\"><\/span><\/div>\n\n\n\n<p><strong><strong>Simon Stampfer<\/strong><\/strong><\/p>\n\n\n\n<div class=\"wp-block-media-text alignwide is-stacked-on-mobile\" style=\"grid-template-columns:31% auto\"><figure class=\"wp-block-media-text__media\"><img loading=\"lazy\" decoding=\"async\" width=\"150\" height=\"150\" src=\"https:\/\/www.christian-doppler.net\/wp-content\/uploads\/Stampfer_alt.jpg\" alt=\"\u30b8\u30fc\u30e2\u30f3\u30fb\u30b7\u30e5\u30bf\u30f3\u30d7\u30d5\u30a1\u30fc \" class=\"wp-image-2682 size-full\"\/><\/figure><div class=\"wp-block-media-text__content\">\n<p>Sa rencontre avec Christian Doppler est l&rsquo;un des grands bonheurs de l&rsquo;histoire des sciences et son importance pour l&rsquo;\u00e9panouissement des talents et des int\u00e9r\u00eats de cet \u00e9l\u00e8ve ne peut gu\u00e8re \u00eatre surestim\u00e9e. <a href=\"https:\/\/www.christian-doppler.net\/fr\/simon-stampfer-26-10-1790-a-windisch-matrai-archeveche-salzbourg-auj-matrei-dans-la-osttirol-tirol-10-11-1864-a-vienne\/\" data-type=\"page\" data-id=\"7001\">\u00bbplus<\/a><\/p>\n<\/div><\/div>\n\n\n\n<div style=\"height:20px\" aria-hidden=\"true\" class=\"wp-block-spacer advgb-dyn-af21a01c\"><\/div>\n\n\n\n<p><\/p>\n<\/div><\/div>\n\n\n\n<div class=\"wp-block-group alignwide advgb-dyn-20954094\"><div class=\"wp-block-group__inner-container is-layout-flow wp-block-group-is-layout-flow\">\n<div style=\"height: 100px; float: left; margin-right: 50px;\"><span class=\"dashicons dashicons-thumbs-up\" style=\"float: left; font-size: 3rem; color: #FFA500;\"><\/span><\/div>\n\n\n\n<p><strong><strong>Bernard Bolzano<\/strong><\/strong><\/p>\n\n\n\n<div class=\"wp-block-media-text alignwide is-stacked-on-mobile\" style=\"grid-template-columns:31% auto\"><figure class=\"wp-block-media-text__media\"><img loading=\"lazy\" decoding=\"async\" width=\"150\" height=\"150\" src=\"https:\/\/www.christian-doppler.net\/wp-content\/uploads\/Brentano.jpg\" alt=\"\u30d9\u30eb\u30f3\u30cf\u30eb\u30c8\u30fb\u30dc\u30eb\u30c4\u30a1\u30fc\u30ce\" class=\"wp-image-2683 size-full\"\/><\/figure><div class=\"wp-block-media-text__content\">\n<p>Ce philosophe et pr\u00eatre &#8211; <em>l&rsquo;un des plus grands logiciens de tous les temps<\/em> &#8211; a \u00e9t\u00e9 \u00e9bloui par la m\u00e9thode sp\u00e9culative de Christian Doppler, tout \u00e0 fait inhabituelle \u00e0 l&rsquo;\u00e9poque en physique, et qui semblait similaire \u00e0 sa pens\u00e9e en math\u00e9matiques. <a href=\"https:\/\/www.christian-doppler.net\/fr\/bernard-bolzano-5-10-1781-a-prague-18-12-1848-a-prague\/\" data-type=\"page\" data-id=\"6985\">\u00bbplus<\/a><\/p>\n<\/div><\/div>\n\n\n\n<div style=\"height:20px\" aria-hidden=\"true\" class=\"wp-block-spacer advgb-dyn-af21a01c\"><\/div>\n\n\n\n<div style=\"height: 100px; float: left; margin-right: 50px;\"><span class=\"dashicons dashicons-thumbs-up\" style=\"float: left; font-size: 3rem; color: #FFA500;\"><\/span><\/div>\n\n\n\n<p><strong><strong>Karl Kreil<\/strong><\/strong><\/p>\n\n\n\n<div class=\"wp-block-media-text alignwide is-stacked-on-mobile\" style=\"grid-template-columns:31% auto\"><figure class=\"wp-block-media-text__media\"><img loading=\"lazy\" decoding=\"async\" width=\"150\" height=\"150\" src=\"https:\/\/www.christian-doppler.net\/wp-content\/uploads\/Kreil.jpg\" alt=\"\u30ab\u30fc\u30eb\u30fb\u30af\u30e9\u30a4\u30eb\" class=\"wp-image-2684 size-full\"\/><\/figure><div class=\"wp-block-media-text__content\">\n<p>Ce fondateur de la grande tradition de la m\u00e9t\u00e9orologie autrichienne et du magn\u00e9tisme terrestre \u00e9crit dans la revue <em>\u00d6sterreichische Bl\u00e4tter f\u00fcr Literatur und Kunst<\/em> de 1845 un hommage inhabituellement \u00e9logieux \u00e0 Doppler. <a href=\"https:\/\/www.christian-doppler.net\/fr\/karl-kreil-4-11-1798-a-ried-innkreis-21-12-1862-a-vienne\/\" data-type=\"page\" data-id=\"6992\">\u00bbplus<\/a><\/p>\n<\/div><\/div>\n\n\n\n<div style=\"height:20px\" aria-hidden=\"true\" class=\"wp-block-spacer advgb-dyn-af21a01c\"><\/div>\n\n\n\n<div style=\"height: 100px; float: left; margin-right: 50px;\"><span class=\"dashicons dashicons-thumbs-up\" style=\"float: left; font-size: 3rem; color: #FFA500;\"><\/span><\/div>\n\n\n\n<p><strong>Franz Exner<\/strong><\/p>\n\n\n\n<div class=\"wp-block-media-text alignwide is-stacked-on-mobile\" style=\"grid-template-columns:31% auto\"><figure class=\"wp-block-media-text__media\"><img loading=\"lazy\" decoding=\"async\" width=\"150\" height=\"150\" src=\"https:\/\/www.christian-doppler.net\/wp-content\/uploads\/Exner.jpg\" alt=\"\u30d5\u30e9\u30f3\u30c4\u30fb\u30a8\u30af\u30b9\u30ca\u30fc\" class=\"wp-image-2685 size-full\"\/><\/figure><div class=\"wp-block-media-text__content\">\n<p>Christian Doppler s&rsquo;est tout de suite senti \u00e0 l&rsquo;aise dans sa maison accueillante du Ro\u00dfmarkt \u00e0 Prague et a fait des connaissances importantes &#8211; comme le p\u00e8re Schneider, Robert Zimmermann, Franz Palacky ou le comte Thun-Hohenstein. <a href=\"https:\/\/www.christian-doppler.net\/fr\/franz-exner-28-8-1802-a-vienne-21-6-1853-a-padoue\/\" data-type=\"page\" data-id=\"6990\">\u00bbplus<\/a><\/p>\n<\/div><\/div>\n\n\n\n<div style=\"height:20px\" aria-hidden=\"true\" class=\"wp-block-spacer advgb-dyn-af21a01c\"><\/div>\n\n\n\n<p><\/p>\n<\/div><\/div>\n<\/div>\n\n\n\n<div class=\"wp-block-column is-layout-flow wp-block-column-is-layout-flow\">\n<h2 class=\"wp-block-heading\"><strong>Les principaux adversaires de Christian Doppler de son vivant<\/strong><\/h2>\n\n\n\n<p>\u00ab\u00a0Aucune nouveaut\u00e9 ne s&rsquo;impose sans r\u00e9sistance. Oui, \u00e0 la fin, il faut dire que plus la r\u00e9sistance que trouve la nouveaut\u00e9 est faible, plus elle se pr\u00e9cipite elle-m\u00eame vers l&rsquo;obsolescence\u00a0\u00bb, disait Hans-Georg Gadamer en 1981 lors de son discours d&rsquo;ouverture du festival de Salzbourg. Peu d&rsquo;innovations ont parcouru un chemin plus long que celle que nous a apport\u00e9 le physicien salzbourgeois Christian Doppler. Les adversaires de Doppler, pour qui la nouvelle pens\u00e9e de la physique moderne \u00e9tait encore \u00e9trang\u00e8re, y sont pour beaucoup, en plus de leur faible compr\u00e9hension de l&rsquo;histoire des sciences.<br><br>Les adversaires de Doppler de son vivant \u00e9taient, tout comme ses promoteurs, parmi les personnalit\u00e9s les plus importantes de leur discipline dans le domaine des sciences naturelles. C&rsquo;est pr\u00e9cis\u00e9ment pour cette raison que les controverses entre eux et Doppler sont d&rsquo;un si grand int\u00e9r\u00eat, car elles ont permis de clarifier la signification des travaux de Doppler.<br><br>L&rsquo;\u00e9tude de cette controverse, qui a dur\u00e9 environ un demi-si\u00e8cle, serait donc une t\u00e2che tr\u00e8s instructive. Elle permettrait d&rsquo;apporter des \u00e9l\u00e9ments concrets aux discussions de Thomas S. Kuhn sur le changement de paradigme.<\/p>\n\n\n\n<div style=\"height:20px\" aria-hidden=\"true\" class=\"wp-block-spacer advgb-dyn-af21a01c\"><\/div>\n\n\n\n<div style=\"height: 100px; float: left; margin-right: 50px;\"><span class=\"dashicons dashicons-thumbs-down\" style=\"float: left; font-size: 3rem;\"><\/span><\/div>\n\n\n\n<p><strong><strong><strong>Jakob Philipp Kulik<\/strong><\/strong><\/strong><\/p>\n\n\n\n<div class=\"wp-block-media-text alignwide is-stacked-on-mobile\" style=\"grid-template-columns:31% auto\"><figure class=\"wp-block-media-text__media\"><img loading=\"lazy\" decoding=\"async\" width=\"150\" height=\"150\" src=\"https:\/\/www.christian-doppler.net\/wp-content\/uploads\/Kulik.jpg\" alt=\"\u30e4\u30fc\u30b3\u30d6\u30fb\u30d5\u30a3\u30ea\u30c3\u30d7\u30fb\u30af\u30fc\u30ea\u30af\" class=\"wp-image-2686 size-full\"\/><\/figure><div class=\"wp-block-media-text__content\">\n<p>Ce professeur de math\u00e9matiques sup\u00e9rieures \u00e0 Prague critiqua Doppler en disant qu&rsquo;il tombait dans l&rsquo;erreur de certains math\u00e9maticiens r\u00e9cents qui, <em>\u00e0 force de vouloir justifier la chose, ne pouvaient pas aller jusqu&rsquo;\u00e0 la chose elle-m\u00eame<\/em>. <a href=\"https:\/\/www.christian-doppler.net\/fr\/kulik-jakob-philipp-20-4-1793-a-lemberg-28-2-1863-a-prague\/\" data-type=\"page\" data-id=\"6995\">\u00bbplus<\/a><\/p>\n<\/div><\/div>\n\n\n\n<div style=\"height:30px\" aria-hidden=\"true\" class=\"wp-block-spacer advgb-dyn-afe3be10\"><\/div>\n\n\n\n<div style=\"height: 100px; float: left; margin-right: 50px;\"><span class=\"dashicons dashicons-thumbs-down\" style=\"float: left; font-size: 3rem;\"><\/span><\/div>\n\n\n\n<p><strong>Heinrich von M\u00e4dler<\/strong><\/p>\n\n\n\n<div class=\"wp-block-media-text alignwide is-stacked-on-mobile\" style=\"grid-template-columns:31% auto\"><figure class=\"wp-block-media-text__media\"><img loading=\"lazy\" decoding=\"async\" width=\"150\" height=\"150\" src=\"https:\/\/www.christian-doppler.net\/wp-content\/uploads\/Maedler.jpg\" alt=\"\u30e8\u30cf\u30f3\u30fb\u30cf\u30a4\u30f3\u30ea\u30c3\u30d2\u30fb\u30d5\u30a9\u30f3\u30fb\u30e1\u30c9\u30ec\u30eb\" class=\"wp-image-2687 size-full\"\/><\/figure><div class=\"wp-block-media-text__content\">\n<p>Cet \u00e9minent astronome \u00e9crivit en 1843 une critique si accablante pour Doppler, que celui-ci r\u00e9digea une r\u00e9plique cinglante, qui ne put toutefois \u00eatre publi\u00e9e qu&rsquo;en 1844 dans la revue <em>\u00d6sterreichische Bl\u00e4tter f\u00fcr Literatur und Kunst<\/em>. <a href=\"https:\/\/www.christian-doppler.net\/fr\/johann-heinrich-von-maedler-29-5-1794-a-berlin-14-3-1847-a-hanovre\/\" data-type=\"page\" data-id=\"6997\">\u00bbplus<\/a><\/p>\n<\/div><\/div>\n\n\n\n<div style=\"height:20px\" aria-hidden=\"true\" class=\"wp-block-spacer advgb-dyn-af21a01c\"><\/div>\n\n\n\n<div style=\"height: 100px; float: left; margin-right: 50px;\"><span class=\"dashicons dashicons-thumbs-down\" style=\"float: left; font-size: 3rem;\"><\/span><\/div>\n\n\n\n<p><strong>Josef Maximilian Petzval<\/strong><\/p>\n\n\n\n<div class=\"wp-block-media-text alignwide is-stacked-on-mobile\" style=\"grid-template-columns:31% auto\"><figure class=\"wp-block-media-text__media\"><img loading=\"lazy\" decoding=\"async\" width=\"150\" height=\"150\" src=\"https:\/\/www.christian-doppler.net\/wp-content\/uploads\/Petzval.jpg\" alt=\"\u30e8\u30fc\u30bc\u30d5\u30fb\u30de\u30af\u30b7\u30df\u30ea\u30a2\u30f3\u30fb\u30da\u30c3\u30c4\u30d0\u30eb\" class=\"wp-image-2688 size-full\"\/><\/figure><div class=\"wp-block-media-text__content\">\n<p>C&rsquo;est une \u00e9trange co\u00efncidence que le 6 novembre 1901, dans la cour des arcades de l&rsquo;universit\u00e9 de Vienne, le monument de Petzval ait \u00e9t\u00e9 d\u00e9voil\u00e9 en m\u00eame temps que celui de Christian Doppler, qu&rsquo;il avait si violemment combattu de son vivant. <a href=\"https:\/\/www.christian-doppler.net\/fr\/josef-maximilian-petzval-6-1-1807-a-spisska-bela-all-zipser-bela-hong-szepesbela-19-9-1891-a-vienne\/\" data-type=\"page\" data-id=\"6999\">\u00bbplus<\/a><\/p>\n<\/div><\/div>\n\n\n\n<div style=\"height:20px\" aria-hidden=\"true\" class=\"wp-block-spacer advgb-dyn-af21a01c\"><\/div>\n\n\n\n<p><\/p>\n<\/div>\n<\/div>\n\n\n\n<p>Les versions originales des ces articles ont \u00e9t\u00e9 r\u00e9dig\u00e9 en allemand par P. M. Schuster en 2017 et traduit en fran\u00e7ais par J.F. Kaufeler en 2022.<\/p>\n","protected":false},"excerpt":{"rendered":"<p>Les principaux soutiens de Christian Doppler de son vivant Il semble que les deux premiers professeurs et promoteurs de Doppler \u00e0 Salzbourg et \u00e0 Vienne, le math\u00e9maticien Adam Burg et le g\u00e9od\u00e9sien Simon Stampfer, aient trouv\u00e9 plus tard leur \u00e9quivalent dans le math\u00e9maticien Bernard Bolzano, ainsi que dans le m\u00e9t\u00e9orologue Karl Kreil, ses promoteurs et amis \u00e0 Prague. Ces quatre [&hellip;]<\/p>\n","protected":false},"author":1,"featured_media":0,"parent":0,"menu_order":0,"comment_status":"closed","ping_status":"closed","template":"","meta":{"_acf_changed":false,"advgb_blocks_editor_width":"","advgb_blocks_columns_visual_guide":"","footnotes":""},"class_list":["post-6926","page","type-page","status-publish","hentry"],"acf":[],"featured_image_urls_v2":{"full":"","thumbnail":"","medium":"","medium_large":"","large":"","timeline-express":"","timeline-express-thumbnail":"","1536x1536":"","2048x2048":""},"post_excerpt_stackable_v2":"<p>Les principaux soutiens de Christian Doppler de son vivant Il semble que les deux premiers professeurs et promoteurs de Doppler \u00e0 Salzbourg et \u00e0 Vienne, le math\u00e9maticien Adam Burg et le g\u00e9od\u00e9sien Simon Stampfer, aient trouv\u00e9 plus tard leur \u00e9quivalent dans le math\u00e9maticien Bernard Bolzano, ainsi que dans le m\u00e9t\u00e9orologue Karl Kreil, ses promoteurs et amis \u00e0 Prague.Ces quatre personnes ont soutenu Doppler jusqu&rsquo;\u00e0 la fin avec compr\u00e9hension et aide. Cette relation simultan\u00e9e de Doppler avec deux personnalit\u00e9s oppos\u00e9es montre une fois de plus la force intellectuelle de Christian Doppler et \u00e0 quel point il pouvait associer dans ses innovations\u2026<\/p>\n","category_list_v2":"","author_info_v2":{"name":"Technik Admin","url":"https:\/\/www.christian-doppler.net\/fr\/author\/wp_admin\/"},"comments_num_v2":"0 commentaire","coauthors":[],"author_meta":{"author_link":"https:\/\/www.christian-doppler.net\/fr\/author\/wp_admin\/","display_name":"Technik Admin"},"relative_dates":{"created":"Publi\u00e9 9 ans il y a","modified":"Mis \u00e0 jour 3 ans il y a"},"absolute_dates":{"created":"Publi\u00e9 le 24 mai 2017","modified":"Mise \u00e0 jour le 23 janvier 2023"},"absolute_dates_time":{"created":"Publi\u00e9 le 24 mai 2017 12h06","modified":"Mise \u00e0 jour le 23 janvier 2023 16h51"},"featured_img_caption":"","featured_img":false,"series_order":"","_links":{"self":[{"href":"https:\/\/www.christian-doppler.net\/fr\/wp-json\/wp\/v2\/pages\/6926","targetHints":{"allow":["GET"]}}],"collection":[{"href":"https:\/\/www.christian-doppler.net\/fr\/wp-json\/wp\/v2\/pages"}],"about":[{"href":"https:\/\/www.christian-doppler.net\/fr\/wp-json\/wp\/v2\/types\/page"}],"author":[{"embeddable":true,"href":"https:\/\/www.christian-doppler.net\/fr\/wp-json\/wp\/v2\/users\/1"}],"replies":[{"embeddable":true,"href":"https:\/\/www.christian-doppler.net\/fr\/wp-json\/wp\/v2\/comments?post=6926"}],"version-history":[{"count":6,"href":"https:\/\/www.christian-doppler.net\/fr\/wp-json\/wp\/v2\/pages\/6926\/revisions"}],"predecessor-version":[{"id":7012,"href":"https:\/\/www.christian-doppler.net\/fr\/wp-json\/wp\/v2\/pages\/6926\/revisions\/7012"}],"wp:attachment":[{"href":"https:\/\/www.christian-doppler.net\/fr\/wp-json\/wp\/v2\/media?parent=6926"}],"curies":[{"name":"wp","href":"https:\/\/api.w.org\/{rel}","templated":true}]}}