{"id":6893,"date":"2022-11-15T16:12:55","date_gmt":"2022-11-15T15:12:55","guid":{"rendered":"https:\/\/www.christian-doppler.net\/?page_id=6893"},"modified":"2022-11-28T17:20:12","modified_gmt":"2022-11-28T16:20:12","slug":"impressum","status":"publish","type":"page","link":"https:\/\/www.christian-doppler.net\/fr\/impressum\/","title":{"rendered":"Impressum"},"content":{"rendered":"<p><strong>Fonds Christian Doppler<\/strong><br \/>\nUniversit\u00e9 de Salzbourg, Facult\u00e9 des sciences naturelles<br \/>\nDirecteur : Dr. Christian Pruner | + 43 662 8044 6253 | <a href=\"mailto:christian.pruner@sbg.ac.at\">christian.pruner@sbg.ac.at<\/a><br \/>\nD\u00e9partement de chimie et de physique des mat\u00e9riaux<br \/>\nJakob-Haringer-Stra\u00dfe 2a, A-5020 Salzbourg, Autriche<\/p>\n<p><strong>Responsabilit\u00e9 pour le contenu<\/strong><\/p>\n<p>Bien que nous nous efforcions de fournir des contenus aussi exacts et actuels que possible sur notre plate-forme, nous ne pouvons pas garantir l&rsquo;exactitude et l&rsquo;exhaustivit\u00e9 de toutes les informations mises \u00e0 disposition sur ce site. L&rsquo;ensemble des contenus et des documents mis \u00e0 disposition sur notre page d&rsquo;accueil servent exclusivement \u00e0 l&rsquo;information et ne poss\u00e8dent donc aucun droit l\u00e9gal.<\/p>\n<p><strong>Responsabilit\u00e9 pour les liens<\/strong><\/p>\n<p>Notre offre contient des liens vers des sites tiers web externes, sur le contenu desquels nous n&rsquo;avons aucune influence. Par cons\u00e9quent, nous ne pouvons pas non plus nous porter garants de ces contenus externes. Seul le fournisseur du site concern\u00e9 est responsable des contenus erron\u00e9s, ill\u00e9gaux et\/ou incomplets ainsi que des dommages caus\u00e9s par leur utilisation. Les pages li\u00e9es ont \u00e9t\u00e9 contr\u00f4l\u00e9es au moment de la mise en place des liens afin de v\u00e9rifier qu&rsquo;elles ne pr\u00e9sentaient pas d&rsquo;infraction \u00e0 la loi. Aucun contenu ill\u00e9gal n&rsquo;a \u00e9t\u00e9 identifi\u00e9 au moment de la cr\u00e9ation du lien. Un contr\u00f4le permanent du contenu des pages li\u00e9es n&rsquo;est cependant pas exigible sans indices concrets d&rsquo;une violation de la loi. D\u00e8s que nous aurons connaissance d&rsquo;une violation de la loi, nous supprimerons imm\u00e9diatement les liens concern\u00e9s.<\/p>\n","protected":false},"excerpt":{"rendered":"<p>Fonds Christian Doppler Universit\u00e9 de Salzbourg, Facult\u00e9 des sciences naturelles Directeur : Dr. Christian Pruner | + 43 662 8044 6253 | christian.pruner@sbg.ac.at D\u00e9partement de chimie et de physique des mat\u00e9riaux Jakob-Haringer-Stra\u00dfe 2a, A-5020 Salzbourg, Autriche Responsabilit\u00e9 pour le contenu Bien que nous nous efforcions de fournir des contenus aussi exacts et actuels que possible sur notre plate-forme, nous ne [&hellip;]<\/p>\n","protected":false},"author":1,"featured_media":0,"parent":0,"menu_order":0,"comment_status":"closed","ping_status":"closed","template":"","meta":{"_acf_changed":false,"advgb_blocks_editor_width":"","advgb_blocks_columns_visual_guide":"","footnotes":""},"class_list":["post-6893","page","type-page","status-publish","hentry"],"acf":[],"featured_image_urls_v2":{"full":"","thumbnail":"","medium":"","medium_large":"","large":"","timeline-express":"","timeline-express-thumbnail":"","1536x1536":"","2048x2048":""},"post_excerpt_stackable_v2":"<p>Fonds Christian Doppler Universit\u00e9 de Salzbourg, Facult\u00e9 des sciences naturelles Directeur : Dr. Christian Pruner | + 43 662 8044 6253 | christian.pruner@sbg.ac.at D\u00e9partement de chimie et de physique des mat\u00e9riaux Jakob-Haringer-Stra\u00dfe 2a, A-5020 Salzbourg, Autriche Responsabilit\u00e9 pour le contenu Bien que nous nous efforcions de fournir des contenus aussi exacts et actuels que possible sur notre plate-forme, nous ne pouvons pas garantir l&rsquo;exactitude et l&rsquo;exhaustivit\u00e9 de toutes les informations mises \u00e0 disposition sur ce site. L&rsquo;ensemble des contenus et des documents mis \u00e0 disposition sur notre page d&rsquo;accueil servent exclusivement \u00e0 l&rsquo;information et ne poss\u00e8dent donc aucun droit l\u00e9gal.\u2026<\/p>\n","category_list_v2":"","author_info_v2":{"name":"Technik Admin","url":"https:\/\/www.christian-doppler.net\/fr\/author\/wp_admin\/"},"comments_num_v2":"0 commentaire","coauthors":[],"author_meta":{"author_link":"https:\/\/www.christian-doppler.net\/fr\/author\/wp_admin\/","display_name":"Technik Admin"},"relative_dates":{"created":"Publi\u00e9 3 ans il y a","modified":"Mis \u00e0 jour 3 ans il y a"},"absolute_dates":{"created":"Publi\u00e9 le 15 novembre 2022","modified":"Mise \u00e0 jour le 28 novembre 2022"},"absolute_dates_time":{"created":"Publi\u00e9 le 15 novembre 2022 16h12","modified":"Mise \u00e0 jour le 28 novembre 2022 17h20"},"featured_img_caption":"","featured_img":false,"series_order":"","_links":{"self":[{"href":"https:\/\/www.christian-doppler.net\/fr\/wp-json\/wp\/v2\/pages\/6893","targetHints":{"allow":["GET"]}}],"collection":[{"href":"https:\/\/www.christian-doppler.net\/fr\/wp-json\/wp\/v2\/pages"}],"about":[{"href":"https:\/\/www.christian-doppler.net\/fr\/wp-json\/wp\/v2\/types\/page"}],"author":[{"embeddable":true,"href":"https:\/\/www.christian-doppler.net\/fr\/wp-json\/wp\/v2\/users\/1"}],"replies":[{"embeddable":true,"href":"https:\/\/www.christian-doppler.net\/fr\/wp-json\/wp\/v2\/comments?post=6893"}],"version-history":[{"count":2,"href":"https:\/\/www.christian-doppler.net\/fr\/wp-json\/wp\/v2\/pages\/6893\/revisions"}],"predecessor-version":[{"id":6964,"href":"https:\/\/www.christian-doppler.net\/fr\/wp-json\/wp\/v2\/pages\/6893\/revisions\/6964"}],"wp:attachment":[{"href":"https:\/\/www.christian-doppler.net\/fr\/wp-json\/wp\/v2\/media?parent=6893"}],"curies":[{"name":"wp","href":"https:\/\/api.w.org\/{rel}","templated":true}]}}