{"id":6891,"date":"2022-11-15T16:11:53","date_gmt":"2022-11-15T15:11:53","guid":{"rendered":"https:\/\/www.christian-doppler.net\/?page_id=6891"},"modified":"2022-11-30T09:31:54","modified_gmt":"2022-11-30T08:31:54","slug":"contact","status":"publish","type":"page","link":"https:\/\/www.christian-doppler.net\/fr\/contact\/","title":{"rendered":"Contact"},"content":{"rendered":"<h2><strong>Fonds Christian Doppler<\/strong><\/h2>\n<p><a href=\"http:\/\/www.uni-salzburg.at\/christian-doppler\"><img loading=\"lazy\" decoding=\"async\" class=\"alignleft wp-image-455\" src=\"https:\/\/www.christian-doppler.net\/wp-content\/uploads\/cdfond_logo.jpg\" width=\"200\" height=\"156\" \/><\/a>Universit\u00e9 de Salzbourg, Facult\u00e9 des sciences naturelles<br \/>\nDirecteur : Dr. Christian Pruner | + 43 662 8044 6253 | <a href=\"mailto:christian.pruner@sbg.ac.at\">christian.pruner@sbg.ac.at<\/a><br \/>\nD\u00e9partement de chimie et de physique des mat\u00e9riaux<br \/>\nJakob-Haringer-Stra\u00dfe 2a, A-5020 Salzbourg, Autriche<\/p>\n<p>&nbsp;<\/p>\n<h2><strong>Concept et mise en \u0153uvre<\/strong><\/h2>\n<p><a href=\"http:\/\/www.salzburgresearch.at\"><img loading=\"lazy\" decoding=\"async\" class=\"alignleft wp-image-458 size-full\" src=\"https:\/\/www.christian-doppler.net\/wp-content\/uploads\/salzburgresearch_logo.jpg\" width=\"200\" height=\"84\" \/><\/a>Salzburg Research Forschungsgesellschaft m.b.H.<br \/>\nDirection du projet : Julia Eder | +43\/662\/2288-245 | <a href=\"mailto:julia.eder@salzburgresearch.at\">julia.eder@salzburgresearch.at<\/a><br \/>\nJakob-Haringer-Stra\u00dfe 5\/3, A-5020 Salzbourg, Autriche<\/p>\n<p>&nbsp;<\/p>\n","protected":false},"excerpt":{"rendered":"<p>Fonds Christian Doppler Universit\u00e9 de Salzbourg, Facult\u00e9 des sciences naturelles Directeur : Dr. Christian Pruner | + 43 662 8044 6253 | christian.pruner@sbg.ac.at D\u00e9partement de chimie et de physique des mat\u00e9riaux Jakob-Haringer-Stra\u00dfe 2a, A-5020 Salzbourg, Autriche &nbsp; Concept et mise en \u0153uvre Salzburg Research Forschungsgesellschaft m.b.H. Direction du projet : Julia Eder | +43\/662\/2288-245 | julia.eder@salzburgresearch.at Jakob-Haringer-Stra\u00dfe 5\/3, A-5020 Salzbourg, [&hellip;]<\/p>\n","protected":false},"author":1,"featured_media":0,"parent":0,"menu_order":0,"comment_status":"closed","ping_status":"closed","template":"","meta":{"_acf_changed":false,"advgb_blocks_editor_width":"","advgb_blocks_columns_visual_guide":"","footnotes":""},"class_list":["post-6891","page","type-page","status-publish","hentry"],"acf":[],"featured_image_urls_v2":{"full":"","thumbnail":"","medium":"","medium_large":"","large":"","timeline-express":"","timeline-express-thumbnail":"","1536x1536":"","2048x2048":""},"post_excerpt_stackable_v2":"<p>Fonds Christian Doppler Universit\u00e9 de Salzbourg, Facult\u00e9 des sciences naturelles Directeur : Dr. Christian Pruner | + 43 662 8044 6253 | christian.pruner@sbg.ac.at D\u00e9partement de chimie et de physique des mat\u00e9riaux Jakob-Haringer-Stra\u00dfe 2a, A-5020 Salzbourg, Autriche &nbsp; Concept et mise en \u0153uvre Salzburg Research Forschungsgesellschaft m.b.H. Direction du projet : Julia Eder | +43\/662\/2288-245 | julia.eder@salzburgresearch.at Jakob-Haringer-Stra\u00dfe 5\/3, A-5020 Salzbourg, Autriche &nbsp;<\/p>\n","category_list_v2":"","author_info_v2":{"name":"Technik Admin","url":"https:\/\/www.christian-doppler.net\/fr\/author\/wp_admin\/"},"comments_num_v2":"0 commentaire","coauthors":[],"author_meta":{"author_link":"https:\/\/www.christian-doppler.net\/fr\/author\/wp_admin\/","display_name":"Technik Admin"},"relative_dates":{"created":"Publi\u00e9 3 ans il y a","modified":"Mis \u00e0 jour 3 ans il y a"},"absolute_dates":{"created":"Publi\u00e9 le 15 novembre 2022","modified":"Mise \u00e0 jour le 30 novembre 2022"},"absolute_dates_time":{"created":"Publi\u00e9 le 15 novembre 2022 16h11","modified":"Mise \u00e0 jour le 30 novembre 2022 9h31"},"featured_img_caption":"","featured_img":false,"series_order":"","_links":{"self":[{"href":"https:\/\/www.christian-doppler.net\/fr\/wp-json\/wp\/v2\/pages\/6891","targetHints":{"allow":["GET"]}}],"collection":[{"href":"https:\/\/www.christian-doppler.net\/fr\/wp-json\/wp\/v2\/pages"}],"about":[{"href":"https:\/\/www.christian-doppler.net\/fr\/wp-json\/wp\/v2\/types\/page"}],"author":[{"embeddable":true,"href":"https:\/\/www.christian-doppler.net\/fr\/wp-json\/wp\/v2\/users\/1"}],"replies":[{"embeddable":true,"href":"https:\/\/www.christian-doppler.net\/fr\/wp-json\/wp\/v2\/comments?post=6891"}],"version-history":[{"count":5,"href":"https:\/\/www.christian-doppler.net\/fr\/wp-json\/wp\/v2\/pages\/6891\/revisions"}],"predecessor-version":[{"id":6974,"href":"https:\/\/www.christian-doppler.net\/fr\/wp-json\/wp\/v2\/pages\/6891\/revisions\/6974"}],"wp:attachment":[{"href":"https:\/\/www.christian-doppler.net\/fr\/wp-json\/wp\/v2\/media?parent=6891"}],"curies":[{"name":"wp","href":"https:\/\/api.w.org\/{rel}","templated":true}]}}