{"id":6889,"date":"2022-11-15T16:10:04","date_gmt":"2022-11-15T15:10:04","guid":{"rendered":"https:\/\/www.christian-doppler.net\/?page_id=6889"},"modified":"2025-04-10T15:43:24","modified_gmt":"2025-04-10T13:43:24","slug":"le-fonds-christian-doppler","status":"publish","type":"page","link":"https:\/\/www.christian-doppler.net\/fr\/le-fonds-christian-doppler\/","title":{"rendered":"Le fonds christian doppler"},"content":{"rendered":"<div class=\"tailor-element tailor-section tailor-5c46eccb93493\">\n<div class=\"tailor-section__content\">\n<p><!-- tailor:tailor_content:5c46eccb93494 --><\/p>\n<div class=\"tailor-element tailor-content tailor-5c46eccb93494\">\n<p>Le \u00ab\u00a0Fonds Christian-Doppler\u00a0\u00bb est un fonds dot\u00e9 de la personnalit\u00e9 juridique conform\u00e9ment \u00e0 la loi sur les fondations et les fonds de Salzbourg (LGBl. n\u00b0 70\/1976) et a son si\u00e8ge \u00e0 Salzbourg. Le fonds est d&rsquo;utilit\u00e9 publique et ses activit\u00e9s ne sont pas \u00e0 but lucratif.<\/p>\n<h2>Cr\u00e9ation et objectif<\/h2>\n<p>Le Fonds Christian Doppler a \u00e9t\u00e9 cr\u00e9\u00e9 en 1987 dans le but de rendre hommage \u00e0 la vie et \u00e0 l&rsquo;\u0153uvre de Christian Doppler et de les rendre accessibles \u00e0 un large public.<br \/>\nIl s&rsquo;agit de r\u00e9aliser des travaux de recherche, de d\u00e9veloppement et d&rsquo;enseignement pour la science et l&rsquo;\u00e9conomie autrichiennes, ainsi que la publication et la documentation scientifiques qui y sont li\u00e9es, et de former des activit\u00e9s scientifiques connexes et d&rsquo;exploiter les r\u00e9sultats.<br \/>\nEn 1972 d\u00e9j\u00e0, le Landtag de Salzbourg s&rsquo;\u00e9tait pench\u00e9 sur la question d&rsquo;une \u00ab\u00a0Fondation Christian Doppler\u00a0\u00bb et avait d\u00e9cid\u00e9 de cr\u00e9er le prix Christian Doppler. Christian Andreas Doppler est, avec Wolfgang Amadeus Mozart, le Salzbourgeois le plus marquant au monde. Les d\u00e9couvertes scientifiques r\u00e9volutionnaires de Christian Doppler font aujourd&rsquo;hui partie int\u00e9grante de notre vie quotidienne, tant par leur importance fondamentale pour les sciences naturelles, la technique et la m\u00e9decine, que par leur dimension \u00e9pist\u00e9mologique, qui caract\u00e9rise notre vision moderne du monde.<br \/>\nLe principe Doppler est \u00e0 la base de nombreuses disciplines : de l&rsquo;astronomie \u00e0 l&rsquo;astronautique et aux tests fondamentaux de la relativit\u00e9, en passant par la physique des mat\u00e9riaux, la dynamique des fluides, la biologie, la m\u00e9decine et la th\u00e9orie quantique.<\/p>\n<p><a href=\"https:\/\/www.christian-doppler.net\/wp-content\/uploads\/T\u00e4tigkeitsbericht-Doppler_Folder_korr.pdf\" target=\"_blank\" rel=\"noopener\">Rapport d&rsquo;activit\u00e9 | Fonds Doppler | 1987-2002<\/a><\/p>\n<p><a href=\"https:\/\/www.christian-doppler.net\/wp-content\/uploads\/Taetigkeitsbericht-30-Jahre-Dopplerfonds_Onlineversion.pdf\" target=\"_blank\" rel=\"noopener\">Rapport d\u2018activit\u00e9 | Fonds Doppler | 2019 | 30 ans de Fonds Christian Doppler<\/a><\/p>\n<h2>L&rsquo;effet mill\u00e9naire<\/h2>\n<p>Dans sa conf\u00e9rence de Salzbourg du 21 septembre 1909, au cours de laquelle il a parl\u00e9 pour la premi\u00e8re fois en public de sa th\u00e9orie de la relativit\u00e9, Albert Einstein a prononc\u00e9 cette phrase importante : quelle que soit la forme que prendra la th\u00e9orie des processus \u00e9lectromagn\u00e9tiques, le principe Doppler sera conserv\u00e9 dans tous les cas.<br \/>\nDans une conf\u00e9rence donn\u00e9e \u00e0 l&rsquo;universit\u00e9 de Salzbourg en juillet 2007, le physicien Anton Zeilinger a qualifi\u00e9 l&rsquo;effet Doppler d'\u00a0\u00bbeffet mill\u00e9naire\u00a0\u00bb.<br \/>\nJusqu&rsquo;\u00e0 pr\u00e9sent, 24 scientifiques ont re\u00e7u le prix Nobel de physique pour leurs travaux directement ou indirectement li\u00e9s \u00e0 l&rsquo;effet Doppler.<\/p>\n<h2>Structure organisationnelle :<\/h2>\n<p>Les organes du fonds sont le conseil d&rsquo;administration, le directeur et le comit\u00e9 consultatif.<\/p>\n<p>Pr\u00e9sident : Univ. Prof. DI Dr. Maurizio Musso<br \/>\nDirecteur : Dr. Christian Pruner : + 43 662 8044 6253, christian.pruner@sbg.ac.at<br \/>\nAdresse : Christian Doppler Fonds<br \/>\nUniversit\u00e9 de Salzbourg, Facult\u00e9 des sciences naturelles<br \/>\nD\u00e9partement de chimie et de physique des mat\u00e9riaux<br \/>\nJakob-Haringer-Stra\u00dfe 2a, A-5020 Salzbourg, Autriche<\/p>\n<p>Les membres actuels du conseil d&rsquo;administration et du comit\u00e9 consultatif sont indiqu\u00e9s dans la version allemande de ce chapitre.<\/p>\n<\/div>\n<p><!-- \/tailor:tailor_content:5c46eccb93494 --><\/p>\n<\/div>\n<\/div>\n<p><!-- \/tailor:tailor_section:5c46eccb93493 --><\/p>\n\n\n<p>The activities of the Christian Doppler Foundation are supported by the State of Salzburg, the City of Salzburg and the Christian Doppler Society.<\/p>\n\n\n\n<div class=\"wp-block-columns is-layout-flex wp-container-core-columns-is-layout-9d6595d7 wp-block-columns-is-layout-flex\">\n<div class=\"wp-block-column is-layout-flow wp-block-column-is-layout-flow\"><div class=\"wp-block-image\">\n<figure class=\"aligncenter size-full is-resized\"><a href=\"https:\/\/www.salzburg.gv.at\/\" target=\"_blank\" rel=\" noreferrer noopener\"><img loading=\"lazy\" decoding=\"async\" width=\"200\" height=\"73\" src=\"https:\/\/www.christian-doppler.net\/wp-content\/uploads\/landsalzburg.png\" alt=\"Land Salzburg\" class=\"wp-image-567\" style=\"width:180px;height:auto\"\/><\/a><\/figure>\n<\/div><\/div>\n\n\n\n<div class=\"wp-block-column is-layout-flow wp-block-column-is-layout-flow\"><div class=\"wp-block-image\">\n<figure class=\"aligncenter size-full is-resized\"><a href=\"https:\/\/www.wissensstadt-salzburg.at\/\" target=\"_blank\" rel=\" noreferrer noopener\"><img loading=\"lazy\" decoding=\"async\" width=\"340\" height=\"156\" src=\"https:\/\/www.christian-doppler.net\/wp-content\/uploads\/Logo_wissensstadt.png\" alt=\"Wissensstadt Salzburg\" class=\"wp-image-8283\" style=\"width:172px;height:auto\" srcset=\"https:\/\/www.christian-doppler.net\/wp-content\/uploads\/Logo_wissensstadt.png 340w, https:\/\/www.christian-doppler.net\/wp-content\/uploads\/Logo_wissensstadt-300x138.png 300w\" sizes=\"auto, (max-width: 340px) 100vw, 340px\" \/><\/a><\/figure>\n<\/div><\/div>\n\n\n\n<div class=\"wp-block-column is-layout-flow wp-block-column-is-layout-flow\"><div class=\"wp-block-image\">\n<figure class=\"aligncenter size-full is-resized\"><a href=\"https:\/\/www.cdg.ac.at\/\" target=\"_blank\" rel=\" noreferrer noopener\"><img loading=\"lazy\" decoding=\"async\" width=\"303\" height=\"86\" src=\"https:\/\/www.christian-doppler.net\/wp-content\/uploads\/idP4JaK0pJ_logos.png\" alt=\"Christian Doppler Forschungsgesellschaft\" class=\"wp-image-8272\" style=\"width:246px;height:auto\" srcset=\"https:\/\/www.christian-doppler.net\/wp-content\/uploads\/idP4JaK0pJ_logos.png 303w, https:\/\/www.christian-doppler.net\/wp-content\/uploads\/idP4JaK0pJ_logos-300x85.png 300w\" sizes=\"auto, (max-width: 303px) 100vw, 303px\" \/><\/a><\/figure>\n<\/div><\/div>\n<\/div>\n","protected":false},"excerpt":{"rendered":"<p>Le \u00ab\u00a0Fonds Christian-Doppler\u00a0\u00bb est un fonds dot\u00e9 de la personnalit\u00e9 juridique conform\u00e9ment \u00e0 la loi sur les fondations et les fonds de Salzbourg (LGBl. n\u00b0 70\/1976) et a son si\u00e8ge \u00e0 Salzbourg. Le fonds est d&rsquo;utilit\u00e9 publique et ses activit\u00e9s ne sont pas \u00e0 but lucratif. Cr\u00e9ation et objectif Le Fonds Christian Doppler a \u00e9t\u00e9 cr\u00e9\u00e9 en 1987 dans le [&hellip;]<\/p>\n","protected":false},"author":1,"featured_media":0,"parent":0,"menu_order":0,"comment_status":"closed","ping_status":"closed","template":"","meta":{"_acf_changed":false,"advgb_blocks_editor_width":"","advgb_blocks_columns_visual_guide":"","footnotes":""},"class_list":["post-6889","page","type-page","status-publish","hentry"],"acf":[],"featured_image_urls_v2":{"full":"","thumbnail":"","medium":"","medium_large":"","large":"","timeline-express":"","timeline-express-thumbnail":"","1536x1536":"","2048x2048":""},"post_excerpt_stackable_v2":"<p>Le \u00ab\u00a0Fonds Christian-Doppler\u00a0\u00bb est un fonds dot\u00e9 de la personnalit\u00e9 juridique conform\u00e9ment \u00e0 la loi sur les fondations et les fonds de Salzbourg (LGBl. n\u00b0 70\/1976) et a son si\u00e8ge \u00e0 Salzbourg. Le fonds est d&rsquo;utilit\u00e9 publique et ses activit\u00e9s ne sont pas \u00e0 but lucratif. Cr\u00e9ation et objectif Le Fonds Christian Doppler a \u00e9t\u00e9 cr\u00e9\u00e9 en 1987 dans le but de rendre hommage \u00e0 la vie et \u00e0 l&rsquo;\u0153uvre de Christian Doppler et de les rendre accessibles \u00e0 un large public. Il s&rsquo;agit de r\u00e9aliser des travaux de recherche, de d\u00e9veloppement et d&rsquo;enseignement pour la science et l&rsquo;\u00e9conomie autrichiennes,\u2026<\/p>\n","category_list_v2":"","author_info_v2":{"name":"Technik Admin","url":"https:\/\/www.christian-doppler.net\/fr\/author\/wp_admin\/"},"comments_num_v2":"0 commentaire","coauthors":[],"author_meta":{"author_link":"https:\/\/www.christian-doppler.net\/fr\/author\/wp_admin\/","display_name":"Technik Admin"},"relative_dates":{"created":"Publi\u00e9 3 ans il y a","modified":"Mis \u00e0 jour 1 an il y a"},"absolute_dates":{"created":"Publi\u00e9 le 15 novembre 2022","modified":"Mise \u00e0 jour le 10 avril 2025"},"absolute_dates_time":{"created":"Publi\u00e9 le 15 novembre 2022 16h10","modified":"Mise \u00e0 jour le 10 avril 2025 15h43"},"featured_img_caption":"","featured_img":false,"series_order":"","_links":{"self":[{"href":"https:\/\/www.christian-doppler.net\/fr\/wp-json\/wp\/v2\/pages\/6889","targetHints":{"allow":["GET"]}}],"collection":[{"href":"https:\/\/www.christian-doppler.net\/fr\/wp-json\/wp\/v2\/pages"}],"about":[{"href":"https:\/\/www.christian-doppler.net\/fr\/wp-json\/wp\/v2\/types\/page"}],"author":[{"embeddable":true,"href":"https:\/\/www.christian-doppler.net\/fr\/wp-json\/wp\/v2\/users\/1"}],"replies":[{"embeddable":true,"href":"https:\/\/www.christian-doppler.net\/fr\/wp-json\/wp\/v2\/comments?post=6889"}],"version-history":[{"count":4,"href":"https:\/\/www.christian-doppler.net\/fr\/wp-json\/wp\/v2\/pages\/6889\/revisions"}],"predecessor-version":[{"id":8307,"href":"https:\/\/www.christian-doppler.net\/fr\/wp-json\/wp\/v2\/pages\/6889\/revisions\/8307"}],"wp:attachment":[{"href":"https:\/\/www.christian-doppler.net\/fr\/wp-json\/wp\/v2\/media?parent=6889"}],"curies":[{"name":"wp","href":"https:\/\/api.w.org\/{rel}","templated":true}]}}