{"id":6858,"date":"2022-11-14T16:15:30","date_gmt":"2022-11-14T15:15:30","guid":{"rendered":"https:\/\/www.christian-doppler.net\/?page_id=6858"},"modified":"2022-11-14T16:15:30","modified_gmt":"2022-11-14T15:15:30","slug":"les-etapes-les-plus-importantes-de-doppler","status":"publish","type":"page","link":"https:\/\/www.christian-doppler.net\/fr\/les-etapes-les-plus-importantes-de-doppler\/","title":{"rendered":"LES \u00c9TAPES LES PLUS IMPORTANTES DE DOPPLER"},"content":{"rendered":"<p style=\"text-align: center;\"><span class=\"code char\"><a href=\"https:\/\/www.christian-doppler.net\/fr\/station\/salzbourg-la-ou-tout-a-commence\/\">Salzbourg<\/a> \u2022<\/span> <a href=\"https:\/\/www.christian-doppler.net\/fr\/station\/linz\/\">Linz<\/a> <span class=\"code char\">\u2022 <a href=\"https:\/\/www.christian-doppler.net\/fr\/station\/institut-polytechnique-de-vienne\/\">Vienne<\/a> \u2022 <a href=\"https:\/\/www.christian-doppler.net\/fr\/station\/bruck-an-der-leitha-emploi-de-comptable\/\">Bruck an der Leitha<\/a> \u2022 <a href=\"https:\/\/www.christian-doppler.net\/fr\/station\/prague\/\">Prague<\/a> \u2022 <a href=\"https:\/\/www.christian-doppler.net\/fr\/station\/schemnitz-academie-des-mines-et-des-forets\/\">Schemnitz<\/a> \u2022 <a href=\"https:\/\/www.christian-doppler.net\/fr\/station\/venise-lieu-de-mort-de-christian-doppler\/\">Venise<\/a><\/span><\/p>\n","protected":false},"excerpt":{"rendered":"<p>Salzbourg \u2022 Linz \u2022 Vienne \u2022 Bruck an der Leitha \u2022 Prague \u2022 Schemnitz \u2022 Venise<\/p>\n","protected":false},"author":1,"featured_media":0,"parent":0,"menu_order":0,"comment_status":"closed","ping_status":"closed","template":"page-karte.php","meta":{"_acf_changed":false,"advgb_blocks_editor_width":"","advgb_blocks_columns_visual_guide":"","footnotes":""},"class_list":["post-6858","page","type-page","status-publish","hentry"],"acf":[],"featured_image_urls_v2":{"full":"","thumbnail":"","medium":"","medium_large":"","large":"","timeline-express":"","timeline-express-thumbnail":"","1536x1536":"","2048x2048":""},"post_excerpt_stackable_v2":"<p>Salzbourg \u2022 Linz \u2022 Vienne \u2022 Bruck an der Leitha \u2022 Prague \u2022 Schemnitz \u2022 Venise<\/p>\n","category_list_v2":"","author_info_v2":{"name":"Technik Admin","url":"https:\/\/www.christian-doppler.net\/fr\/author\/wp_admin\/"},"comments_num_v2":"0 commentaire","coauthors":[],"author_meta":{"author_link":"https:\/\/www.christian-doppler.net\/fr\/author\/wp_admin\/","display_name":"Technik Admin"},"relative_dates":{"created":"Publi\u00e9 3 ans il y a","modified":"Mis \u00e0 jour 3 ans il y a"},"absolute_dates":{"created":"Publi\u00e9 le 14 novembre 2022","modified":"Mise \u00e0 jour le 14 novembre 2022"},"absolute_dates_time":{"created":"Publi\u00e9 le 14 novembre 2022 16h15","modified":"Mise \u00e0 jour le 14 novembre 2022 16h15"},"featured_img_caption":"","featured_img":false,"series_order":"","_links":{"self":[{"href":"https:\/\/www.christian-doppler.net\/fr\/wp-json\/wp\/v2\/pages\/6858","targetHints":{"allow":["GET"]}}],"collection":[{"href":"https:\/\/www.christian-doppler.net\/fr\/wp-json\/wp\/v2\/pages"}],"about":[{"href":"https:\/\/www.christian-doppler.net\/fr\/wp-json\/wp\/v2\/types\/page"}],"author":[{"embeddable":true,"href":"https:\/\/www.christian-doppler.net\/fr\/wp-json\/wp\/v2\/users\/1"}],"replies":[{"embeddable":true,"href":"https:\/\/www.christian-doppler.net\/fr\/wp-json\/wp\/v2\/comments?post=6858"}],"version-history":[{"count":1,"href":"https:\/\/www.christian-doppler.net\/fr\/wp-json\/wp\/v2\/pages\/6858\/revisions"}],"predecessor-version":[{"id":6859,"href":"https:\/\/www.christian-doppler.net\/fr\/wp-json\/wp\/v2\/pages\/6858\/revisions\/6859"}],"wp:attachment":[{"href":"https:\/\/www.christian-doppler.net\/fr\/wp-json\/wp\/v2\/media?parent=6858"}],"curies":[{"name":"wp","href":"https:\/\/api.w.org\/{rel}","templated":true}]}}