{"id":6216,"date":"2017-04-11T14:35:13","date_gmt":"2017-04-11T12:35:13","guid":{"rendered":"https:\/\/www.christian-doppler.net\/literatur\/"},"modified":"2023-09-21T16:50:23","modified_gmt":"2023-09-21T14:50:23","slug":"literatur","status":"publish","type":"page","link":"https:\/\/www.christian-doppler.net\/es\/literatur\/","title":{"rendered":"Literatur"},"content":{"rendered":"<h3><img loading=\"lazy\" decoding=\"async\" class=\"size-medium wp-image-603 alignleft\" src=\"https:\/\/www.christian-doppler.net\/wp-content\/uploads\/thumb_hutter.jpg\" alt=\"\" width=\"130\" height=\"204\" \/>Christian Doppler<\/h3>\n<p>von Clemens M. Hutter (Autor)<br \/>\nTaschenbuch: 176 Seiten<br \/>\nVerlag: Verlag Anton Pustet Salzburg (23. Januar 2017)<br \/>\nSprache: Deutsch<br \/>\nISBN-10: 3702508511<br \/>\nISBN-13: 978-3702508517<br \/>\n<span><a href=\"https:\/\/www.pustet.at\/Christian-Doppler_28_p453.html\">https:\/\/www.pustet.at\/Christian-Doppler_28_p453.html<\/a><\/span><\/p>\n<h3><img loading=\"lazy\" decoding=\"async\" class=\"wp-image-7107 alignleft\" src=\"https:\/\/www.christian-doppler.net\/wp-content\/uploads\/175jahre-215x300.jpg\" alt=\"175 Jahre Doppler-Effekt\" width=\"131\" height=\"182\" srcset=\"https:\/\/www.christian-doppler.net\/wp-content\/uploads\/175jahre-215x300.jpg 215w, https:\/\/www.christian-doppler.net\/wp-content\/uploads\/175jahre.jpg 400w\" sizes=\"auto, (max-width: 131px) 100vw, 131px\" \/>175 Jahre Doppler Effekt &#8211; Christian Doppler Jubil\u00e4umssymposium: Konferenzbericht<\/h3>\n<p>von Peter M. Schuster, Christian Doppler Fonds (Eds.)<br \/>\nVerlag: Living Edition\/STARNA<br \/>\nSprache: Deutsch<br \/>\nISBN-13: <span id=\"variant-48-isbn\">978-3-901585-46-3<br \/>\n<a href=\"https:\/\/www.livingedition.at\/en\/titles\/175-jahre-doppler-effekt\/\" target=\"_blank\" rel=\"noopener\">https:\/\/www.livingedition.at\/en\/titles\/175-jahre-doppler-effekt\/<\/a><\/span><\/p>\n<p>&nbsp;<\/p>\n<h3><img loading=\"lazy\" decoding=\"async\" class=\"alignleft size-medium wp-image-604\" src=\"https:\/\/www.christian-doppler.net\/wp-content\/uploads\/thumb_schuster.jpg\" alt=\"\" width=\"130\" height=\"184\" \/>Unfassbare Strahlung &#8211; Werdegang zur modernen Physik: EUROPHYSICS &#8211; Europ\u00e4isches Zentrum f\u00fcr Physikgeschichte, Schloss P\u00f6llau, \u00d6sterreich<\/h3>\n<p>von Peter M Schuster (Autor), Lily Wilmes (Autor), Arthur Schuster (Illustrator, Cover Design)<br \/>\nGebundene Ausgabe: 360 Seiten<br \/>\nVerlag: Living Edition\/STARNA; Auflage: 1 (2. September 2016)<br \/>\nSprache: Deutsch<br \/>\nISBN-10: 3901585338<br \/>\nISBN-13: 978-3901585333<br \/>\n<span><a href=\"https:\/\/www.livingedition.at\/en\/isbn\/9783901585333\/\">https:\/\/www.livingedition.at\/en\/isbn\/9783901585333\/<\/a><\/span><\/p>\n<h3>The Search for Christian Doppler<\/h3>\n<p>von Alec Eden (Autor)<br \/>\nGebundene Ausgabe: 137 Seiten<br \/>\nVerlag: Springer; Auflage: 1 (17. Dezember 2002)<br \/>\nSprache: Englisch<br \/>\nISBN-10: 3211823670<br \/>\nISBN-13: 978-3211823675<br \/>\n<span><a href=\"http:\/\/www.springer.com\/us\/book\/9783709173787\">http:\/\/www.springer.com\/us\/book\/9783709173787<\/a><\/span><\/p>\n<h3>Christian Doppler: Life And Work, Principle And Applications<\/h3>\n<p>Proceedings of the Commemorative Symposia in 2003 &#8211; Salzburg, Prague, Vienna, Venice (Englisch) Gebundene Ausgabe \u2013 September 2007<br \/>\nvon Editors: Ewald Hiebl (Autor), Maurizio Musso (Autor)<br \/>\nGebundene Ausgabe: 208 Seiten<br \/>\nVerlag: Living Edition, Starna GmbH; Auflage: 1. (September 2007)<br \/>\nSprache: Englisch<br \/>\nISBN-10: 3901585095<br \/>\nISBN-13: 978-3901585098<br \/>\n<span><a href=\"https:\/\/www.livingedition.at\/de\/isbn\/9783901585098\/\">https:\/\/www.livingedition.at\/de\/isbn\/9783901585098\/<\/a><\/span><\/p>\n<h3>Christian Doppler \u2013 Moving the Stars: His Life, His Works and Principle, and the World After<\/h3>\n<p>von Peter Maria Schuster (Autor, Mitwirkende), Technographic Wien (Cover Design), Lily Wilmes (\u00dcbersetzer)<br \/>\nGebundene Ausgabe: 232 Seiten<br \/>\nVerlag: Living Edition\/STARNA; Auflage: 1 (11. Mai 2005)<br \/>\nSprache: Englisch<br \/>\nISBN-10: 3901585052<br \/>\nISBN-13: 978-3901585050<br \/>\n<span><a href=\"https:\/\/www.livingedition.at\/de\/isbn\/9783901585050\/\">https:\/\/www.livingedition.at\/de\/isbn\/9783901585050\/<\/a><\/span><\/p>\n<p>&nbsp;<\/p>\n<h3>Christian Doppler \u2013 Weltbewegend, unbekannt: Leben und Werk des Physikers Christian Doppler und die Welt danach<\/h3>\n<p>von Peter Maria Schuster (Autor, Mitwirkende), Technographic Wien (Cover Design)<br \/>\nGebundene Ausgabe: 200 Seiten<br \/>\nVerlag: Living Edition\/STARNA; Auflage: 1 (2003)<br \/>\nSprache: Deutsch<br \/>\nISBN-10: 3901585036<br \/>\nISBN-13: 978-3901585036<br \/>\n<span><a href=\"https:\/\/www.livingedition.at\/de\/isbn\/9783901585036\/\">https:\/\/www.livingedition.at\/de\/isbn\/9783901585036\/<\/a><\/span><\/p>\n<p>&nbsp;<\/p>\n<h2>Weiterf\u00fchrende Literatur:<\/h2>\n<h3>Ueber das farbige Licht der Doppelsterne und einiger anderer Gestirne des Himmels<\/h3>\n<p>(Classic Reprint) von Christian Doppler (Autor)<br \/>\nTaschenbuch: 30 Seiten<br \/>\nVerlag: Forgotten Books (20. Oktober 2016)<br \/>\nSprache: Deutsch<br \/>\nISBN-10: 1334011125<br \/>\nISBN-13: 978-1334011122<br \/>\n<a href=\"https:\/\/www.christian-doppler.net\/wp-content\/uploads\/ueberdasfarbigel00doppuoft_Copyright-ungekl\u00e4rt.pdf\" target=\"_blank\" rel=\"noopener\">Download als PDF<\/a><\/p>\n<div class=\"\">Dopplers Originalver\u00f6ffentlichung enth\u00e4lt einige Ungenauigkeiten und numerische Fehler\u00a0(<a class=\"\" href=\"https:\/\/en.wikipedia.org\/wiki\/%C3%9Cber_das_farbige_Licht_der_Doppelsterne_und_einiger_anderer_Gestirne_des_Himmels\" target=\"_blank\" rel=\"noopener\">https:\/\/en.wikipedia.org\/wiki\/\u00dcber_das_farbige_Licht_der_Doppelsterne_und_einiger_anderer_Gestirne_des_Himmels<\/a>),\u00a0die allerdings in keiner Weise die G\u00fcltigkeit von Dopplers Theorie in Frage stellen.<\/div>\n<h3>The Doppler Effect in Terms of System Theory: Relativistic and non-relativistic effect<\/h3>\n<p>(Englisch) Taschenbuch \u2013 6. Mai 2009<br \/>\nvon Bernhard Bundschuh (Autor), Eric Christian Nana Wadjounnie (Autor)<br \/>\nTaschenbuch: 92 Seiten<br \/>\nVerlag: S\u00fcdwestdeutscher Verlag f\u00fcr Hochschulschriften (6. Mai 2009)<br \/>\nSprache: Englisch<br \/>\nISBN-10: 3838106490<br \/>\nISBN-13: 978-3838106496<\/p>\n<h3><img loading=\"lazy\" decoding=\"async\" class=\"alignleft size-full wp-image-602\" src=\"https:\/\/www.christian-doppler.net\/wp-content\/uploads\/thumb_grod.jpg\" alt=\"\" width=\"130\" height=\"183\" \/>Physikalische Wirklichkeit &#8211; Konstruktion oder Entdeckung?: Eine Einf\u00fchrung in die Methoden und Ziele der Physik<\/h3>\n<p>von Christian-Doppler-Fonds (Herausgeber), Victor-Franz-Hess-Gesellschaft (Herausgeber), Michael Grodzicki (Autor)<br \/>\nGebundene Ausgabe: 528 Seiten<br \/>\nVerlag: Living Edition\/STARNA (5. Oktober 2015)<br \/>\nSprache: Deutsch<br \/>\nISBN-10: 3901585303<br \/>\nISBN-13: 978-3901585302<br \/>\n<span><a href=\"https:\/\/www.livingedition.at\/de\/isbn\/9783901585302\/\">https:\/\/www.livingedition.at\/de\/isbn\/9783901585302\/<\/a><\/span><\/p>\n<h3>Und was geschieht mit dem Licht?: Physiker, Dichter und andere Reisende \u2013 Essays<\/h3>\n<p>von Peter Maria Schuster (Herausgeber, Autor, Vorwort), Technographic Wien (Cover Design)<br \/>\nTaschenbuch: 248 Seiten<br \/>\nVerlag: Living Edition\/STARNA; Auflage: 1 (1. September 2006)<br \/>\nSprache: Deutsch<br \/>\nISBN-10: 3901585087<br \/>\nISBN-13: 978-3901585081<br \/>\n<span><a href=\"https:\/\/www.livingedition.at\/de\/isbn\/9783901585081\/\">https:\/\/www.livingedition.at\/de\/isbn\/9783901585081\/<\/a><\/span><\/p>\n<h3>Meine letzte Antwort auf alles &#8211; Ludwig Boltzmann: Band I &#8211; Ludwig Boltzmann spricht mit dem Irrenarzt und Gehirnanatom Dr. Paul Flechsig<\/h3>\n<p>von Peter Maria Schuster (Autor), Arthur G.P. Schuster (Bearbeitung, Cover Design)<br \/>\nGebundene Ausgabe: 392 Seiten<br \/>\nVerlag: Living Edition\/STARNA (15. November 2015)<br \/>\nSprache: Deutsch<br \/>\nISBN-10: 3901585311<br \/>\nISBN-13: 978-3901585319<br \/>\n<span><a href=\"https:\/\/www.livingedition.at\/de\/isbn\/9783901585319\/\">https:\/\/www.livingedition.at\/de\/isbn\/9783901585319\/<\/a><\/span><\/p>\n<h3>Christian Doppler (1803-1853), Bd. 1, (Perspektiven der Wissenschaftsgeschichte)<\/h3>\n<p>von Helmuth Gr\u00f6ssing (Autor), Karl Kadletz (Autor)<br \/>\nGebundene Ausgabe: 192 Seiten<br \/>\nVerlag: B\u00f6hlau Wien (Januar 1997)<br \/>\nSprache: Deutsch<br \/>\nISBN-10: 3205054830<br \/>\nISBN-13: 978-3205054832<\/p>\n<h3>Christian Doppler (1803-1853), Bd.2, Das Werk (Perspektiven der Wissenschaftsgeschichte)<\/h3>\n<p>von Peter Schuster (Autor)<br \/>\nTaschenbuch: 504 Seiten<br \/>\nVerlag: B\u00f6hlau Wien (1. Januar 1998)<br \/>\nSprache: Deutsch<br \/>\nISBN-10: 320505508X<br \/>\nISBN-13: 978-3205055082<\/p>\n<h3>Vom Irrenhaus zur Christian-Doppler-Klinik: 100 Jahre Salzburger Landesnervenklinik 1898-1998<\/h3>\n<p>Verlag: M\u00fcller, Otto<br \/>\nSprache: Deutsch<br \/>\nISBN-10: 3701309884<br \/>\nISBN-13: 978-3701309887<\/p>\n<h3>Christian Andreas Doppler: Abhandlungen<\/h3>\n<p>Taschenbuch: 196 Seiten<br \/>\nVerlag: VDM Verlag Dr. M\u00fcller; Auflage: 1 (2006)<br \/>\nSprache: Deutsch<br \/>\nISBN-10: 3865509002<br \/>\nISBN-13: 978-3865509000<\/p>\n<h3>Schriften aus der Fr\u00fchzeit der Astrophysik<\/h3>\n<p>(Doppler)<br \/>\nBroschiert: 194 Seiten<br \/>\nVerlag: Europa-Lehrmittel; Auflage: 2 (1. Februar 2000)<br \/>\nSprache: Deutsch<br \/>\nISBN-10: 3808556420<br \/>\nISBN-13: 978-3808556429<\/p>\n<h3>Der Doppler-Effekt bei den Kanalstrahlen und die Spektra der positiven Atomionen.<\/h3>\n<p>von Johannes Stark (Autor)<br \/>\n5 S. Mit Abbildungen. In: Physikalische Zeitschrift. Jg. 6\u2013 1905 Gebundene Ausgabe<br \/>\nVerlag: Hirzel Leipzig (1905)<br \/>\nASIN: B00U8NC8C2<\/p>\n<h3>Doppler- und Duplexsonographie der hirnversorgenden Arterien<\/h3>\n<p>von Bernhard Widder (Autor)<br \/>\nTaschenbuch: 428 Seiten<br \/>\nVerlag: Springer; Auflage: 6 (4. Dezember 2014)<br \/>\nSprache: Deutsch<br \/>\nISBN-10: 3662449625<br \/>\nISBN-13: 978-3662449622<br \/>\n<span><a href=\"http:\/\/www.springer.com\/de\/book\/9783662449622\">http:\/\/www.springer.com\/de\/book\/9783662449622<\/a><\/span><\/p>\n<h3>Dopplersonographie in Geburtshilfe und Gyn\u00e4kologie: Ein Leitfaden f\u00fcr die Praxis<\/h3>\n<p>von Horst Steiner (Herausgeber), Karl-Theo M. Schneider (Herausgeber)<br \/>\nTaschenbuch: 376 Seiten<br \/>\nVerlag: Springer; Auflage: 3 (18. Dezember 2015)<br \/>\nSprache: Deutsch<br \/>\nISBN-10: 3662482088<br \/>\nISBN-13: 978-3662482087<br \/>\n<span><a href=\"http:\/\/www.springer.com\/de\/book\/9783662482087\">http:\/\/www.springer.com\/de\/book\/9783662482087<\/a><\/span><\/p>\n<h3>Doppler-Sonographie: Eine Einf\u00fchrung<\/h3>\n<p>von Markward Marshall (Autor)<br \/>\nTaschenbuch: 112 Seiten<br \/>\nVerlag: Springer-Verlag (1. Januar 1988)<br \/>\nSprache: Deutsch<br \/>\nISBN-10: 3540500022<br \/>\nISBN-13: 978-3540500025<br \/>\n<span><a href=\"https:\/\/www.springer.com\/gp\/book\/9783540500025\">https:\/\/www.springer.com\/gp\/book\/9783540500025<\/a><\/span><\/p>\n<h3>Polarimetric Doppler Weather Radar: Principles and Applications<\/h3>\n<p>von V. N. Bringi (Autor), V. Chandrasekar (Mitwirkende)<br \/>\nTaschenbuch: 664 Seiten<br \/>\nVerlag: Cambridge University Press; Auflage: Revised ed. (8. September 2005)<br \/>\nSprache: Englisch<br \/>\nISBN-10: 0521019559<br \/>\nISBN-13: 978-0521019552<br \/>\n<span><a href=\"http:\/\/www.cambridge.org\/catalogue\/catalogue.asp?isbn=9780521019552\">http:\/\/www.cambridge.org\/catalogue\/catalogue.asp?isbn=9780521019552<\/a><\/span><\/p>\n<h3>Doppler applications in LEO satellite communication systems<\/h3>\n<p>von Irfan Ali (Autor), Pierino G. Bonanni (Autor), Naofal Al-Dhahir (Autor), John E. Hershey (Autor)<br \/>\nTaschenbuch: 113 Seiten<br \/>\nVerlag: Springer; Auflage: Softcover reprint of the original 1st ed. 2002 (20. November 2013)<br \/>\n(The Springer International Series in Engineering and Computer Science)<br \/>\nSprache: Englisch<br \/>\nISBN-10: 1475783906<br \/>\nISBN-13: 978-1475783902<br \/>\n<span><a href=\"http:\/\/www.springer.com\/de\/book\/9780792376163\">http:\/\/www.springer.com\/de\/book\/9780792376163<\/a><\/span><\/p>\n<h3>Mti and Pulsed Doppler Radar with MATLAB<\/h3>\n<p>, Second Edition (Artech House Radar Library)<br \/>\nvon D. Curtis Schleher (Autor)<br \/>\nGebundene Ausgabe: 440 Seiten<br \/>\nVerlag: Artech House Inc; Auflage: 0002 (30. September 2009)<br \/>\nSprache: Englisch<br \/>\nISBN-10: 159693414X<br \/>\nISBN-13: 978-1596934146<\/p>\n<h3>Erkenntnis und Irrtum: Skizzen zur Psychologie der Forschung<\/h3>\n<p>von Ernst Mach (Autor)<br \/>\nTaschenbuch: 356 Seiten<br \/>\nVerlag: CreateSpace Independent Publishing Platform (14. M\u00e4rz 2014)<br \/>\nSprache: Deutsch<br \/>\nISBN-10: 1496189426<br \/>\nISBN-13: 978-1496189424<\/p>\n<h3>Bernard Bolzano Gesamtausgabe<\/h3>\n<p>Herausgeber: Edgar Morscher<br \/>\nReihe I: Schriften. Band 18: Mathematisch-Physikalische und Philosophische Schriften 1842\u20131843 Gebundene Ausgabe \u2013 31. Dezember 1989<br \/>\nGebundene Ausgabe: 263 Seiten<br \/>\nVerlag: frommann-holzboog; Auflage: 1 (31. Dezember 1989)<br \/>\nSprache: Deutsch<br \/>\nISBN-10: 3772804411<br \/>\nISBN-13: 978-3772804410<br \/>\n<span><a href=\"https:\/\/www.frommann-holzboog.de\/editionen\/20\">https:\/\/www.frommann-holzboog.de\/editionen\/20<\/a><\/span><\/p>\n<h3>\u00dcber ein allgemeines Princip der Undulationslehre: Gesetz der Erhaltung der Schwingungsdauer.<\/h3>\n<p>von Josef Petzval (Autor)<br \/>\nBroschiert \u2013 1852<br \/>\nSprache: Deutsch<br \/>\nASIN: B003WUB4BO<\/p>\n<h3>Integration der Linearen Differentialgleichungen mit constanten und Ver\u00e4nderlichen Coefficienten<\/h3>\n<p>von Joseph Petzval (Autor), Akademie der Wissenschaften in Wien (Autor)<br \/>\nTaschenbuch: 464 Seiten<br \/>\nVerlag: Nabu Press (1. Februar 2012)<br \/>\nSprache: Deutsch<br \/>\nISBN-10: 127487128X<br \/>\nISBN-13: 978-1274871282<\/p>\n","protected":false},"excerpt":{"rendered":"<p>Christian Doppler von Clemens M. Hutter (Autor) Taschenbuch: 176 Seiten Verlag: Verlag Anton Pustet Salzburg (23. Januar 2017) Sprache: Deutsch ISBN-10: 3702508511 ISBN-13: 978-3702508517 https:\/\/www.pustet.at\/Christian-Doppler_28_p453.html 175 Jahre Doppler Effekt &#8211; Christian Doppler Jubil\u00e4umssymposium: Konferenzbericht von Peter M. Schuster, Christian Doppler Fonds (Eds.) Verlag: Living Edition\/STARNA Sprache: Deutsch ISBN-13: 978-3-901585-46-3 https:\/\/www.livingedition.at\/en\/titles\/175-jahre-doppler-effekt\/ &nbsp; Unfassbare Strahlung &#8211; Werdegang zur modernen Physik: EUROPHYSICS &#8211; [&hellip;]<\/p>\n","protected":false},"author":1,"featured_media":0,"parent":0,"menu_order":0,"comment_status":"closed","ping_status":"closed","template":"","meta":{"_acf_changed":false,"advgb_blocks_editor_width":"","advgb_blocks_columns_visual_guide":"","footnotes":""},"class_list":["post-6216","page","type-page","status-publish","hentry"],"acf":[],"featured_image_urls_v2":{"full":"","thumbnail":"","medium":"","medium_large":"","large":"","timeline-express":"","timeline-express-thumbnail":"","1536x1536":"","2048x2048":""},"post_excerpt_stackable_v2":"<p>Christian Doppler von Clemens M. Hutter (Autor) Taschenbuch: 176 Seiten Verlag: Verlag Anton Pustet Salzburg (23. Januar 2017) Sprache: Deutsch ISBN-10: 3702508511 ISBN-13: 978-3702508517 https:\/\/www.pustet.at\/Christian-Doppler_28_p453.html 175 Jahre Doppler Effekt &#8211; Christian Doppler Jubil\u00e4umssymposium: Konferenzbericht von Peter M. Schuster, Christian Doppler Fonds (Eds.) Verlag: Living Edition\/STARNA Sprache: Deutsch ISBN-13: 978-3-901585-46-3 https:\/\/www.livingedition.at\/en\/titles\/175-jahre-doppler-effekt\/ &nbsp; Unfassbare Strahlung &#8211; Werdegang zur modernen Physik: EUROPHYSICS &#8211; Europ\u00e4isches Zentrum f\u00fcr Physikgeschichte, Schloss P\u00f6llau, \u00d6sterreich von Peter M Schuster (Autor), Lily Wilmes (Autor), Arthur Schuster (Illustrator, Cover Design) Gebundene Ausgabe: 360 Seiten Verlag: Living Edition\/STARNA; Auflage: 1 (2. September 2016) Sprache: Deutsch ISBN-10: 3901585338 ISBN-13: 978-3901585333 https:\/\/www.livingedition.at\/en\/isbn\/9783901585333\/ The&hellip;<\/p>\n","category_list_v2":"","author_info_v2":{"name":"Technik Admin","url":"https:\/\/www.christian-doppler.net\/es\/author\/wp_admin\/"},"comments_num_v2":"0 comentarios","coauthors":[],"author_meta":{"author_link":"https:\/\/www.christian-doppler.net\/es\/author\/wp_admin\/","display_name":"Technik Admin"},"relative_dates":{"created":"Publicado 9 a\u00f1os hace","modified":"Actualizado 3 a\u00f1os hace"},"absolute_dates":{"created":"Publicado el 11 de abril de 2017","modified":"Actualizado el 21 de septiembre de 2023"},"absolute_dates_time":{"created":"Publicado el 11 de abril de 2017 14:35","modified":"Actualizado el 21 de septiembre de 2023 16:50"},"featured_img_caption":"","featured_img":false,"series_order":"","_links":{"self":[{"href":"https:\/\/www.christian-doppler.net\/es\/wp-json\/wp\/v2\/pages\/6216","targetHints":{"allow":["GET"]}}],"collection":[{"href":"https:\/\/www.christian-doppler.net\/es\/wp-json\/wp\/v2\/pages"}],"about":[{"href":"https:\/\/www.christian-doppler.net\/es\/wp-json\/wp\/v2\/types\/page"}],"author":[{"embeddable":true,"href":"https:\/\/www.christian-doppler.net\/es\/wp-json\/wp\/v2\/users\/1"}],"replies":[{"embeddable":true,"href":"https:\/\/www.christian-doppler.net\/es\/wp-json\/wp\/v2\/comments?post=6216"}],"version-history":[{"count":3,"href":"https:\/\/www.christian-doppler.net\/es\/wp-json\/wp\/v2\/pages\/6216\/revisions"}],"predecessor-version":[{"id":7131,"href":"https:\/\/www.christian-doppler.net\/es\/wp-json\/wp\/v2\/pages\/6216\/revisions\/7131"}],"wp:attachment":[{"href":"https:\/\/www.christian-doppler.net\/es\/wp-json\/wp\/v2\/media?parent=6216"}],"curies":[{"name":"wp","href":"https:\/\/api.w.org\/{rel}","templated":true}]}}