{"id":6146,"date":"2022-06-01T15:47:29","date_gmt":"2022-06-01T13:47:29","guid":{"rendered":"https:\/\/www.christian-doppler.net\/?page_id=6146"},"modified":"2025-11-11T14:13:13","modified_gmt":"2025-11-11T13:13:13","slug":"6146-2","status":"publish","type":"page","link":"https:\/\/www.christian-doppler.net\/es\/","title":{"rendered":""},"content":{"rendered":"\n<div style=\"height:20px\" aria-hidden=\"true\" class=\"wp-block-spacer\"><\/div>\n\n\n<div class=\"wp-block-image\">\n<figure class=\"aligncenter\"><img loading=\"lazy\" decoding=\"async\" width=\"500\" height=\"86\" src=\"https:\/\/www.christian-doppler.net\/wp-content\/uploads\/ZITAT.gif\" alt=\"\" class=\"wp-image-154\"\/><\/figure>\n<\/div>\n\n\n<p class=\"has-text-align-center\"><em>\u00abLa investigaci\u00f3n que vale m\u00e1s la pena es la que deleita al pensador y sirve a la humanidad\u00bb.<br><\/em><em>Christian Doppler<\/em><\/p>\n\n\n\n<p class=\"has-text-align-center\">\u00bfQu\u00e9 tienen en com\u00fan los aviones, los coches r\u00e1pidos, los gl\u00f3bulos rojos, los latidos del coraz\u00f3n, los gases en las tuber\u00edas selladas y las estrellas en el cielo?<\/p>\n\n\n\n<p class=\"has-text-align-center\">Su velocidad se mide gracias a un principio f\u00edsico descubierto por el cient\u00edfico de Salzburgo mundialmente famoso, Christian Doppler. Ni siquiera en sus sue\u00f1os m\u00e1s descabellados, este visionario podr\u00eda haber imaginado la importancia que tendr\u00eda su descubrimiento para toda la humanidad. Su idea, el efecto Doppler (1842), desempe\u00f1a un papel fundamental en casi todos los \u00e1mbitos de nuestra vida.<\/p>\n\n\n\n<h1 class=\"wp-block-heading has-text-align-center\" id=\"christian-andreas-doppler-1803-1853\">Christian Andreas Doppler\n(1803-1853)<\/h1>\n\n\n\n<div class=\"wp-block-ugb-columns ugb-columns cdp-life ugb-3275948 ugb-columns--design-plain ugb-columns--columns-4 ugb-main-block\"><div class=\"ugb-inner-block\"><div class=\"ugb-block-content\"><div class=\"ugb-columns__item ugb-3275948-content-wrapper\">\n<div class=\"wp-block-ugb-column ugb-column ugb-f78dc85 ugb-column--design-plain ugb-main-block\"><div class=\"ugb-inner-block\"><div class=\"ugb-block-content\"><div class=\"ugb-column__item ugb-f78dc85-column-wrapper\"><div class=\"ugb-column__content-wrapper\">\n<figure class=\"wp-block-image size-large\"><a href=\"https:\/\/www.christian-doppler.net\/es\/los-lugares-mas-importantes-de-doppler\/\"><img decoding=\"async\" src=\"https:\/\/www.christian-doppler.net\/wp-content\/uploads\/stationen.jpg\" alt=\"\"\/><\/a><\/figure>\n\n\n\n<p class=\"has-text-align-center\"><a href=\"https:\/\/www.christian-doppler.net\/es\/los-lugares-mas-importantes-de-doppler\/\"><strong>Lugares Importantes<\/strong><\/a><br><a href=\"https:\/\/www.christian-doppler.net\/es\/los-lugares-mas-importantes-de-doppler\/\">D\u00f3nde viv\u00eda y trabajaba Christian Doppler<\/a><\/p>\n<\/div><\/div><\/div><\/div><\/div>\n\n\n\n<div class=\"wp-block-ugb-column ugb-column ugb-b57f268 ugb-column--design-plain ugb-main-block\"><div class=\"ugb-inner-block\"><div class=\"ugb-block-content\"><div class=\"ugb-column__item ugb-b57f268-column-wrapper\"><div class=\"ugb-column__content-wrapper\">\n<figure class=\"wp-block-image size-large\"><a href=\"https:\/\/www.christian-doppler.net\/es\/la-vida-de-christian-andreas-doppler-1803-1853\/\"><img decoding=\"async\" src=\"https:\/\/www.christian-doppler.net\/wp-content\/uploads\/christian_doppler.jpg\" alt=\"\"\/><\/a><\/figure>\n\n\n\n<p class=\"has-text-align-center\"><a href=\"https:\/\/www.christian-doppler.net\/es\/la-vida-de-christian-andreas-doppler-1803-1853\/\"><strong>Curriculum Vitae<\/strong><\/a><br><a href=\"https:\/\/www.christian-doppler.net\/es\/la-vida-de-christian-andreas-doppler-1803-1853\/\">La agitada vida de Christian Doppler<\/a><\/p>\n<\/div><\/div><\/div><\/div><\/div>\n\n\n\n<div class=\"wp-block-ugb-column ugb-column ugb-378852b ugb-column--design-plain ugb-main-block\"><div class=\"ugb-inner-block\"><div class=\"ugb-block-content\"><div class=\"ugb-column__item ugb-378852b-column-wrapper\"><div class=\"ugb-column__content-wrapper\">\n<figure class=\"wp-block-image size-large\"><a href=\"https:\/\/www.christian-doppler.net\/es\/el-efecto-doppler\/\"><img decoding=\"async\" src=\"https:\/\/www.christian-doppler.net\/wp-content\/uploads\/dopplereffekt.jpg\" alt=\"\"\/><\/a><\/figure>\n\n\n\n<p class=\"has-text-align-center\"><strong><a href=\"https:\/\/www.christian-doppler.net\/es\/el-efecto-doppler\/\"><strong>El efecto Doppler<\/strong><\/a><\/strong><br><a href=\"https:\/\/www.christian-doppler.net\/es\/el-efecto-doppler\/\">\u00bfQu\u00e9 es exactamente el efecto Doppler? \u00bfC\u00f3mo funciona?<\/a><\/p>\n<\/div><\/div><\/div><\/div><\/div>\n\n\n\n<div class=\"wp-block-ugb-column ugb-column ugb-8a0168f ugb-column--design-plain ugb-main-block\"><div class=\"ugb-inner-block\"><div class=\"ugb-block-content\"><div class=\"ugb-column__item ugb-8a0168f-column-wrapper\"><div class=\"ugb-column__content-wrapper\">\n<figure class=\"wp-block-image size-large\"><a href=\"https:\/\/www.christian-doppler.net\/es\/el-efecto-doppler-y-sus-ganadores-del-premio-nobel\/\"><img decoding=\"async\" src=\"https:\/\/www.christian-doppler.net\/wp-content\/uploads\/nobelpreise.jpg\" alt=\"\"\/><\/a><\/figure>\n\n\n\n<p class=\"has-text-align-center\"><strong><a href=\"https:\/\/www.christian-doppler.net\/es\/el-efecto-doppler-y-sus-ganadores-del-premio-nobel\/\">Ganadores Premio Nobel<\/a><\/strong><br><a href=\"https:\/\/www.christian-doppler.net\/es\/el-efecto-doppler-y-sus-ganadores-del-premio-nobel\/\">El efecto Doppler y sus Ganadores Premio Nobel<\/a><\/p>\n<\/div><\/div><\/div><\/div><\/div>\n<\/div><\/div><\/div><\/div>\n\n\n\n<h1 class=\"wp-block-heading has-text-align-center\" id=\"anwendungen-des-doppler-effekts\">Aplicaciones del efecto Doppler<\/h1>\n\n\n\n<div class=\"blocklayout themen\">\n<a style=\"background-image:url('https:\/\/www.christian-doppler.net\/wp-content\/uploads\/vehicle-193213_1920-300x225.jpg');\" href=\"https:\/\/www.christian-doppler.net\/es\/thema\/tecnologia\/\"><p><\/p>\n<h2>Tecnolog\u00eda<\/h2>\n<\/a><p><a style=\"background-image:url('https:\/\/www.christian-doppler.net\/wp-content\/uploads\/vehicle-193213_1920-300x225.jpg');\" href=\"https:\/\/www.christian-doppler.net\/es\/thema\/tecnologia\/\"><\/a><br>\n\t\t\t\t\t\t\t\t\t\t\t\t\t\t<a style=\"background-image:url('https:\/\/www.christian-doppler.net\/wp-content\/uploads\/medical-563427_1920-300x200.jpg');\" href=\"https:\/\/www.christian-doppler.net\/es\/thema\/medicina\/\"><\/a><\/p><a style=\"background-image:url('https:\/\/www.christian-doppler.net\/wp-content\/uploads\/medical-563427_1920-300x200.jpg');\" href=\"https:\/\/www.christian-doppler.net\/es\/thema\/medicina\/\">\n<h2>Medicina<\/h2>\n<\/a><p><a style=\"background-image:url('https:\/\/www.christian-doppler.net\/wp-content\/uploads\/medical-563427_1920-300x200.jpg');\" href=\"https:\/\/www.christian-doppler.net\/es\/thema\/medicina\/\"><\/a><br>\n\t\t\t\t\t\t\t\t\t\t\t\t\t\t<a style=\"background-image:url('https:\/\/www.christian-doppler.net\/wp-content\/uploads\/aircraft-1813731_1920-300x205.jpg');\" href=\"https:\/\/www.christian-doppler.net\/es\/thema\/aviacion\/\"><\/a><\/p><a style=\"background-image:url('https:\/\/www.christian-doppler.net\/wp-content\/uploads\/aircraft-1813731_1920-300x205.jpg');\" href=\"https:\/\/www.christian-doppler.net\/es\/thema\/aviacion\/\">\n<h2>Aviaci\u00f3n<\/h2>\n<\/a><p><a style=\"background-image:url('https:\/\/www.christian-doppler.net\/wp-content\/uploads\/aircraft-1813731_1920-300x205.jpg');\" href=\"https:\/\/www.christian-doppler.net\/es\/thema\/aviacion\/\"><\/a><br>\n\t\t\t\t\t\t\t\t\t\t\t\t\t\t<a style=\"background-image:url('https:\/\/www.christian-doppler.net\/wp-content\/uploads\/star-clusters-74052_1920-300x293.jpg');\" href=\"https:\/\/www.christian-doppler.net\/es\/thema\/astronomia%ef%bf%bc\/\"><\/a><\/p><a style=\"background-image:url('https:\/\/www.christian-doppler.net\/wp-content\/uploads\/star-clusters-74052_1920-300x293.jpg');\" href=\"https:\/\/www.christian-doppler.net\/es\/thema\/astronomia%ef%bf%bc\/\">\n<h2>Astronom\u00eda<\/h2>\n<\/a><p><a style=\"background-image:url('https:\/\/www.christian-doppler.net\/wp-content\/uploads\/star-clusters-74052_1920-300x293.jpg');\" href=\"https:\/\/www.christian-doppler.net\/es\/thema\/astronomia%ef%bf%bc\/\"><\/a><\/p><\/div>\n\n\n\n<h1 class=\"wp-block-heading has-text-align-center\" id=\"materialen-literatur-und-c-d-fonds\">Materiales, literatura y la fundaci\u00f3n Christian Doppler<\/h1>\n\n\n\n<div class=\"wp-block-ugb-columns ugb-columns cdp-life ugb-deda705 ugb-columns--design-plain ugb-columns--columns-4 ugb-main-block\"><div class=\"ugb-inner-block\"><div class=\"ugb-block-content\"><div class=\"ugb-columns__item ugb-deda705-content-wrapper\">\n<div class=\"wp-block-ugb-column ugb-column ugb-981ef03 ugb-column--design-plain ugb-main-block\"><div class=\"ugb-inner-block\"><div class=\"ugb-block-content\"><div class=\"ugb-column__item ugb-981ef03-column-wrapper\"><div class=\"ugb-column__content-wrapper\">\n<figure class=\"wp-block-image size-large\"><a href=\"https:\/\/www.christian-doppler.net\/es\/unterrichtsmaterialien\/\"><img decoding=\"async\" src=\"https:\/\/www.christian-doppler.net\/wp-content\/uploads\/chrdop_experimente.jpg\" alt=\"\"\/><\/a><\/figure>\n\n\n\n<p class=\"has-text-align-center\"><a href=\"https:\/\/www.christian-doppler.net\/es\/unterrichtsmaterialien\/\"><strong>Experimentos<\/strong><\/a><br>(alem\u00e1n)<\/p>\n<\/div><\/div><\/div><\/div><\/div>\n\n\n\n<div class=\"wp-block-ugb-column ugb-column ugb-999ba1e ugb-column--design-plain ugb-main-block\"><div class=\"ugb-inner-block\"><div class=\"ugb-block-content\"><div class=\"ugb-column__item ugb-999ba1e-column-wrapper\"><div class=\"ugb-column__content-wrapper\">\n<figure class=\"wp-block-image size-large\"><a href=\"https:\/\/www.christian-doppler.net\/es\/christian-doppler-podcast-episoden\/\"><img decoding=\"async\" src=\"https:\/\/www.christian-doppler.net\/wp-content\/uploads\/chrdop_podcast.jpg\" alt=\"\"\/><\/a><\/figure>\n\n\n\n<p class=\"has-text-align-center\"><strong><a href=\"https:\/\/www.christian-doppler.net\/es\/christian-doppler-podcast-episoden\/\">Podcast<\/a><\/strong><br>(alem\u00e1n)<\/p>\n<\/div><\/div><\/div><\/div><\/div>\n\n\n\n<div class=\"wp-block-ugb-column ugb-column ugb-d141cd8 ugb-column--design-plain ugb-main-block\"><div class=\"ugb-inner-block\"><div class=\"ugb-block-content\"><div class=\"ugb-column__item ugb-d141cd8-column-wrapper\"><div class=\"ugb-column__content-wrapper\">\n<figure class=\"wp-block-image size-large\"><a href=\"https:\/\/www.christian-doppler.net\/es\/literatur\/\"><img decoding=\"async\" src=\"https:\/\/www.christian-doppler.net\/wp-content\/uploads\/chrdop_buch.jpg\" alt=\"\"\/><\/a><\/figure>\n\n\n\n<p class=\"has-text-align-center\"><strong><a href=\"https:\/\/www.christian-doppler.net\/es\/literatur\/\">Literatura<\/a><\/strong><br>(alem\u00e1n)<\/p>\n<\/div><\/div><\/div><\/div><\/div>\n\n\n\n<div class=\"wp-block-ugb-column ugb-column ugb-a929a37 ugb-column--design-plain ugb-main-block\"><div class=\"ugb-inner-block\"><div class=\"ugb-block-content\"><div class=\"ugb-column__item ugb-a929a37-column-wrapper\"><div class=\"ugb-column__content-wrapper\">\n<figure class=\"wp-block-image size-large\"><a href=\"https:\/\/www.christian-doppler.net\/es\/la-fundacion-christian-doppler\/\"><img decoding=\"async\" src=\"https:\/\/www.christian-doppler.net\/wp-content\/uploads\/chrdop_fonds.jpg\" alt=\"\"\/><\/a><\/figure>\n\n\n\n<p class=\"has-text-align-center\"><a href=\"https:\/\/www.christian-doppler.net\/es\/la-fundacion-christian-doppler\/\" data-type=\"page\" data-id=\"6131\"><strong>Fundaci\u00f3n<\/strong><\/a><\/p>\n<\/div><\/div><\/div><\/div><\/div>\n<\/div><\/div><\/div><\/div>\n<style class=\"advgb-styles-renderer\">@media screen and (min-width:768px){.ugb-3275948.ugb-columns{margin-right:0px !important;margin-left:0px !important;padding-right:0px !important}}@media screen and (min-width:768px){.ugb-deda705.ugb-columns{margin-right:0px !important;margin-left:0px !important;padding-right:0px !important}}<\/style>","protected":false},"excerpt":{"rendered":"<p>\u00abLa investigaci\u00f3n que vale m\u00e1s la pena es la que deleita al pensador y sirve a la humanidad\u00bb.Christian Doppler \u00bfQu\u00e9 tienen en com\u00fan los aviones, los coches r\u00e1pidos, los gl\u00f3bulos rojos, los latidos del coraz\u00f3n, los gases en las tuber\u00edas selladas y las estrellas en el cielo? Su velocidad se mide gracias a un principio f\u00edsico descubierto por el cient\u00edfico [&hellip;]<\/p>\n","protected":false},"author":1,"featured_media":0,"parent":0,"menu_order":0,"comment_status":"closed","ping_status":"closed","template":"page-frontpage.php","meta":{"_acf_changed":false,"advgb_blocks_editor_width":"","advgb_blocks_columns_visual_guide":"","footnotes":""},"class_list":["post-6146","page","type-page","status-publish","hentry"],"acf":[],"featured_image_urls_v2":{"full":"","thumbnail":"","medium":"","medium_large":"","large":"","timeline-express":"","timeline-express-thumbnail":"","1536x1536":"","2048x2048":""},"post_excerpt_stackable_v2":"<p>\u00abLa investigaci\u00f3n que vale m\u00e1s la pena es la que deleita al pensador y sirve a la humanidad\u00bb.Christian Doppler \u00bfQu\u00e9 tienen en com\u00fan los aviones, los coches r\u00e1pidos, los gl\u00f3bulos rojos, los latidos del coraz\u00f3n, los gases en las tuber\u00edas selladas y las estrellas en el cielo? Su velocidad se mide gracias a un principio f\u00edsico descubierto por el cient\u00edfico de Salzburgo mundialmente famoso, Christian Doppler. Ni siquiera en sus sue\u00f1os m\u00e1s descabellados, este visionario podr\u00eda haber imaginado la importancia que tendr\u00eda su descubrimiento para toda la humanidad. Su idea, el efecto Doppler (1842), desempe\u00f1a un papel fundamental en casi&hellip;<\/p>\n","category_list_v2":"","author_info_v2":{"name":"Technik Admin","url":"https:\/\/www.christian-doppler.net\/es\/author\/wp_admin\/"},"comments_num_v2":"0 comentarios","coauthors":[],"author_meta":{"author_link":"https:\/\/www.christian-doppler.net\/es\/author\/wp_admin\/","display_name":"Technik Admin"},"relative_dates":{"created":"Publicado 4 a\u00f1os hace","modified":"Actualizado 6 meses hace"},"absolute_dates":{"created":"Publicado el 1 de junio de 2022","modified":"Actualizado el 11 de noviembre de 2025"},"absolute_dates_time":{"created":"Publicado el 1 de junio de 2022 15:47","modified":"Actualizado el 11 de noviembre de 2025 14:13"},"featured_img_caption":"","featured_img":false,"series_order":"","_links":{"self":[{"href":"https:\/\/www.christian-doppler.net\/es\/wp-json\/wp\/v2\/pages\/6146","targetHints":{"allow":["GET"]}}],"collection":[{"href":"https:\/\/www.christian-doppler.net\/es\/wp-json\/wp\/v2\/pages"}],"about":[{"href":"https:\/\/www.christian-doppler.net\/es\/wp-json\/wp\/v2\/types\/page"}],"author":[{"embeddable":true,"href":"https:\/\/www.christian-doppler.net\/es\/wp-json\/wp\/v2\/users\/1"}],"replies":[{"embeddable":true,"href":"https:\/\/www.christian-doppler.net\/es\/wp-json\/wp\/v2\/comments?post=6146"}],"version-history":[{"count":10,"href":"https:\/\/www.christian-doppler.net\/es\/wp-json\/wp\/v2\/pages\/6146\/revisions"}],"predecessor-version":[{"id":10362,"href":"https:\/\/www.christian-doppler.net\/es\/wp-json\/wp\/v2\/pages\/6146\/revisions\/10362"}],"wp:attachment":[{"href":"https:\/\/www.christian-doppler.net\/es\/wp-json\/wp\/v2\/media?parent=6146"}],"curies":[{"name":"wp","href":"https:\/\/api.w.org\/{rel}","templated":true}]}}