{"id":6143,"date":"2022-05-31T13:43:47","date_gmt":"2022-05-31T11:43:47","guid":{"rendered":"https:\/\/www.christian-doppler.net\/?page_id=6143"},"modified":"2022-06-07T13:46:55","modified_gmt":"2022-06-07T11:46:55","slug":"actividades-durante-el-ano-del-aniversario-un-resumen","status":"publish","type":"page","link":"https:\/\/www.christian-doppler.net\/es\/actividades-durante-el-ano-del-aniversario-un-resumen\/","title":{"rendered":"Actividades durante el a\u00f1o del aniversario &#8211; Un resumen"},"content":{"rendered":"<p><!-- tailor:tailor_section:5c49ba9b06897 --><\/p>\n<div class=\"tailor-element tailor-section tailor-5c49ba9b06897\">\n<div class=\"tailor-section__content\">\n<p><!-- tailor:tailor_content:5c49ba9b06898 --><\/p>\n<div class=\"tailor-element tailor-content tailor-5c49ba9b06898\">\n<p>He aqu\u00ed un resumen de las actividades organizadas por la Fundaci\u00f3n Christian Doppler y sus socios colaboradores durante el \u00abA\u00f1o del Aniversario Doppler 2017\u00bb<span style=\"font-family: 'Arial',sans-serif; color: #404040;\"><\/span><\/p>\n<ul>\n<li><strong><a href=\"https:\/\/www.christian-doppler.net\/symposium-salzburg\/\">El simposio del aniversario<\/a><br \/>\n<\/strong>El simposio tuvo lugar del 1 al 3 de junio de 2017 en el Aula Magna de la Universidad de Salzburgo y en el edificio del laboratorio universitario en la Ciudad de la Ciencia de Itzling. El simposio se inaugur\u00f3 el 1 de junio con una ceremonia en la que intervinieron reconocidos representantes del mundo de la pol\u00edtica, la ciencia y la empresa. En el marco del simposio, tuvo lugar un encuentro entre estudiantes de los institutos Christian Doppler de Salzburgo y Praga. Se seleccionaron dos clases para participar en un emocionante y colorido programa de actos basados en Christian Doppler. Entre ellos, un taller de grafitis (en el que Christian Doppler fue inmortalizado en el \u00abHall of Fame\u00bb) y una visita a la exposici\u00f3n de Doppler en la \u00abHaus der Natur\u00bb (el Museo de Historia Natural en Salzburgo)<strong>.<\/strong><\/li>\n<li><strong>Doppler \u2013 Plataforma Internet<\/strong><br \/>\nLa plataforma multimedia (www.christian-doppler.net) fue concebida y lanzada con motivo del a\u00f1o de aniversario de Christian Doppler. El sitio se actualiza continuamente.<\/li>\n<li><a href=\"https:\/\/www.christian-doppler.net\/neue-doppler-publikation\/\"><strong>Presentaci\u00f3n del libro \u201cChristian Doppler\u201d de Clemens Hutter<\/strong><\/a><br \/>\nEl nuevo libro sobre Doppler publicado por Anton Pustet fue presentado por su autor, Clemens Hutter, el 22 de febrero de 2017 a las 18 horas en la Haus der Natur.<\/li>\n<li><a href=\"https:\/\/www.christian-doppler.net\/christian-doppler-skulptur\/\"><strong>Laboratorio de ciencias : Ciudad Itzling &#8211; Un homenaje a Christian Doppler<\/strong><\/a><br \/>\nEl nuevo edificio del laboratorio del departamento de ciencias de la Universidad de Salzburgo en Itzling es ahora la sede oficial de la Fundaci\u00f3n Christian Doppler. El edificio alberga tambi\u00e9n la biblioteca y los archivos de Doppler. En la entrada del edificio hay una escultura de piedra de Christian Doppler, obra de Alexander Steinwendtner, y una sala de conferencias lleva el nombre de Christian Doppler.<\/li>\n<li><a href=\"https:\/\/www.christian-doppler.net\/kreativwettbewerb\/\"><strong>Concurso de creatividad sobre el tema del efecto Doppler<\/strong><\/a><br \/>\nEn colaboraci\u00f3n con la ciudad de Salzburgo, se convoc\u00f3 un concurso de creatividad para alumnos de colegios.<\/li>\n<li><a href=\"https:\/\/www.christian-doppler.net\/ringvorlesung\/\"><strong>Ciclo de conferencias en la Universidad de Salzburgo<\/strong><\/a><br \/>\nEn el trimestre de verano de 2017, se celebr\u00f3 un ciclo de conferencias sobre el tema \u00ab175 a\u00f1os del principio de Doppler\u00bb (6.03 &#8211; 26.06, 2017, lunes de 17 a 19 horas, HS 380, Rudolfskai 42) en el que se impartieron conferencias sobre las ciencias naturales y sociales y la cultura.<\/li>\n<li><strong><a href=\"https:\/\/www.christian-doppler.net\/christian-doppler-preis-2017\/\">Premio Christian Doppler<\/a><br \/>\n<\/strong>En 2017, el Estado federado de Salzburgo concedi\u00f3 el Premio Christian Doppler de Investigaci\u00f3n e Invenci\u00f3n en Ciencias Naturales, dotado con 12.000 euros. El plazo de presentaci\u00f3n finaliz\u00f3 el 31.07. 2017.<\/li>\n<li><strong><a href=\"https:\/\/www.christian-doppler.net\/red-blue-shift\/\">Concierto Doppler del Mozarteum Universitario<\/a><\/strong><br \/>\nEn el marco del ciclo de Conciertos Doppler, el 02.06.2017 el Ensemble para la Nueva M\u00fasica del Mozarteum Universitario, bajo la direcci\u00f3n de Marino Formenti, interpret\u00f3 el 4\u00ba Concierto Doppler con motivo del a\u00f1o de aniversario. Le siguieron otros conciertos.<\/li>\n<li><strong><a href=\"https:\/\/www.christian-doppler.net\/christian-doppler-kompositionspreis-2017\/\">Premio de composici\u00f3n Christian Doppler<\/a><\/strong><span><br \/>\nEl Mozarteum universitario convoca un premio de composici\u00f3n sobre el tema de la obra de Christian Doppler. Se realizaron actuaciones en Salzburgo, Linz y Graz.<br \/>\n<\/span><\/li>\n<li><strong><a href=\"https:\/\/www.christian-doppler.net\/wp-content\/uploads\/Einladung_air_067_artport_Doppler_AUG17_WEB.pdf\">Exposici\u00f3n y premio de arte Christian Doppler en el aeropuerto de Salzburgo<\/a><\/strong><br \/>\nEn colaboraci\u00f3n con el aeropuerto de Salzburgo, el 13 de septiembre de 2017 se concedi\u00f3 un premio de arte en homenaje a Christian Doppler. Esto fue acompa\u00f1ado por una exposici\u00f3n de otras obras de arte en la galer\u00eda del aeropuerto, que permaneci\u00f3 abierta hasta el 9.12.2017.<\/li>\n<li><strong><a href=\"https:\/\/www.akad400.at\/index.html\">Semana de celebraciones en la Escuela Superior Acad\u00e9mica<\/a><br \/>\n<\/strong>El 9.11.2017, en el marco de las celebraciones de los 400 a\u00f1os del liceo acad\u00e9mico, se erigi\u00f3 una placa conmemorativa en homenaje a sus famosos alumno y profesor, Christian Doppler y Simon Stampfer.<\/li>\n<li><strong>Eventos organizados por el Salzburg Bildungswerk (Instituto de Educaci\u00f3n)<br \/>\n<\/strong>En oto\u00f1o, la Salzurg Bildungswerk puso en marcha una serie de eventos sobre el tema de Christian Doppler y el efecto Doppler, con charlas y visitas guiadas, por ejemplo una visita a la exposici\u00f3n de Christian Doppler en la Haus der Natur el 28.10.2017<\/li>\n<li><strong>Christian-Doppler-Schau<\/strong> <strong>im Haus der Natur<\/strong><br \/>\nSe actualiz\u00f3 la zona de exposici\u00f3n del museo dedicada a Christian Doppler en la Haus der Natur.<\/li>\n<li><strong>Informe de actividades de los 30 a\u00f1os de la Fundaci\u00f3n Christian Doppler<\/strong><br \/>\nLa Fundaci\u00f3n Doppler tambi\u00e9n celebr\u00f3 un aniversario en 2017, marcando 30 a\u00f1os de actividad, todo lo cual se recoger\u00e1 en un nuevo folleto.<\/li>\n<li><strong>Proyecto Schemnitz<br \/>\n<\/strong>La ciudad de Bansk\u00e1 \u0160tiavnica (antes conocida como Schemnitz), en Eslovaquia, declarada Patrimonio de la Humanidad por la UNESCO, es importante en la biograf\u00eda de Doppler (1847-1850), pero a\u00fan no se ha investigado adecuadamente. En la Bergakademie se llevar\u00e1n a cabo futuras investigaciones y se estudiar\u00e1 el material de archivo en alem\u00e1n y eslovaco. Tambi\u00e9n est\u00e1 prevista la instalaci\u00f3n de una placa conmemorativa.<\/li>\n<li><strong>Asociaciones de cooperaci\u00f3n<\/strong><br \/>\ncon la <a href=\"https:\/\/www.cdg.ac.at\/\">Sociedad de Investigaci\u00f3n Christian Doppler<\/a> (CDG) de Viena<br \/>\ncon los institutos acad\u00e9micos Christian Doppler de <a href=\"http:\/\/www.cdgym.at\/\">Salzburgo<\/a> y\u00a0<a href=\"https:\/\/www.gchd.cz\/for-foreigners\/nj\">Praga<\/a><br \/>\ncon la <a href=\"http:\/\/www.landeskunde.at\/\">Sociedad de Estudios Regionales de Salzburgo<\/a>, que el 22.11.2017 acogi\u00f3 una charla titulada \u00abTras las huellas de Christian Doppler\u00bb con Peter M. Schuster y Ewald Hiebl.<br \/>\ncon la <a href=\"http:\/\/www.stadtverein.at\/\">Stadtverein<\/a> (asociaci\u00f3n de ciudades) de Salzburgo, que incluy\u00f3 un art\u00edculo sobre Christian Doppler en su peri\u00f3dico \u00abBastei\u00bb en junio de 2017.<br \/>\ncon el <a href=\"https:\/\/www.echophysics.org\/\">Centro Europeo de Historia de la F\u00edsica<\/a> en Schloss P\u00f6llau, Steiermark<br \/>\ncon la <a href=\"http:\/\/www.salk.at\/Christian-Doppler-Klinik.html\">Cl\u00ednica Christian Doppler<\/a> y la <a href=\"https:\/\/www.pmu.ac.at\/en\">universidad privada PMU<\/a> de Salzburgo<br \/>\ncon la <a href=\"http:\/\/www.salzburgerbildungswerk.at\/de\">Salzburg Bildungswerk<\/a><\/li>\n<li><strong>Otras iniciativas \u2026<\/strong><br \/>\nMantenimiento de los monumentos Doppler dentro y fuera de Austria<br \/>\nActividades de relaciones p\u00fablicas, creaci\u00f3n de un bolet\u00edn informativo.<\/li>\n<\/ul>\n<p><strong>Con apoyo de:<\/strong><\/p>\n<p><a href=\"http:\/\/stadt-salzburg.at\/\"><img loading=\"lazy\" decoding=\"async\" class=\"alignleft wp-image-568 size-full\" src=\"https:\/\/www.christian-doppler.net\/wp-content\/uploads\/stadtsalzburg.png\" alt=\"\" width=\"200\" height=\"35\" \/><\/a> <a href=\"https:\/\/www.salzburg.gv.at\/\"><img loading=\"lazy\" decoding=\"async\" class=\"alignnone wp-image-567\" src=\"https:\/\/www.christian-doppler.net\/wp-content\/uploads\/landsalzburg.png\" alt=\"\" width=\"136\" height=\"47\" \/><\/a><\/p>\n<\/div>\n<p><!-- \/tailor:tailor_content:5c49ba9b06898 --><\/p>\n<\/div>\n<\/div>\n<p><!-- \/tailor:tailor_section:5c49ba9b06897 --><\/p>\n","protected":false},"excerpt":{"rendered":"<p>He aqu\u00ed un resumen de las actividades organizadas por la Fundaci\u00f3n Christian Doppler y sus socios colaboradores durante el \u00abA\u00f1o del Aniversario Doppler 2017\u00bb El simposio del aniversario El simposio tuvo lugar del 1 al 3 de junio de 2017 en el Aula Magna de la Universidad de Salzburgo y en el edificio del laboratorio universitario en la Ciudad de [&hellip;]<\/p>\n","protected":false},"author":1,"featured_media":0,"parent":0,"menu_order":0,"comment_status":"closed","ping_status":"closed","template":"","meta":{"_acf_changed":false,"advgb_blocks_editor_width":"","advgb_blocks_columns_visual_guide":"","footnotes":""},"class_list":["post-6143","page","type-page","status-publish","hentry"],"acf":[],"featured_image_urls_v2":{"full":"","thumbnail":"","medium":"","medium_large":"","large":"","timeline-express":"","timeline-express-thumbnail":"","1536x1536":"","2048x2048":""},"post_excerpt_stackable_v2":"<p>He aqu\u00ed un resumen de las actividades organizadas por la Fundaci\u00f3n Christian Doppler y sus socios colaboradores durante el \u00abA\u00f1o del Aniversario Doppler 2017\u00bb El simposio del aniversario El simposio tuvo lugar del 1 al 3 de junio de 2017 en el Aula Magna de la Universidad de Salzburgo y en el edificio del laboratorio universitario en la Ciudad de la Ciencia de Itzling. El simposio se inaugur\u00f3 el 1 de junio con una ceremonia en la que intervinieron reconocidos representantes del mundo de la pol\u00edtica, la ciencia y la empresa. En el marco del simposio, tuvo lugar un encuentro&hellip;<\/p>\n","category_list_v2":"","author_info_v2":{"name":"Technik Admin","url":"https:\/\/www.christian-doppler.net\/es\/author\/wp_admin\/"},"comments_num_v2":"0 comentarios","coauthors":[],"author_meta":{"author_link":"https:\/\/www.christian-doppler.net\/es\/author\/wp_admin\/","display_name":"Technik Admin"},"relative_dates":{"created":"Publicado 4 a\u00f1os hace","modified":"Actualizado 4 a\u00f1os hace"},"absolute_dates":{"created":"Publicado el 31 de mayo de 2022","modified":"Actualizado el 7 de junio de 2022"},"absolute_dates_time":{"created":"Publicado el 31 de mayo de 2022 13:43","modified":"Actualizado el 7 de junio de 2022 13:46"},"featured_img_caption":"","featured_img":false,"series_order":"","_links":{"self":[{"href":"https:\/\/www.christian-doppler.net\/es\/wp-json\/wp\/v2\/pages\/6143","targetHints":{"allow":["GET"]}}],"collection":[{"href":"https:\/\/www.christian-doppler.net\/es\/wp-json\/wp\/v2\/pages"}],"about":[{"href":"https:\/\/www.christian-doppler.net\/es\/wp-json\/wp\/v2\/types\/page"}],"author":[{"embeddable":true,"href":"https:\/\/www.christian-doppler.net\/es\/wp-json\/wp\/v2\/users\/1"}],"replies":[{"embeddable":true,"href":"https:\/\/www.christian-doppler.net\/es\/wp-json\/wp\/v2\/comments?post=6143"}],"version-history":[{"count":3,"href":"https:\/\/www.christian-doppler.net\/es\/wp-json\/wp\/v2\/pages\/6143\/revisions"}],"predecessor-version":[{"id":6225,"href":"https:\/\/www.christian-doppler.net\/es\/wp-json\/wp\/v2\/pages\/6143\/revisions\/6225"}],"wp:attachment":[{"href":"https:\/\/www.christian-doppler.net\/es\/wp-json\/wp\/v2\/media?parent=6143"}],"curies":[{"name":"wp","href":"https:\/\/api.w.org\/{rel}","templated":true}]}}