{"id":6141,"date":"2022-05-31T12:09:02","date_gmt":"2022-05-31T10:09:02","guid":{"rendered":"https:\/\/www.christian-doppler.net\/?page_id=6141"},"modified":"2022-05-31T12:09:02","modified_gmt":"2022-05-31T10:09:02","slug":"el-ano-del-aniversario-2017","status":"publish","type":"page","link":"https:\/\/www.christian-doppler.net\/es\/el-ano-del-aniversario-2017\/","title":{"rendered":"El a\u00f1o del aniversario 2017"},"content":{"rendered":"<p>El 25 de mayo de 1842, hace 175 a\u00f1os, el f\u00edsico y matem\u00e1tico Christian Andreas Doppler, nacido el 29 de noviembre de 1803 en la plaza Makartplatz 1 de Salzburgo, present\u00f3 su principal trabajo en la Universidad de Praga:<\/p>\n<p><em>\u00abSobre la luz coloreada de las estrellas binarias y otros astros del cielo\u00bb<\/em><\/p>\n<p>Este trabajo cient\u00edfico hizo mundialmente famoso a Christian Doppler, ya que describe la influencia del estado de movimiento de los objetos celestes en su color, un fen\u00f3meno natural que m\u00e1s tarde llevar\u00e1 su nombre y que hoy se conoce como efecto Doppler.<\/p>\n<p>Cuando en 1909, en una reuni\u00f3n de la \u00abSociedad de cient\u00edficos y m\u00e9dicos alemanes\u00bb, Albert Einstein present\u00f3 la teor\u00eda de la relatividad a numerosos exponentes de la \u00e9lite cient\u00edfica de la \u00e9poca (por ejemplo, Max Planck, Lise Meitner, Max von Laue, Wilhelm Wien, Max Born, etc&#8230;, algunos de ellos posteriormente galardonados con el Premio Nobel) , acu\u00f1\u00f3 la frase<\/p>\n<p><em>\u00abNo importa la forma que adopte la teor\u00eda de los procesos electromagn\u00e9ticos, el principio de Doppler se mantendr\u00e1 en cualquier caso\u00bb.<\/em><\/p>\n<p>El f\u00edsico cu\u00e1ntico y Presidente de la Academia Austriaca de Ciencias Anton Zeilinger declar\u00f3 en su conferencia en la Universidad de Salzburgo en 2007 que el efecto Doppler es un: <em>\u00abefecto del milenio\u00bb<\/em><\/p>\n<p>Casi ning\u00fan otro conocimiento cient\u00edfico ha configurado nuestra visi\u00f3n del mundo de forma tan decisiva como el principio Doppler. Por lo menos 24 investigaciones galardonadas con el Premio Nobel, con innumerables aplicaciones en los \u00e1mbitos m\u00e1s variados de las ciencias naturales, la medicina y la tecnolog\u00eda, se basan en una aplicaci\u00f3n directa o indirecta del efecto Doppler. Junto a Wolfgang Amadeus Mozart, Christian Andreas Doppler es probablemente el ciudadano de Salzburgo m\u00e1s famoso en todo el mundo. Los pioneros descubrimientos cient\u00edficos de Doppler se han convertido en parte integrante de nuestra vida cotidiana, tanto por su importancia fundamental para nuestro d\u00eda a d\u00eda como por su dimensi\u00f3n epistemol\u00f3gica, que da forma a nuestra visi\u00f3n moderna del mundo.<\/p>\n<p>Seg\u00fan el lema de Christian Andreas Doppler<\/p>\n<p><em>\u00abLa investigaci\u00f3n que vale m\u00e1s la pena es la que deleita al pensador y sirve a la humanidad\u00bb.<\/em><\/p>\n<p>La Fundaci\u00f3n Christian Doppler aprovech\u00f3 el a\u00f1o de aniversario 2017 &#8211; 175 a\u00f1os del efecto Doppler &#8211; para honrar la vida y la obra de Christian Andreas Doppler, organizando numerosos eventos y d\u00e1ndolos a conocer a un amplio p\u00fablico.<\/p>\n","protected":false},"excerpt":{"rendered":"<p>El 25 de mayo de 1842, hace 175 a\u00f1os, el f\u00edsico y matem\u00e1tico Christian Andreas Doppler, nacido el 29 de noviembre de 1803 en la plaza Makartplatz 1 de Salzburgo, present\u00f3 su principal trabajo en la Universidad de Praga: \u00abSobre la luz coloreada de las estrellas binarias y otros astros del cielo\u00bb Este trabajo cient\u00edfico hizo mundialmente famoso a Christian [&hellip;]<\/p>\n","protected":false},"author":1,"featured_media":0,"parent":0,"menu_order":0,"comment_status":"closed","ping_status":"closed","template":"","meta":{"_acf_changed":false,"advgb_blocks_editor_width":"","advgb_blocks_columns_visual_guide":"","footnotes":""},"class_list":["post-6141","page","type-page","status-publish","hentry"],"acf":[],"featured_image_urls_v2":{"full":"","thumbnail":"","medium":"","medium_large":"","large":"","timeline-express":"","timeline-express-thumbnail":"","1536x1536":"","2048x2048":""},"post_excerpt_stackable_v2":"<p>El 25 de mayo de 1842, hace 175 a\u00f1os, el f\u00edsico y matem\u00e1tico Christian Andreas Doppler, nacido el 29 de noviembre de 1803 en la plaza Makartplatz 1 de Salzburgo, present\u00f3 su principal trabajo en la Universidad de Praga: \u00abSobre la luz coloreada de las estrellas binarias y otros astros del cielo\u00bb Este trabajo cient\u00edfico hizo mundialmente famoso a Christian Doppler, ya que describe la influencia del estado de movimiento de los objetos celestes en su color, un fen\u00f3meno natural que m\u00e1s tarde llevar\u00e1 su nombre y que hoy se conoce como efecto Doppler. Cuando en 1909, en una reuni\u00f3n&hellip;<\/p>\n","category_list_v2":"","author_info_v2":{"name":"Technik Admin","url":"https:\/\/www.christian-doppler.net\/es\/author\/wp_admin\/"},"comments_num_v2":"0 comentarios","coauthors":[],"author_meta":{"author_link":"https:\/\/www.christian-doppler.net\/es\/author\/wp_admin\/","display_name":"Technik Admin"},"relative_dates":{"created":"Publicado 4 a\u00f1os hace","modified":"Actualizado 4 a\u00f1os hace"},"absolute_dates":{"created":"Publicado el 31 de mayo de 2022","modified":"Actualizado el 31 de mayo de 2022"},"absolute_dates_time":{"created":"Publicado el 31 de mayo de 2022 12:09","modified":"Actualizado el 31 de mayo de 2022 12:09"},"featured_img_caption":"","featured_img":false,"series_order":"","_links":{"self":[{"href":"https:\/\/www.christian-doppler.net\/es\/wp-json\/wp\/v2\/pages\/6141","targetHints":{"allow":["GET"]}}],"collection":[{"href":"https:\/\/www.christian-doppler.net\/es\/wp-json\/wp\/v2\/pages"}],"about":[{"href":"https:\/\/www.christian-doppler.net\/es\/wp-json\/wp\/v2\/types\/page"}],"author":[{"embeddable":true,"href":"https:\/\/www.christian-doppler.net\/es\/wp-json\/wp\/v2\/users\/1"}],"replies":[{"embeddable":true,"href":"https:\/\/www.christian-doppler.net\/es\/wp-json\/wp\/v2\/comments?post=6141"}],"version-history":[{"count":1,"href":"https:\/\/www.christian-doppler.net\/es\/wp-json\/wp\/v2\/pages\/6141\/revisions"}],"predecessor-version":[{"id":6142,"href":"https:\/\/www.christian-doppler.net\/es\/wp-json\/wp\/v2\/pages\/6141\/revisions\/6142"}],"wp:attachment":[{"href":"https:\/\/www.christian-doppler.net\/es\/wp-json\/wp\/v2\/media?parent=6141"}],"curies":[{"name":"wp","href":"https:\/\/api.w.org\/{rel}","templated":true}]}}