{"id":6137,"date":"2022-05-31T10:10:30","date_gmt":"2022-05-31T08:10:30","guid":{"rendered":"https:\/\/www.christian-doppler.net\/?page_id=6137"},"modified":"2024-05-15T16:31:01","modified_gmt":"2024-05-15T14:31:01","slug":"declaracion-de-privacidad","status":"publish","type":"page","link":"https:\/\/www.christian-doppler.net\/es\/declaracion-de-privacidad\/","title":{"rendered":"Declaraci\u00f3n de privacidad"},"content":{"rendered":"\n<p>Estado: 31 de agosto de 2023<\/p>\n\n\n\n<p>Nos tomamos muy en serio la protecci\u00f3n de sus datos personales. Procesamos sus datos personales de acuerdo con las normas legales de protecci\u00f3n de datos y esta declaraci\u00f3n de protecci\u00f3n de datos.<\/p>\n\n\n\n<p>Nuestro sitio web se puede utilizar sin proporcionar datos personales. En la medida en que se recopilan datos personales (por ejemplo, nombre, direcci\u00f3n o direcciones de correo electr\u00f3nico) en nuestras p\u00e1ginas, esto siempre se hace de forma voluntaria, a menos que sea absolutamente necesario para el funcionamiento del sitio web.<\/p>\n\n\n\n<p>Este sitio web utiliza sus datos con moderaci\u00f3n y solo procesa datos t\u00e9cnicamente necesarios que no requieren su consentimiento. Por lo tanto, este sitio web no tiene una \u00abBarra de cookies\u00bb para obtener su consentimiento.<\/p>\n\n\n\n<h2 class=\"wp-block-heading\">Responsable<\/h2>\n\n\n\n<p>Salzburg Research Forschungsgesellschaft mbH ., Jakob Haringer Stra\u00dfe 5\/3, 5020 Salzburg, info@salzburgresearch.at, 0662\/2288-0 es responsable del procesamiento de sus datos personales en este sitio web.<\/p>\n\n\n\n<h2 class=\"wp-block-heading\">Alojamiento<\/h2>\n\n\n\n<p>Este sitio web est\u00e1 alojado en all-inkl.com. Procesamos datos personales de conexi\u00f3n con fines de seguridad de datos y fallos por un per\u00edodo m\u00e1ximo de 7 d\u00edas.<\/p>\n\n\n\n<p>La base legal para el procesamiento es nuestro inter\u00e9s leg\u00edtimo de conformidad con el art. 6 p\u00e1rr. 1 lit. f DSGVO (medidas t\u00e9cnicas de seguridad).<\/p>\n\n\n\n<h2 class=\"wp-block-heading\">Archivos de registro del servidor<\/h2>\n\n\n\n<p>Procesamos datos personales como la direcci\u00f3n IP en un archivo de registro del servidor durante un per\u00edodo m\u00e1ximo de 7 d\u00edas con el fin de monitorear la funci\u00f3n t\u00e9cnica y aumentar la seguridad operativa sobre la base legal del inter\u00e9s justificado de conformidad con el art. 6 p\u00e1rr. 1 vida _ f DSGVO (medidas t\u00e9cnicas de seguridad).<\/p>\n\n\n\n<ul class=\"wp-block-list\">\n<li>Marca de tiempo (fecha y hora del hit)<\/li>\n\n\n\n<li>Tipo de solicitud del usuario<\/li>\n\n\n\n<li>IP de el usuario<\/li>\n\n\n\n<li>Informaci\u00f3n de referencia del usuario (es decir, la fuente del acceso)<\/li>\n\n\n\n<li>Del usuario cliente (tipo de cliente, versi\u00f3n cliente )<\/li>\n\n\n\n<li>Sistema operativo del usuario (dispositivo, versi\u00f3n del sistema operativo del dispositivo)<\/li>\n<\/ul>\n\n\n\n<p>Su questo sito Web utilizziamo l&#8217;offerta di fornitori di servizi di mappe sotto forma di incorporamento iFrame.&nbsp;Ci\u00f2 ci consente di visualizzare mappe interattive direttamente sul sito Web e consente un comodo utilizzo delle funzioni della mappa.<\/p>\n\n\n\n<h2 class=\"wp-block-heading\">Servicios de mapas<\/h2>\n\n\n\n<p>En este sitio web, utilizamos los servicios de los proveedores de servicios de tarjetas en forma de incrustaci\u00f3n de iFrame . Esto nos permite mostrar mapas interactivos directamente en el sitio web y permite un uso conveniente de las funciones del mapa.<\/p>\n\n\n\n<h3 class=\"wp-block-heading\">Servicios en la nube de Wikimedia<\/h3>\n\n\n\n<p>Procesamos los datos de conexi\u00f3n y los datos del navegador como responsable conjunto con Wikimedia Cloud Services, The Wikimedia Foundation, \u2105 CT Corporation System, 818 West Seventh Street, Los \u00c1ngeles, CA 90017, EE. UU. con el fin de mostrar un mapa interactivo durante la visualizaci\u00f3n. del mapa<\/p>\n\n\n\n<p>La base legal para el procesamiento es el consentimiento otorgado por usted de conformidad con el \u00a7 96 p\u00e1rr. 3 TKG ivm . Arte. 6 p\u00e1rr. 1 lit. un RGPD. Solo se establecer\u00e1 una conexi\u00f3n con los servicios en la nube de Wikimedia despu\u00e9s de su consentimiento al hacer clic en un bot\u00f3n.<\/p>\n\n\n\n<p>Wikimedia Cloud Services es el \u00fanico responsable de cualquier otro procesamiento independiente de los datos por parte de Wikimedia Cloud Services. Los detalles se pueden encontrar en Wikimedia Cloud Services\u00a0<a href=\"https:\/\/foundation.wikimedia.org\/wiki\/Policy:Privacy_policy\/es\" target=\"_blank\" rel=\"noreferrer noopener\">declaraci\u00f3n de protecci\u00f3n de datos<\/a>.<\/p>\n\n\n\n<h2 class=\"wp-block-heading\">Servicios de v\u00eddeo<\/h2>\n\n\n\n<p>En nuestro sitio web, le ofrecemos la posibilidad de ver nuestros videos de YouTube directamente a trav\u00e9s de una incrustaci\u00f3n de iFrame . Despu\u00e9s de otorgar su consentimiento de conformidad con el art. 6 p\u00e1rr. 1 lit a DSGVO, permitimos que el proveedor de servicios Google Ireland Limited, Gordon House, Barrow Street, Dublin 4, Ireland recopile sus datos personales con el fin de reproducir el video durante la duraci\u00f3n del acceso al sitio web. No procesamos ni almacenamos los datos recopilados por Google. Su consentimiento solo es v\u00e1lido hasta que abandone el sitio web respectivo y no se almacenar\u00e1.<\/p>\n\n\n\n<p>Utilizamos los siguientes servicios:<\/p>\n\n\n\n<p><strong>Servicio: <\/strong>Youtube<br><strong>Operador:<\/strong> Google Ireland Limited, Gordon House, Barrow Street, Dublin 4, Irlanda <br><strong>Pol\u00edtica de privacidad:<\/strong>&nbsp;<a href=\"https:\/\/policies.google.com\/privacy?gl=EN&amp;hl=es#intro\">https:\/\/policies.google.com\/privacy?gl=ES&amp;hl=es#intro<\/a><\/p>\n\n\n\n<h2 class=\"wp-block-heading\">Servicios de an\u00e1lisis<\/h2>\n\n\n\n<p>En nuestro sitio web, utilizamos servicios de an\u00e1lisis con el fin de analizar el uso de nuestro sitio web, corregir errores y desarrollar a\u00fan m\u00e1s el contenido.<\/p>\n\n\n\n<h3 class=\"wp-block-heading\">Software de an\u00e1lisis local<\/h3>\n\n\n\n<p>Mediante el uso de software de an\u00e1lisis local, procesamos los datos de conexi\u00f3n y los datos del navegador con el fin de analizar el uso de nuestro sitio web, corregir errores y desarrollar a\u00fan m\u00e1s el contenido, hasta el punto de objeci\u00f3n inclusive.<\/p>\n\n\n\n<p>La base legal para el procesamiento es la necesidad t\u00e9cnica del procesamiento de datos de an\u00e1lisis seg\u00fan \u00a7 96 Abs. 3 TKG ivm . relativo al art. 6 Abdominales 1 lit. f DSGVO, que es absolutamente necesario para prestar el servicio de un sitio web solicitado expl\u00edcitamente por los usuarios.<\/p>\n\n\n\n<iframe style=\"border: 0; height: 200px; width: 600px;\" src=\"https:\/\/stats.salzburgresearch.at\/index.php?module=CoreAdminHome&amp;action=optOut&amp;language=es&amp;backgroundColor=&amp;fontColor=&amp;fontSize=&amp;fontFamily=Helvetica%2C%20Arial%2C%20Sans-Serif\" data-mce-fragment=\"1\"><\/iframe>\n\n\n\n<h2 class=\"wp-block-heading\">Redes sociales<\/h2>\n\n\n\n<h3 class=\"wp-block-heading\">Presencia en l\u00ednea en las redes sociales<\/h3>\n\n\n\n<p>Mantenemos una presencia en l\u00ednea en las redes sociales y plataformas para comunicarnos con los usuarios reales y potenciales que est\u00e1n activos en esas redes y plataformas y para informarles sobre los detalles del proyecto. Al utilizar las redes y plataformas relevantes, se aplicar\u00e1n los t\u00e9rminos y condiciones comerciales y las declaraciones de privacidad de los operadores en cuesti\u00f3n.<\/p>\n\n\n\n<h3 class=\"wp-block-heading\">Compartir botones<\/h3>\n\n\n\n<p>Nuestro sitio web tiene botones en varias p\u00e1ginas para compartir el contenido de la p\u00e1gina en plataformas de redes sociales. Los botones se han conceptualizado para proteger los datos personales de los visitantes de nuestro sitio web, ya que el script detr\u00e1s de los botones (programa inform\u00e1tico) no recopila ni procesa ning\u00fan dato personal.&nbsp;<a rel=\"noreferrer noopener\" href=\"https:\/\/translate.google.com\/translate?hl=de&amp;prev=_t&amp;sl=de&amp;tl=es&amp;u=http:\/\/ct.de\/-2467514\" target=\"_blank\">Informaci\u00f3n exacta<\/a>&nbsp;sobre la funci\u00f3n de los botones es proporcionado por Heise Verlag como editor de la revista especializada en TI c&#8217;t y como desarrollador de los botones.<\/p>\n\n\n\n<p>Los visitantes que deseen compartir nuestras p\u00e1ginas ser\u00e1n remitidos directamente a las p\u00e1ginas de \u00abcompartir\u00bb de las plataformas de redes sociales relevantes despu\u00e9s de hacer clic en los botones. Solo en esta etapa se cargar\u00e1n los scripts necesarios para compartir el contenido de la p\u00e1gina. Este proceso se rige por los t\u00e9rminos y condiciones comerciales y las declaraciones de privacidad acordadas por el visitante del sitio web con las plataformas de redes sociales relevantes. Las plataformas pertinentes proporcionan informaci\u00f3n precisa sobre este asunto.&nbsp;<a rel=\"noreferrer noopener\" href=\"https:\/\/www.facebook.com\/policy.php\" target=\"_blank\">Facebook<\/a>,&nbsp;<a rel=\"noreferrer noopener\" href=\"https:\/\/help.instagram.com\/519522125107875\" target=\"_blank\">Instagram<\/a>,&nbsp;<a href=\"https:\/\/es.linkedin.com\/legal\/privacy-policy\">LinkedIn<\/a>,&nbsp;<a href=\"https:\/\/policy.pinterest.com\/es\/privacy-policy\" target=\"_blank\" rel=\"noreferrer noopener\">Pinterest<\/a>,&nbsp;<a href=\"https:\/\/twitter.com\/es\/privacy\" target=\"_blank\" rel=\"noreferrer noopener\">Twitter<\/a>&nbsp;<\/p>\n\n\n\n<h2 class=\"wp-block-heading\">Derecho de objeci\u00f3n<\/h2>\n\n\n\n<p>Si el procesamiento de sus datos personales se realiza sobre la base de un inter\u00e9s leg\u00edtimo, tiene derecho a oponerse a este procesamiento. Si no existen razones convincentes dignas de protecci\u00f3n para el procesamiento por nuestra parte, el procesamiento de sus datos se suspender\u00e1 sobre la base de esta base legal.<\/p>\n\n\n\n<p>La legalidad de los datos procesados hasta el momento de la objeci\u00f3n no se ve afectada por la objeci\u00f3n.<\/p>\n\n\n\n<h2 class=\"wp-block-heading\">Derecho a retirada<\/h2>\n\n\n\n<p>Tiene derecho a revocar cualquier consentimiento que nos haya otorgado en cualquier momento. En el caso de consentimiento por escrito, la revocaci\u00f3n s\u00f3lo podr\u00e1 hacerse por escrito; en el caso de consentimiento para recibir publicidad electr\u00f3nica, esto tambi\u00e9n se puede hacer haciendo clic en el enlace para darse de baja. En este caso, se interrumpir\u00e1 el tratamiento salvo que exista otra base legal.<\/p>\n\n\n\n<p>La licitud de los datos tratados hasta la revocaci\u00f3n no se ve afectada por la revocaci\u00f3n.<\/p>\n\n\n\n<h2 class=\"wp-block-heading\">Derechos afectados<\/h2>\n\n\n\n<p>Tiene derecho a la informaci\u00f3n, rectificaci\u00f3n, supresi\u00f3n y limitaci\u00f3n del tratamiento de sus datos personales.<\/p>\n\n\n\n<p>Si la base legal para el procesamiento de sus datos personales existe en su consentimiento o en un contrato celebrado con usted, tambi\u00e9n tiene derecho a la transferencia de datos.<\/p>\n\n\n\n<p>Tiene derecho a revocar cualquier consentimiento que haya otorgado para el tratamiento de sus datos personales. La legalidad del procesamiento de datos personales hasta la revocaci\u00f3n no se ve afectada por la revocaci\u00f3n.<\/p>\n\n\n\n<p>Tiene derecho a oponerse al procesamiento de sus datos personales con fines de marketing directo. En caso de oposici\u00f3n, sus datos personales dejar\u00e1n de ser tratados con fines de publicidad directa.<\/p>\n\n\n\n<p>Adem\u00e1s, tiene derecho a reclamar ante la autoridad de control. Los datos de contacto de la Autoridad de Protecci\u00f3n de Datos de Austria son los siguientes: Autoridad de Protecci\u00f3n de Datos de Austria, Barichgasse 40-42, A-1030 Viena, Austria.<\/p>\n","protected":false},"excerpt":{"rendered":"<p>Estado: 31 de agosto de 2023 Nos tomamos muy en serio la protecci\u00f3n de sus datos personales. Procesamos sus datos personales de acuerdo con las normas legales de protecci\u00f3n de datos y esta declaraci\u00f3n de protecci\u00f3n de datos. Nuestro sitio web se puede utilizar sin proporcionar datos personales. En la medida en que se recopilan datos personales (por ejemplo, nombre, [&hellip;]<\/p>\n","protected":false},"author":1,"featured_media":0,"parent":0,"menu_order":0,"comment_status":"closed","ping_status":"closed","template":"","meta":{"_acf_changed":false,"advgb_blocks_editor_width":"","advgb_blocks_columns_visual_guide":"","footnotes":""},"class_list":["post-6137","page","type-page","status-publish","hentry"],"acf":[],"featured_image_urls_v2":{"full":"","thumbnail":"","medium":"","medium_large":"","large":"","timeline-express":"","timeline-express-thumbnail":"","1536x1536":"","2048x2048":""},"post_excerpt_stackable_v2":"<p>Estado: 31 de agosto de 2023 Nos tomamos muy en serio la protecci\u00f3n de sus datos personales. Procesamos sus datos personales de acuerdo con las normas legales de protecci\u00f3n de datos y esta declaraci\u00f3n de protecci\u00f3n de datos. Nuestro sitio web se puede utilizar sin proporcionar datos personales. En la medida en que se recopilan datos personales (por ejemplo, nombre, direcci\u00f3n o direcciones de correo electr\u00f3nico) en nuestras p\u00e1ginas, esto siempre se hace de forma voluntaria, a menos que sea absolutamente necesario para el funcionamiento del sitio web. Este sitio web utiliza sus datos con moderaci\u00f3n y solo procesa datos&hellip;<\/p>\n","category_list_v2":"","author_info_v2":{"name":"Technik Admin","url":"https:\/\/www.christian-doppler.net\/es\/author\/wp_admin\/"},"comments_num_v2":"0 comentarios","coauthors":[],"author_meta":{"author_link":"https:\/\/www.christian-doppler.net\/es\/author\/wp_admin\/","display_name":"Technik Admin"},"relative_dates":{"created":"Publicado 4 a\u00f1os hace","modified":"Actualizado 2 a\u00f1os hace"},"absolute_dates":{"created":"Publicado el 31 de mayo de 2022","modified":"Actualizado el 15 de mayo de 2024"},"absolute_dates_time":{"created":"Publicado el 31 de mayo de 2022 10:10","modified":"Actualizado el 15 de mayo de 2024 16:31"},"featured_img_caption":"","featured_img":false,"series_order":"","_links":{"self":[{"href":"https:\/\/www.christian-doppler.net\/es\/wp-json\/wp\/v2\/pages\/6137","targetHints":{"allow":["GET"]}}],"collection":[{"href":"https:\/\/www.christian-doppler.net\/es\/wp-json\/wp\/v2\/pages"}],"about":[{"href":"https:\/\/www.christian-doppler.net\/es\/wp-json\/wp\/v2\/types\/page"}],"author":[{"embeddable":true,"href":"https:\/\/www.christian-doppler.net\/es\/wp-json\/wp\/v2\/users\/1"}],"replies":[{"embeddable":true,"href":"https:\/\/www.christian-doppler.net\/es\/wp-json\/wp\/v2\/comments?post=6137"}],"version-history":[{"count":6,"href":"https:\/\/www.christian-doppler.net\/es\/wp-json\/wp\/v2\/pages\/6137\/revisions"}],"predecessor-version":[{"id":7394,"href":"https:\/\/www.christian-doppler.net\/es\/wp-json\/wp\/v2\/pages\/6137\/revisions\/7394"}],"wp:attachment":[{"href":"https:\/\/www.christian-doppler.net\/es\/wp-json\/wp\/v2\/media?parent=6137"}],"curies":[{"name":"wp","href":"https:\/\/api.w.org\/{rel}","templated":true}]}}