{"id":6133,"date":"2022-05-30T17:10:40","date_gmt":"2022-05-30T15:10:40","guid":{"rendered":"https:\/\/www.christian-doppler.net\/?page_id=6133"},"modified":"2022-05-30T17:10:52","modified_gmt":"2022-05-30T15:10:52","slug":"contacto","status":"publish","type":"page","link":"https:\/\/www.christian-doppler.net\/es\/contacto\/","title":{"rendered":"Contacto"},"content":{"rendered":"<h2><strong>Fundaci\u00f3n Christian Doppler<\/strong><\/h2>\n<p><a href=\"http:\/\/www.uni-salzburg.at\/christian-doppler\"><img loading=\"lazy\" decoding=\"async\" class=\"alignleft wp-image-455\" src=\"https:\/\/www.christian-doppler.net\/wp-content\/uploads\/cdfond_logo.jpg\" width=\"200\" height=\"156\" \/><\/a>Universidad de Salzburgo, facultad de ciencias<br \/>\nDirector: Dr. Christian Pruner | + 43 662 8044 6253 | christian.pruner@sbg.ac.at<br \/>\nDepartamento de Qu\u00edmica y F\u00edsica de los Materiales<br \/>\nJakob-Haringer-Stra\u00dfe 2a, A-5020 Salzburgo, Austria<\/p>\n<p>&nbsp;<\/p>\n<h2><strong>Concepto e implementaci\u00f3n<\/strong><\/h2>\n<p><a href=\"http:\/\/www.salzburgresearch.at\"><img loading=\"lazy\" decoding=\"async\" class=\"alignleft wp-image-458 size-full\" src=\"https:\/\/www.christian-doppler.net\/wp-content\/uploads\/salzburgresearch_logo.jpg\" width=\"200\" height=\"84\" \/><\/a>Salzburg Research Forschungsgesellschaft m.b.H.<br \/>\nResponsable del proyecto: Julia Eder | +43\/662\/2288-245 | julia.eder@salzburgresearch.at<br \/>\nJakob-Haringer-Stra\u00dfe 5\/3, A-5020 Salzburgo, Austria<\/p>\n<p>&nbsp;<\/p>\n","protected":false},"excerpt":{"rendered":"<p>Fundaci\u00f3n Christian Doppler Universidad de Salzburgo, facultad de ciencias Director: Dr. Christian Pruner | + 43 662 8044 6253 | christian.pruner@sbg.ac.at Departamento de Qu\u00edmica y F\u00edsica de los Materiales Jakob-Haringer-Stra\u00dfe 2a, A-5020 Salzburgo, Austria &nbsp; Concepto e implementaci\u00f3n Salzburg Research Forschungsgesellschaft m.b.H. Responsable del proyecto: Julia Eder | +43\/662\/2288-245 | julia.eder@salzburgresearch.at Jakob-Haringer-Stra\u00dfe 5\/3, A-5020 Salzburgo, Austria &nbsp;<\/p>\n","protected":false},"author":1,"featured_media":0,"parent":0,"menu_order":0,"comment_status":"closed","ping_status":"closed","template":"","meta":{"_acf_changed":false,"advgb_blocks_editor_width":"","advgb_blocks_columns_visual_guide":"","footnotes":""},"class_list":["post-6133","page","type-page","status-publish","hentry"],"acf":[],"featured_image_urls_v2":{"full":"","thumbnail":"","medium":"","medium_large":"","large":"","timeline-express":"","timeline-express-thumbnail":"","1536x1536":"","2048x2048":""},"post_excerpt_stackable_v2":"<p>Fundaci\u00f3n Christian Doppler Universidad de Salzburgo, facultad de ciencias Director: Dr. Christian Pruner | + 43 662 8044 6253 | christian.pruner@sbg.ac.at Departamento de Qu\u00edmica y F\u00edsica de los Materiales Jakob-Haringer-Stra\u00dfe 2a, A-5020 Salzburgo, Austria &nbsp; Concepto e implementaci\u00f3n Salzburg Research Forschungsgesellschaft m.b.H. Responsable del proyecto: Julia Eder | +43\/662\/2288-245 | julia.eder@salzburgresearch.at Jakob-Haringer-Stra\u00dfe 5\/3, A-5020 Salzburgo, Austria &nbsp;<\/p>\n","category_list_v2":"","author_info_v2":{"name":"Technik Admin","url":"https:\/\/www.christian-doppler.net\/es\/author\/wp_admin\/"},"comments_num_v2":"0 comentarios","coauthors":[],"author_meta":{"author_link":"https:\/\/www.christian-doppler.net\/es\/author\/wp_admin\/","display_name":"Technik Admin"},"relative_dates":{"created":"Publicado 4 a\u00f1os hace","modified":"Actualizado 4 a\u00f1os hace"},"absolute_dates":{"created":"Publicado el 30 de mayo de 2022","modified":"Actualizado el 30 de mayo de 2022"},"absolute_dates_time":{"created":"Publicado el 30 de mayo de 2022 17:10","modified":"Actualizado el 30 de mayo de 2022 17:10"},"featured_img_caption":"","featured_img":false,"series_order":"","_links":{"self":[{"href":"https:\/\/www.christian-doppler.net\/es\/wp-json\/wp\/v2\/pages\/6133","targetHints":{"allow":["GET"]}}],"collection":[{"href":"https:\/\/www.christian-doppler.net\/es\/wp-json\/wp\/v2\/pages"}],"about":[{"href":"https:\/\/www.christian-doppler.net\/es\/wp-json\/wp\/v2\/types\/page"}],"author":[{"embeddable":true,"href":"https:\/\/www.christian-doppler.net\/es\/wp-json\/wp\/v2\/users\/1"}],"replies":[{"embeddable":true,"href":"https:\/\/www.christian-doppler.net\/es\/wp-json\/wp\/v2\/comments?post=6133"}],"version-history":[{"count":1,"href":"https:\/\/www.christian-doppler.net\/es\/wp-json\/wp\/v2\/pages\/6133\/revisions"}],"predecessor-version":[{"id":6134,"href":"https:\/\/www.christian-doppler.net\/es\/wp-json\/wp\/v2\/pages\/6133\/revisions\/6134"}],"wp:attachment":[{"href":"https:\/\/www.christian-doppler.net\/es\/wp-json\/wp\/v2\/media?parent=6133"}],"curies":[{"name":"wp","href":"https:\/\/api.w.org\/{rel}","templated":true}]}}