{"id":7528,"date":"2024-05-16T13:21:19","date_gmt":"2024-05-16T11:21:19","guid":{"rendered":"https:\/\/www.christian-doppler.net\/?page_id=7528"},"modified":"2024-05-16T14:10:56","modified_gmt":"2024-05-16T12:10:56","slug":"supporters-and-opponents-of-christian-doppler","status":"publish","type":"page","link":"https:\/\/www.christian-doppler.net\/en\/supporters-and-opponents-of-christian-doppler\/","title":{"rendered":"Supporters and opponents of Christian Doppler"},"content":{"rendered":"\n<div class=\"wp-block-columns is-layout-flex wp-container-core-columns-is-layout-9d6595d7 wp-block-columns-is-layout-flex\">\n<div class=\"wp-block-column is-layout-flow wp-block-column-is-layout-flow\">\n<h2 class=\"wp-block-heading\"><strong><strong>Christian Doppler&#8217;s important patrons during his lifetime<\/strong><\/strong><\/h2>\n\n\n\n<p>It seems that Doppler&#8217;s first two teachers and patrons in Salzburg and Vienna, the mathematician Adam Burg and the geodesist Simon Stampfer, later found their counterparts in the mathematician Bernard Bolzano and the meteorologist Karl Kreil, his patrons and friends in Prague.<\/p>\n\n\n\n<p>All four of these people were at Doppler&#8217;s side with understanding and help until the end. Doppler&#8217;s simultaneous relationship with two contrasting personalities once again demonstrates the intellectual vigour of Christian Doppler and the extent to which he was able to combine productive and reflective thinking in his innovations.<\/p>\n\n\n\n<p>The philosopher Franz Exner, whose deep friendship with Doppler certainly contributed to his feeling of acceptance not only in Prague society but also later as a professor in Vienna, would support him there, especially in the controversy at the Academy, and travel with him to Italy in 1852, both already terminally ill, from where the two friends were never to return.<\/p>\n\n\n\n<div class=\"wp-block-group alignwide\"><div class=\"wp-block-group__inner-container is-layout-flow wp-block-group-is-layout-flow\">\n<div style=\"height:20px\" aria-hidden=\"true\" class=\"wp-block-spacer\"><\/div>\n\n\n\n<div style=\"height: 100px; float: left; margin-right: 50px;\"><span class=\"dashicons dashicons-thumbs-up\" style=\"float: left; font-size: 3rem; color: #FFA500;\"><\/span><\/div>\n\n\n\n<p><strong><strong>Adam Freiherr von Burg<\/strong><\/strong><\/p>\n\n\n\n<div class=\"wp-block-media-text alignwide is-stacked-on-mobile\" style=\"grid-template-columns:31% auto\"><figure class=\"wp-block-media-text__media\"><img loading=\"lazy\" decoding=\"async\" width=\"200\" height=\"200\" src=\"https:\/\/www.christian-doppler.net\/wp-content\/uploads\/Burg.jpg\" alt=\"\u30a2\u30c0\u30e0\u30fb\u30d5\u30a9\u30f3\u30fb\u30d6\u30eb\u30af\u7537\u7235 \" class=\"wp-image-2681 size-full\" srcset=\"https:\/\/www.christian-doppler.net\/wp-content\/uploads\/Burg.jpg 200w, https:\/\/www.christian-doppler.net\/wp-content\/uploads\/Burg-150x150.jpg 150w\" sizes=\"auto, (max-width: 200px) 100vw, 200px\" \/><\/figure><div class=\"wp-block-media-text__content\">\n<p>In his acceptance speech on his 80th birthday, Adam Freiherr von Burg mentioned Doppler as one of his students who had completed his lectures with honours and had also achieved outstanding, highly respected positions in life. <a href=\"https:\/\/www.christian-doppler.net\/en\/adam-freiherr-von-burg\/\" data-type=\"page\" data-id=\"7540\">\u00bbmehr<\/a><\/p>\n<\/div><\/div>\n\n\n\n<div style=\"height:20px\" aria-hidden=\"true\" class=\"wp-block-spacer\"><\/div>\n<\/div><\/div>\n\n\n\n<div class=\"wp-block-group alignwide\"><div class=\"wp-block-group__inner-container is-layout-flow wp-block-group-is-layout-flow\">\n<div style=\"height: 100px; float: left; margin-right: 50px;\"><span class=\"dashicons dashicons-thumbs-up\" style=\"float: left; font-size: 3rem; color: #FFA500;\"><\/span><\/div>\n\n\n\n<p><strong><strong>Simon Stampfer<\/strong><\/strong><\/p>\n\n\n\n<div class=\"wp-block-media-text alignwide is-stacked-on-mobile\" style=\"grid-template-columns:31% auto\"><figure class=\"wp-block-media-text__media\"><img loading=\"lazy\" decoding=\"async\" width=\"150\" height=\"150\" src=\"https:\/\/www.christian-doppler.net\/wp-content\/uploads\/Stampfer_alt.jpg\" alt=\"\u30b8\u30fc\u30e2\u30f3\u30fb\u30b7\u30e5\u30bf\u30f3\u30d7\u30d5\u30a1\u30fc \" class=\"wp-image-2682 size-full\"\/><\/figure><div class=\"wp-block-media-text__content\">\n<p>His meeting with Christian Doppler is one of the great strokes of luck in the history of science and its significance for the development of this student&#8217;s talents and interests can hardly be overestimated. <a href=\"https:\/\/www.christian-doppler.net\/en\/simon-stampfer\/\" data-type=\"page\" data-id=\"7543\">\u00bbmehr<\/a><\/p>\n<\/div><\/div>\n\n\n\n<div style=\"height:20px\" aria-hidden=\"true\" class=\"wp-block-spacer\"><\/div>\n\n\n\n<p><\/p>\n<\/div><\/div>\n\n\n\n<div class=\"wp-block-group alignwide\"><div class=\"wp-block-group__inner-container is-layout-flow wp-block-group-is-layout-flow\">\n<div style=\"height: 100px; float: left; margin-right: 50px;\"><span class=\"dashicons dashicons-thumbs-up\" style=\"float: left; font-size: 3rem; color: #FFA500;\"><\/span><\/div>\n\n\n\n<p><strong><strong>Bernard Bolzano<\/strong><\/strong><\/p>\n\n\n\n<div class=\"wp-block-media-text alignwide is-stacked-on-mobile\" style=\"grid-template-columns:31% auto\"><figure class=\"wp-block-media-text__media\"><img loading=\"lazy\" decoding=\"async\" width=\"150\" height=\"150\" src=\"https:\/\/www.christian-doppler.net\/wp-content\/uploads\/Brentano.jpg\" alt=\"\u30d9\u30eb\u30f3\u30cf\u30eb\u30c8\u30fb\u30dc\u30eb\u30c4\u30a1\u30fc\u30ce\" class=\"wp-image-2683 size-full\"\/><\/figure><div class=\"wp-block-media-text__content\">\n<p>This philosopher and priest &#8211; one of the greatest logicians of all time &#8211; was fascinated by Christian Doppler&#8217;s speculative method, which was quite unusual in physics at the time and seemed similar to his thinking in mathematics. <a href=\"https:\/\/www.christian-doppler.net\/en\/bernard-bolzano\/\" data-type=\"page\" data-id=\"7546\">\u00bbmehr<\/a><\/p>\n<\/div><\/div>\n\n\n\n<div style=\"height:20px\" aria-hidden=\"true\" class=\"wp-block-spacer\"><\/div>\n\n\n\n<div style=\"height: 100px; float: left; margin-right: 50px;\"><span class=\"dashicons dashicons-thumbs-up\" style=\"float: left; font-size: 3rem; color: #FFA500;\"><\/span><\/div>\n\n\n\n<p><strong><strong>Karl Kreil<\/strong><\/strong><\/p>\n\n\n\n<div class=\"wp-block-media-text alignwide is-stacked-on-mobile\" style=\"grid-template-columns:31% auto\"><figure class=\"wp-block-media-text__media\"><img loading=\"lazy\" decoding=\"async\" width=\"150\" height=\"150\" src=\"https:\/\/www.christian-doppler.net\/wp-content\/uploads\/Kreil.jpg\" alt=\"\u30ab\u30fc\u30eb\u30fb\u30af\u30e9\u30a4\u30eb\" class=\"wp-image-2684 size-full\"\/><\/figure><div class=\"wp-block-media-text__content\">\n<p>This founder of the great tradition of Austrian meteorology and geomagnetism wrote an unusually laudatory tribute to Doppler in the journal \u00d6sterreichische Bl\u00e4tter f\u00fcr Literatur und Kunst in 1845. <a href=\"https:\/\/www.christian-doppler.net\/en\/karl-kreil\/\" data-type=\"page\" data-id=\"7549\">\u00bbmehr<\/a><\/p>\n<\/div><\/div>\n\n\n\n<div style=\"height:20px\" aria-hidden=\"true\" class=\"wp-block-spacer\"><\/div>\n\n\n\n<div style=\"height: 100px; float: left; margin-right: 50px;\"><span class=\"dashicons dashicons-thumbs-up\" style=\"float: left; font-size: 3rem; color: #FFA500;\"><\/span><\/div>\n\n\n\n<p><strong>Franz Exner<\/strong><\/p>\n\n\n\n<div class=\"wp-block-media-text alignwide is-stacked-on-mobile\" style=\"grid-template-columns:31% auto\"><figure class=\"wp-block-media-text__media\"><img loading=\"lazy\" decoding=\"async\" width=\"150\" height=\"150\" src=\"https:\/\/www.christian-doppler.net\/wp-content\/uploads\/Exner.jpg\" alt=\"\u30d5\u30e9\u30f3\u30c4\u30fb\u30a8\u30af\u30b9\u30ca\u30fc\" class=\"wp-image-2685 size-full\"\/><\/figure><div class=\"wp-block-media-text__content\">\n<p>Christian Doppler immediately felt at home in his hospitable house on the Ro\u00dfmarkt in Prague and made important acquaintances &#8211; such as Father Schneider, Robert Zimmermann, Franz Palacky and Count Thun-Hohenstein. <a href=\"https:\/\/www.christian-doppler.net\/en\/franz-exner\/\" data-type=\"page\" data-id=\"7552\">\u00bbmehr<\/a><\/p>\n<\/div><\/div>\n\n\n\n<div style=\"height:20px\" aria-hidden=\"true\" class=\"wp-block-spacer\"><\/div>\n\n\n\n<p><\/p>\n<\/div><\/div>\n<\/div>\n\n\n\n<div class=\"wp-block-column is-layout-flow wp-block-column-is-layout-flow\">\n<h2 class=\"wp-block-heading\"><strong><strong>Christian Doppler&#8217;s most important opponents during his lifetime<\/strong><\/strong><\/h2>\n\n\n\n<p>&#8220;No innovation prevails without resistance. Indeed, in the end it must be said that the less resistance the new finds, the faster it rushes to obsolescence itself,&#8221; said Hans-Georg Gadamer in his speech at the opening of the Salzburg Festival in 1981. Few innovations have travelled a longer path than those brought to us by the Salzburg physicist Christian Doppler. In addition to a poor understanding of the history of science, Doppler&#8217;s opponents, who were still unfamiliar with the new thinking of modern physics, played a particular part in this.<\/p>\n\n\n\n<p>Doppler&#8217;s opponents during his lifetime were, like his supporters, among the most important personalities in their field in the natural sciences. This is precisely why the controversies between them and Doppler are of such great interest, as they helped to clarify the significance of Doppler&#8217;s work.<\/p>\n\n\n\n<p>Analysing the controversy, which lasted around half a century, would therefore be a revealing task. It would provide further concrete facts for Thomas S. Kuhn&#8217;s discussions on the paradigm shift.<\/p>\n\n\n\n<div style=\"height:20px\" aria-hidden=\"true\" class=\"wp-block-spacer\"><\/div>\n\n\n\n<div style=\"height: 100px; float: left; margin-right: 50px;\"><span class=\"dashicons dashicons-thumbs-down\" style=\"float: left; font-size: 3rem;\"><\/span><\/div>\n\n\n\n<p><strong><strong><strong>Jakob Philipp Kulik<\/strong><\/strong><\/strong><\/p>\n\n\n\n<div class=\"wp-block-media-text alignwide is-stacked-on-mobile\" style=\"grid-template-columns:31% auto\"><figure class=\"wp-block-media-text__media\"><img loading=\"lazy\" decoding=\"async\" width=\"150\" height=\"150\" src=\"https:\/\/www.christian-doppler.net\/wp-content\/uploads\/Kulik.jpg\" alt=\"\u30e4\u30fc\u30b3\u30d6\u30fb\u30d5\u30a3\u30ea\u30c3\u30d7\u30fb\u30af\u30fc\u30ea\u30af\" class=\"wp-image-2686 size-full\"\/><\/figure><div class=\"wp-block-media-text__content\">\n<p>This Prague professor of advanced mathematics criticised Doppler, saying that in his essay he had fallen into the error of some more recent mathematicians, who were unable to get to the point of the matter itself because they were so busy explaining it. <a href=\"https:\/\/www.christian-doppler.net\/en\/kulik-jakob-philipp\/\" data-type=\"page\" data-id=\"7555\">\u00bbmehr<\/a><\/p>\n<\/div><\/div>\n\n\n\n<div style=\"height:30px\" aria-hidden=\"true\" class=\"wp-block-spacer\"><\/div>\n\n\n\n<div style=\"height: 100px; float: left; margin-right: 50px;\"><span class=\"dashicons dashicons-thumbs-down\" style=\"float: left; font-size: 3rem;\"><\/span><\/div>\n\n\n\n<p><strong>Heinrich von M\u00e4dler<\/strong><\/p>\n\n\n\n<div class=\"wp-block-media-text alignwide is-stacked-on-mobile\" style=\"grid-template-columns:31% auto\"><figure class=\"wp-block-media-text__media\"><img loading=\"lazy\" decoding=\"async\" width=\"150\" height=\"150\" src=\"https:\/\/www.christian-doppler.net\/wp-content\/uploads\/Maedler.jpg\" alt=\"\u30e8\u30cf\u30f3\u30fb\u30cf\u30a4\u30f3\u30ea\u30c3\u30d2\u30fb\u30d5\u30a9\u30f3\u30fb\u30e1\u30c9\u30ec\u30eb\" class=\"wp-image-2687 size-full\"\/><\/figure><div class=\"wp-block-media-text__content\">\n<p>This prominent astronomer wrote a review in 1843 that was so devastating for Doppler that he wrote a sharp retort, which was only published in the journal \u00d6sterreichische Bl\u00e4tter f\u00fcr Literatur und Kunst in 1844. <a href=\"https:\/\/www.christian-doppler.net\/en\/johann-heinrich-von-maedler\/\" data-type=\"page\" data-id=\"7560\">\u00bbmehr<\/a><\/p>\n<\/div><\/div>\n\n\n\n<div style=\"height:20px\" aria-hidden=\"true\" class=\"wp-block-spacer\"><\/div>\n\n\n\n<div style=\"height: 100px; float: left; margin-right: 50px;\"><span class=\"dashicons dashicons-thumbs-down\" style=\"float: left; font-size: 3rem;\"><\/span><\/div>\n\n\n\n<p><strong>Josef Maximilian Petzval<\/strong><\/p>\n\n\n\n<div class=\"wp-block-media-text alignwide is-stacked-on-mobile\" style=\"grid-template-columns:31% auto\"><figure class=\"wp-block-media-text__media\"><img loading=\"lazy\" decoding=\"async\" width=\"150\" height=\"150\" src=\"https:\/\/www.christian-doppler.net\/wp-content\/uploads\/Petzval.jpg\" alt=\"\u30e8\u30fc\u30bc\u30d5\u30fb\u30de\u30af\u30b7\u30df\u30ea\u30a2\u30f3\u30fb\u30da\u30c3\u30c4\u30d0\u30eb\" class=\"wp-image-2688 size-full\"\/><\/figure><div class=\"wp-block-media-text__content\">\n<p>It is a strange coincidence that on 6 November 1901, Petzval&#8217;s monument was unveiled in the arcaded courtyard of the University of Vienna together with that of Christian Doppler, whom he had fought so fiercely against during his lifetime. <a href=\"https:\/\/www.christian-doppler.net\/en\/josef-maximilian-petzval\/\" data-type=\"page\" data-id=\"7563\">\u00bbmehr<\/a><\/p>\n<\/div><\/div>\n\n\n\n<div style=\"height:20px\" aria-hidden=\"true\" class=\"wp-block-spacer\"><\/div>\n\n\n\n<p><\/p>\n<\/div>\n<\/div>\n\n\n\n<p>Text: Dr. Peter M. Schuster<\/p>\n","protected":false},"excerpt":{"rendered":"<p>Christian Doppler&#8217;s important patrons during his lifetime It seems that Doppler&#8217;s first two teachers and patrons in Salzburg and Vienna, the mathematician Adam Burg and the geodesist Simon Stampfer, later found their counterparts in the mathematician Bernard Bolzano and the meteorologist Karl Kreil, his patrons and friends in Prague. All four of these people were at Doppler&#8217;s side with understanding [&hellip;]<\/p>\n","protected":false},"author":1,"featured_media":0,"parent":0,"menu_order":0,"comment_status":"closed","ping_status":"closed","template":"","meta":{"_acf_changed":false,"advgb_blocks_editor_width":"","advgb_blocks_columns_visual_guide":"","footnotes":""},"class_list":["post-7528","page","type-page","status-publish","hentry"],"acf":[],"featured_image_urls_v2":{"full":"","thumbnail":"","medium":"","medium_large":"","large":"","timeline-express":"","timeline-express-thumbnail":"","1536x1536":"","2048x2048":""},"post_excerpt_stackable_v2":"<p>Christian Doppler&#8217;s important patrons during his lifetime It seems that Doppler&#8217;s first two teachers and patrons in Salzburg and Vienna, the mathematician Adam Burg and the geodesist Simon Stampfer, later found their counterparts in the mathematician Bernard Bolzano and the meteorologist Karl Kreil, his patrons and friends in Prague. All four of these people were at Doppler&#8217;s side with understanding and help until the end. Doppler&#8217;s simultaneous relationship with two contrasting personalities once again demonstrates the intellectual vigour of Christian Doppler and the extent to which he was able to combine productive and reflective thinking in his innovations. The philosopher&hellip;<\/p>\n","category_list_v2":"","author_info_v2":{"name":"Technik Admin","url":"https:\/\/www.christian-doppler.net\/en\/author\/wp_admin\/"},"comments_num_v2":"0 comments","coauthors":[],"author_meta":{"author_link":"https:\/\/www.christian-doppler.net\/en\/author\/wp_admin\/","display_name":"Technik Admin"},"relative_dates":{"created":"Posted 2 years ago","modified":"Updated 2 years ago"},"absolute_dates":{"created":"Posted on 16. May 2024","modified":"Updated on 16. May 2024"},"absolute_dates_time":{"created":"Posted on 16. May 2024 13:21","modified":"Updated on 16. May 2024 14:10"},"featured_img_caption":"","featured_img":false,"series_order":"","_links":{"self":[{"href":"https:\/\/www.christian-doppler.net\/en\/wp-json\/wp\/v2\/pages\/7528","targetHints":{"allow":["GET"]}}],"collection":[{"href":"https:\/\/www.christian-doppler.net\/en\/wp-json\/wp\/v2\/pages"}],"about":[{"href":"https:\/\/www.christian-doppler.net\/en\/wp-json\/wp\/v2\/types\/page"}],"author":[{"embeddable":true,"href":"https:\/\/www.christian-doppler.net\/en\/wp-json\/wp\/v2\/users\/1"}],"replies":[{"embeddable":true,"href":"https:\/\/www.christian-doppler.net\/en\/wp-json\/wp\/v2\/comments?post=7528"}],"version-history":[{"count":5,"href":"https:\/\/www.christian-doppler.net\/en\/wp-json\/wp\/v2\/pages\/7528\/revisions"}],"predecessor-version":[{"id":7571,"href":"https:\/\/www.christian-doppler.net\/en\/wp-json\/wp\/v2\/pages\/7528\/revisions\/7571"}],"wp:attachment":[{"href":"https:\/\/www.christian-doppler.net\/en\/wp-json\/wp\/v2\/media?parent=7528"}],"curies":[{"name":"wp","href":"https:\/\/api.w.org\/{rel}","templated":true}]}}