{"id":2337,"date":"2019-12-03T16:09:24","date_gmt":"2019-12-03T15:09:24","guid":{"rendered":"https:\/\/www.christian-doppler.net\/?page_id=2337"},"modified":"2025-11-11T14:23:39","modified_gmt":"2025-11-11T13:23:39","slug":"legal-notice","status":"publish","type":"page","link":"https:\/\/www.christian-doppler.net\/en\/legal-notice\/","title":{"rendered":"Legal Notice"},"content":{"rendered":"<p><strong>Christian-Doppler-Fonds<\/strong><br \/>\nUniversit\u00e4t Salzburg, Naturwissenschaftliche Fakult\u00e4t<br \/>\nGesch\u00e4ftsf\u00fchrer: Dr. Christian Pruner | + 43 662 8044 6253 | christian.pruner@sbg.ac.at<br \/>\nFachbereich Chemie und Physik der Materialien<br \/>\nJakob-Haringer-Stra\u00dfe 2a, A-5020 Salzburg, \u00d6sterreich<\/p>\n","protected":false},"excerpt":{"rendered":"<p>Christian-Doppler-Fonds Universit\u00e4t Salzburg, Naturwissenschaftliche Fakult\u00e4t Gesch\u00e4ftsf\u00fchrer: Dr. Christian Pruner | + 43 662 8044 6253 | christian.pruner@sbg.ac.at Fachbereich Chemie und Physik der Materialien Jakob-Haringer-Stra\u00dfe 2a, A-5020 Salzburg, \u00d6sterreich<\/p>\n","protected":false},"author":1,"featured_media":0,"parent":0,"menu_order":0,"comment_status":"closed","ping_status":"closed","template":"","meta":{"_acf_changed":false,"advgb_blocks_editor_width":"","advgb_blocks_columns_visual_guide":"","footnotes":""},"class_list":["post-2337","page","type-page","status-publish","hentry"],"acf":[],"featured_image_urls_v2":{"full":"","thumbnail":"","medium":"","medium_large":"","large":"","timeline-express":"","timeline-express-thumbnail":"","1536x1536":"","2048x2048":""},"post_excerpt_stackable_v2":"<p>Christian-Doppler-Fonds Universit\u00e4t Salzburg, Naturwissenschaftliche Fakult\u00e4t Gesch\u00e4ftsf\u00fchrer: Dr. Christian Pruner | + 43 662 8044 6253 | christian.pruner@sbg.ac.at Fachbereich Chemie und Physik der Materialien Jakob-Haringer-Stra\u00dfe 2a, A-5020 Salzburg, \u00d6sterreich<\/p>\n","category_list_v2":"","author_info_v2":{"name":"Technik Admin","url":"https:\/\/www.christian-doppler.net\/en\/author\/wp_admin\/"},"comments_num_v2":"0 comments","coauthors":[],"author_meta":{"author_link":"https:\/\/www.christian-doppler.net\/en\/author\/wp_admin\/","display_name":"Technik Admin"},"relative_dates":{"created":"Posted 6 years ago","modified":"Updated 5 months ago"},"absolute_dates":{"created":"Posted on 3. December 2019","modified":"Updated on 11. November 2025"},"absolute_dates_time":{"created":"Posted on 3. December 2019 16:09","modified":"Updated on 11. November 2025 14:23"},"featured_img_caption":"","featured_img":false,"series_order":"","_links":{"self":[{"href":"https:\/\/www.christian-doppler.net\/en\/wp-json\/wp\/v2\/pages\/2337","targetHints":{"allow":["GET"]}}],"collection":[{"href":"https:\/\/www.christian-doppler.net\/en\/wp-json\/wp\/v2\/pages"}],"about":[{"href":"https:\/\/www.christian-doppler.net\/en\/wp-json\/wp\/v2\/types\/page"}],"author":[{"embeddable":true,"href":"https:\/\/www.christian-doppler.net\/en\/wp-json\/wp\/v2\/users\/1"}],"replies":[{"embeddable":true,"href":"https:\/\/www.christian-doppler.net\/en\/wp-json\/wp\/v2\/comments?post=2337"}],"version-history":[{"count":2,"href":"https:\/\/www.christian-doppler.net\/en\/wp-json\/wp\/v2\/pages\/2337\/revisions"}],"predecessor-version":[{"id":10384,"href":"https:\/\/www.christian-doppler.net\/en\/wp-json\/wp\/v2\/pages\/2337\/revisions\/10384"}],"wp:attachment":[{"href":"https:\/\/www.christian-doppler.net\/en\/wp-json\/wp\/v2\/media?parent=2337"}],"curies":[{"name":"wp","href":"https:\/\/api.w.org\/{rel}","templated":true}]}}