{"id":2335,"date":"2016-12-23T10:48:18","date_gmt":"2016-12-23T09:48:18","guid":{"rendered":"https:\/\/www.christian-doppler.net\/kontakt\/"},"modified":"2025-11-11T14:23:01","modified_gmt":"2025-11-11T13:23:01","slug":"contact","status":"publish","type":"page","link":"https:\/\/www.christian-doppler.net\/en\/contact\/","title":{"rendered":"Contact"},"content":{"rendered":"<h2><strong>Christian-Doppler-Fonds<\/strong><\/h2>\n<p><a href=\"http:\/\/www.uni-salzburg.at\/christian-doppler\"><img loading=\"lazy\" decoding=\"async\" class=\"alignleft wp-image-455\" src=\"https:\/\/www.christian-doppler.net\/wp-content\/uploads\/cdfond_logo.jpg\" width=\"200\" height=\"156\" \/><\/a>Universit\u00e4t Salzburg, Naturwissenschaftliche Fakult\u00e4t<br \/>\nGesch\u00e4ftsf\u00fchrer: Dr. Christian Pruner | + 43 662 8044 6253 | christian.pruner@sbg.ac.at<br \/>\nFachbereich Chemie und Physik der Materialien<br \/>\nJakob-Haringer-Stra\u00dfe 2a, A-5020 Salzburg, \u00d6sterreich<\/p>\n<h2><strong>Concept and implementation<\/strong><\/h2>\n<p><a href=\"http:\/\/www.salzburgresearch.at\"><img loading=\"lazy\" decoding=\"async\" class=\"alignleft wp-image-458 size-full\" src=\"https:\/\/www.christian-doppler.net\/wp-content\/uploads\/salzburgresearch_logo.jpg\" width=\"200\" height=\"84\" \/><\/a>Salzburg Research Forschungsgesellschaft m.b.H.<br \/>\nProjektleitung: Julia Eder | +43\/662\/2288-245 | julia.eder@salzburgresearch.at<br \/>\nJakob Haringer Stra\u00dfe 5\/3<br \/>\n5020 Salzburg, Austria<\/p>\n","protected":false},"excerpt":{"rendered":"<p>Christian-Doppler-Fonds Universit\u00e4t Salzburg, Naturwissenschaftliche Fakult\u00e4t Gesch\u00e4ftsf\u00fchrer: Dr. Christian Pruner | + 43 662 8044 6253 | christian.pruner@sbg.ac.at Fachbereich Chemie und Physik der Materialien Jakob-Haringer-Stra\u00dfe 2a, A-5020 Salzburg, \u00d6sterreich Concept and implementation Salzburg Research Forschungsgesellschaft m.b.H. Projektleitung: Julia Eder | +43\/662\/2288-245 | julia.eder@salzburgresearch.at Jakob Haringer Stra\u00dfe 5\/3 5020 Salzburg, Austria<\/p>\n","protected":false},"author":1,"featured_media":0,"parent":0,"menu_order":0,"comment_status":"closed","ping_status":"closed","template":"","meta":{"_acf_changed":false,"advgb_blocks_editor_width":"","advgb_blocks_columns_visual_guide":"","footnotes":""},"class_list":["post-2335","page","type-page","status-publish","hentry"],"acf":[],"featured_image_urls_v2":{"full":"","thumbnail":"","medium":"","medium_large":"","large":"","timeline-express":"","timeline-express-thumbnail":"","1536x1536":"","2048x2048":""},"post_excerpt_stackable_v2":"<p>Christian-Doppler-Fonds Universit\u00e4t Salzburg, Naturwissenschaftliche Fakult\u00e4t Gesch\u00e4ftsf\u00fchrer: Dr. Christian Pruner | + 43 662 8044 6253 | christian.pruner@sbg.ac.at Fachbereich Chemie und Physik der Materialien Jakob-Haringer-Stra\u00dfe 2a, A-5020 Salzburg, \u00d6sterreich Concept and implementation Salzburg Research Forschungsgesellschaft m.b.H. Projektleitung: Julia Eder | +43\/662\/2288-245 | julia.eder@salzburgresearch.at Jakob Haringer Stra\u00dfe 5\/3 5020 Salzburg, Austria<\/p>\n","category_list_v2":"","author_info_v2":{"name":"Technik Admin","url":"https:\/\/www.christian-doppler.net\/en\/author\/wp_admin\/"},"comments_num_v2":"0 comments","coauthors":[],"author_meta":{"author_link":"https:\/\/www.christian-doppler.net\/en\/author\/wp_admin\/","display_name":"Technik Admin"},"relative_dates":{"created":"Posted 9 years ago","modified":"Updated 5 months ago"},"absolute_dates":{"created":"Posted on 23. December 2016","modified":"Updated on 11. November 2025"},"absolute_dates_time":{"created":"Posted on 23. December 2016 10:48","modified":"Updated on 11. November 2025 14:23"},"featured_img_caption":"","featured_img":false,"series_order":"","_links":{"self":[{"href":"https:\/\/www.christian-doppler.net\/en\/wp-json\/wp\/v2\/pages\/2335","targetHints":{"allow":["GET"]}}],"collection":[{"href":"https:\/\/www.christian-doppler.net\/en\/wp-json\/wp\/v2\/pages"}],"about":[{"href":"https:\/\/www.christian-doppler.net\/en\/wp-json\/wp\/v2\/types\/page"}],"author":[{"embeddable":true,"href":"https:\/\/www.christian-doppler.net\/en\/wp-json\/wp\/v2\/users\/1"}],"replies":[{"embeddable":true,"href":"https:\/\/www.christian-doppler.net\/en\/wp-json\/wp\/v2\/comments?post=2335"}],"version-history":[{"count":3,"href":"https:\/\/www.christian-doppler.net\/en\/wp-json\/wp\/v2\/pages\/2335\/revisions"}],"predecessor-version":[{"id":10383,"href":"https:\/\/www.christian-doppler.net\/en\/wp-json\/wp\/v2\/pages\/2335\/revisions\/10383"}],"wp:attachment":[{"href":"https:\/\/www.christian-doppler.net\/en\/wp-json\/wp\/v2\/media?parent=2335"}],"curies":[{"name":"wp","href":"https:\/\/api.w.org\/{rel}","templated":true}]}}