{"id":10262,"date":"2025-10-22T15:20:19","date_gmt":"2025-10-22T13:20:19","guid":{"rendered":"https:\/\/www.christian-doppler.net\/cdp-podcast\/"},"modified":"2025-10-22T15:20:19","modified_gmt":"2025-10-22T13:20:19","slug":"cdp-podcast","status":"publish","type":"page","link":"https:\/\/www.christian-doppler.net\/en\/cdp-podcast\/","title":{"rendered":"Christian Doppler Podcast"},"content":{"rendered":"\n<p>In unserem \u201eChristian Doppler Podcast\u201d sprechen namhafte Wissenschaftlerinnen und Wissenschaftler verschiedenster wissenschaftlicher Disziplinen \u00fcber ihren Werdegang und ihre Motivation, die Rolle des Doppler-Effekts in ihrer Forschungsarbeit und \u00fcber die Wissenschaft damals und heute sprechen.<\/p>\n\n\n\n<p>Der Salzburger Physiker Andreas Strobl macht sich im Namen Christian Dopplers und ausgestattet mit seiner Audioausr\u00fcstung auf den Weg, um Wissenschaftlerinnen und Wissenschaftler zu besuchen. In seinen Gespr\u00e4chen m\u00f6chte er erfragen, welche Einfl\u00fcsse die Lebenswege ma\u00dfgeblich beeinflusst haben und was Nachwuchswissenschaftler, oder jene unter euch, die dies werden wollen, daraus lernen k\u00f6nnen. Au\u00dferdem unterh\u00e4lt er sich mit den ExpertInnen \u00fcber die fachlichen Schwerpunkte, um unter anderem herauszufinden, wo und wie der Doppler-Effekt Anwendung findet. Ihr werdet euch wundern, welch interessante Arbeitsgruppen sich in unseren Universit\u00e4ten tummeln und mit welchen faszinierenden Fragen sie sich besch\u00e4ftigen! Viel Spa\u00df beim H\u00f6ren!<\/p>\n\n\n\n<p>In der ersten Episode des Christian Doppler Podcasts sprach Andreas Strobl mit dem Kernphysiker Em. o. Univ. Prof. DI Dr. Helmut Rauch, der mit dem experimentellen Nachweis bekannt wurde, dass auch Neutronen Welleneigenschaften aufweisen. F\u00fcr seine exzellente Arbeit erhielt der Kernphysiker zahlreiche Auszeichnungen und er hat \u00fcber 400 Ver\u00f6ffentlichungen, darunter das Fachbuch \u201cNeutron Interferometry\u201d, publiziert. Er erz\u00e4hlt von seinem Werdegang, die Wissenschaft im Allgemeinen und erkl\u00e4rt die Rolle des Doppler-Effekts in der Kernphysik und zahlreiche Anwendungsf\u00e4lle der Neutronenphysik.<\/p>\n\n\n\n<div class=\"wp-block-dgwt-justified-gallery\"><div id='gallery-1' class='gallery galleryid-10262 gallery-columns-3 gallery-size-thumbnail'><figure class='gallery-item'>\n\t\t\t<div class='gallery-icon landscape'>\n\t\t\t\t<a href='https:\/\/www.christian-doppler.net\/en\/podcast\/helmut-rauch-eos-5-2\/'><img loading=\"lazy\" decoding=\"async\" width=\"150\" height=\"150\" src=\"https:\/\/www.christian-doppler.net\/wp-content\/uploads\/Helmut-Rauch-EOS-5-150x150.jpg\" class=\"attachment-thumbnail size-thumbnail\" alt=\"\" aria-describedby=\"gallery-1-2147\" srcset=\"https:\/\/www.christian-doppler.net\/wp-content\/uploads\/Helmut-Rauch-EOS-5-150x150.jpg 150w, https:\/\/www.christian-doppler.net\/wp-content\/uploads\/Helmut-Rauch-EOS-5-250x250.jpg 250w\" sizes=\"auto, (max-width: 150px) 100vw, 150px\" \/><\/a>\n\t\t\t<\/div>\n\t\t\t\t<figcaption class='wp-caption-text gallery-caption' id='gallery-1-2147'>\n\t\t\t\tEm. o. Univ. Prof. DI Dr. Helmut Rauch \n\t\t\t\t<\/figcaption><\/figure><figure class='gallery-item'>\n\t\t\t<div class='gallery-icon portrait'>\n\t\t\t\t<a href='https:\/\/www.christian-doppler.net\/en\/podcast\/helmut-rauch-eos-22-2\/'><img loading=\"lazy\" decoding=\"async\" width=\"150\" height=\"150\" src=\"https:\/\/www.christian-doppler.net\/wp-content\/uploads\/Helmut-Rauch-EOS-22-150x150.jpg\" class=\"attachment-thumbnail size-thumbnail\" alt=\"\" srcset=\"https:\/\/www.christian-doppler.net\/wp-content\/uploads\/Helmut-Rauch-EOS-22-150x150.jpg 150w, https:\/\/www.christian-doppler.net\/wp-content\/uploads\/Helmut-Rauch-EOS-22-250x250.jpg 250w\" sizes=\"auto, (max-width: 150px) 100vw, 150px\" \/><\/a>\n\t\t\t<\/div><\/figure><figure class='gallery-item'>\n\t\t\t<div class='gallery-icon landscape'>\n\t\t\t\t<a href='https:\/\/www.christian-doppler.net\/en\/podcast\/helmut-rauch-eos-17-2\/'><img loading=\"lazy\" decoding=\"async\" width=\"150\" height=\"150\" src=\"https:\/\/www.christian-doppler.net\/wp-content\/uploads\/Helmut-Rauch-EOS-17-150x150.jpg\" class=\"attachment-thumbnail size-thumbnail\" alt=\"\" srcset=\"https:\/\/www.christian-doppler.net\/wp-content\/uploads\/Helmut-Rauch-EOS-17-150x150.jpg 150w, https:\/\/www.christian-doppler.net\/wp-content\/uploads\/Helmut-Rauch-EOS-17-250x250.jpg 250w\" sizes=\"auto, (max-width: 150px) 100vw, 150px\" \/><\/a>\n\t\t\t<\/div><\/figure>\n\t\t<\/div>\n<\/div>\n\n\n\n<p><\/p>\n","protected":false},"excerpt":{"rendered":"<p>In unserem \u201eChristian Doppler Podcast\u201d sprechen namhafte Wissenschaftlerinnen und Wissenschaftler verschiedenster wissenschaftlicher Disziplinen \u00fcber ihren Werdegang und ihre Motivation, die Rolle des Doppler-Effekts in ihrer Forschungsarbeit und \u00fcber die Wissenschaft damals und heute sprechen. Der Salzburger Physiker Andreas Strobl macht sich im Namen Christian Dopplers und ausgestattet mit seiner Audioausr\u00fcstung auf den Weg, um Wissenschaftlerinnen und Wissenschaftler zu besuchen. In [&hellip;]<\/p>\n","protected":false},"author":1,"featured_media":0,"parent":0,"menu_order":0,"comment_status":"closed","ping_status":"closed","template":"","meta":{"_acf_changed":false,"advgb_blocks_editor_width":"","advgb_blocks_columns_visual_guide":"","footnotes":""},"class_list":["post-10262","page","type-page","status-publish","hentry"],"acf":[],"featured_image_urls_v2":{"full":"","thumbnail":"","medium":"","medium_large":"","large":"","timeline-express":"","timeline-express-thumbnail":"","1536x1536":"","2048x2048":""},"post_excerpt_stackable_v2":"<p>In unserem \u201eChristian Doppler Podcast\u201d sprechen namhafte Wissenschaftlerinnen und Wissenschaftler verschiedenster wissenschaftlicher Disziplinen \u00fcber ihren Werdegang und ihre Motivation, die Rolle des Doppler-Effekts in ihrer Forschungsarbeit und \u00fcber die Wissenschaft damals und heute sprechen. Der Salzburger Physiker Andreas Strobl macht sich im Namen Christian Dopplers und ausgestattet mit seiner Audioausr\u00fcstung auf den Weg, um Wissenschaftlerinnen und Wissenschaftler zu besuchen. In seinen Gespr\u00e4chen m\u00f6chte er erfragen, welche Einfl\u00fcsse die Lebenswege ma\u00dfgeblich beeinflusst haben und was Nachwuchswissenschaftler, oder jene unter euch, die dies werden wollen, daraus lernen k\u00f6nnen. Au\u00dferdem unterh\u00e4lt er sich mit den ExpertInnen \u00fcber die fachlichen Schwerpunkte, um unter anderem&hellip;<\/p>\n","category_list_v2":"","author_info_v2":{"name":"Technik Admin","url":"https:\/\/www.christian-doppler.net\/en\/author\/wp_admin\/"},"comments_num_v2":"0 comments","coauthors":[],"author_meta":{"author_link":"https:\/\/www.christian-doppler.net\/en\/author\/wp_admin\/","display_name":"Technik Admin"},"relative_dates":{"created":"Posted 6 months ago","modified":"Updated 6 months ago"},"absolute_dates":{"created":"Posted on 22. October 2025","modified":"Updated on 22. October 2025"},"absolute_dates_time":{"created":"Posted on 22. October 2025 15:20","modified":"Updated on 22. October 2025 15:20"},"featured_img_caption":"","featured_img":false,"series_order":"","_links":{"self":[{"href":"https:\/\/www.christian-doppler.net\/en\/wp-json\/wp\/v2\/pages\/10262","targetHints":{"allow":["GET"]}}],"collection":[{"href":"https:\/\/www.christian-doppler.net\/en\/wp-json\/wp\/v2\/pages"}],"about":[{"href":"https:\/\/www.christian-doppler.net\/en\/wp-json\/wp\/v2\/types\/page"}],"author":[{"embeddable":true,"href":"https:\/\/www.christian-doppler.net\/en\/wp-json\/wp\/v2\/users\/1"}],"replies":[{"embeddable":true,"href":"https:\/\/www.christian-doppler.net\/en\/wp-json\/wp\/v2\/comments?post=10262"}],"version-history":[{"count":0,"href":"https:\/\/www.christian-doppler.net\/en\/wp-json\/wp\/v2\/pages\/10262\/revisions"}],"wp:attachment":[{"href":"https:\/\/www.christian-doppler.net\/en\/wp-json\/wp\/v2\/media?parent=10262"}],"curies":[{"name":"wp","href":"https:\/\/api.w.org\/{rel}","templated":true}]}}