{"id":5445,"date":"2022-01-26T16:45:05","date_gmt":"2022-01-26T15:45:05","guid":{"rendered":"https:\/\/www.christian-doppler.net\/?page_id=5445"},"modified":"2025-11-11T14:15:18","modified_gmt":"2025-11-11T13:15:18","slug":"5445-2","status":"publish","type":"page","link":"https:\/\/www.christian-doppler.net\/cs\/","title":{"rendered":""},"content":{"rendered":"\n<div style=\"height:20px\" aria-hidden=\"true\" class=\"wp-block-spacer advgb-dyn-af21a01c\"><\/div>\n\n\n<div class=\"wp-block-image\">\n<figure class=\"aligncenter advgb-dyn-317adbe5\"><img loading=\"lazy\" decoding=\"async\" width=\"500\" height=\"86\" src=\"https:\/\/www.christian-doppler.net\/wp-content\/uploads\/ZITAT.gif\" alt=\"\" class=\"wp-image-154\"\/><\/figure>\n<\/div>\n\n\n<p class=\"has-text-align-center\"><em><em>\u201eNejvd\u011b\u010dn\u011bj\u0161\u00ed jsou ty badatelsk\u00e9 pr\u00e1ce, kter\u00e9 pot\u011b\u0161\u00ed myslitele a z\u00e1rove\u0148 prosp\u00edvaj\u00ed lidstvu.\u201c<br>Christian Doppler<\/em><\/em><br><\/p>\n\n\n\n<p class=\"has-text-align-center\">Co maj\u00ed spole\u010dn\u00e9ho letadla, rychl\u00e1 auta, \u010derven\u00e9 krvinky, tlukot srdce, l\u00e1tky plynn\u00e9ho skupenstv\u00ed v ut\u011bsn\u011bn\u00e9m potrub\u00ed \u010di hv\u011bzdy na nebi?<br>Jejich rychlost lze m\u011b\u0159it pomoc\u00ed fyzik\u00e1ln\u00edho jevu, kter\u00fd objevil sv\u011btozn\u00e1m\u00fd v\u011bdec Christian Andreas Doppler poch\u00e1zej\u00edc\u00ed ze Salcburku. Tohoto vizion\u00e1\u0159e by ani ve snu nenapadlo, jak\u00fd v\u00fdznam bude jednou jeho objev m\u00edt pro cel\u00e9 lidstvo. \u201eDoppler\u016fv jev\u201c formulovan\u00fd roku 1842 m\u00e1 zcela z\u00e1sadn\u00ed v\u00fdznam t\u00e9m\u011b\u0159 pro v\u0161echny oblasti na\u0161eho \u017eivota.<\/p>\n\n\n\n<h1 class=\"wp-block-heading has-text-align-center\" id=\"christian-andreas-doppler-1803-1853\">Christian Andreas Doppler<br>(1803-1853)<\/h1>\n\n\n\n<div class=\"wp-block-ugb-columns ugb-columns cdp-life ugb-3275948 ugb-columns--design-plain ugb-columns--columns-4 ugb-main-block\"><div class=\"ugb-inner-block\"><div class=\"ugb-block-content\"><div class=\"ugb-columns__item ugb-3275948-content-wrapper\">\n<div class=\"wp-block-ugb-column ugb-column ugb-f78dc85 ugb-column--design-plain ugb-main-block\"><div class=\"ugb-inner-block\"><div class=\"ugb-block-content\"><div class=\"ugb-column__item ugb-f78dc85-column-wrapper\"><div class=\"ugb-column__content-wrapper\">\n<figure class=\"wp-block-image size-large\"><a href=\"https:\/\/www.christian-doppler.net\/cs\/dopplerova-nejdulezitejsi-pusobiste\/\"><img decoding=\"async\" src=\"https:\/\/www.christian-doppler.net\/wp-content\/uploads\/stationen.jpg\" alt=\"\"\/><\/a><\/figure>\n\n\n\n<p class=\"has-text-align-center\"><strong><a href=\"https:\/\/www.christian-doppler.net\/cs\/dopplerova-nejdulezitejsi-pusobiste\/\" data-type=\"page\" data-id=\"5361\">P\u016fsobi\u0161t\u011b<\/a><\/strong><a href=\"https:\/\/www.christian-doppler.net\/cs\/dopplerova-nejdulezitejsi-pusobiste\/\" data-type=\"page\" data-id=\"5361\"><br>Kde Christian Doppler p\u016fsobil a \u017eil.<\/a><\/p>\n<\/div><\/div><\/div><\/div><\/div>\n\n\n\n<div class=\"wp-block-ugb-column ugb-column ugb-b57f268 ugb-column--design-plain ugb-main-block\"><div class=\"ugb-inner-block\"><div class=\"ugb-block-content\"><div class=\"ugb-column__item ugb-b57f268-column-wrapper\"><div class=\"ugb-column__content-wrapper\">\n<figure class=\"wp-block-image size-large\"><a href=\"https:\/\/www.christian-doppler.net\/cs\/zivotopis-christian-andreas-doppler-1803-1853\/\"><img decoding=\"async\" src=\"https:\/\/www.christian-doppler.net\/wp-content\/uploads\/christian_doppler.jpg\" alt=\"\"\/><\/a><\/figure>\n\n\n\n<p class=\"has-text-align-center\"><a href=\"https:\/\/www.christian-doppler.net\/cs\/zivotopis-christian-andreas-doppler-1803-1853\/\" data-type=\"page\" data-id=\"5366\"><strong>\u017divotopis<\/strong><br>Pohnut\u00fd \u017eivot Christiana Dopplera<\/a><\/p>\n<\/div><\/div><\/div><\/div><\/div>\n\n\n\n<div class=\"wp-block-ugb-column ugb-column ugb-378852b ugb-column--design-plain ugb-main-block\"><div class=\"ugb-inner-block\"><div class=\"ugb-block-content\"><div class=\"ugb-column__item ugb-378852b-column-wrapper\"><div class=\"ugb-column__content-wrapper\">\n<figure class=\"wp-block-image size-large\"><a href=\"https:\/\/www.christian-doppler.net\/cs\/doppleruv-jev\/\"><img decoding=\"async\" src=\"https:\/\/www.christian-doppler.net\/wp-content\/uploads\/dopplereffekt.jpg\" alt=\"\"\/><\/a><\/figure>\n\n\n\n<p class=\"has-text-align-center\"><strong><a href=\"https:\/\/www.christian-doppler.net\/cs\/doppleruv-jev\/\" data-type=\"page\" data-id=\"5385\"><strong><strong>Doppler\u016fv jev<\/strong><\/strong><br><\/a><\/strong><a href=\"https:\/\/www.christian-doppler.net\/cs\/doppleruv-jev\/\" data-type=\"page\" data-id=\"5385\">Co v\u016fbec Doppler\u016fv jev je? Jak funguje?<\/a><\/p>\n<\/div><\/div><\/div><\/div><\/div>\n\n\n\n<div class=\"wp-block-ugb-column ugb-column ugb-8a0168f ugb-column--design-plain ugb-main-block\"><div class=\"ugb-inner-block\"><div class=\"ugb-block-content\"><div class=\"ugb-column__item ugb-8a0168f-column-wrapper\"><div class=\"ugb-column__content-wrapper\">\n<figure class=\"wp-block-image size-large\"><a href=\"https:\/\/www.christian-doppler.net\/cs\/doppleruv-jev-a-jeho-nositele-nobelovy-ceny\/\"><img decoding=\"async\" src=\"https:\/\/www.christian-doppler.net\/wp-content\/uploads\/nobelpreise.jpg\" alt=\"\"\/><\/a><\/figure>\n\n\n\n<p class=\"has-text-align-center\"><a href=\"https:\/\/www.christian-doppler.net\/cs\/doppleruv-jev-a-jeho-nositele-nobelovy-ceny\/\" data-type=\"page\" data-id=\"5392\"><strong>Nositel\u00e9<\/strong> <\/a><br><a href=\"https:\/\/www.christian-doppler.net\/cs\/doppleruv-jev-a-jeho-nositele-nobelovy-ceny\/\" data-type=\"page\" data-id=\"5392\"><strong>Nobelovy ceny<\/strong><\/a><strong> <\/strong><a href=\"https:\/\/www.christian-doppler.net\/cs\/doppleruv-jev-a-jeho-nositele-nobelovy-ceny\/\" data-type=\"page\" data-id=\"5392\"><br>Doppler\u016fv jev <\/a><a href=\"https:\/\/www.christian-doppler.net\/cs\/doppleruv-jev-a-jeho-nositele-nobelovy-ceny\/\" data-type=\"page\" data-id=\"5392\">a nositel\u00e9 Nobelovy ceny<\/a><\/p>\n<\/div><\/div><\/div><\/div><\/div>\n<\/div><\/div><\/div><\/div>\n\n\n\n<h1 class=\"wp-block-heading has-text-align-center\" id=\"vyuziti-dopplerova-jevu\"><strong>VYU\u017dIT\u00cd DOPPLEROVA JEVU<\/strong><\/h1>\n\n\n\n<div class=\"blocklayout themen\">\n<a style=\"background-image:url('https:\/\/www.christian-doppler.net\/wp-content\/uploads\/vehicle-193213_1920-300x225.jpg');\" href=\"https:\/\/www.christian-doppler.net\/cs\/thema\/technika\/\"><p><\/p>\n<h2>Technika<\/h2>\n<\/a><p><a style=\"background-image:url('https:\/\/www.christian-doppler.net\/wp-content\/uploads\/vehicle-193213_1920-300x225.jpg');\" href=\"https:\/\/www.christian-doppler.net\/cs\/thema\/technika\/\"><\/a><br>\n\t\t\t\t\t\t\t\t\t\t\t\t\t\t<a style=\"background-image:url('https:\/\/www.christian-doppler.net\/wp-content\/uploads\/medical-563427_1920-300x200.jpg');\" href=\"https:\/\/www.christian-doppler.net\/cs\/thema\/lekarstvi\/\"><\/a><\/p><a style=\"background-image:url('https:\/\/www.christian-doppler.net\/wp-content\/uploads\/medical-563427_1920-300x200.jpg');\" href=\"https:\/\/www.christian-doppler.net\/cs\/thema\/lekarstvi\/\">\n<h2>L\u00e9ka\u0159stv\u00ed<\/h2>\n<\/a><p><a style=\"background-image:url('https:\/\/www.christian-doppler.net\/wp-content\/uploads\/medical-563427_1920-300x200.jpg');\" href=\"https:\/\/www.christian-doppler.net\/cs\/thema\/lekarstvi\/\"><\/a><br>\n\t\t\t\t\t\t\t\t\t\t\t\t\t\t<a style=\"background-image:url('https:\/\/www.christian-doppler.net\/wp-content\/uploads\/aircraft-1813731_1920-300x205.jpg');\" href=\"https:\/\/www.christian-doppler.net\/cs\/thema\/letectvi\/\"><\/a><\/p><a style=\"background-image:url('https:\/\/www.christian-doppler.net\/wp-content\/uploads\/aircraft-1813731_1920-300x205.jpg');\" href=\"https:\/\/www.christian-doppler.net\/cs\/thema\/letectvi\/\">\n<h2>Letectv\u00ed<\/h2>\n<\/a><p><a style=\"background-image:url('https:\/\/www.christian-doppler.net\/wp-content\/uploads\/aircraft-1813731_1920-300x205.jpg');\" href=\"https:\/\/www.christian-doppler.net\/cs\/thema\/letectvi\/\"><\/a><br>\n\t\t\t\t\t\t\t\t\t\t\t\t\t\t<a style=\"background-image:url('https:\/\/www.christian-doppler.net\/wp-content\/uploads\/star-clusters-74052_1920-300x293.jpg');\" href=\"https:\/\/www.christian-doppler.net\/cs\/thema\/astronomie\/\"><\/a><\/p><a style=\"background-image:url('https:\/\/www.christian-doppler.net\/wp-content\/uploads\/star-clusters-74052_1920-300x293.jpg');\" href=\"https:\/\/www.christian-doppler.net\/cs\/thema\/astronomie\/\">\n<h2>Astronomie<\/h2>\n<\/a><p><a style=\"background-image:url('https:\/\/www.christian-doppler.net\/wp-content\/uploads\/star-clusters-74052_1920-300x293.jpg');\" href=\"https:\/\/www.christian-doppler.net\/cs\/thema\/astronomie\/\"><\/a><\/p><\/div>\n\n\n\n<h1 class=\"wp-block-heading has-text-align-center\" id=\"materialy-literatura-a-dopplerova-nadace\"><strong>MATERI\u00c1LY, LITERATURA A DOPPLEROVA NADACE<\/strong><\/h1>\n\n\n\n<div class=\"wp-block-ugb-columns ugb-columns cdp-life ugb-deda705 ugb-columns--design-plain ugb-columns--columns-4 ugb-main-block\"><div class=\"ugb-inner-block\"><div class=\"ugb-block-content\"><div class=\"ugb-columns__item ugb-deda705-content-wrapper\">\n<div class=\"wp-block-ugb-column ugb-column ugb-981ef03 ugb-column--design-plain ugb-main-block\"><div class=\"ugb-inner-block\"><div class=\"ugb-block-content\"><div class=\"ugb-column__item ugb-981ef03-column-wrapper\"><div class=\"ugb-column__content-wrapper\">\n<figure class=\"wp-block-image size-large\"><a href=\"https:\/\/www.christian-doppler.net\/cs\/unterrichtsmaterialien\/\"><img decoding=\"async\" src=\"https:\/\/www.christian-doppler.net\/wp-content\/uploads\/chrdop_experimente.jpg\" alt=\"\"\/><\/a><\/figure>\n\n\n\n<p class=\"has-text-align-center\"><strong><a href=\"https:\/\/www.christian-doppler.net\/cs\/unterrichtsmaterialien\/\" data-type=\"page\" data-id=\"5459\">Pokusy (n\u011bmecky)<\/a><\/strong><\/p>\n<\/div><\/div><\/div><\/div><\/div>\n\n\n\n<div class=\"wp-block-ugb-column ugb-column ugb-999ba1e ugb-column--design-plain ugb-main-block\"><div class=\"ugb-inner-block\"><div class=\"ugb-block-content\"><div class=\"ugb-column__item ugb-999ba1e-column-wrapper\"><div class=\"ugb-column__content-wrapper\">\n<figure class=\"wp-block-image size-large\"><a href=\"https:\/\/www.christian-doppler.net\/cs\/christian-doppler-podcast-episoden\/\"><img decoding=\"async\" src=\"https:\/\/www.christian-doppler.net\/wp-content\/uploads\/chrdop_podcast.jpg\" alt=\"\"\/><\/a><\/figure>\n\n\n\n<p class=\"has-text-align-center\"><strong><a href=\"https:\/\/www.christian-doppler.net\/cs\/christian-doppler-podcast-episoden\/\">Podcast (n\u011bmecky)<\/a><a href=\"https:\/\/www.christian-doppler.net\/cs\/christian-doppler-podcast-episoden\/\"><\/a><\/strong><\/p>\n<\/div><\/div><\/div><\/div><\/div>\n\n\n\n<div class=\"wp-block-ugb-column ugb-column ugb-d141cd8 ugb-column--design-plain ugb-main-block\"><div class=\"ugb-inner-block\"><div class=\"ugb-block-content\"><div class=\"ugb-column__item ugb-d141cd8-column-wrapper\"><div class=\"ugb-column__content-wrapper\">\n<figure class=\"wp-block-image size-large\"><a href=\"https:\/\/www.christian-doppler.net\/cs\/literatur\/\"><img decoding=\"async\" src=\"https:\/\/www.christian-doppler.net\/wp-content\/uploads\/chrdop_buch.jpg\" alt=\"\"\/><\/a><\/figure>\n\n\n\n<p class=\"has-text-align-center\"><strong><a href=\"https:\/\/www.christian-doppler.net\/cs\/literatur\/\"><strong>Literatura (<\/strong><\/a><strong><a href=\"https:\/\/www.christian-doppler.net\/cs\/literatur\/\" data-type=\"page\" data-id=\"5460\">cizojazy\u010dn\u00e1<\/a><\/strong><a href=\"https:\/\/www.christian-doppler.net\/cs\/literatur\/\"><strong>)<\/strong><\/a><\/strong><\/p>\n<\/div><\/div><\/div><\/div><\/div>\n\n\n\n<div class=\"wp-block-ugb-column ugb-column ugb-a929a37 ugb-column--design-plain ugb-main-block\"><div class=\"ugb-inner-block\"><div class=\"ugb-block-content\"><div class=\"ugb-column__item ugb-a929a37-column-wrapper\"><div class=\"ugb-column__content-wrapper\">\n<figure class=\"wp-block-image size-large\"><a href=\"https:\/\/www.christian-doppler.net\/cs\/nadacni-fond-christiana-dopplera\/\"><img decoding=\"async\" src=\"https:\/\/www.christian-doppler.net\/wp-content\/uploads\/chrdop_fonds.jpg\" alt=\"\"\/><\/a><\/figure>\n\n\n\n<p class=\"has-text-align-center\"><strong><strong><a href=\"https:\/\/www.christian-doppler.net\/cs\/nadacni-fond-christiana-dopplera\/\" data-type=\"page\" data-id=\"5418\">Nada\u010dn\u00ed fond<\/a><\/strong><\/strong><\/p>\n<\/div><\/div><\/div><\/div><\/div>\n<\/div><\/div><\/div><\/div>\n\n\n\n<p><\/p>\n<style class=\"advgb-styles-renderer\">@media screen and (min-width:768px){.ugb-3275948.ugb-columns{margin-right:0px !important;margin-left:0px !important;padding-right:0px !important}}@media screen and (min-width:768px){.ugb-deda705.ugb-columns{margin-right:0px !important;margin-left:0px !important;padding-right:0px !important}}<\/style>","protected":false},"excerpt":{"rendered":"<p>\u201eNejvd\u011b\u010dn\u011bj\u0161\u00ed jsou ty badatelsk\u00e9 pr\u00e1ce, kter\u00e9 pot\u011b\u0161\u00ed myslitele a z\u00e1rove\u0148 prosp\u00edvaj\u00ed lidstvu.\u201cChristian Doppler Co maj\u00ed spole\u010dn\u00e9ho letadla, rychl\u00e1 auta, \u010derven\u00e9 krvinky, tlukot srdce, l\u00e1tky plynn\u00e9ho skupenstv\u00ed v ut\u011bsn\u011bn\u00e9m potrub\u00ed \u010di hv\u011bzdy na nebi?Jejich rychlost lze m\u011b\u0159it pomoc\u00ed fyzik\u00e1ln\u00edho jevu, kter\u00fd objevil sv\u011btozn\u00e1m\u00fd v\u011bdec Christian Andreas Doppler poch\u00e1zej\u00edc\u00ed ze Salcburku. Tohoto vizion\u00e1\u0159e by ani ve snu nenapadlo, jak\u00fd v\u00fdznam bude jednou [&hellip;]<\/p>\n","protected":false},"author":1,"featured_media":0,"parent":0,"menu_order":0,"comment_status":"closed","ping_status":"closed","template":"page-frontpage.php","meta":{"_acf_changed":false,"advgb_blocks_editor_width":"","advgb_blocks_columns_visual_guide":"","footnotes":""},"class_list":["post-5445","page","type-page","status-publish","hentry"],"acf":[],"featured_image_urls_v2":{"full":"","thumbnail":"","medium":"","medium_large":"","large":"","timeline-express":"","timeline-express-thumbnail":"","1536x1536":"","2048x2048":""},"post_excerpt_stackable_v2":"<p>\u201eNejvd\u011b\u010dn\u011bj\u0161\u00ed jsou ty badatelsk\u00e9 pr\u00e1ce, kter\u00e9 pot\u011b\u0161\u00ed myslitele a z\u00e1rove\u0148 prosp\u00edvaj\u00ed lidstvu.\u201cChristian Doppler Co maj\u00ed spole\u010dn\u00e9ho letadla, rychl\u00e1 auta, \u010derven\u00e9 krvinky, tlukot srdce, l\u00e1tky plynn\u00e9ho skupenstv\u00ed v ut\u011bsn\u011bn\u00e9m potrub\u00ed \u010di hv\u011bzdy na nebi?Jejich rychlost lze m\u011b\u0159it pomoc\u00ed fyzik\u00e1ln\u00edho jevu, kter\u00fd objevil sv\u011btozn\u00e1m\u00fd v\u011bdec Christian Andreas Doppler poch\u00e1zej\u00edc\u00ed ze Salcburku. Tohoto vizion\u00e1\u0159e by ani ve snu nenapadlo, jak\u00fd v\u00fdznam bude jednou jeho objev m\u00edt pro cel\u00e9 lidstvo. \u201eDoppler\u016fv jev\u201c formulovan\u00fd roku 1842 m\u00e1 zcela z\u00e1sadn\u00ed v\u00fdznam t\u00e9m\u011b\u0159 pro v\u0161echny oblasti na\u0161eho \u017eivota. Christian Andreas Doppler(1803-1853) P\u016fsobi\u0161t\u011bKde Christian Doppler p\u016fsobil a \u017eil. \u017divotopisPohnut\u00fd \u017eivot Christiana Dopplera Doppler\u016fv jevCo v\u016fbec Doppler\u016fv jev je?&hellip;<\/p>\n","category_list_v2":"","author_info_v2":{"name":"Technik Admin","url":"https:\/\/www.christian-doppler.net\/cs\/author\/wp_admin\/"},"comments_num_v2":"0 comments","coauthors":[],"author_meta":{"author_link":"https:\/\/www.christian-doppler.net\/cs\/author\/wp_admin\/","display_name":"Technik Admin"},"relative_dates":{"created":"Publikov\u00e1no 4 roky p\u0159ed","modified":"Aktualizov\u00e1no 6 m\u011bs\u00edc\u016f p\u0159ed"},"absolute_dates":{"created":"Publikov\u00e1no 26. 1. 2022","modified":"Aktualizov\u00e1no 11. 11. 2025"},"absolute_dates_time":{"created":"Publikov\u00e1no 26. 1. 2022 16:45","modified":"Aktualizov\u00e1no 11. 11. 2025 14:15"},"featured_img_caption":"","featured_img":false,"series_order":"","_links":{"self":[{"href":"https:\/\/www.christian-doppler.net\/cs\/wp-json\/wp\/v2\/pages\/5445","targetHints":{"allow":["GET"]}}],"collection":[{"href":"https:\/\/www.christian-doppler.net\/cs\/wp-json\/wp\/v2\/pages"}],"about":[{"href":"https:\/\/www.christian-doppler.net\/cs\/wp-json\/wp\/v2\/types\/page"}],"author":[{"embeddable":true,"href":"https:\/\/www.christian-doppler.net\/cs\/wp-json\/wp\/v2\/users\/1"}],"replies":[{"embeddable":true,"href":"https:\/\/www.christian-doppler.net\/cs\/wp-json\/wp\/v2\/comments?post=5445"}],"version-history":[{"count":10,"href":"https:\/\/www.christian-doppler.net\/cs\/wp-json\/wp\/v2\/pages\/5445\/revisions"}],"predecessor-version":[{"id":10370,"href":"https:\/\/www.christian-doppler.net\/cs\/wp-json\/wp\/v2\/pages\/5445\/revisions\/10370"}],"wp:attachment":[{"href":"https:\/\/www.christian-doppler.net\/cs\/wp-json\/wp\/v2\/media?parent=5445"}],"curies":[{"name":"wp","href":"https:\/\/api.w.org\/{rel}","templated":true}]}}