{"id":5421,"date":"2022-01-26T12:45:56","date_gmt":"2022-01-26T11:45:56","guid":{"rendered":"https:\/\/www.christian-doppler.net\/?page_id=5421"},"modified":"2025-03-10T09:19:26","modified_gmt":"2025-03-10T08:19:26","slug":"kontakt","status":"publish","type":"page","link":"https:\/\/www.christian-doppler.net\/cs\/kontakt\/","title":{"rendered":"Kontakt"},"content":{"rendered":"<h2><strong>Nada\u010dn\u00ed fond Christiana Dopplera<\/strong><\/h2>\n<p><a href=\"http:\/\/www.uni-salzburg.at\/christian-doppler\"><img loading=\"lazy\" decoding=\"async\" class=\"alignleft wp-image-455\" src=\"https:\/\/www.christian-doppler.net\/wp-content\/uploads\/cdfond_logo.jpg\" width=\"200\" height=\"156\" \/><\/a>Universit\u00e4t Salzburg, Naturwissenschaftliche Fakult\u00e4t (Univerzita Salcburk, P\u0159\u00edrodov\u011bdeck\u00e1 faktulta)<br \/>\nJednatel: Dr. Christian Pruner | + 43 662 8044 6253 | christian.pruner@sbg.ac.at<br \/>\nFachbereich Chemie und Physik der Materialien (Katedra chemie a fyziky materi\u00e1l\u016f)<br \/>\nJakob-Haringer-Stra\u00dfe 2a, A-5020 Salzburg, Rakousko<\/p>\n<p>&nbsp;<\/p>\n<h2><strong>Koncept a realizace<\/strong><\/h2>\n<p><a href=\"http:\/\/www.salzburgresearch.at\"><img loading=\"lazy\" decoding=\"async\" class=\"alignleft wp-image-458 size-full\" src=\"https:\/\/www.christian-doppler.net\/wp-content\/uploads\/salzburgresearch_logo.jpg\" width=\"200\" height=\"84\" \/><\/a>Salzburg Research Forschungsgesellschaft m.b.H.<br \/>\nVedouc\u00ed projektu: Julia Eder | +43\/662\/2288-245 | julia.eder@salzburgresearch.at<br \/>\nJakob Haringer Stra\u00dfe 5\/3<br \/>\n5020 Salzburg, Rakousko<\/p>\n<p>&nbsp;<\/p>\n","protected":false},"excerpt":{"rendered":"<p>Nada\u010dn\u00ed fond Christiana Dopplera Universit\u00e4t Salzburg, Naturwissenschaftliche Fakult\u00e4t (Univerzita Salcburk, P\u0159\u00edrodov\u011bdeck\u00e1 faktulta) Jednatel: Dr. Christian Pruner | + 43 662 8044 6253 | christian.pruner@sbg.ac.at Fachbereich Chemie und Physik der Materialien (Katedra chemie a fyziky materi\u00e1l\u016f) Jakob-Haringer-Stra\u00dfe 2a, A-5020 Salzburg, Rakousko &nbsp; Koncept a realizace Salzburg Research Forschungsgesellschaft m.b.H. Vedouc\u00ed projektu: Julia Eder | +43\/662\/2288-245 | julia.eder@salzburgresearch.at Jakob Haringer Stra\u00dfe 5\/3 [&hellip;]<\/p>\n","protected":false},"author":1,"featured_media":0,"parent":0,"menu_order":0,"comment_status":"closed","ping_status":"closed","template":"","meta":{"_acf_changed":false,"advgb_blocks_editor_width":"","advgb_blocks_columns_visual_guide":"","footnotes":""},"class_list":["post-5421","page","type-page","status-publish","hentry"],"acf":[],"featured_image_urls_v2":{"full":"","thumbnail":"","medium":"","medium_large":"","large":"","timeline-express":"","timeline-express-thumbnail":"","1536x1536":"","2048x2048":""},"post_excerpt_stackable_v2":"<p>Nada\u010dn\u00ed fond Christiana Dopplera Universit\u00e4t Salzburg, Naturwissenschaftliche Fakult\u00e4t (Univerzita Salcburk, P\u0159\u00edrodov\u011bdeck\u00e1 faktulta) Jednatel: Dr. Christian Pruner | + 43 662 8044 6253 | christian.pruner@sbg.ac.at Fachbereich Chemie und Physik der Materialien (Katedra chemie a fyziky materi\u00e1l\u016f) Jakob-Haringer-Stra\u00dfe 2a, A-5020 Salzburg, Rakousko &nbsp; Koncept a realizace Salzburg Research Forschungsgesellschaft m.b.H. Vedouc\u00ed projektu: Julia Eder | +43\/662\/2288-245 | julia.eder@salzburgresearch.at Jakob Haringer Stra\u00dfe 5\/3 5020 Salzburg, Rakousko &nbsp;<\/p>\n","category_list_v2":"","author_info_v2":{"name":"Technik Admin","url":"https:\/\/www.christian-doppler.net\/cs\/author\/wp_admin\/"},"comments_num_v2":"0 comments","coauthors":[],"author_meta":{"author_link":"https:\/\/www.christian-doppler.net\/cs\/author\/wp_admin\/","display_name":"Technik Admin"},"relative_dates":{"created":"Publikov\u00e1no 4 roky p\u0159ed","modified":"Aktualizov\u00e1no 1 rokem p\u0159ed"},"absolute_dates":{"created":"Publikov\u00e1no 26. 1. 2022","modified":"Aktualizov\u00e1no 10. 3. 2025"},"absolute_dates_time":{"created":"Publikov\u00e1no 26. 1. 2022 12:45","modified":"Aktualizov\u00e1no 10. 3. 2025 9:19"},"featured_img_caption":"","featured_img":false,"series_order":"","_links":{"self":[{"href":"https:\/\/www.christian-doppler.net\/cs\/wp-json\/wp\/v2\/pages\/5421","targetHints":{"allow":["GET"]}}],"collection":[{"href":"https:\/\/www.christian-doppler.net\/cs\/wp-json\/wp\/v2\/pages"}],"about":[{"href":"https:\/\/www.christian-doppler.net\/cs\/wp-json\/wp\/v2\/types\/page"}],"author":[{"embeddable":true,"href":"https:\/\/www.christian-doppler.net\/cs\/wp-json\/wp\/v2\/users\/1"}],"replies":[{"embeddable":true,"href":"https:\/\/www.christian-doppler.net\/cs\/wp-json\/wp\/v2\/comments?post=5421"}],"version-history":[{"count":2,"href":"https:\/\/www.christian-doppler.net\/cs\/wp-json\/wp\/v2\/pages\/5421\/revisions"}],"predecessor-version":[{"id":8185,"href":"https:\/\/www.christian-doppler.net\/cs\/wp-json\/wp\/v2\/pages\/5421\/revisions\/8185"}],"wp:attachment":[{"href":"https:\/\/www.christian-doppler.net\/cs\/wp-json\/wp\/v2\/media?parent=5421"}],"curies":[{"name":"wp","href":"https:\/\/api.w.org\/{rel}","templated":true}]}}