{"id":5418,"date":"2022-01-26T12:34:16","date_gmt":"2022-01-26T11:34:16","guid":{"rendered":"https:\/\/www.christian-doppler.net\/?page_id=5418"},"modified":"2025-04-10T15:43:09","modified_gmt":"2025-04-10T13:43:09","slug":"nadacni-fond-christiana-dopplera","status":"publish","type":"page","link":"https:\/\/www.christian-doppler.net\/cs\/nadacni-fond-christiana-dopplera\/","title":{"rendered":"Nada\u010dn\u00ed fond Christiana Dopplera"},"content":{"rendered":"<div class=\"tailor-element tailor-section tailor-5c46eccb93493\">\n<div class=\"tailor-section__content\">\n<p><!-- tailor:tailor_content:5c46eccb93494 --><\/p>\n<div class=\"tailor-element tailor-content tailor-5c46eccb93494\">\n<p>Nada\u010dn\u00ed fond Christiana Dopplera je fond s vlastn\u00ed pr\u00e1vn\u00ed subjektivitou, z\u0159\u00edzen\u00fd podle salcbursk\u00e9ho z\u00e1kona o nadac\u00edch a fondech \u010d. 70\/1976 Sb. Sv\u00e9 s\u00eddlo m\u00e1 v\u00a0Salcburku. Fond je koncipov\u00e1n jako obecn\u011b prosp\u011b\u0161n\u00fd a jeho \u010dinnost je neziskov\u00e1.<\/p>\n<h2>Zalo\u017een\u00ed a posl\u00e1n\u00ed<\/h2>\n<p>Nada\u010dn\u00ed fond Christiana Dopplera byl zalo\u017een roku 1987 s\u00a0c\u00edlem p\u0159ipom\u00ednat s \u00factou \u017eivot a d\u00edlo Christiana Dopplera a popularizovat jeho odkaz v\u016f\u010di \u0161irok\u00e9 ve\u0159ejnosti.<\/p>\n<p>Tomuto posl\u00e1n\u00ed slou\u017e\u00ed realizace badatelsk\u00fdch, v\u00fdzkumn\u00fdch a vzd\u011bl\u00e1vac\u00edch projekt\u016f s\u00a0v\u00fdstupy prosp\u011b\u0161n\u00fdmi pro rakouskou v\u011bdu a ekonomiku v\u010detn\u011b s\u00a0t\u00edm spojen\u00e9ho publikov\u00e1n\u00ed knih a dokumentac\u00ed, d\u00e1le vyv\u00edjen\u00ed sp\u0159\u00edzn\u011bn\u00fdch v\u011bdeck\u00fdch \u010dinnost\u00ed i vyhodnocov\u00e1n\u00ed relevantn\u00edch v\u00fdsledk\u016f. Ji\u017e v\u00a0roce 1972 Salcbursk\u00fd zemsk\u00fd sn\u011bm zva\u017eoval zalo\u017een\u00ed Nadace Christiana Dopplera a schv\u00e1lil, aby se ud\u011blovala Cena Christiana Dopplera. Christian Andreas Doppler je vedle Wolfganga Amadea Mozarta sv\u011btov\u011b nejzn\u00e1m\u011bj\u0161\u00edm a nejv\u00fdznamn\u011bj\u0161\u00edm salcbursk\u00fdm rod\u00e1kem. Dopplerovy pr\u016flomov\u00e9 v\u011bdeck\u00e9 poznatky si z\u00a0na\u0161eho dne\u0161n\u00edho \u017eivota u\u017e prakticky nedok\u00e1\u017eeme v\u016fbec odmyslet. Plat\u00ed to z\u00e1sadn\u00edm zp\u016fsobem pro oblast p\u0159\u00edrodn\u00edch v\u011bd, techniky i l\u00e9ka\u0159stv\u00ed, nadto ale dopplerovsk\u00e9 objevy a z\u00a0nich plynouc\u00ed z\u00e1konitosti ovliv\u0148uj\u00ed utv\u00e1\u0159en\u00ed na\u0161eho sv\u011bta a p\u0159isp\u00edvaj\u00ed k\u00a0dal\u0161\u00edmu pozn\u00e1n\u00ed. Doppler\u016fv jev se stal z\u00e1kladem pro \u010detn\u00e9 v\u011bdeck\u00e9 obory: od astronomie p\u0159es kosmick\u00e9 lety a z\u00e1kladn\u00ed testy relativity a\u017e po fyziku materi\u00e1l\u016f, mechaniku tekutin, biologii, l\u00e9ka\u0159stv\u00ed \u010di kvantovou teorii.<\/p>\n<p><a href=\"https:\/\/www.christian-doppler.net\/wp-content\/uploads\/T\u00e4tigkeitsbericht-Doppler_Folder_korr.pdf\">Zpr\u00e1va o \u010dinnosti Nada\u010dn\u00edho fondu Christiana Dopplera 1987\u20132002 (n\u011bmecky)<\/a><\/p>\n<p><a href=\"https:\/\/www.christian-doppler.net\/wp-content\/uploads\/Taetigkeitsbericht-30-Jahre-Dopplerfonds_Onlineversion.pdf\">Zpr\u00e1va o \u010dinnosti Nada\u010dn\u00edho fondu Christiana Dopplera 2019, 30 let \u010dinnosti (n\u011bmecky)<\/a><\/p>\n<h2>Jev tis\u00edcilet\u00ed<\/h2>\n<p>Albert Einstein na sv\u00e9 p\u0159edn\u00e1\u0161ce dne 21. z\u00e1\u0159\u00ed 1909 v\u00a0Salcburku, kdy poprv\u00e9 ve\u0159ejn\u011b mluvil o teorii relativity, vyslovil toto d\u016fle\u017eit\u00e9 prohl\u00e1\u0161en\u00ed: <em>Jedno, jakou formu nabude teorie elektromagnetick\u00fdch proces\u016f, Doppler\u016fv jev z\u016fstane zachov\u00e1n v\u00a0ka\u017ed\u00e9m p\u0159\u00edpad\u011b.<\/em><\/p>\n<p>Na jedn\u00e9 z p\u0159edn\u00e1\u0161ek na Univerzit\u011b Salcburk v\u00a0\u010dervenci 2007 ozna\u010dil fyzik Anton Zeilinger Doppler\u016fv jev za \u201ejev tis\u00edcilet\u00ed\u201c.<\/p>\n<p>24 v\u011bdc\u016fm byla doposud ud\u011blena Nobelova cena za fyziku za v\u00fdzkum, kter\u00fd p\u0159\u00edmo nebo nep\u0159\u00edmo souvis\u00ed s\u00a0Dopplerov\u00fdm jevem.<\/p>\n<h2>Organiza\u010dn\u00ed struktura<\/h2>\n<p>Org\u00e1ny nada\u010dn\u00edho fondu jsou kuratorium, jednatel a poradn\u00ed sbor.<\/p>\n<p>Prezident: Univ. Prof. DI Dr. Maurizio Musso<br \/>\nJednatel: Dr. Christian Pruner: + 43 662 8044 6253, christian.pruner@sbg.ac.at<br \/>\nAdresa: Christian Doppler Fonds<br \/>\nUniversit\u00e4t Salzburg, Naturwissenschaftliche Fakult\u00e4t (Univerzita Salcburk, P\u0159\u00edrodov\u011bdeck\u00e1 fakulta)<br \/>\nFachbereich Chemie und Physik der Materialien (Katedra chemie a fyziky materi\u00e1l\u016f)<br \/>\nJakob-Haringer-Stra\u00dfe 2a, A-5020 Salzburg, \u00d6sterreich<\/p>\n<p>Nyn\u011bj\u0161\u00ed \u010dlenov\u00e9 kuratoria a v\u011bdeck\u00e9 rady jsou uvedeni v\u00a0n\u011bmeck\u00e9 jazykov\u00e9 mutaci t\u011bchto str\u00e1nek.<\/p>\n<\/div>\n<p><!-- \/tailor:tailor_content:5c46eccb93494 --><\/p>\n<\/div>\n<\/div>\n\n\n<p>The activities of the Christian Doppler Foundation are supported by the State of Salzburg, the City of Salzburg and the Christian Doppler Society.<\/p>\n\n\n\n<div class=\"wp-block-columns is-layout-flex wp-container-core-columns-is-layout-9d6595d7 wp-block-columns-is-layout-flex\">\n<div class=\"wp-block-column is-layout-flow wp-block-column-is-layout-flow\"><div class=\"wp-block-image\">\n<figure class=\"aligncenter size-full is-resized\"><a href=\"https:\/\/www.salzburg.gv.at\/\" target=\"_blank\" rel=\" noreferrer noopener\"><img loading=\"lazy\" decoding=\"async\" width=\"200\" height=\"73\" src=\"https:\/\/www.christian-doppler.net\/wp-content\/uploads\/landsalzburg.png\" alt=\"Land Salzburg\" class=\"wp-image-567\" style=\"width:180px;height:auto\"\/><\/a><\/figure>\n<\/div><\/div>\n\n\n\n<div class=\"wp-block-column is-layout-flow wp-block-column-is-layout-flow\"><div class=\"wp-block-image\">\n<figure class=\"aligncenter size-full is-resized\"><a href=\"https:\/\/www.wissensstadt-salzburg.at\/\" target=\"_blank\" rel=\" noreferrer noopener\"><img loading=\"lazy\" decoding=\"async\" width=\"340\" height=\"156\" src=\"https:\/\/www.christian-doppler.net\/wp-content\/uploads\/Logo_wissensstadt.png\" alt=\"Wissensstadt Salzburg\" class=\"wp-image-8283\" style=\"width:172px;height:auto\" srcset=\"https:\/\/www.christian-doppler.net\/wp-content\/uploads\/Logo_wissensstadt.png 340w, https:\/\/www.christian-doppler.net\/wp-content\/uploads\/Logo_wissensstadt-300x138.png 300w\" sizes=\"auto, (max-width: 340px) 100vw, 340px\" \/><\/a><\/figure>\n<\/div><\/div>\n\n\n\n<div class=\"wp-block-column is-layout-flow wp-block-column-is-layout-flow\"><div class=\"wp-block-image\">\n<figure class=\"aligncenter size-full is-resized\"><a href=\"https:\/\/www.cdg.ac.at\/\" target=\"_blank\" rel=\" noreferrer noopener\"><img loading=\"lazy\" decoding=\"async\" width=\"303\" height=\"86\" src=\"https:\/\/www.christian-doppler.net\/wp-content\/uploads\/idP4JaK0pJ_logos.png\" alt=\"Christian Doppler Forschungsgesellschaft\" class=\"wp-image-8272\" style=\"width:246px;height:auto\" srcset=\"https:\/\/www.christian-doppler.net\/wp-content\/uploads\/idP4JaK0pJ_logos.png 303w, https:\/\/www.christian-doppler.net\/wp-content\/uploads\/idP4JaK0pJ_logos-300x85.png 300w\" sizes=\"auto, (max-width: 303px) 100vw, 303px\" \/><\/a><\/figure>\n<\/div><\/div>\n<\/div>\n","protected":false},"excerpt":{"rendered":"<p>Nada\u010dn\u00ed fond Christiana Dopplera je fond s vlastn\u00ed pr\u00e1vn\u00ed subjektivitou, z\u0159\u00edzen\u00fd podle salcbursk\u00e9ho z\u00e1kona o nadac\u00edch a fondech \u010d. 70\/1976 Sb. Sv\u00e9 s\u00eddlo m\u00e1 v\u00a0Salcburku. Fond je koncipov\u00e1n jako obecn\u011b prosp\u011b\u0161n\u00fd a jeho \u010dinnost je neziskov\u00e1. Zalo\u017een\u00ed a posl\u00e1n\u00ed Nada\u010dn\u00ed fond Christiana Dopplera byl zalo\u017een roku 1987 s\u00a0c\u00edlem p\u0159ipom\u00ednat s \u00factou \u017eivot a d\u00edlo Christiana Dopplera a popularizovat jeho odkaz [&hellip;]<\/p>\n","protected":false},"author":1,"featured_media":0,"parent":0,"menu_order":0,"comment_status":"closed","ping_status":"closed","template":"","meta":{"_acf_changed":false,"advgb_blocks_editor_width":"","advgb_blocks_columns_visual_guide":"","footnotes":""},"class_list":["post-5418","page","type-page","status-publish","hentry"],"acf":[],"featured_image_urls_v2":{"full":"","thumbnail":"","medium":"","medium_large":"","large":"","timeline-express":"","timeline-express-thumbnail":"","1536x1536":"","2048x2048":""},"post_excerpt_stackable_v2":"<p>Nada\u010dn\u00ed fond Christiana Dopplera je fond s vlastn\u00ed pr\u00e1vn\u00ed subjektivitou, z\u0159\u00edzen\u00fd podle salcbursk\u00e9ho z\u00e1kona o nadac\u00edch a fondech \u010d. 70\/1976 Sb. Sv\u00e9 s\u00eddlo m\u00e1 v\u00a0Salcburku. Fond je koncipov\u00e1n jako obecn\u011b prosp\u011b\u0161n\u00fd a jeho \u010dinnost je neziskov\u00e1. Zalo\u017een\u00ed a posl\u00e1n\u00ed Nada\u010dn\u00ed fond Christiana Dopplera byl zalo\u017een roku 1987 s\u00a0c\u00edlem p\u0159ipom\u00ednat s \u00factou \u017eivot a d\u00edlo Christiana Dopplera a popularizovat jeho odkaz v\u016f\u010di \u0161irok\u00e9 ve\u0159ejnosti. Tomuto posl\u00e1n\u00ed slou\u017e\u00ed realizace badatelsk\u00fdch, v\u00fdzkumn\u00fdch a vzd\u011bl\u00e1vac\u00edch projekt\u016f s\u00a0v\u00fdstupy prosp\u011b\u0161n\u00fdmi pro rakouskou v\u011bdu a ekonomiku v\u010detn\u011b s\u00a0t\u00edm spojen\u00e9ho publikov\u00e1n\u00ed knih a dokumentac\u00ed, d\u00e1le vyv\u00edjen\u00ed sp\u0159\u00edzn\u011bn\u00fdch v\u011bdeck\u00fdch \u010dinnost\u00ed i vyhodnocov\u00e1n\u00ed relevantn\u00edch v\u00fdsledk\u016f. Ji\u017e v\u00a0roce 1972 Salcbursk\u00fd zemsk\u00fd&hellip;<\/p>\n","category_list_v2":"","author_info_v2":{"name":"Technik Admin","url":"https:\/\/www.christian-doppler.net\/cs\/author\/wp_admin\/"},"comments_num_v2":"0 comments","coauthors":[],"author_meta":{"author_link":"https:\/\/www.christian-doppler.net\/cs\/author\/wp_admin\/","display_name":"Technik Admin"},"relative_dates":{"created":"Publikov\u00e1no 4 roky p\u0159ed","modified":"Aktualizov\u00e1no 1 rokem p\u0159ed"},"absolute_dates":{"created":"Publikov\u00e1no 26. 1. 2022","modified":"Aktualizov\u00e1no 10. 4. 2025"},"absolute_dates_time":{"created":"Publikov\u00e1no 26. 1. 2022 12:34","modified":"Aktualizov\u00e1no 10. 4. 2025 15:43"},"featured_img_caption":"","featured_img":false,"series_order":"","_links":{"self":[{"href":"https:\/\/www.christian-doppler.net\/cs\/wp-json\/wp\/v2\/pages\/5418","targetHints":{"allow":["GET"]}}],"collection":[{"href":"https:\/\/www.christian-doppler.net\/cs\/wp-json\/wp\/v2\/pages"}],"about":[{"href":"https:\/\/www.christian-doppler.net\/cs\/wp-json\/wp\/v2\/types\/page"}],"author":[{"embeddable":true,"href":"https:\/\/www.christian-doppler.net\/cs\/wp-json\/wp\/v2\/users\/1"}],"replies":[{"embeddable":true,"href":"https:\/\/www.christian-doppler.net\/cs\/wp-json\/wp\/v2\/comments?post=5418"}],"version-history":[{"count":6,"href":"https:\/\/www.christian-doppler.net\/cs\/wp-json\/wp\/v2\/pages\/5418\/revisions"}],"predecessor-version":[{"id":8305,"href":"https:\/\/www.christian-doppler.net\/cs\/wp-json\/wp\/v2\/pages\/5418\/revisions\/8305"}],"wp:attachment":[{"href":"https:\/\/www.christian-doppler.net\/cs\/wp-json\/wp\/v2\/media?parent=5418"}],"curies":[{"name":"wp","href":"https:\/\/api.w.org\/{rel}","templated":true}]}}