{"id":5361,"date":"2022-01-24T10:54:54","date_gmt":"2022-01-24T09:54:54","guid":{"rendered":"https:\/\/www.christian-doppler.net\/?page_id=5361"},"modified":"2022-01-24T10:54:54","modified_gmt":"2022-01-24T09:54:54","slug":"dopplerova-nejdulezitejsi-pusobiste","status":"publish","type":"page","link":"https:\/\/www.christian-doppler.net\/cs\/dopplerova-nejdulezitejsi-pusobiste\/","title":{"rendered":"DOPPLEROVA NEJD\u016eLE\u017dIT\u011aJ\u0160\u00cd P\u016eSOBI\u0160T\u011a"},"content":{"rendered":"<p style=\"text-align: center;\"><span class=\"code char\"><a href=\"https:\/\/www.christian-doppler.net\/cs\/station\/salcburk-kde-vsechno-zacalo\/\">Salcburk<\/a> \u2022<\/span> <span class=\"code char\"><a href=\"https:\/\/www.christian-doppler.net\/cs\/station\/linec\/\">Linec<\/a>\u00a0\u2022 <a href=\"https:\/\/www.christian-doppler.net\/cs\/station\/videnska-polytechnika\/\">V\u00edde\u0148<\/a>\u00a0\u2022 <a href=\"https:\/\/www.christian-doppler.net\/cs\/station\/bruck-an-der-leitha-zamestnani-ucetniho\/\">Bruck an der Leitha<\/a> \u2022 <a href=\"https:\/\/www.christian-doppler.net\/cs\/station\/praha\/\">Praha<\/a>\u00a0\u2022\u00a0<a href=\"https:\/\/www.christian-doppler.net\/cs\/station\/banska-stiavnica-banska-a-lesnicka-akademie\/\">Bansk\u00e1 \u0160tiavnica<\/a> \u2022 <a href=\"https:\/\/www.christian-doppler.net\/cs\/station\/benatky-misto-umrti-christiana-dopplera\/\">Ben\u00e1tky<\/a><\/span><\/p>\n","protected":false},"excerpt":{"rendered":"<p>Salcburk \u2022 Linec\u00a0\u2022 V\u00edde\u0148\u00a0\u2022 Bruck an der Leitha \u2022 Praha\u00a0\u2022\u00a0Bansk\u00e1 \u0160tiavnica \u2022 Ben\u00e1tky<\/p>\n","protected":false},"author":1,"featured_media":0,"parent":0,"menu_order":0,"comment_status":"closed","ping_status":"closed","template":"page-karte.php","meta":{"_acf_changed":false,"advgb_blocks_editor_width":"","advgb_blocks_columns_visual_guide":"","footnotes":""},"class_list":["post-5361","page","type-page","status-publish","hentry"],"acf":[],"featured_image_urls_v2":{"full":"","thumbnail":"","medium":"","medium_large":"","large":"","timeline-express":"","timeline-express-thumbnail":"","1536x1536":"","2048x2048":""},"post_excerpt_stackable_v2":"<p>Salcburk \u2022 Linec\u00a0\u2022 V\u00edde\u0148\u00a0\u2022 Bruck an der Leitha \u2022 Praha\u00a0\u2022\u00a0Bansk\u00e1 \u0160tiavnica \u2022 Ben\u00e1tky<\/p>\n","category_list_v2":"","author_info_v2":{"name":"Technik Admin","url":"https:\/\/www.christian-doppler.net\/cs\/author\/wp_admin\/"},"comments_num_v2":"0 comments","coauthors":[],"author_meta":{"author_link":"https:\/\/www.christian-doppler.net\/cs\/author\/wp_admin\/","display_name":"Technik Admin"},"relative_dates":{"created":"Posted 4 roky ago","modified":"Updated 4 roky ago"},"absolute_dates":{"created":"Posted on 24. 1. 2022","modified":"Updated on 24. 1. 2022"},"absolute_dates_time":{"created":"Posted on 24. 1. 2022 10:54","modified":"Updated on 24. 1. 2022 10:54"},"featured_img_caption":"","featured_img":false,"series_order":"","_links":{"self":[{"href":"https:\/\/www.christian-doppler.net\/cs\/wp-json\/wp\/v2\/pages\/5361","targetHints":{"allow":["GET"]}}],"collection":[{"href":"https:\/\/www.christian-doppler.net\/cs\/wp-json\/wp\/v2\/pages"}],"about":[{"href":"https:\/\/www.christian-doppler.net\/cs\/wp-json\/wp\/v2\/types\/page"}],"author":[{"embeddable":true,"href":"https:\/\/www.christian-doppler.net\/cs\/wp-json\/wp\/v2\/users\/1"}],"replies":[{"embeddable":true,"href":"https:\/\/www.christian-doppler.net\/cs\/wp-json\/wp\/v2\/comments?post=5361"}],"version-history":[{"count":1,"href":"https:\/\/www.christian-doppler.net\/cs\/wp-json\/wp\/v2\/pages\/5361\/revisions"}],"predecessor-version":[{"id":5362,"href":"https:\/\/www.christian-doppler.net\/cs\/wp-json\/wp\/v2\/pages\/5361\/revisions\/5362"}],"wp:attachment":[{"href":"https:\/\/www.christian-doppler.net\/cs\/wp-json\/wp\/v2\/media?parent=5361"}],"curies":[{"name":"wp","href":"https:\/\/api.w.org\/{rel}","templated":true}]}}